{"id":5381,"date":"2026-02-14T17:50:31","date_gmt":"2026-02-14T17:50:31","guid":{"rendered":"https:\/\/carrerasweb.cat\/tienda\/sense categoria\/giradiscs-sony-ps-lx3bt\/"},"modified":"2026-02-14T17:57:23","modified_gmt":"2026-02-14T17:57:23","slug":"giradiscs-sony-ps-lx3bt","status":"publish","type":"product","link":"https:\/\/carrerasweb.cat\/ca\/botiga\/audio-video-tv-ca\/gira-discos-ca\/giradiscs-sony-ps-lx3bt\/","title":{"rendered":"Giradiscs SONY PS-LX3BT"},"content":{"rendered":"<p>Gr\u00e0cies a la connexi\u00f3 Bluetooth\u00ae, escoltar m\u00fasica sense fils \u00e9s molt f\u00e0cil. Configurar el dispositiu \u00e9s molt senzill: vincula-ho, d\u00f3na-li al \u201cPlay\u201d i gaudeix dels teus discos sense cables.<\/p>\n<p>Prem un bot\u00f3 i gaudeix de la teva m\u00fasica: oblida&#8217;t de col\u00b7locar l&#8217;agulla o retirar el bra\u00e7 quan acabi el disc.<\/p>\n<p>La coberta protectora transparent amb frontissa evita que el tocadiscos s&#8217;embruti i permet veure&#8217;n el disseny elegant fins i tot quan est\u00e0 tancada. Protegeix tant el dispositiu com els discs durant i despr\u00e9s de la reproducci\u00f3 sense haver de renunciar a l&#8217;estil.<\/p>\n<p>Des de LP fins a singles, aquest tocadiscos reprodueix la majoria dels discos de vinils a velocitats de 33 \u2153 i 45 rpm. Ajusteu la configuraci\u00f3 segons el disc i gaudiu d&#8217;una reproducci\u00f3 fluida i constant en tot moment.<\/p>\n<p>L&#8217;adaptador de 45 rpm incl\u00f2s et permet gaudir dels teus singles favorits i cap perfectament dins de la unitat perqu\u00e8 el puguis guardar quan no estigui en \u00fas.<\/p>\n<p>Cada disc sona de manera diferent. Els tres nivells de guany (BAIXA, MITJANA i ALTA) us permeten ajustar la sortida segons el so de cada vinil per gaudir d&#8217;una reproducci\u00f3 m\u00e9s equilibrada.<\/p>\n<p>Gr\u00e0cies a la compatibilitat amb &#8220;Hi-Res Audio Wireless&#8221; (\u00e0udio d&#8217;alta resoluci\u00f3 sense fil) i aptX\u2122\/aptX\u2122 Adaptive, els teus discos sonen de forma impecable i uniforme fins i tot en reproduir sense fils.<\/p>\n","protected":false},"excerpt":{"rendered":"<p>Gr\u00e0cies a la connexi\u00f3 Bluetooth\u00ae, escoltar m\u00fasica sense fils \u00e9s molt f\u00e0cil. Configurar el dispositiu \u00e9s molt senzill<\/p>\n","protected":false},"featured_media":5386,"comment_status":"closed","ping_status":"closed","template":"","meta":{"_exactmetrics_skip_tracking":false,"_exactmetrics_sitenote_active":false,"_exactmetrics_sitenote_note":"","_exactmetrics_sitenote_category":0},"product_brand":[],"product_cat":[159,174],"product_tag":[],"class_list":{"0":"post-5381","1":"product","2":"type-product","3":"status-publish","4":"has-post-thumbnail","6":"product_cat-audio-video-tv-ca","7":"product_cat-gira-discos-ca","9":"first","10":"instock","11":"shipping-taxable","12":"product-type-simple"},"yoast_head":"<!-- This site is optimized with the Yoast SEO plugin v27.5 - https:\/\/yoast.com\/product\/yoast-seo-wordpress\/ -->\n<title>Giradiscs SONY PS-LX3BT - Carreres Web - Botiga Foto V\u00eddeo C\u00e0meres TV Sony telef\u00f3nica telefonia.<\/title>\n<meta name=\"robots\" content=\"index, follow, max-snippet:-1, max-image-preview:large, max-video-preview:-1\" \/>\n<link rel=\"canonical\" href=\"https:\/\/carrerasweb.cat\/ca\/botiga\/audio-video-tv-ca\/gira-discos-ca\/giradiscs-sony-ps-lx3bt\/\" \/>\n<meta property=\"og:locale\" content=\"ca_ES\" \/>\n<meta property=\"og:type\" content=\"article\" \/>\n<meta property=\"og:title\" content=\"Giradiscs SONY PS-LX3BT - Carreres Web - Botiga Foto V\u00eddeo C\u00e0meres TV Sony telef\u00f3nica telefonia.\" \/>\n<meta property=\"og:description\" content=\"Gr\u00e0cies a la connexi\u00f3 Bluetooth\u00ae, escoltar m\u00fasica sense fils \u00e9s molt f\u00e0cil. Configurar el dispositiu \u00e9s molt senzill\" \/>\n<meta property=\"og:url\" content=\"https:\/\/carrerasweb.cat\/ca\/botiga\/audio-video-tv-ca\/gira-discos-ca\/giradiscs-sony-ps-lx3bt\/\" \/>\n<meta property=\"og:site_name\" content=\"Carreres Web - Botiga Foto V\u00eddeo C\u00e0meres TV Sony telef\u00f3nica telefonia.\" \/>\n<meta property=\"article:publisher\" content=\"https:\/\/www.facebook.com\/CarrerasFotoVideo\/\" \/>\n<meta property=\"article:modified_time\" content=\"2026-02-14T17:57:23+00:00\" \/>\n<meta name=\"twitter:card\" content=\"summary_large_image\" \/>\n<meta name=\"twitter:label1\" content=\"Temps estimat de lectura\" \/>\n\t<meta name=\"twitter:data1\" content=\"1 minut\" \/>\n<script type=\"application\/ld+json\" class=\"yoast-schema-graph\">{\"@context\":\"https:\\\/\\\/schema.org\",\"@graph\":[{\"@type\":\"WebPage\",\"@id\":\"https:\\\/\\\/carrerasweb.cat\\\/ca\\\/botiga\\\/audio-video-tv-ca\\\/gira-discos-ca\\\/giradiscs-sony-ps-lx3bt\\\/\",\"url\":\"https:\\\/\\\/carrerasweb.cat\\\/ca\\\/botiga\\\/audio-video-tv-ca\\\/gira-discos-ca\\\/giradiscs-sony-ps-lx3bt\\\/\",\"name\":\"Giradiscs SONY PS-LX3BT - Carreres Web - Botiga Foto V\u00eddeo C\u00e0meres TV Sony telef\u00f3nica telefonia.\",\"isPartOf\":{\"@id\":\"https:\\\/\\\/carrerasweb.cat\\\/#website\"},\"primaryImageOfPage\":{\"@id\":\"https:\\\/\\\/carrerasweb.cat\\\/ca\\\/botiga\\\/audio-video-tv-ca\\\/gira-discos-ca\\\/giradiscs-sony-ps-lx3bt\\\/#primaryimage\"},\"image\":{\"@id\":\"https:\\\/\\\/carrerasweb.cat\\\/ca\\\/botiga\\\/audio-video-tv-ca\\\/gira-discos-ca\\\/giradiscs-sony-ps-lx3bt\\\/#primaryimage\"},\"thumbnailUrl\":\"https:\\\/\\\/carrerasweb.cat\\\/wp-content\\\/uploads\\\/2026\\\/02\\\/pslx3bta.jpg\",\"datePublished\":\"2026-02-14T17:50:31+00:00\",\"dateModified\":\"2026-02-14T17:57:23+00:00\",\"breadcrumb\":{\"@id\":\"https:\\\/\\\/carrerasweb.cat\\\/ca\\\/botiga\\\/audio-video-tv-ca\\\/gira-discos-ca\\\/giradiscs-sony-ps-lx3bt\\\/#breadcrumb\"},\"inLanguage\":\"ca\",\"potentialAction\":[{\"@type\":\"ReadAction\",\"target\":[\"https:\\\/\\\/carrerasweb.cat\\\/ca\\\/botiga\\\/audio-video-tv-ca\\\/gira-discos-ca\\\/giradiscs-sony-ps-lx3bt\\\/\"]}]},{\"@type\":\"ImageObject\",\"inLanguage\":\"ca\",\"@id\":\"https:\\\/\\\/carrerasweb.cat\\\/ca\\\/botiga\\\/audio-video-tv-ca\\\/gira-discos-ca\\\/giradiscs-sony-ps-lx3bt\\\/#primaryimage\",\"url\":\"https:\\\/\\\/carrerasweb.cat\\\/wp-content\\\/uploads\\\/2026\\\/02\\\/pslx3bta.jpg\",\"contentUrl\":\"https:\\\/\\\/carrerasweb.cat\\\/wp-content\\\/uploads\\\/2026\\\/02\\\/pslx3bta.jpg\",\"width\":600,\"height\":600},{\"@type\":\"BreadcrumbList\",\"@id\":\"https:\\\/\\\/carrerasweb.cat\\\/ca\\\/botiga\\\/audio-video-tv-ca\\\/gira-discos-ca\\\/giradiscs-sony-ps-lx3bt\\\/#breadcrumb\",\"itemListElement\":[{\"@type\":\"ListItem\",\"position\":1,\"name\":\"Portada\",\"item\":\"https:\\\/\\\/carrerasweb.cat\\\/ca\\\/inici\\\/\"},{\"@type\":\"ListItem\",\"position\":2,\"name\":\"Productes\",\"item\":\"https:\\\/\\\/carrerasweb.cat\\\/ca\\\/productes\\\/\"},{\"@type\":\"ListItem\",\"position\":3,\"name\":\"Giradiscs SONY PS-LX3BT\"}]},{\"@type\":\"WebSite\",\"@id\":\"https:\\\/\\\/carrerasweb.cat\\\/#website\",\"url\":\"https:\\\/\\\/carrerasweb.cat\\\/\",\"name\":\"Carreras Web - Tienda Foto V\u00eddeo C\u00e1maras TV Sony Telef\u00f3nica Telefon\u00eda.\",\"description\":\"Distribuidor oficial a Figueres de Sony, la marca l\u00edder en audio, v\u00eddeo, fotografia, c\u00e0meres i accessoris, inform\u00e0tica, telef\u00f2nica, marcs i \u00e0lbums foto.\",\"publisher\":{\"@id\":\"https:\\\/\\\/carrerasweb.cat\\\/#organization\"},\"potentialAction\":[{\"@type\":\"SearchAction\",\"target\":{\"@type\":\"EntryPoint\",\"urlTemplate\":\"https:\\\/\\\/carrerasweb.cat\\\/?s={search_term_string}\"},\"query-input\":{\"@type\":\"PropertyValueSpecification\",\"valueRequired\":true,\"valueName\":\"search_term_string\"}}],\"inLanguage\":\"ca\"},{\"@type\":\"Organization\",\"@id\":\"https:\\\/\\\/carrerasweb.cat\\\/#organization\",\"name\":\"CARRERAS FOTO VIDEO\",\"url\":\"https:\\\/\\\/carrerasweb.cat\\\/\",\"logo\":{\"@type\":\"ImageObject\",\"inLanguage\":\"ca\",\"@id\":\"https:\\\/\\\/carrerasweb.cat\\\/#\\\/schema\\\/logo\\\/image\\\/\",\"url\":\"https:\\\/\\\/carrerasweb.cat\\\/wp-content\\\/uploads\\\/2021\\\/03\\\/logo.png\",\"contentUrl\":\"https:\\\/\\\/carrerasweb.cat\\\/wp-content\\\/uploads\\\/2021\\\/03\\\/logo.png\",\"width\":276,\"height\":100,\"caption\":\"CARRERAS FOTO VIDEO\"},\"image\":{\"@id\":\"https:\\\/\\\/carrerasweb.cat\\\/#\\\/schema\\\/logo\\\/image\\\/\"},\"sameAs\":[\"https:\\\/\\\/www.facebook.com\\\/CarrerasFotoVideo\\\/\",\"https:\\\/\\\/www.instagram.com\\\/carrerasfotovideo\\\/\"]}]}<\/script>\n<!-- \/ Yoast SEO plugin. -->","yoast_head_json":{"title":"Giradiscs SONY PS-LX3BT - Carreres Web - Botiga Foto V\u00eddeo C\u00e0meres TV Sony telef\u00f3nica telefonia.","robots":{"index":"index","follow":"follow","max-snippet":"max-snippet:-1","max-image-preview":"max-image-preview:large","max-video-preview":"max-video-preview:-1"},"canonical":"https:\/\/carrerasweb.cat\/ca\/botiga\/audio-video-tv-ca\/gira-discos-ca\/giradiscs-sony-ps-lx3bt\/","og_locale":"ca_ES","og_type":"article","og_title":"Giradiscs SONY PS-LX3BT - Carreres Web - Botiga Foto V\u00eddeo C\u00e0meres TV Sony telef\u00f3nica telefonia.","og_description":"Gr\u00e0cies a la connexi\u00f3 Bluetooth\u00ae, escoltar m\u00fasica sense fils \u00e9s molt f\u00e0cil. Configurar el dispositiu \u00e9s molt senzill","og_url":"https:\/\/carrerasweb.cat\/ca\/botiga\/audio-video-tv-ca\/gira-discos-ca\/giradiscs-sony-ps-lx3bt\/","og_site_name":"Carreres Web - Botiga Foto V\u00eddeo C\u00e0meres TV Sony telef\u00f3nica telefonia.","article_publisher":"https:\/\/www.facebook.com\/CarrerasFotoVideo\/","article_modified_time":"2026-02-14T17:57:23+00:00","twitter_card":"summary_large_image","twitter_misc":{"Temps estimat de lectura":"1 minut"},"schema":{"@context":"https:\/\/schema.org","@graph":[{"@type":"WebPage","@id":"https:\/\/carrerasweb.cat\/ca\/botiga\/audio-video-tv-ca\/gira-discos-ca\/giradiscs-sony-ps-lx3bt\/","url":"https:\/\/carrerasweb.cat\/ca\/botiga\/audio-video-tv-ca\/gira-discos-ca\/giradiscs-sony-ps-lx3bt\/","name":"Giradiscs SONY PS-LX3BT - Carreres Web - Botiga Foto V\u00eddeo C\u00e0meres TV Sony telef\u00f3nica telefonia.","isPartOf":{"@id":"https:\/\/carrerasweb.cat\/#website"},"primaryImageOfPage":{"@id":"https:\/\/carrerasweb.cat\/ca\/botiga\/audio-video-tv-ca\/gira-discos-ca\/giradiscs-sony-ps-lx3bt\/#primaryimage"},"image":{"@id":"https:\/\/carrerasweb.cat\/ca\/botiga\/audio-video-tv-ca\/gira-discos-ca\/giradiscs-sony-ps-lx3bt\/#primaryimage"},"thumbnailUrl":"https:\/\/carrerasweb.cat\/wp-content\/uploads\/2026\/02\/pslx3bta.jpg","datePublished":"2026-02-14T17:50:31+00:00","dateModified":"2026-02-14T17:57:23+00:00","breadcrumb":{"@id":"https:\/\/carrerasweb.cat\/ca\/botiga\/audio-video-tv-ca\/gira-discos-ca\/giradiscs-sony-ps-lx3bt\/#breadcrumb"},"inLanguage":"ca","potentialAction":[{"@type":"ReadAction","target":["https:\/\/carrerasweb.cat\/ca\/botiga\/audio-video-tv-ca\/gira-discos-ca\/giradiscs-sony-ps-lx3bt\/"]}]},{"@type":"ImageObject","inLanguage":"ca","@id":"https:\/\/carrerasweb.cat\/ca\/botiga\/audio-video-tv-ca\/gira-discos-ca\/giradiscs-sony-ps-lx3bt\/#primaryimage","url":"https:\/\/carrerasweb.cat\/wp-content\/uploads\/2026\/02\/pslx3bta.jpg","contentUrl":"https:\/\/carrerasweb.cat\/wp-content\/uploads\/2026\/02\/pslx3bta.jpg","width":600,"height":600},{"@type":"BreadcrumbList","@id":"https:\/\/carrerasweb.cat\/ca\/botiga\/audio-video-tv-ca\/gira-discos-ca\/giradiscs-sony-ps-lx3bt\/#breadcrumb","itemListElement":[{"@type":"ListItem","position":1,"name":"Portada","item":"https:\/\/carrerasweb.cat\/ca\/inici\/"},{"@type":"ListItem","position":2,"name":"Productes","item":"https:\/\/carrerasweb.cat\/ca\/productes\/"},{"@type":"ListItem","position":3,"name":"Giradiscs SONY PS-LX3BT"}]},{"@type":"WebSite","@id":"https:\/\/carrerasweb.cat\/#website","url":"https:\/\/carrerasweb.cat\/","name":"Carreras Web - Tienda Foto V\u00eddeo C\u00e1maras TV Sony Telef\u00f3nica Telefon\u00eda.","description":"Distribuidor oficial a Figueres de Sony, la marca l\u00edder en audio, v\u00eddeo, fotografia, c\u00e0meres i accessoris, inform\u00e0tica, telef\u00f2nica, marcs i \u00e0lbums foto.","publisher":{"@id":"https:\/\/carrerasweb.cat\/#organization"},"potentialAction":[{"@type":"SearchAction","target":{"@type":"EntryPoint","urlTemplate":"https:\/\/carrerasweb.cat\/?s={search_term_string}"},"query-input":{"@type":"PropertyValueSpecification","valueRequired":true,"valueName":"search_term_string"}}],"inLanguage":"ca"},{"@type":"Organization","@id":"https:\/\/carrerasweb.cat\/#organization","name":"CARRERAS FOTO VIDEO","url":"https:\/\/carrerasweb.cat\/","logo":{"@type":"ImageObject","inLanguage":"ca","@id":"https:\/\/carrerasweb.cat\/#\/schema\/logo\/image\/","url":"https:\/\/carrerasweb.cat\/wp-content\/uploads\/2021\/03\/logo.png","contentUrl":"https:\/\/carrerasweb.cat\/wp-content\/uploads\/2021\/03\/logo.png","width":276,"height":100,"caption":"CARRERAS FOTO VIDEO"},"image":{"@id":"https:\/\/carrerasweb.cat\/#\/schema\/logo\/image\/"},"sameAs":["https:\/\/www.facebook.com\/CarrerasFotoVideo\/","https:\/\/www.instagram.com\/carrerasfotovideo\/"]}]}},"_links":{"self":[{"href":"https:\/\/carrerasweb.cat\/ca\/wp-json\/wp\/v2\/product\/5381","targetHints":{"allow":["GET"]}}],"collection":[{"href":"https:\/\/carrerasweb.cat\/ca\/wp-json\/wp\/v2\/product"}],"about":[{"href":"https:\/\/carrerasweb.cat\/ca\/wp-json\/wp\/v2\/types\/product"}],"replies":[{"embeddable":true,"href":"https:\/\/carrerasweb.cat\/ca\/wp-json\/wp\/v2\/comments?post=5381"}],"wp:featuredmedia":[{"embeddable":true,"href":"https:\/\/carrerasweb.cat\/ca\/wp-json\/wp\/v2\/media\/5386"}],"wp:attachment":[{"href":"https:\/\/carrerasweb.cat\/ca\/wp-json\/wp\/v2\/media?parent=5381"}],"wp:term":[{"taxonomy":"product_brand","embeddable":true,"href":"https:\/\/carrerasweb.cat\/ca\/wp-json\/wp\/v2\/product_brand?post=5381"},{"taxonomy":"product_cat","embeddable":true,"href":"https:\/\/carrerasweb.cat\/ca\/wp-json\/wp\/v2\/product_cat?post=5381"},{"taxonomy":"product_tag","embeddable":true,"href":"https:\/\/carrerasweb.cat\/ca\/wp-json\/wp\/v2\/product_tag?post=5381"}],"curies":[{"name":"wp","href":"https:\/\/api.w.org\/{rel}","templated":true}]}}