{"id":5379,"date":"2026-02-14T16:52:05","date_gmt":"2026-02-14T16:52:05","guid":{"rendered":"https:\/\/carrerasweb.cat\/tienda\/sense categoria\/microfon-sony-uo-ultmic1-2-unitats-negre\/"},"modified":"2026-02-14T17:05:57","modified_gmt":"2026-02-14T17:05:57","slug":"microfon-sony-uo-ultmic1-2-unitats-negre","status":"publish","type":"product","link":"https:\/\/carrerasweb.cat\/ca\/botiga\/audio-video-tv-ca\/microfons\/microfon-sony-uo-ultmic1-2-unitats-negre\/","title":{"rendered":"Micr\u00f2fon SONY UO-ULTMIC1 (2 unitats) negre"},"content":{"rendered":"<div class=\"description-content\">\n<p>El kit ULTMIC1 est\u00e0 pensat per oferir un so excel\u00b7lent i una experi\u00e8ncia de cant sense fils. La reducci\u00f3 del soroll del vent i la manipulaci\u00f3, juntament amb Duet Assist, permet escoltar la veu de manera n\u00edtida i equilibrada. A m\u00e9s a m\u00e9s, estan dissenyats per a festes d&#8217;alta energia. Dissenyat espec\u00edficament per ser compatible amb la s\u00e8rie ULT POWER SOUND, l&#8217;ULTMIC1 us permetr\u00e0 gaudir del millor so de karaoke. Gr\u00e0cies al seu disseny per reduir el soroll del vent i la manipulaci\u00f3, les veus sonaran n\u00edtides i Duet Assist equilibrar\u00e0 el so quan cantin dues persones.<\/p>\n<\/div>\n<ul class=\"mb-0 ml-3 list-group\">\n<li>Kit de dos micr\u00f2fons sense fil de karaoke per a altaveus ULT POWER SOUND<\/li>\n<li>Claredat vocal millorada per oferir una experi\u00e8ncia de cant n\u00edtida i fiable<\/li>\n<li>Configuraci\u00f3 senzilla amb plug-and-play i resistent per a una diversi\u00f3 duradora<\/li>\n<\/ul>\n","protected":false},"excerpt":{"rendered":"<ul class=\"mb-0 ml-3 list-group\">\n<li>Kit de dos micr\u00f2fons sense fil de karaoke per a altaveus ULT POWER SOUND<\/li>\n<li>Claredat vocal millorada per oferir una experi\u00e8ncia de cant n\u00edtida i fiable<\/li>\n<li>Configuraci\u00f3 senzilla amb plug-and-play i resistent per a una diversi\u00f3 duradora<\/li>\n<\/ul>\n","protected":false},"featured_media":5376,"comment_status":"closed","ping_status":"closed","template":"","meta":{"_exactmetrics_skip_tracking":false,"_exactmetrics_sitenote_active":false,"_exactmetrics_sitenote_note":"","_exactmetrics_sitenote_category":0},"product_brand":[],"product_cat":[159,176],"product_tag":[],"class_list":{"0":"post-5379","1":"product","2":"type-product","3":"status-publish","4":"has-post-thumbnail","6":"product_cat-audio-video-tv-ca","7":"product_cat-microfons","9":"first","10":"instock","11":"shipping-taxable","12":"product-type-simple"},"yoast_head":"<!-- This site is optimized with the Yoast SEO plugin v27.5 - https:\/\/yoast.com\/product\/yoast-seo-wordpress\/ -->\n<title>Micr\u00f2fon SONY UO-ULTMIC1 (2 unitats) negre - Carreres Web - Botiga Foto V\u00eddeo C\u00e0meres TV Sony telef\u00f3nica telefonia.<\/title>\n<meta name=\"robots\" content=\"index, follow, max-snippet:-1, max-image-preview:large, max-video-preview:-1\" \/>\n<link rel=\"canonical\" href=\"https:\/\/carrerasweb.cat\/ca\/botiga\/audio-video-tv-ca\/microfons\/microfon-sony-uo-ultmic1-2-unitats-negre\/\" \/>\n<meta property=\"og:locale\" content=\"ca_ES\" \/>\n<meta property=\"og:type\" content=\"article\" \/>\n<meta property=\"og:title\" content=\"Micr\u00f2fon SONY UO-ULTMIC1 (2 unitats) negre - Carreres Web - Botiga Foto V\u00eddeo C\u00e0meres TV Sony telef\u00f3nica telefonia.\" \/>\n<meta property=\"og:description\" content=\"Kit de dos micr\u00f2fons sense fil de karaoke per a altaveus ULT POWER SOUND  Claredat vocal millorada per oferir una experi\u00e8ncia de cant n\u00edtida i fiable  Configuraci\u00f3 senzilla amb plug-and-play i resistent per a una diversi\u00f3 duradora\" \/>\n<meta property=\"og:url\" content=\"https:\/\/carrerasweb.cat\/ca\/botiga\/audio-video-tv-ca\/microfons\/microfon-sony-uo-ultmic1-2-unitats-negre\/\" \/>\n<meta property=\"og:site_name\" content=\"Carreres Web - Botiga Foto V\u00eddeo C\u00e0meres TV Sony telef\u00f3nica telefonia.\" \/>\n<meta property=\"article:publisher\" content=\"https:\/\/www.facebook.com\/CarrerasFotoVideo\/\" \/>\n<meta property=\"article:modified_time\" content=\"2026-02-14T17:05:57+00:00\" \/>\n<meta property=\"og:image\" content=\"https:\/\/carrerasweb.cat\/wp-content\/uploads\/2026\/02\/ULTMIC1-1-scaled.jpg\" \/>\n\t<meta property=\"og:image:width\" content=\"2560\" \/>\n\t<meta property=\"og:image:height\" content=\"1707\" \/>\n\t<meta property=\"og:image:type\" content=\"image\/jpeg\" \/>\n<meta name=\"twitter:card\" content=\"summary_large_image\" \/>\n<meta name=\"twitter:label1\" content=\"Temps estimat de lectura\" \/>\n\t<meta name=\"twitter:data1\" content=\"1 minut\" \/>\n<script type=\"application\/ld+json\" class=\"yoast-schema-graph\">{\"@context\":\"https:\\\/\\\/schema.org\",\"@graph\":[{\"@type\":\"WebPage\",\"@id\":\"https:\\\/\\\/carrerasweb.cat\\\/ca\\\/botiga\\\/audio-video-tv-ca\\\/microfons\\\/microfon-sony-uo-ultmic1-2-unitats-negre\\\/\",\"url\":\"https:\\\/\\\/carrerasweb.cat\\\/ca\\\/botiga\\\/audio-video-tv-ca\\\/microfons\\\/microfon-sony-uo-ultmic1-2-unitats-negre\\\/\",\"name\":\"Micr\u00f2fon SONY UO-ULTMIC1 (2 unitats) negre - Carreres Web - Botiga Foto V\u00eddeo C\u00e0meres TV Sony telef\u00f3nica telefonia.\",\"isPartOf\":{\"@id\":\"https:\\\/\\\/carrerasweb.cat\\\/#website\"},\"primaryImageOfPage\":{\"@id\":\"https:\\\/\\\/carrerasweb.cat\\\/ca\\\/botiga\\\/audio-video-tv-ca\\\/microfons\\\/microfon-sony-uo-ultmic1-2-unitats-negre\\\/#primaryimage\"},\"image\":{\"@id\":\"https:\\\/\\\/carrerasweb.cat\\\/ca\\\/botiga\\\/audio-video-tv-ca\\\/microfons\\\/microfon-sony-uo-ultmic1-2-unitats-negre\\\/#primaryimage\"},\"thumbnailUrl\":\"https:\\\/\\\/carrerasweb.cat\\\/wp-content\\\/uploads\\\/2026\\\/02\\\/ULTMIC1-1-scaled.jpg\",\"datePublished\":\"2026-02-14T16:52:05+00:00\",\"dateModified\":\"2026-02-14T17:05:57+00:00\",\"breadcrumb\":{\"@id\":\"https:\\\/\\\/carrerasweb.cat\\\/ca\\\/botiga\\\/audio-video-tv-ca\\\/microfons\\\/microfon-sony-uo-ultmic1-2-unitats-negre\\\/#breadcrumb\"},\"inLanguage\":\"ca\",\"potentialAction\":[{\"@type\":\"ReadAction\",\"target\":[\"https:\\\/\\\/carrerasweb.cat\\\/ca\\\/botiga\\\/audio-video-tv-ca\\\/microfons\\\/microfon-sony-uo-ultmic1-2-unitats-negre\\\/\"]}]},{\"@type\":\"ImageObject\",\"inLanguage\":\"ca\",\"@id\":\"https:\\\/\\\/carrerasweb.cat\\\/ca\\\/botiga\\\/audio-video-tv-ca\\\/microfons\\\/microfon-sony-uo-ultmic1-2-unitats-negre\\\/#primaryimage\",\"url\":\"https:\\\/\\\/carrerasweb.cat\\\/wp-content\\\/uploads\\\/2026\\\/02\\\/ULTMIC1-1-scaled.jpg\",\"contentUrl\":\"https:\\\/\\\/carrerasweb.cat\\\/wp-content\\\/uploads\\\/2026\\\/02\\\/ULTMIC1-1-scaled.jpg\",\"width\":2560,\"height\":1707},{\"@type\":\"BreadcrumbList\",\"@id\":\"https:\\\/\\\/carrerasweb.cat\\\/ca\\\/botiga\\\/audio-video-tv-ca\\\/microfons\\\/microfon-sony-uo-ultmic1-2-unitats-negre\\\/#breadcrumb\",\"itemListElement\":[{\"@type\":\"ListItem\",\"position\":1,\"name\":\"Portada\",\"item\":\"https:\\\/\\\/carrerasweb.cat\\\/ca\\\/inici\\\/\"},{\"@type\":\"ListItem\",\"position\":2,\"name\":\"Productes\",\"item\":\"https:\\\/\\\/carrerasweb.cat\\\/ca\\\/productes\\\/\"},{\"@type\":\"ListItem\",\"position\":3,\"name\":\"Micr\u00f2fon SONY UO-ULTMIC1 (2 unitats) negre\"}]},{\"@type\":\"WebSite\",\"@id\":\"https:\\\/\\\/carrerasweb.cat\\\/#website\",\"url\":\"https:\\\/\\\/carrerasweb.cat\\\/\",\"name\":\"Carreras Web - Tienda Foto V\u00eddeo C\u00e1maras TV Sony Telef\u00f3nica Telefon\u00eda.\",\"description\":\"Distribuidor oficial a Figueres de Sony, la marca l\u00edder en audio, v\u00eddeo, fotografia, c\u00e0meres i accessoris, inform\u00e0tica, telef\u00f2nica, marcs i \u00e0lbums foto.\",\"publisher\":{\"@id\":\"https:\\\/\\\/carrerasweb.cat\\\/#organization\"},\"potentialAction\":[{\"@type\":\"SearchAction\",\"target\":{\"@type\":\"EntryPoint\",\"urlTemplate\":\"https:\\\/\\\/carrerasweb.cat\\\/?s={search_term_string}\"},\"query-input\":{\"@type\":\"PropertyValueSpecification\",\"valueRequired\":true,\"valueName\":\"search_term_string\"}}],\"inLanguage\":\"ca\"},{\"@type\":\"Organization\",\"@id\":\"https:\\\/\\\/carrerasweb.cat\\\/#organization\",\"name\":\"CARRERAS FOTO VIDEO\",\"url\":\"https:\\\/\\\/carrerasweb.cat\\\/\",\"logo\":{\"@type\":\"ImageObject\",\"inLanguage\":\"ca\",\"@id\":\"https:\\\/\\\/carrerasweb.cat\\\/#\\\/schema\\\/logo\\\/image\\\/\",\"url\":\"https:\\\/\\\/carrerasweb.cat\\\/wp-content\\\/uploads\\\/2021\\\/03\\\/logo.png\",\"contentUrl\":\"https:\\\/\\\/carrerasweb.cat\\\/wp-content\\\/uploads\\\/2021\\\/03\\\/logo.png\",\"width\":276,\"height\":100,\"caption\":\"CARRERAS FOTO VIDEO\"},\"image\":{\"@id\":\"https:\\\/\\\/carrerasweb.cat\\\/#\\\/schema\\\/logo\\\/image\\\/\"},\"sameAs\":[\"https:\\\/\\\/www.facebook.com\\\/CarrerasFotoVideo\\\/\",\"https:\\\/\\\/www.instagram.com\\\/carrerasfotovideo\\\/\"]}]}<\/script>\n<!-- \/ Yoast SEO plugin. -->","yoast_head_json":{"title":"Micr\u00f2fon SONY UO-ULTMIC1 (2 unitats) negre - Carreres Web - Botiga Foto V\u00eddeo C\u00e0meres TV Sony telef\u00f3nica telefonia.","robots":{"index":"index","follow":"follow","max-snippet":"max-snippet:-1","max-image-preview":"max-image-preview:large","max-video-preview":"max-video-preview:-1"},"canonical":"https:\/\/carrerasweb.cat\/ca\/botiga\/audio-video-tv-ca\/microfons\/microfon-sony-uo-ultmic1-2-unitats-negre\/","og_locale":"ca_ES","og_type":"article","og_title":"Micr\u00f2fon SONY UO-ULTMIC1 (2 unitats) negre - Carreres Web - Botiga Foto V\u00eddeo C\u00e0meres TV Sony telef\u00f3nica telefonia.","og_description":"Kit de dos micr\u00f2fons sense fil de karaoke per a altaveus ULT POWER SOUND  Claredat vocal millorada per oferir una experi\u00e8ncia de cant n\u00edtida i fiable  Configuraci\u00f3 senzilla amb plug-and-play i resistent per a una diversi\u00f3 duradora","og_url":"https:\/\/carrerasweb.cat\/ca\/botiga\/audio-video-tv-ca\/microfons\/microfon-sony-uo-ultmic1-2-unitats-negre\/","og_site_name":"Carreres Web - Botiga Foto V\u00eddeo C\u00e0meres TV Sony telef\u00f3nica telefonia.","article_publisher":"https:\/\/www.facebook.com\/CarrerasFotoVideo\/","article_modified_time":"2026-02-14T17:05:57+00:00","og_image":[{"width":2560,"height":1707,"url":"https:\/\/carrerasweb.cat\/wp-content\/uploads\/2026\/02\/ULTMIC1-1-scaled.jpg","type":"image\/jpeg"}],"twitter_card":"summary_large_image","twitter_misc":{"Temps estimat de lectura":"1 minut"},"schema":{"@context":"https:\/\/schema.org","@graph":[{"@type":"WebPage","@id":"https:\/\/carrerasweb.cat\/ca\/botiga\/audio-video-tv-ca\/microfons\/microfon-sony-uo-ultmic1-2-unitats-negre\/","url":"https:\/\/carrerasweb.cat\/ca\/botiga\/audio-video-tv-ca\/microfons\/microfon-sony-uo-ultmic1-2-unitats-negre\/","name":"Micr\u00f2fon SONY UO-ULTMIC1 (2 unitats) negre - Carreres Web - Botiga Foto V\u00eddeo C\u00e0meres TV Sony telef\u00f3nica telefonia.","isPartOf":{"@id":"https:\/\/carrerasweb.cat\/#website"},"primaryImageOfPage":{"@id":"https:\/\/carrerasweb.cat\/ca\/botiga\/audio-video-tv-ca\/microfons\/microfon-sony-uo-ultmic1-2-unitats-negre\/#primaryimage"},"image":{"@id":"https:\/\/carrerasweb.cat\/ca\/botiga\/audio-video-tv-ca\/microfons\/microfon-sony-uo-ultmic1-2-unitats-negre\/#primaryimage"},"thumbnailUrl":"https:\/\/carrerasweb.cat\/wp-content\/uploads\/2026\/02\/ULTMIC1-1-scaled.jpg","datePublished":"2026-02-14T16:52:05+00:00","dateModified":"2026-02-14T17:05:57+00:00","breadcrumb":{"@id":"https:\/\/carrerasweb.cat\/ca\/botiga\/audio-video-tv-ca\/microfons\/microfon-sony-uo-ultmic1-2-unitats-negre\/#breadcrumb"},"inLanguage":"ca","potentialAction":[{"@type":"ReadAction","target":["https:\/\/carrerasweb.cat\/ca\/botiga\/audio-video-tv-ca\/microfons\/microfon-sony-uo-ultmic1-2-unitats-negre\/"]}]},{"@type":"ImageObject","inLanguage":"ca","@id":"https:\/\/carrerasweb.cat\/ca\/botiga\/audio-video-tv-ca\/microfons\/microfon-sony-uo-ultmic1-2-unitats-negre\/#primaryimage","url":"https:\/\/carrerasweb.cat\/wp-content\/uploads\/2026\/02\/ULTMIC1-1-scaled.jpg","contentUrl":"https:\/\/carrerasweb.cat\/wp-content\/uploads\/2026\/02\/ULTMIC1-1-scaled.jpg","width":2560,"height":1707},{"@type":"BreadcrumbList","@id":"https:\/\/carrerasweb.cat\/ca\/botiga\/audio-video-tv-ca\/microfons\/microfon-sony-uo-ultmic1-2-unitats-negre\/#breadcrumb","itemListElement":[{"@type":"ListItem","position":1,"name":"Portada","item":"https:\/\/carrerasweb.cat\/ca\/inici\/"},{"@type":"ListItem","position":2,"name":"Productes","item":"https:\/\/carrerasweb.cat\/ca\/productes\/"},{"@type":"ListItem","position":3,"name":"Micr\u00f2fon SONY UO-ULTMIC1 (2 unitats) negre"}]},{"@type":"WebSite","@id":"https:\/\/carrerasweb.cat\/#website","url":"https:\/\/carrerasweb.cat\/","name":"Carreras Web - Tienda Foto V\u00eddeo C\u00e1maras TV Sony Telef\u00f3nica Telefon\u00eda.","description":"Distribuidor oficial a Figueres de Sony, la marca l\u00edder en audio, v\u00eddeo, fotografia, c\u00e0meres i accessoris, inform\u00e0tica, telef\u00f2nica, marcs i \u00e0lbums foto.","publisher":{"@id":"https:\/\/carrerasweb.cat\/#organization"},"potentialAction":[{"@type":"SearchAction","target":{"@type":"EntryPoint","urlTemplate":"https:\/\/carrerasweb.cat\/?s={search_term_string}"},"query-input":{"@type":"PropertyValueSpecification","valueRequired":true,"valueName":"search_term_string"}}],"inLanguage":"ca"},{"@type":"Organization","@id":"https:\/\/carrerasweb.cat\/#organization","name":"CARRERAS FOTO VIDEO","url":"https:\/\/carrerasweb.cat\/","logo":{"@type":"ImageObject","inLanguage":"ca","@id":"https:\/\/carrerasweb.cat\/#\/schema\/logo\/image\/","url":"https:\/\/carrerasweb.cat\/wp-content\/uploads\/2021\/03\/logo.png","contentUrl":"https:\/\/carrerasweb.cat\/wp-content\/uploads\/2021\/03\/logo.png","width":276,"height":100,"caption":"CARRERAS FOTO VIDEO"},"image":{"@id":"https:\/\/carrerasweb.cat\/#\/schema\/logo\/image\/"},"sameAs":["https:\/\/www.facebook.com\/CarrerasFotoVideo\/","https:\/\/www.instagram.com\/carrerasfotovideo\/"]}]}},"_links":{"self":[{"href":"https:\/\/carrerasweb.cat\/ca\/wp-json\/wp\/v2\/product\/5379","targetHints":{"allow":["GET"]}}],"collection":[{"href":"https:\/\/carrerasweb.cat\/ca\/wp-json\/wp\/v2\/product"}],"about":[{"href":"https:\/\/carrerasweb.cat\/ca\/wp-json\/wp\/v2\/types\/product"}],"replies":[{"embeddable":true,"href":"https:\/\/carrerasweb.cat\/ca\/wp-json\/wp\/v2\/comments?post=5379"}],"wp:featuredmedia":[{"embeddable":true,"href":"https:\/\/carrerasweb.cat\/ca\/wp-json\/wp\/v2\/media\/5376"}],"wp:attachment":[{"href":"https:\/\/carrerasweb.cat\/ca\/wp-json\/wp\/v2\/media?parent=5379"}],"wp:term":[{"taxonomy":"product_brand","embeddable":true,"href":"https:\/\/carrerasweb.cat\/ca\/wp-json\/wp\/v2\/product_brand?post=5379"},{"taxonomy":"product_cat","embeddable":true,"href":"https:\/\/carrerasweb.cat\/ca\/wp-json\/wp\/v2\/product_cat?post=5379"},{"taxonomy":"product_tag","embeddable":true,"href":"https:\/\/carrerasweb.cat\/ca\/wp-json\/wp\/v2\/product_tag?post=5379"}],"curies":[{"name":"wp","href":"https:\/\/api.w.org\/{rel}","templated":true}]}}