{"id":5370,"date":"2026-02-14T16:27:53","date_gmt":"2026-02-14T16:27:53","guid":{"rendered":"https:\/\/carrerasweb.cat\/tienda\/sense%20categoria\/barra-de-so-sony-hta-9000\/"},"modified":"2026-02-14T18:35:06","modified_gmt":"2026-02-14T18:35:06","slug":"barra-de-so-sony-hta-9000","status":"publish","type":"product","link":"https:\/\/carrerasweb.cat\/ca\/botiga\/audio-video-tv-ca\/barres-de-so\/barra-de-so-sony-hta-9000\/","title":{"rendered":"Barra de so SONY HT-A9000"},"content":{"rendered":"<div class=\"description-content\">\n<p>Barra de so ins\u00edgnia amb 360 Spatial Sound Mapping, optimitzaci\u00f3 del camp sonor, altaveu de 2 vies, quatre woofers i radiadors passius, i Dolby Atmos\u00ae\/DTS:X\u00ae.<\/p>\n<\/div>\n<ul class=\"mb-0 ml-3 list-group\">\n<li>La nostra barra de so ins\u00edgnia amb 360 Spatial Sound Mapping produeix un camp de so Surround impressionant<\/li>\n<li>Quatre woofers i quatre radiadors passius generen uns greus potents i profunds<\/li>\n<li>Les 13 unitats d&#8217;altaveu i el so optimitzat autom\u00e0ticament s&#8217;adapten a les condicions ac\u00fastiques<\/li>\n<\/ul>\n<p>&#8211; Amplificador S-Master HX 13 canals<br \/>\n&#8211; 360 Spatial Sound Mapping<br \/>\n&#8211; Processador Dolby Atmos\/DTS:X<br \/>\n&#8211; HDMI ARC, BT 5.2, Wi-Fi<br \/>\n&#8211; 1300 x 64 x 113 mm \/ 5,5 kg<\/p>\n","protected":false},"excerpt":{"rendered":"<p><b>BRAVIA Theatre Bar 9 | Barra de so ins\u00edgnia | 360 Spatial Sound Mapping | Dolby Atmos\u00ae\/DTS:X\u00ae<\/b><\/p>\n","protected":false},"featured_media":5367,"comment_status":"closed","ping_status":"closed","template":"","meta":{"_exactmetrics_skip_tracking":false,"_exactmetrics_sitenote_active":false,"_exactmetrics_sitenote_note":"","_exactmetrics_sitenote_category":0},"product_brand":[],"product_cat":[159,171],"product_tag":[],"class_list":{"0":"post-5370","1":"product","2":"type-product","3":"status-publish","4":"has-post-thumbnail","6":"product_cat-audio-video-tv-ca","7":"product_cat-barres-de-so","9":"first","10":"instock","11":"shipping-taxable","12":"product-type-simple"},"yoast_head":"<!-- This site is optimized with the Yoast SEO plugin v27.5 - https:\/\/yoast.com\/product\/yoast-seo-wordpress\/ -->\n<title>Barra de so SONY HT-A9000 - Carreres Web - Botiga Foto V\u00eddeo C\u00e0meres TV Sony telef\u00f3nica telefonia.<\/title>\n<meta name=\"robots\" content=\"index, follow, max-snippet:-1, max-image-preview:large, max-video-preview:-1\" \/>\n<link rel=\"canonical\" href=\"https:\/\/carrerasweb.cat\/ca\/botiga\/audio-video-tv-ca\/barres-de-so\/barra-de-so-sony-hta-9000\/\" \/>\n<meta property=\"og:locale\" content=\"ca_ES\" \/>\n<meta property=\"og:type\" content=\"article\" \/>\n<meta property=\"og:title\" content=\"Barra de so SONY HT-A9000 - Carreres Web - Botiga Foto V\u00eddeo C\u00e0meres TV Sony telef\u00f3nica telefonia.\" \/>\n<meta property=\"og:description\" content=\"BRAVIA Theatre Bar 9 | Barra de so ins\u00edgnia | 360 Spatial Sound Mapping | Dolby Atmos\u00ae\/DTS:X\u00ae\" \/>\n<meta property=\"og:url\" content=\"https:\/\/carrerasweb.cat\/ca\/botiga\/audio-video-tv-ca\/barres-de-so\/barra-de-so-sony-hta-9000\/\" \/>\n<meta property=\"og:site_name\" content=\"Carreres Web - Botiga Foto V\u00eddeo C\u00e0meres TV Sony telef\u00f3nica telefonia.\" \/>\n<meta property=\"article:publisher\" content=\"https:\/\/www.facebook.com\/CarrerasFotoVideo\/\" \/>\n<meta property=\"article:modified_time\" content=\"2026-02-14T18:35:06+00:00\" \/>\n<meta property=\"og:image\" content=\"https:\/\/carrerasweb.cat\/wp-content\/uploads\/2026\/02\/HTA9000b.jpg\" \/>\n\t<meta property=\"og:image:width\" content=\"490\" \/>\n\t<meta property=\"og:image:height\" content=\"490\" \/>\n\t<meta property=\"og:image:type\" content=\"image\/jpeg\" \/>\n<meta name=\"twitter:card\" content=\"summary_large_image\" \/>\n<script type=\"application\/ld+json\" class=\"yoast-schema-graph\">{\"@context\":\"https:\\\/\\\/schema.org\",\"@graph\":[{\"@type\":\"WebPage\",\"@id\":\"https:\\\/\\\/carrerasweb.cat\\\/ca\\\/botiga\\\/audio-video-tv-ca\\\/barres-de-so\\\/barra-de-so-sony-hta-9000\\\/\",\"url\":\"https:\\\/\\\/carrerasweb.cat\\\/ca\\\/botiga\\\/audio-video-tv-ca\\\/barres-de-so\\\/barra-de-so-sony-hta-9000\\\/\",\"name\":\"Barra de so SONY HT-A9000 - Carreres Web - Botiga Foto V\u00eddeo C\u00e0meres TV Sony telef\u00f3nica telefonia.\",\"isPartOf\":{\"@id\":\"https:\\\/\\\/carrerasweb.cat\\\/#website\"},\"primaryImageOfPage\":{\"@id\":\"https:\\\/\\\/carrerasweb.cat\\\/ca\\\/botiga\\\/audio-video-tv-ca\\\/barres-de-so\\\/barra-de-so-sony-hta-9000\\\/#primaryimage\"},\"image\":{\"@id\":\"https:\\\/\\\/carrerasweb.cat\\\/ca\\\/botiga\\\/audio-video-tv-ca\\\/barres-de-so\\\/barra-de-so-sony-hta-9000\\\/#primaryimage\"},\"thumbnailUrl\":\"https:\\\/\\\/carrerasweb.cat\\\/wp-content\\\/uploads\\\/2026\\\/02\\\/HTA9000b.jpg\",\"datePublished\":\"2026-02-14T16:27:53+00:00\",\"dateModified\":\"2026-02-14T18:35:06+00:00\",\"breadcrumb\":{\"@id\":\"https:\\\/\\\/carrerasweb.cat\\\/ca\\\/botiga\\\/audio-video-tv-ca\\\/barres-de-so\\\/barra-de-so-sony-hta-9000\\\/#breadcrumb\"},\"inLanguage\":\"ca\",\"potentialAction\":[{\"@type\":\"ReadAction\",\"target\":[\"https:\\\/\\\/carrerasweb.cat\\\/ca\\\/botiga\\\/audio-video-tv-ca\\\/barres-de-so\\\/barra-de-so-sony-hta-9000\\\/\"]}]},{\"@type\":\"ImageObject\",\"inLanguage\":\"ca\",\"@id\":\"https:\\\/\\\/carrerasweb.cat\\\/ca\\\/botiga\\\/audio-video-tv-ca\\\/barres-de-so\\\/barra-de-so-sony-hta-9000\\\/#primaryimage\",\"url\":\"https:\\\/\\\/carrerasweb.cat\\\/wp-content\\\/uploads\\\/2026\\\/02\\\/HTA9000b.jpg\",\"contentUrl\":\"https:\\\/\\\/carrerasweb.cat\\\/wp-content\\\/uploads\\\/2026\\\/02\\\/HTA9000b.jpg\",\"width\":490,\"height\":490},{\"@type\":\"BreadcrumbList\",\"@id\":\"https:\\\/\\\/carrerasweb.cat\\\/ca\\\/botiga\\\/audio-video-tv-ca\\\/barres-de-so\\\/barra-de-so-sony-hta-9000\\\/#breadcrumb\",\"itemListElement\":[{\"@type\":\"ListItem\",\"position\":1,\"name\":\"Portada\",\"item\":\"https:\\\/\\\/carrerasweb.cat\\\/ca\\\/inici\\\/\"},{\"@type\":\"ListItem\",\"position\":2,\"name\":\"Productes\",\"item\":\"https:\\\/\\\/carrerasweb.cat\\\/ca\\\/productes\\\/\"},{\"@type\":\"ListItem\",\"position\":3,\"name\":\"Barra de so SONY HT-A9000\"}]},{\"@type\":\"WebSite\",\"@id\":\"https:\\\/\\\/carrerasweb.cat\\\/#website\",\"url\":\"https:\\\/\\\/carrerasweb.cat\\\/\",\"name\":\"Carreras Web - Tienda Foto V\u00eddeo C\u00e1maras TV Sony Telef\u00f3nica Telefon\u00eda.\",\"description\":\"Distribuidor oficial a Figueres de Sony, la marca l\u00edder en audio, v\u00eddeo, fotografia, c\u00e0meres i accessoris, inform\u00e0tica, telef\u00f2nica, marcs i \u00e0lbums foto.\",\"publisher\":{\"@id\":\"https:\\\/\\\/carrerasweb.cat\\\/#organization\"},\"potentialAction\":[{\"@type\":\"SearchAction\",\"target\":{\"@type\":\"EntryPoint\",\"urlTemplate\":\"https:\\\/\\\/carrerasweb.cat\\\/?s={search_term_string}\"},\"query-input\":{\"@type\":\"PropertyValueSpecification\",\"valueRequired\":true,\"valueName\":\"search_term_string\"}}],\"inLanguage\":\"ca\"},{\"@type\":\"Organization\",\"@id\":\"https:\\\/\\\/carrerasweb.cat\\\/#organization\",\"name\":\"CARRERAS FOTO VIDEO\",\"url\":\"https:\\\/\\\/carrerasweb.cat\\\/\",\"logo\":{\"@type\":\"ImageObject\",\"inLanguage\":\"ca\",\"@id\":\"https:\\\/\\\/carrerasweb.cat\\\/#\\\/schema\\\/logo\\\/image\\\/\",\"url\":\"https:\\\/\\\/carrerasweb.cat\\\/wp-content\\\/uploads\\\/2021\\\/03\\\/logo.png\",\"contentUrl\":\"https:\\\/\\\/carrerasweb.cat\\\/wp-content\\\/uploads\\\/2021\\\/03\\\/logo.png\",\"width\":276,\"height\":100,\"caption\":\"CARRERAS FOTO VIDEO\"},\"image\":{\"@id\":\"https:\\\/\\\/carrerasweb.cat\\\/#\\\/schema\\\/logo\\\/image\\\/\"},\"sameAs\":[\"https:\\\/\\\/www.facebook.com\\\/CarrerasFotoVideo\\\/\",\"https:\\\/\\\/www.instagram.com\\\/carrerasfotovideo\\\/\"]}]}<\/script>\n<!-- \/ Yoast SEO plugin. -->","yoast_head_json":{"title":"Barra de so SONY HT-A9000 - Carreres Web - Botiga Foto V\u00eddeo C\u00e0meres TV Sony telef\u00f3nica telefonia.","robots":{"index":"index","follow":"follow","max-snippet":"max-snippet:-1","max-image-preview":"max-image-preview:large","max-video-preview":"max-video-preview:-1"},"canonical":"https:\/\/carrerasweb.cat\/ca\/botiga\/audio-video-tv-ca\/barres-de-so\/barra-de-so-sony-hta-9000\/","og_locale":"ca_ES","og_type":"article","og_title":"Barra de so SONY HT-A9000 - Carreres Web - Botiga Foto V\u00eddeo C\u00e0meres TV Sony telef\u00f3nica telefonia.","og_description":"BRAVIA Theatre Bar 9 | Barra de so ins\u00edgnia | 360 Spatial Sound Mapping | Dolby Atmos\u00ae\/DTS:X\u00ae","og_url":"https:\/\/carrerasweb.cat\/ca\/botiga\/audio-video-tv-ca\/barres-de-so\/barra-de-so-sony-hta-9000\/","og_site_name":"Carreres Web - Botiga Foto V\u00eddeo C\u00e0meres TV Sony telef\u00f3nica telefonia.","article_publisher":"https:\/\/www.facebook.com\/CarrerasFotoVideo\/","article_modified_time":"2026-02-14T18:35:06+00:00","og_image":[{"width":490,"height":490,"url":"https:\/\/carrerasweb.cat\/wp-content\/uploads\/2026\/02\/HTA9000b.jpg","type":"image\/jpeg"}],"twitter_card":"summary_large_image","schema":{"@context":"https:\/\/schema.org","@graph":[{"@type":"WebPage","@id":"https:\/\/carrerasweb.cat\/ca\/botiga\/audio-video-tv-ca\/barres-de-so\/barra-de-so-sony-hta-9000\/","url":"https:\/\/carrerasweb.cat\/ca\/botiga\/audio-video-tv-ca\/barres-de-so\/barra-de-so-sony-hta-9000\/","name":"Barra de so SONY HT-A9000 - Carreres Web - Botiga Foto V\u00eddeo C\u00e0meres TV Sony telef\u00f3nica telefonia.","isPartOf":{"@id":"https:\/\/carrerasweb.cat\/#website"},"primaryImageOfPage":{"@id":"https:\/\/carrerasweb.cat\/ca\/botiga\/audio-video-tv-ca\/barres-de-so\/barra-de-so-sony-hta-9000\/#primaryimage"},"image":{"@id":"https:\/\/carrerasweb.cat\/ca\/botiga\/audio-video-tv-ca\/barres-de-so\/barra-de-so-sony-hta-9000\/#primaryimage"},"thumbnailUrl":"https:\/\/carrerasweb.cat\/wp-content\/uploads\/2026\/02\/HTA9000b.jpg","datePublished":"2026-02-14T16:27:53+00:00","dateModified":"2026-02-14T18:35:06+00:00","breadcrumb":{"@id":"https:\/\/carrerasweb.cat\/ca\/botiga\/audio-video-tv-ca\/barres-de-so\/barra-de-so-sony-hta-9000\/#breadcrumb"},"inLanguage":"ca","potentialAction":[{"@type":"ReadAction","target":["https:\/\/carrerasweb.cat\/ca\/botiga\/audio-video-tv-ca\/barres-de-so\/barra-de-so-sony-hta-9000\/"]}]},{"@type":"ImageObject","inLanguage":"ca","@id":"https:\/\/carrerasweb.cat\/ca\/botiga\/audio-video-tv-ca\/barres-de-so\/barra-de-so-sony-hta-9000\/#primaryimage","url":"https:\/\/carrerasweb.cat\/wp-content\/uploads\/2026\/02\/HTA9000b.jpg","contentUrl":"https:\/\/carrerasweb.cat\/wp-content\/uploads\/2026\/02\/HTA9000b.jpg","width":490,"height":490},{"@type":"BreadcrumbList","@id":"https:\/\/carrerasweb.cat\/ca\/botiga\/audio-video-tv-ca\/barres-de-so\/barra-de-so-sony-hta-9000\/#breadcrumb","itemListElement":[{"@type":"ListItem","position":1,"name":"Portada","item":"https:\/\/carrerasweb.cat\/ca\/inici\/"},{"@type":"ListItem","position":2,"name":"Productes","item":"https:\/\/carrerasweb.cat\/ca\/productes\/"},{"@type":"ListItem","position":3,"name":"Barra de so SONY HT-A9000"}]},{"@type":"WebSite","@id":"https:\/\/carrerasweb.cat\/#website","url":"https:\/\/carrerasweb.cat\/","name":"Carreras Web - Tienda Foto V\u00eddeo C\u00e1maras TV Sony Telef\u00f3nica Telefon\u00eda.","description":"Distribuidor oficial a Figueres de Sony, la marca l\u00edder en audio, v\u00eddeo, fotografia, c\u00e0meres i accessoris, inform\u00e0tica, telef\u00f2nica, marcs i \u00e0lbums foto.","publisher":{"@id":"https:\/\/carrerasweb.cat\/#organization"},"potentialAction":[{"@type":"SearchAction","target":{"@type":"EntryPoint","urlTemplate":"https:\/\/carrerasweb.cat\/?s={search_term_string}"},"query-input":{"@type":"PropertyValueSpecification","valueRequired":true,"valueName":"search_term_string"}}],"inLanguage":"ca"},{"@type":"Organization","@id":"https:\/\/carrerasweb.cat\/#organization","name":"CARRERAS FOTO VIDEO","url":"https:\/\/carrerasweb.cat\/","logo":{"@type":"ImageObject","inLanguage":"ca","@id":"https:\/\/carrerasweb.cat\/#\/schema\/logo\/image\/","url":"https:\/\/carrerasweb.cat\/wp-content\/uploads\/2021\/03\/logo.png","contentUrl":"https:\/\/carrerasweb.cat\/wp-content\/uploads\/2021\/03\/logo.png","width":276,"height":100,"caption":"CARRERAS FOTO VIDEO"},"image":{"@id":"https:\/\/carrerasweb.cat\/#\/schema\/logo\/image\/"},"sameAs":["https:\/\/www.facebook.com\/CarrerasFotoVideo\/","https:\/\/www.instagram.com\/carrerasfotovideo\/"]}]}},"_links":{"self":[{"href":"https:\/\/carrerasweb.cat\/ca\/wp-json\/wp\/v2\/product\/5370","targetHints":{"allow":["GET"]}}],"collection":[{"href":"https:\/\/carrerasweb.cat\/ca\/wp-json\/wp\/v2\/product"}],"about":[{"href":"https:\/\/carrerasweb.cat\/ca\/wp-json\/wp\/v2\/types\/product"}],"replies":[{"embeddable":true,"href":"https:\/\/carrerasweb.cat\/ca\/wp-json\/wp\/v2\/comments?post=5370"}],"wp:featuredmedia":[{"embeddable":true,"href":"https:\/\/carrerasweb.cat\/ca\/wp-json\/wp\/v2\/media\/5367"}],"wp:attachment":[{"href":"https:\/\/carrerasweb.cat\/ca\/wp-json\/wp\/v2\/media?parent=5370"}],"wp:term":[{"taxonomy":"product_brand","embeddable":true,"href":"https:\/\/carrerasweb.cat\/ca\/wp-json\/wp\/v2\/product_brand?post=5370"},{"taxonomy":"product_cat","embeddable":true,"href":"https:\/\/carrerasweb.cat\/ca\/wp-json\/wp\/v2\/product_cat?post=5370"},{"taxonomy":"product_tag","embeddable":true,"href":"https:\/\/carrerasweb.cat\/ca\/wp-json\/wp\/v2\/product_tag?post=5370"}],"curies":[{"name":"wp","href":"https:\/\/api.w.org\/{rel}","templated":true}]}}