{"id":5326,"date":"2026-01-10T13:02:37","date_gmt":"2026-01-10T13:02:37","guid":{"rendered":"https:\/\/carrerasweb.cat\/?post_type=product&#038;p=5326"},"modified":"2026-04-07T11:12:45","modified_gmt":"2026-04-07T11:12:45","slug":"camera-sony-alpha-7-cm2-cos","status":"publish","type":"product","link":"https:\/\/carrerasweb.cat\/ca\/botiga\/cameres-i-accessoris\/cameres-foto-amb-canvi-doptica\/camera-sony-alpha-7-cm2-cos\/","title":{"rendered":"C\u00e0mera SONY Alpha 7 CM2, cos"},"content":{"rendered":"<h3 class=\"so-orange\">C\u00e0mera h\u00edbrida de fotograma complet Alpha 7 i cos compacte<\/h3>\n<div class=\"product-informations\">\n<p>La A7 CM2 \u00e9s la c\u00e0mera h\u00edbrida ideal amb cos compacte mantenint el visor a nivell de l&#8217;ull i proporciona impactants imatges de foto i video als creadors d&#8217;avui en dia.<\/p>\n<div class=\"promotion red-info\">\n<p>Amb un rendiment revolucionari tant en la presa de fotos como en la gravaci\u00f3 de videos, ofereix imatges impressionants junt amb connectivitat per al lliurament i distribuci\u00f3 al moment. A m\u00e9s, s&#8217;ha dissenyat per fer realitat la visi\u00f3 creativa de qualsevol professional.<\/p>\n<\/div>\n<ul class=\"features-list\">\n<li>Sensor d&#8217;imatge CMOS Exmor R\u2122 de 32,0 MP retroil\u00b7luminat de fotograma complet.<\/li>\n<li>BIONZ XR\u2122, a m\u00e9s de funcions de foto i v\u00eddeo heredats dels models ins\u00edgnia de la marca<\/li>\n<li>Transmissi\u00f3 i \u00fas compartit de contingut d&#8217;alta qualitat al moment<\/li>\n<li>Cos dels m\u00e9s compactes dins del format complet o &#8220;Full-Frame&#8221;<\/li>\n<\/ul>\n<p>Dades t\u00e8cniques:<\/p>\n<p>\u00b7 SENSOR FORMAT COMPLET 24X36. 32 M.P\u00edxels.<br \/>\n\u00b7 Estabilizador en el cos de 5 eixos, de nova tecnologia.<br \/>\n\u00b7 Video Full 4K, fotos a 10 per segon, WiFi + NFC<br \/>\n\u00b7 Montura E, adaptable a multi-marca. USB-C<\/p>\n<p>&nbsp;<\/p>\n<\/div>\n","protected":false},"excerpt":{"rendered":"<p>Aut\u00e8ntica c\u00e0mera professional amb tecnologia avan\u00e7ada, enfocament ultra-r\u00e0pid, resoluci\u00f3 superior a la major\u00eda del seu segment, r\u00e0fegues de foto ultra-r\u00e0pides, l&#8217; equilibri per a fotograf\u00eda i video de qualitat excel\u00b7lent i rapidesa sense precedents en un cos especialment petit.<\/p>\n","protected":false},"featured_media":5325,"comment_status":"closed","ping_status":"closed","template":"","meta":{"_exactmetrics_skip_tracking":false,"_exactmetrics_sitenote_active":false,"_exactmetrics_sitenote_note":"","_exactmetrics_sitenote_category":0},"product_brand":[],"product_cat":[206,197],"product_tag":[],"class_list":{"0":"post-5326","1":"product","2":"type-product","3":"status-publish","4":"has-post-thumbnail","6":"product_cat-cameres-foto-amb-canvi-doptica","7":"product_cat-cameres-i-accessoris","9":"first","10":"instock","11":"shipping-taxable","12":"product-type-simple"},"yoast_head":"<!-- This site is optimized with the Yoast SEO plugin v27.5 - https:\/\/yoast.com\/product\/yoast-seo-wordpress\/ -->\n<title>C\u00e0mera SONY Alpha 7 CM2, cos - Carreres Web - Botiga Foto V\u00eddeo C\u00e0meres TV Sony telef\u00f3nica telefonia.<\/title>\n<meta name=\"robots\" content=\"index, follow, max-snippet:-1, max-image-preview:large, max-video-preview:-1\" \/>\n<link rel=\"canonical\" href=\"https:\/\/carrerasweb.cat\/ca\/botiga\/cameres-i-accessoris\/cameres-foto-amb-canvi-doptica\/camera-sony-alpha-7-cm2-cos\/\" \/>\n<meta property=\"og:locale\" content=\"ca_ES\" \/>\n<meta property=\"og:type\" content=\"article\" \/>\n<meta property=\"og:title\" content=\"C\u00e0mera SONY Alpha 7 CM2, cos - Carreres Web - Botiga Foto V\u00eddeo C\u00e0meres TV Sony telef\u00f3nica telefonia.\" \/>\n<meta property=\"og:description\" content=\"Aut\u00e8ntica c\u00e0mera professional amb tecnologia avan\u00e7ada, enfocament ultra-r\u00e0pid, resoluci\u00f3 superior a la major\u00eda del seu segment, r\u00e0fegues de foto ultra-r\u00e0pides, l&#039; equilibri per a fotograf\u00eda i video de qualitat excel\u00b7lent i rapidesa sense precedents en un cos especialment petit.\" \/>\n<meta property=\"og:url\" content=\"https:\/\/carrerasweb.cat\/ca\/botiga\/cameres-i-accessoris\/cameres-foto-amb-canvi-doptica\/camera-sony-alpha-7-cm2-cos\/\" \/>\n<meta property=\"og:site_name\" content=\"Carreres Web - Botiga Foto V\u00eddeo C\u00e0meres TV Sony telef\u00f3nica telefonia.\" \/>\n<meta property=\"article:publisher\" content=\"https:\/\/www.facebook.com\/CarrerasFotoVideo\/\" \/>\n<meta property=\"article:modified_time\" content=\"2026-04-07T11:12:45+00:00\" \/>\n<meta property=\"og:image\" content=\"https:\/\/carrerasweb.cat\/wp-content\/uploads\/2026\/01\/ILCE7CM2Ba.jpg\" \/>\n\t<meta property=\"og:image:width\" content=\"800\" \/>\n\t<meta property=\"og:image:height\" content=\"801\" \/>\n\t<meta property=\"og:image:type\" content=\"image\/jpeg\" \/>\n<meta name=\"twitter:card\" content=\"summary_large_image\" \/>\n<meta name=\"twitter:label1\" content=\"Temps estimat de lectura\" \/>\n\t<meta name=\"twitter:data1\" content=\"1 minut\" \/>\n<script type=\"application\/ld+json\" class=\"yoast-schema-graph\">{\"@context\":\"https:\\\/\\\/schema.org\",\"@graph\":[{\"@type\":\"WebPage\",\"@id\":\"https:\\\/\\\/carrerasweb.cat\\\/ca\\\/botiga\\\/cameres-i-accessoris\\\/cameres-foto-amb-canvi-doptica\\\/camera-sony-alpha-7-cm2-cos\\\/\",\"url\":\"https:\\\/\\\/carrerasweb.cat\\\/ca\\\/botiga\\\/cameres-i-accessoris\\\/cameres-foto-amb-canvi-doptica\\\/camera-sony-alpha-7-cm2-cos\\\/\",\"name\":\"C\u00e0mera SONY Alpha 7 CM2, cos - Carreres Web - Botiga Foto V\u00eddeo C\u00e0meres TV Sony telef\u00f3nica telefonia.\",\"isPartOf\":{\"@id\":\"https:\\\/\\\/carrerasweb.cat\\\/#website\"},\"primaryImageOfPage\":{\"@id\":\"https:\\\/\\\/carrerasweb.cat\\\/ca\\\/botiga\\\/cameres-i-accessoris\\\/cameres-foto-amb-canvi-doptica\\\/camera-sony-alpha-7-cm2-cos\\\/#primaryimage\"},\"image\":{\"@id\":\"https:\\\/\\\/carrerasweb.cat\\\/ca\\\/botiga\\\/cameres-i-accessoris\\\/cameres-foto-amb-canvi-doptica\\\/camera-sony-alpha-7-cm2-cos\\\/#primaryimage\"},\"thumbnailUrl\":\"https:\\\/\\\/carrerasweb.cat\\\/wp-content\\\/uploads\\\/2026\\\/01\\\/ILCE7CM2Ba.jpg\",\"datePublished\":\"2026-01-10T13:02:37+00:00\",\"dateModified\":\"2026-04-07T11:12:45+00:00\",\"breadcrumb\":{\"@id\":\"https:\\\/\\\/carrerasweb.cat\\\/ca\\\/botiga\\\/cameres-i-accessoris\\\/cameres-foto-amb-canvi-doptica\\\/camera-sony-alpha-7-cm2-cos\\\/#breadcrumb\"},\"inLanguage\":\"ca\",\"potentialAction\":[{\"@type\":\"ReadAction\",\"target\":[\"https:\\\/\\\/carrerasweb.cat\\\/ca\\\/botiga\\\/cameres-i-accessoris\\\/cameres-foto-amb-canvi-doptica\\\/camera-sony-alpha-7-cm2-cos\\\/\"]}]},{\"@type\":\"ImageObject\",\"inLanguage\":\"ca\",\"@id\":\"https:\\\/\\\/carrerasweb.cat\\\/ca\\\/botiga\\\/cameres-i-accessoris\\\/cameres-foto-amb-canvi-doptica\\\/camera-sony-alpha-7-cm2-cos\\\/#primaryimage\",\"url\":\"https:\\\/\\\/carrerasweb.cat\\\/wp-content\\\/uploads\\\/2026\\\/01\\\/ILCE7CM2Ba.jpg\",\"contentUrl\":\"https:\\\/\\\/carrerasweb.cat\\\/wp-content\\\/uploads\\\/2026\\\/01\\\/ILCE7CM2Ba.jpg\",\"width\":800,\"height\":801},{\"@type\":\"BreadcrumbList\",\"@id\":\"https:\\\/\\\/carrerasweb.cat\\\/ca\\\/botiga\\\/cameres-i-accessoris\\\/cameres-foto-amb-canvi-doptica\\\/camera-sony-alpha-7-cm2-cos\\\/#breadcrumb\",\"itemListElement\":[{\"@type\":\"ListItem\",\"position\":1,\"name\":\"Portada\",\"item\":\"https:\\\/\\\/carrerasweb.cat\\\/ca\\\/inici\\\/\"},{\"@type\":\"ListItem\",\"position\":2,\"name\":\"Productes\",\"item\":\"https:\\\/\\\/carrerasweb.cat\\\/ca\\\/productes\\\/\"},{\"@type\":\"ListItem\",\"position\":3,\"name\":\"C\u00e0mera SONY Alpha 7 CM2, cos\"}]},{\"@type\":\"WebSite\",\"@id\":\"https:\\\/\\\/carrerasweb.cat\\\/#website\",\"url\":\"https:\\\/\\\/carrerasweb.cat\\\/\",\"name\":\"Carreras Web - Tienda Foto V\u00eddeo C\u00e1maras TV Sony Telef\u00f3nica Telefon\u00eda.\",\"description\":\"Distribuidor oficial a Figueres de Sony, la marca l\u00edder en audio, v\u00eddeo, fotografia, c\u00e0meres i accessoris, inform\u00e0tica, telef\u00f2nica, marcs i \u00e0lbums foto.\",\"publisher\":{\"@id\":\"https:\\\/\\\/carrerasweb.cat\\\/#organization\"},\"potentialAction\":[{\"@type\":\"SearchAction\",\"target\":{\"@type\":\"EntryPoint\",\"urlTemplate\":\"https:\\\/\\\/carrerasweb.cat\\\/?s={search_term_string}\"},\"query-input\":{\"@type\":\"PropertyValueSpecification\",\"valueRequired\":true,\"valueName\":\"search_term_string\"}}],\"inLanguage\":\"ca\"},{\"@type\":\"Organization\",\"@id\":\"https:\\\/\\\/carrerasweb.cat\\\/#organization\",\"name\":\"CARRERAS FOTO VIDEO\",\"url\":\"https:\\\/\\\/carrerasweb.cat\\\/\",\"logo\":{\"@type\":\"ImageObject\",\"inLanguage\":\"ca\",\"@id\":\"https:\\\/\\\/carrerasweb.cat\\\/#\\\/schema\\\/logo\\\/image\\\/\",\"url\":\"https:\\\/\\\/carrerasweb.cat\\\/wp-content\\\/uploads\\\/2021\\\/03\\\/logo.png\",\"contentUrl\":\"https:\\\/\\\/carrerasweb.cat\\\/wp-content\\\/uploads\\\/2021\\\/03\\\/logo.png\",\"width\":276,\"height\":100,\"caption\":\"CARRERAS FOTO VIDEO\"},\"image\":{\"@id\":\"https:\\\/\\\/carrerasweb.cat\\\/#\\\/schema\\\/logo\\\/image\\\/\"},\"sameAs\":[\"https:\\\/\\\/www.facebook.com\\\/CarrerasFotoVideo\\\/\",\"https:\\\/\\\/www.instagram.com\\\/carrerasfotovideo\\\/\"]}]}<\/script>\n<!-- \/ Yoast SEO plugin. -->","yoast_head_json":{"title":"C\u00e0mera SONY Alpha 7 CM2, cos - Carreres Web - Botiga Foto V\u00eddeo C\u00e0meres TV Sony telef\u00f3nica telefonia.","robots":{"index":"index","follow":"follow","max-snippet":"max-snippet:-1","max-image-preview":"max-image-preview:large","max-video-preview":"max-video-preview:-1"},"canonical":"https:\/\/carrerasweb.cat\/ca\/botiga\/cameres-i-accessoris\/cameres-foto-amb-canvi-doptica\/camera-sony-alpha-7-cm2-cos\/","og_locale":"ca_ES","og_type":"article","og_title":"C\u00e0mera SONY Alpha 7 CM2, cos - Carreres Web - Botiga Foto V\u00eddeo C\u00e0meres TV Sony telef\u00f3nica telefonia.","og_description":"Aut\u00e8ntica c\u00e0mera professional amb tecnologia avan\u00e7ada, enfocament ultra-r\u00e0pid, resoluci\u00f3 superior a la major\u00eda del seu segment, r\u00e0fegues de foto ultra-r\u00e0pides, l' equilibri per a fotograf\u00eda i video de qualitat excel\u00b7lent i rapidesa sense precedents en un cos especialment petit.","og_url":"https:\/\/carrerasweb.cat\/ca\/botiga\/cameres-i-accessoris\/cameres-foto-amb-canvi-doptica\/camera-sony-alpha-7-cm2-cos\/","og_site_name":"Carreres Web - Botiga Foto V\u00eddeo C\u00e0meres TV Sony telef\u00f3nica telefonia.","article_publisher":"https:\/\/www.facebook.com\/CarrerasFotoVideo\/","article_modified_time":"2026-04-07T11:12:45+00:00","og_image":[{"width":800,"height":801,"url":"https:\/\/carrerasweb.cat\/wp-content\/uploads\/2026\/01\/ILCE7CM2Ba.jpg","type":"image\/jpeg"}],"twitter_card":"summary_large_image","twitter_misc":{"Temps estimat de lectura":"1 minut"},"schema":{"@context":"https:\/\/schema.org","@graph":[{"@type":"WebPage","@id":"https:\/\/carrerasweb.cat\/ca\/botiga\/cameres-i-accessoris\/cameres-foto-amb-canvi-doptica\/camera-sony-alpha-7-cm2-cos\/","url":"https:\/\/carrerasweb.cat\/ca\/botiga\/cameres-i-accessoris\/cameres-foto-amb-canvi-doptica\/camera-sony-alpha-7-cm2-cos\/","name":"C\u00e0mera SONY Alpha 7 CM2, cos - Carreres Web - Botiga Foto V\u00eddeo C\u00e0meres TV Sony telef\u00f3nica telefonia.","isPartOf":{"@id":"https:\/\/carrerasweb.cat\/#website"},"primaryImageOfPage":{"@id":"https:\/\/carrerasweb.cat\/ca\/botiga\/cameres-i-accessoris\/cameres-foto-amb-canvi-doptica\/camera-sony-alpha-7-cm2-cos\/#primaryimage"},"image":{"@id":"https:\/\/carrerasweb.cat\/ca\/botiga\/cameres-i-accessoris\/cameres-foto-amb-canvi-doptica\/camera-sony-alpha-7-cm2-cos\/#primaryimage"},"thumbnailUrl":"https:\/\/carrerasweb.cat\/wp-content\/uploads\/2026\/01\/ILCE7CM2Ba.jpg","datePublished":"2026-01-10T13:02:37+00:00","dateModified":"2026-04-07T11:12:45+00:00","breadcrumb":{"@id":"https:\/\/carrerasweb.cat\/ca\/botiga\/cameres-i-accessoris\/cameres-foto-amb-canvi-doptica\/camera-sony-alpha-7-cm2-cos\/#breadcrumb"},"inLanguage":"ca","potentialAction":[{"@type":"ReadAction","target":["https:\/\/carrerasweb.cat\/ca\/botiga\/cameres-i-accessoris\/cameres-foto-amb-canvi-doptica\/camera-sony-alpha-7-cm2-cos\/"]}]},{"@type":"ImageObject","inLanguage":"ca","@id":"https:\/\/carrerasweb.cat\/ca\/botiga\/cameres-i-accessoris\/cameres-foto-amb-canvi-doptica\/camera-sony-alpha-7-cm2-cos\/#primaryimage","url":"https:\/\/carrerasweb.cat\/wp-content\/uploads\/2026\/01\/ILCE7CM2Ba.jpg","contentUrl":"https:\/\/carrerasweb.cat\/wp-content\/uploads\/2026\/01\/ILCE7CM2Ba.jpg","width":800,"height":801},{"@type":"BreadcrumbList","@id":"https:\/\/carrerasweb.cat\/ca\/botiga\/cameres-i-accessoris\/cameres-foto-amb-canvi-doptica\/camera-sony-alpha-7-cm2-cos\/#breadcrumb","itemListElement":[{"@type":"ListItem","position":1,"name":"Portada","item":"https:\/\/carrerasweb.cat\/ca\/inici\/"},{"@type":"ListItem","position":2,"name":"Productes","item":"https:\/\/carrerasweb.cat\/ca\/productes\/"},{"@type":"ListItem","position":3,"name":"C\u00e0mera SONY Alpha 7 CM2, cos"}]},{"@type":"WebSite","@id":"https:\/\/carrerasweb.cat\/#website","url":"https:\/\/carrerasweb.cat\/","name":"Carreras Web - Tienda Foto V\u00eddeo C\u00e1maras TV Sony Telef\u00f3nica Telefon\u00eda.","description":"Distribuidor oficial a Figueres de Sony, la marca l\u00edder en audio, v\u00eddeo, fotografia, c\u00e0meres i accessoris, inform\u00e0tica, telef\u00f2nica, marcs i \u00e0lbums foto.","publisher":{"@id":"https:\/\/carrerasweb.cat\/#organization"},"potentialAction":[{"@type":"SearchAction","target":{"@type":"EntryPoint","urlTemplate":"https:\/\/carrerasweb.cat\/?s={search_term_string}"},"query-input":{"@type":"PropertyValueSpecification","valueRequired":true,"valueName":"search_term_string"}}],"inLanguage":"ca"},{"@type":"Organization","@id":"https:\/\/carrerasweb.cat\/#organization","name":"CARRERAS FOTO VIDEO","url":"https:\/\/carrerasweb.cat\/","logo":{"@type":"ImageObject","inLanguage":"ca","@id":"https:\/\/carrerasweb.cat\/#\/schema\/logo\/image\/","url":"https:\/\/carrerasweb.cat\/wp-content\/uploads\/2021\/03\/logo.png","contentUrl":"https:\/\/carrerasweb.cat\/wp-content\/uploads\/2021\/03\/logo.png","width":276,"height":100,"caption":"CARRERAS FOTO VIDEO"},"image":{"@id":"https:\/\/carrerasweb.cat\/#\/schema\/logo\/image\/"},"sameAs":["https:\/\/www.facebook.com\/CarrerasFotoVideo\/","https:\/\/www.instagram.com\/carrerasfotovideo\/"]}]}},"_links":{"self":[{"href":"https:\/\/carrerasweb.cat\/ca\/wp-json\/wp\/v2\/product\/5326","targetHints":{"allow":["GET"]}}],"collection":[{"href":"https:\/\/carrerasweb.cat\/ca\/wp-json\/wp\/v2\/product"}],"about":[{"href":"https:\/\/carrerasweb.cat\/ca\/wp-json\/wp\/v2\/types\/product"}],"replies":[{"embeddable":true,"href":"https:\/\/carrerasweb.cat\/ca\/wp-json\/wp\/v2\/comments?post=5326"}],"wp:featuredmedia":[{"embeddable":true,"href":"https:\/\/carrerasweb.cat\/ca\/wp-json\/wp\/v2\/media\/5325"}],"wp:attachment":[{"href":"https:\/\/carrerasweb.cat\/ca\/wp-json\/wp\/v2\/media?parent=5326"}],"wp:term":[{"taxonomy":"product_brand","embeddable":true,"href":"https:\/\/carrerasweb.cat\/ca\/wp-json\/wp\/v2\/product_brand?post=5326"},{"taxonomy":"product_cat","embeddable":true,"href":"https:\/\/carrerasweb.cat\/ca\/wp-json\/wp\/v2\/product_cat?post=5326"},{"taxonomy":"product_tag","embeddable":true,"href":"https:\/\/carrerasweb.cat\/ca\/wp-json\/wp\/v2\/product_tag?post=5326"}],"curies":[{"name":"wp","href":"https:\/\/api.w.org\/{rel}","templated":true}]}}