{"id":5227,"date":"2025-10-24T10:23:54","date_gmt":"2025-10-24T10:23:54","guid":{"rendered":"https:\/\/carrerasweb.cat\/tienda\/sense categoria\/smartwatch-garmin-venu-x1-2-colors\/"},"modified":"2025-10-24T10:31:11","modified_gmt":"2025-10-24T10:31:11","slug":"smartwatch-garmin-venu-x1-2-colors","status":"publish","type":"product","link":"https:\/\/carrerasweb.cat\/ca\/botiga\/informatica-telefonia-electronica-ca\/rellotges-smart\/smartwatch-garmin-venu-x1-2-colors\/","title":{"rendered":"Smartwatch GARMIN Venu X1, 2 colors"},"content":{"rendered":"<div class=\"app__overview__intro__description\">\n<p>Venu X1 combina les caracter\u00edstiques pr\u00e0ctiques que necessites a un smartwatch dissenyat amb materials lleugers i funcions avan\u00e7ades de salut i exercici. Quan arribeu el moment d&#8217;entrenar, recuperar-vos o explorar, deixeu que aquest smartwatch us porti a la vostra destinaci\u00f3. <\/p>\n<p>2 colors : negre i verd<\/p>\n<\/div>\n<div class=\"app__column-layout app__column-layout__column--6 app__column-layout__column__mobile--2 app__overview__intro__icons\">\n<div class=\"app__feature__card\" data-translate=\"\"><img decoding=\"async\" class=\"app__feature__card__image\" src=\"https:\/\/static.garmincdn.com\/gdc\/Product_Pages\/ICONS\/AMOLED_Display.svg\" alt=\"\"><span style=\"color: #555555;font-size: 14.4px\">PANTALLA AMOLED F\u00c0CIL DE LLEGIR DE 2\u2033<\/span><\/div>\n<div class=\"app__feature__card\" data-translate=\"\"><img decoding=\"async\" class=\"app__feature__card__image\" src=\"https:\/\/static.garmincdn.com\/gdc\/Product_Pages\/ICONS\/sapphire-crystal.svg\" alt=\"\"><span style=\"color: #555555;font-size: 14.4px\">CAIXA DE RELLOTGE DE 8 MM AMB UN VIDRE DE SAFIR RESISTENT A LES RATLLADES<\/span><\/div>\n<div class=\"app__feature__card\" data-translate=\"\"><img decoding=\"async\" class=\"app__feature__card__image\" src=\"https:\/\/static.garmincdn.com\/gdc\/Product_Pages\/ICONS\/Battery_Life.svg\" alt=\"\"><span style=\"color: #555555;font-size: 14.4px\">GAUDEIX DE FINS A 8 DIES D&#8217;AUTONOMIA DE LA BATERIA EN EL MODE SMARTWATCH<\/span><\/div>\n<div class=\"app__feature__card\" data-translate=\"\"><img decoding=\"async\" class=\"app__feature__card__image\" src=\"https:\/\/static.garmincdn.com\/gdc\/Product_Pages\/ICONS\/Heart_Rate_Sensors.svg\" alt=\"\"><span style=\"color: #555555;font-size: 14.4px\">INFORMACI\u00d3 DETALLADA SOBRE SALUT I FORMA F\u00cdSICA<\/span><\/div>\n<div class=\"app__feature__card\" data-translate=\"\"><img decoding=\"async\" class=\"app__feature__card__image\" src=\"https:\/\/static.garmincdn.com\/gdc\/Product_Pages\/ICONS\/Voice-Calling.svg\" alt=\"\"><span style=\"color: #555555;font-size: 14.4px\">FES I REP TRUCADES AMB EL ALTAVEU I EL MICR\u00d2FON<\/span><\/div>\n<div class=\"app__feature__card\" data-translate=\"\"><img decoding=\"async\" class=\"app__feature__card__image\" src=\"https:\/\/static.garmincdn.com\/gdc\/Product_Pages\/ICONS\/FLASHLIGHT.svg\" alt=\"\"><span style=\"color: #555555;font-size: 14.4px\">BRILLANT LLANTERNA LED INCORPORADA<\/span><\/div>\n<\/div>\n","protected":false},"excerpt":{"rendered":"<p>Venu X1 combina les caracter\u00edstiques pr\u00e0ctiques que necessites a un smartwatch dissenyat amb materials lleugers i funcions avan\u00e7ades de salut i exercici. Quan arribeu el moment d&#8217;entrenar, recuperar-vos o explorar, deixeu que aquest smartwatch us porti a la vostra destinaci\u00f3. 2 colors : negre i verd PANTALLA AMOLED F\u00c0CIL DE LLEGIR DE 2\u2033 CAIXA DE [&#8230;]\n","protected":false},"featured_media":5226,"comment_status":"closed","ping_status":"closed","template":"","meta":{"_exactmetrics_skip_tracking":false,"_exactmetrics_sitenote_active":false,"_exactmetrics_sitenote_note":"","_exactmetrics_sitenote_category":0},"product_brand":[],"product_cat":[221,226],"product_tag":[],"class_list":{"0":"post-5227","1":"product","2":"type-product","3":"status-publish","4":"has-post-thumbnail","6":"product_cat-informatica-telefonia-electronica-ca","7":"product_cat-rellotges-smart","9":"first","10":"instock","11":"sale","12":"shipping-taxable","13":"product-type-simple"},"yoast_head":"<!-- This site is optimized with the Yoast SEO plugin v27.5 - https:\/\/yoast.com\/product\/yoast-seo-wordpress\/ -->\n<title>Smartwatch GARMIN Venu X1, 2 colors - Carreres Web - Botiga Foto V\u00eddeo C\u00e0meres TV Sony telef\u00f3nica telefonia.<\/title>\n<meta name=\"robots\" content=\"index, follow, max-snippet:-1, max-image-preview:large, max-video-preview:-1\" \/>\n<link rel=\"canonical\" href=\"https:\/\/carrerasweb.cat\/ca\/botiga\/informatica-telefonia-electronica-ca\/rellotges-smart\/smartwatch-garmin-venu-x1-2-colors\/\" \/>\n<meta property=\"og:locale\" content=\"ca_ES\" \/>\n<meta property=\"og:type\" content=\"article\" \/>\n<meta property=\"og:title\" content=\"Smartwatch GARMIN Venu X1, 2 colors - Carreres Web - Botiga Foto V\u00eddeo C\u00e0meres TV Sony telef\u00f3nica telefonia.\" \/>\n<meta property=\"og:description\" content=\"Venu X1 combina les caracter\u00edstiques pr\u00e0ctiques que necessites a un smartwatch dissenyat amb materials lleugers i funcions avan\u00e7ades de salut i exercici. Quan arribeu el moment d&#8217;entrenar, recuperar-vos o explorar, deixeu que aquest smartwatch us porti a la vostra destinaci\u00f3. 2 colors : negre i verd PANTALLA AMOLED F\u00c0CIL DE LLEGIR DE 2\u2033 CAIXA DE [...]\" \/>\n<meta property=\"og:url\" content=\"https:\/\/carrerasweb.cat\/ca\/botiga\/informatica-telefonia-electronica-ca\/rellotges-smart\/smartwatch-garmin-venu-x1-2-colors\/\" \/>\n<meta property=\"og:site_name\" content=\"Carreres Web - Botiga Foto V\u00eddeo C\u00e0meres TV Sony telef\u00f3nica telefonia.\" \/>\n<meta property=\"article:publisher\" content=\"https:\/\/www.facebook.com\/CarrerasFotoVideo\/\" \/>\n<meta property=\"article:modified_time\" content=\"2025-10-24T10:31:11+00:00\" \/>\n<meta property=\"og:image\" content=\"https:\/\/carrerasweb.cat\/wp-content\/uploads\/2025\/10\/VENU-X1a.jpg\" \/>\n\t<meta property=\"og:image:width\" content=\"485\" \/>\n\t<meta property=\"og:image:height\" content=\"484\" \/>\n\t<meta property=\"og:image:type\" content=\"image\/jpeg\" \/>\n<meta name=\"twitter:card\" content=\"summary_large_image\" \/>\n<meta name=\"twitter:label1\" content=\"Temps estimat de lectura\" \/>\n\t<meta name=\"twitter:data1\" content=\"1 minut\" \/>\n<script type=\"application\/ld+json\" class=\"yoast-schema-graph\">{\"@context\":\"https:\\\/\\\/schema.org\",\"@graph\":[{\"@type\":\"WebPage\",\"@id\":\"https:\\\/\\\/carrerasweb.cat\\\/ca\\\/botiga\\\/informatica-telefonia-electronica-ca\\\/rellotges-smart\\\/smartwatch-garmin-venu-x1-2-colors\\\/\",\"url\":\"https:\\\/\\\/carrerasweb.cat\\\/ca\\\/botiga\\\/informatica-telefonia-electronica-ca\\\/rellotges-smart\\\/smartwatch-garmin-venu-x1-2-colors\\\/\",\"name\":\"Smartwatch GARMIN Venu X1, 2 colors - Carreres Web - Botiga Foto V\u00eddeo C\u00e0meres TV Sony telef\u00f3nica telefonia.\",\"isPartOf\":{\"@id\":\"https:\\\/\\\/carrerasweb.cat\\\/#website\"},\"primaryImageOfPage\":{\"@id\":\"https:\\\/\\\/carrerasweb.cat\\\/ca\\\/botiga\\\/informatica-telefonia-electronica-ca\\\/rellotges-smart\\\/smartwatch-garmin-venu-x1-2-colors\\\/#primaryimage\"},\"image\":{\"@id\":\"https:\\\/\\\/carrerasweb.cat\\\/ca\\\/botiga\\\/informatica-telefonia-electronica-ca\\\/rellotges-smart\\\/smartwatch-garmin-venu-x1-2-colors\\\/#primaryimage\"},\"thumbnailUrl\":\"https:\\\/\\\/carrerasweb.cat\\\/wp-content\\\/uploads\\\/2025\\\/10\\\/VENU-X1a.jpg\",\"datePublished\":\"2025-10-24T10:23:54+00:00\",\"dateModified\":\"2025-10-24T10:31:11+00:00\",\"breadcrumb\":{\"@id\":\"https:\\\/\\\/carrerasweb.cat\\\/ca\\\/botiga\\\/informatica-telefonia-electronica-ca\\\/rellotges-smart\\\/smartwatch-garmin-venu-x1-2-colors\\\/#breadcrumb\"},\"inLanguage\":\"ca\",\"potentialAction\":[{\"@type\":\"ReadAction\",\"target\":[\"https:\\\/\\\/carrerasweb.cat\\\/ca\\\/botiga\\\/informatica-telefonia-electronica-ca\\\/rellotges-smart\\\/smartwatch-garmin-venu-x1-2-colors\\\/\"]}]},{\"@type\":\"ImageObject\",\"inLanguage\":\"ca\",\"@id\":\"https:\\\/\\\/carrerasweb.cat\\\/ca\\\/botiga\\\/informatica-telefonia-electronica-ca\\\/rellotges-smart\\\/smartwatch-garmin-venu-x1-2-colors\\\/#primaryimage\",\"url\":\"https:\\\/\\\/carrerasweb.cat\\\/wp-content\\\/uploads\\\/2025\\\/10\\\/VENU-X1a.jpg\",\"contentUrl\":\"https:\\\/\\\/carrerasweb.cat\\\/wp-content\\\/uploads\\\/2025\\\/10\\\/VENU-X1a.jpg\",\"width\":485,\"height\":484},{\"@type\":\"BreadcrumbList\",\"@id\":\"https:\\\/\\\/carrerasweb.cat\\\/ca\\\/botiga\\\/informatica-telefonia-electronica-ca\\\/rellotges-smart\\\/smartwatch-garmin-venu-x1-2-colors\\\/#breadcrumb\",\"itemListElement\":[{\"@type\":\"ListItem\",\"position\":1,\"name\":\"Portada\",\"item\":\"https:\\\/\\\/carrerasweb.cat\\\/ca\\\/inici\\\/\"},{\"@type\":\"ListItem\",\"position\":2,\"name\":\"Productes\",\"item\":\"https:\\\/\\\/carrerasweb.cat\\\/ca\\\/productes\\\/\"},{\"@type\":\"ListItem\",\"position\":3,\"name\":\"Smartwatch GARMIN Venu X1, 2 colors\"}]},{\"@type\":\"WebSite\",\"@id\":\"https:\\\/\\\/carrerasweb.cat\\\/#website\",\"url\":\"https:\\\/\\\/carrerasweb.cat\\\/\",\"name\":\"Carreras Web - Tienda Foto V\u00eddeo C\u00e1maras TV Sony Telef\u00f3nica Telefon\u00eda.\",\"description\":\"Distribuidor oficial a Figueres de Sony, la marca l\u00edder en audio, v\u00eddeo, fotografia, c\u00e0meres i accessoris, inform\u00e0tica, telef\u00f2nica, marcs i \u00e0lbums foto.\",\"publisher\":{\"@id\":\"https:\\\/\\\/carrerasweb.cat\\\/#organization\"},\"potentialAction\":[{\"@type\":\"SearchAction\",\"target\":{\"@type\":\"EntryPoint\",\"urlTemplate\":\"https:\\\/\\\/carrerasweb.cat\\\/?s={search_term_string}\"},\"query-input\":{\"@type\":\"PropertyValueSpecification\",\"valueRequired\":true,\"valueName\":\"search_term_string\"}}],\"inLanguage\":\"ca\"},{\"@type\":\"Organization\",\"@id\":\"https:\\\/\\\/carrerasweb.cat\\\/#organization\",\"name\":\"CARRERAS FOTO VIDEO\",\"url\":\"https:\\\/\\\/carrerasweb.cat\\\/\",\"logo\":{\"@type\":\"ImageObject\",\"inLanguage\":\"ca\",\"@id\":\"https:\\\/\\\/carrerasweb.cat\\\/#\\\/schema\\\/logo\\\/image\\\/\",\"url\":\"https:\\\/\\\/carrerasweb.cat\\\/wp-content\\\/uploads\\\/2021\\\/03\\\/logo.png\",\"contentUrl\":\"https:\\\/\\\/carrerasweb.cat\\\/wp-content\\\/uploads\\\/2021\\\/03\\\/logo.png\",\"width\":276,\"height\":100,\"caption\":\"CARRERAS FOTO VIDEO\"},\"image\":{\"@id\":\"https:\\\/\\\/carrerasweb.cat\\\/#\\\/schema\\\/logo\\\/image\\\/\"},\"sameAs\":[\"https:\\\/\\\/www.facebook.com\\\/CarrerasFotoVideo\\\/\",\"https:\\\/\\\/www.instagram.com\\\/carrerasfotovideo\\\/\"]}]}<\/script>\n<!-- \/ Yoast SEO plugin. -->","yoast_head_json":{"title":"Smartwatch GARMIN Venu X1, 2 colors - Carreres Web - Botiga Foto V\u00eddeo C\u00e0meres TV Sony telef\u00f3nica telefonia.","robots":{"index":"index","follow":"follow","max-snippet":"max-snippet:-1","max-image-preview":"max-image-preview:large","max-video-preview":"max-video-preview:-1"},"canonical":"https:\/\/carrerasweb.cat\/ca\/botiga\/informatica-telefonia-electronica-ca\/rellotges-smart\/smartwatch-garmin-venu-x1-2-colors\/","og_locale":"ca_ES","og_type":"article","og_title":"Smartwatch GARMIN Venu X1, 2 colors - Carreres Web - Botiga Foto V\u00eddeo C\u00e0meres TV Sony telef\u00f3nica telefonia.","og_description":"Venu X1 combina les caracter\u00edstiques pr\u00e0ctiques que necessites a un smartwatch dissenyat amb materials lleugers i funcions avan\u00e7ades de salut i exercici. Quan arribeu el moment d&#8217;entrenar, recuperar-vos o explorar, deixeu que aquest smartwatch us porti a la vostra destinaci\u00f3. 2 colors : negre i verd PANTALLA AMOLED F\u00c0CIL DE LLEGIR DE 2\u2033 CAIXA DE [...]","og_url":"https:\/\/carrerasweb.cat\/ca\/botiga\/informatica-telefonia-electronica-ca\/rellotges-smart\/smartwatch-garmin-venu-x1-2-colors\/","og_site_name":"Carreres Web - Botiga Foto V\u00eddeo C\u00e0meres TV Sony telef\u00f3nica telefonia.","article_publisher":"https:\/\/www.facebook.com\/CarrerasFotoVideo\/","article_modified_time":"2025-10-24T10:31:11+00:00","og_image":[{"width":485,"height":484,"url":"https:\/\/carrerasweb.cat\/wp-content\/uploads\/2025\/10\/VENU-X1a.jpg","type":"image\/jpeg"}],"twitter_card":"summary_large_image","twitter_misc":{"Temps estimat de lectura":"1 minut"},"schema":{"@context":"https:\/\/schema.org","@graph":[{"@type":"WebPage","@id":"https:\/\/carrerasweb.cat\/ca\/botiga\/informatica-telefonia-electronica-ca\/rellotges-smart\/smartwatch-garmin-venu-x1-2-colors\/","url":"https:\/\/carrerasweb.cat\/ca\/botiga\/informatica-telefonia-electronica-ca\/rellotges-smart\/smartwatch-garmin-venu-x1-2-colors\/","name":"Smartwatch GARMIN Venu X1, 2 colors - Carreres Web - Botiga Foto V\u00eddeo C\u00e0meres TV Sony telef\u00f3nica telefonia.","isPartOf":{"@id":"https:\/\/carrerasweb.cat\/#website"},"primaryImageOfPage":{"@id":"https:\/\/carrerasweb.cat\/ca\/botiga\/informatica-telefonia-electronica-ca\/rellotges-smart\/smartwatch-garmin-venu-x1-2-colors\/#primaryimage"},"image":{"@id":"https:\/\/carrerasweb.cat\/ca\/botiga\/informatica-telefonia-electronica-ca\/rellotges-smart\/smartwatch-garmin-venu-x1-2-colors\/#primaryimage"},"thumbnailUrl":"https:\/\/carrerasweb.cat\/wp-content\/uploads\/2025\/10\/VENU-X1a.jpg","datePublished":"2025-10-24T10:23:54+00:00","dateModified":"2025-10-24T10:31:11+00:00","breadcrumb":{"@id":"https:\/\/carrerasweb.cat\/ca\/botiga\/informatica-telefonia-electronica-ca\/rellotges-smart\/smartwatch-garmin-venu-x1-2-colors\/#breadcrumb"},"inLanguage":"ca","potentialAction":[{"@type":"ReadAction","target":["https:\/\/carrerasweb.cat\/ca\/botiga\/informatica-telefonia-electronica-ca\/rellotges-smart\/smartwatch-garmin-venu-x1-2-colors\/"]}]},{"@type":"ImageObject","inLanguage":"ca","@id":"https:\/\/carrerasweb.cat\/ca\/botiga\/informatica-telefonia-electronica-ca\/rellotges-smart\/smartwatch-garmin-venu-x1-2-colors\/#primaryimage","url":"https:\/\/carrerasweb.cat\/wp-content\/uploads\/2025\/10\/VENU-X1a.jpg","contentUrl":"https:\/\/carrerasweb.cat\/wp-content\/uploads\/2025\/10\/VENU-X1a.jpg","width":485,"height":484},{"@type":"BreadcrumbList","@id":"https:\/\/carrerasweb.cat\/ca\/botiga\/informatica-telefonia-electronica-ca\/rellotges-smart\/smartwatch-garmin-venu-x1-2-colors\/#breadcrumb","itemListElement":[{"@type":"ListItem","position":1,"name":"Portada","item":"https:\/\/carrerasweb.cat\/ca\/inici\/"},{"@type":"ListItem","position":2,"name":"Productes","item":"https:\/\/carrerasweb.cat\/ca\/productes\/"},{"@type":"ListItem","position":3,"name":"Smartwatch GARMIN Venu X1, 2 colors"}]},{"@type":"WebSite","@id":"https:\/\/carrerasweb.cat\/#website","url":"https:\/\/carrerasweb.cat\/","name":"Carreras Web - Tienda Foto V\u00eddeo C\u00e1maras TV Sony Telef\u00f3nica Telefon\u00eda.","description":"Distribuidor oficial a Figueres de Sony, la marca l\u00edder en audio, v\u00eddeo, fotografia, c\u00e0meres i accessoris, inform\u00e0tica, telef\u00f2nica, marcs i \u00e0lbums foto.","publisher":{"@id":"https:\/\/carrerasweb.cat\/#organization"},"potentialAction":[{"@type":"SearchAction","target":{"@type":"EntryPoint","urlTemplate":"https:\/\/carrerasweb.cat\/?s={search_term_string}"},"query-input":{"@type":"PropertyValueSpecification","valueRequired":true,"valueName":"search_term_string"}}],"inLanguage":"ca"},{"@type":"Organization","@id":"https:\/\/carrerasweb.cat\/#organization","name":"CARRERAS FOTO VIDEO","url":"https:\/\/carrerasweb.cat\/","logo":{"@type":"ImageObject","inLanguage":"ca","@id":"https:\/\/carrerasweb.cat\/#\/schema\/logo\/image\/","url":"https:\/\/carrerasweb.cat\/wp-content\/uploads\/2021\/03\/logo.png","contentUrl":"https:\/\/carrerasweb.cat\/wp-content\/uploads\/2021\/03\/logo.png","width":276,"height":100,"caption":"CARRERAS FOTO VIDEO"},"image":{"@id":"https:\/\/carrerasweb.cat\/#\/schema\/logo\/image\/"},"sameAs":["https:\/\/www.facebook.com\/CarrerasFotoVideo\/","https:\/\/www.instagram.com\/carrerasfotovideo\/"]}]}},"_links":{"self":[{"href":"https:\/\/carrerasweb.cat\/ca\/wp-json\/wp\/v2\/product\/5227","targetHints":{"allow":["GET"]}}],"collection":[{"href":"https:\/\/carrerasweb.cat\/ca\/wp-json\/wp\/v2\/product"}],"about":[{"href":"https:\/\/carrerasweb.cat\/ca\/wp-json\/wp\/v2\/types\/product"}],"replies":[{"embeddable":true,"href":"https:\/\/carrerasweb.cat\/ca\/wp-json\/wp\/v2\/comments?post=5227"}],"wp:featuredmedia":[{"embeddable":true,"href":"https:\/\/carrerasweb.cat\/ca\/wp-json\/wp\/v2\/media\/5226"}],"wp:attachment":[{"href":"https:\/\/carrerasweb.cat\/ca\/wp-json\/wp\/v2\/media?parent=5227"}],"wp:term":[{"taxonomy":"product_brand","embeddable":true,"href":"https:\/\/carrerasweb.cat\/ca\/wp-json\/wp\/v2\/product_brand?post=5227"},{"taxonomy":"product_cat","embeddable":true,"href":"https:\/\/carrerasweb.cat\/ca\/wp-json\/wp\/v2\/product_cat?post=5227"},{"taxonomy":"product_tag","embeddable":true,"href":"https:\/\/carrerasweb.cat\/ca\/wp-json\/wp\/v2\/product_tag?post=5227"}],"curies":[{"name":"wp","href":"https:\/\/api.w.org\/{rel}","templated":true}]}}