{"id":5218,"date":"2025-10-24T10:07:36","date_gmt":"2025-10-24T10:07:36","guid":{"rendered":"https:\/\/carrerasweb.cat\/tienda\/sense%20categoria\/smartwatch-garmin-forerenner-55-3-colors\/"},"modified":"2025-10-24T10:13:23","modified_gmt":"2025-10-24T10:13:23","slug":"smartwatch-garmin-forerenner-55-3-colors","status":"publish","type":"product","link":"https:\/\/carrerasweb.cat\/ca\/botiga\/informatica-telefonia-electronica-ca\/rellotges-smart\/smartwatch-garmin-forerenner-55-3-colors\/","title":{"rendered":"Smartwatch GARMIN Forerunner 55, 3 colors"},"content":{"rendered":"<div class=\"app__overview__intro__description\">\n<p>Aquest intu\u00eftiu rellotge intel\u00b7ligent amb GPS s&#8217;ha dissenyat perqu\u00e8 totes les persones, sense importar-ne el nivell d&#8217;habilitat, puguin fer un seguiment de les estad\u00edstiques i compleixin els objectius d&#8217;exercici.<\/p>\n<p>3 colors: blanc, gris i negre<\/p>\n<\/div>\n<div class=\"app__column-layout app__column-layout__column--6 app__column-layout__column__mobile--2 app__overview__intro__icons\">\n<div class=\"app__feature__card\" data-translate=\"\"><img decoding=\"async\" class=\"app__feature__card__image\" src=\"https:\/\/res.garmin.com\/gdc\/Product_Pages\/ICONS\/GPS_tracking.svg\" alt=\"\" \/><span style=\"color: #555555;font-size: 14.4px\">Realitza un seguiment del temps, la dist\u00e0ncia, el ritme i la velocitat durant les curses o caminades amb el GPS integrat.<\/span><\/div>\n<div class=\"app__feature__card\" data-translate=\"\"><img decoding=\"async\" class=\"app__feature__card__image\" src=\"https:\/\/res.garmin.com\/gdc\/Product_Pages\/ICONS\/Battery_Life.svg\" alt=\"\" \/><span style=\"color: #555555;font-size: 14.4px\">Gaudeix de fins a 2 setmanes de bateria. Perqu\u00e8 haver de carregar menys sempre va b\u00e9. <\/span><\/div>\n<div class=\"app__feature__card\" data-translate=\"\"><img decoding=\"async\" class=\"app__feature__card__image\" src=\"https:\/\/res.garmin.com\/gdc\/Product_Pages\/ICONS\/Health_And_Fitness_Tracking.svg\" alt=\"\" \/>Controla la teva salut i benestar general amb el sensor de freq\u00fc\u00e8ncia card\u00edaca al canell i molt m\u00e9s<\/div>\n<div class=\"app__feature__card\" data-translate=\"\"><img decoding=\"async\" class=\"app__feature__card__image\" src=\"https:\/\/res.garmin.com\/gdc\/Product_Pages\/ICONS\/TRAINING-GUIDANCE.svg\" alt=\"\" \/><span style=\"color: #555555;font-size: 14.4px\">Oblida&#8217;t de les complicades planificacions relacionades amb l&#8217;entrenament. Aquest rellotge intel\u00b7ligent et suggereix curses adaptades a tu. <\/span><\/div>\n<div class=\"app__feature__card\" data-translate=\"\"><img decoding=\"async\" class=\"app__feature__card__image\" src=\"https:\/\/res.garmin.com\/gdc\/Product_Pages\/ICONS\/recovery.svg\" alt=\"\" \/><span style=\"color: #555555;font-size: 14.4px\">Las funciones de carrera de gama alta te ayudan a alcanzar todo tu potencial. Y sin necesidad de vaciar la cartera. <\/span><\/div>\n<div class=\"app__feature__card\" data-translate=\"\"><img decoding=\"async\" class=\"app__feature__card__image\" src=\"https:\/\/res.garmin.com\/gdc\/Product_Pages\/ICONS\/Advanced-Wellness.svg\" alt=\"\" \/><span style=\"color: #555555;font-size: 14.4px\">Fa un seguiment d&#8217;altres activitats a part de les curses gr\u00e0cies a l&#8217;\u00e0mplia gamma de perfils d&#8217;activitat integrats.<\/span><\/div>\n<\/div>\n","protected":false},"excerpt":{"rendered":"<p>Aquest intu\u00eftiu rellotge intel\u00b7ligent amb GPS s&#8217;ha dissenyat perqu\u00e8 totes les persones, sense importar-ne el nivell d&#8217;habilitat, puguin fer un seguiment de les estad\u00edstiques i compleixin els objectius d&#8217;exercici. 3 colors: blanc, gris i negre Realitza un seguiment del temps, la dist\u00e0ncia, el ritme i la velocitat durant les curses o caminades amb el GPS [&#8230;]\n","protected":false},"featured_media":5213,"comment_status":"closed","ping_status":"closed","template":"","meta":{"_exactmetrics_skip_tracking":false,"_exactmetrics_sitenote_active":false,"_exactmetrics_sitenote_note":"","_exactmetrics_sitenote_category":0},"product_brand":[],"product_cat":[221,226],"product_tag":[],"class_list":{"0":"post-5218","1":"product","2":"type-product","3":"status-publish","4":"has-post-thumbnail","6":"product_cat-informatica-telefonia-electronica-ca","7":"product_cat-rellotges-smart","9":"first","10":"instock","11":"shipping-taxable","12":"product-type-simple"},"yoast_head":"<!-- This site is optimized with the Yoast SEO plugin v27.5 - https:\/\/yoast.com\/product\/yoast-seo-wordpress\/ -->\n<title>Smartwatch GARMIN Forerunner 55, 3 colors - Carreres Web - Botiga Foto V\u00eddeo C\u00e0meres TV Sony telef\u00f3nica telefonia.<\/title>\n<meta name=\"robots\" content=\"index, follow, max-snippet:-1, max-image-preview:large, max-video-preview:-1\" \/>\n<link rel=\"canonical\" href=\"https:\/\/carrerasweb.cat\/ca\/botiga\/informatica-telefonia-electronica-ca\/rellotges-smart\/smartwatch-garmin-forerenner-55-3-colors\/\" \/>\n<meta property=\"og:locale\" content=\"ca_ES\" \/>\n<meta property=\"og:type\" content=\"article\" \/>\n<meta property=\"og:title\" content=\"Smartwatch GARMIN Forerunner 55, 3 colors - Carreres Web - Botiga Foto V\u00eddeo C\u00e0meres TV Sony telef\u00f3nica telefonia.\" \/>\n<meta property=\"og:description\" content=\"Aquest intu\u00eftiu rellotge intel\u00b7ligent amb GPS s&#8217;ha dissenyat perqu\u00e8 totes les persones, sense importar-ne el nivell d&#8217;habilitat, puguin fer un seguiment de les estad\u00edstiques i compleixin els objectius d&#8217;exercici. 3 colors: blanc, gris i negre Realitza un seguiment del temps, la dist\u00e0ncia, el ritme i la velocitat durant les curses o caminades amb el GPS [...]\" \/>\n<meta property=\"og:url\" content=\"https:\/\/carrerasweb.cat\/ca\/botiga\/informatica-telefonia-electronica-ca\/rellotges-smart\/smartwatch-garmin-forerenner-55-3-colors\/\" \/>\n<meta property=\"og:site_name\" content=\"Carreres Web - Botiga Foto V\u00eddeo C\u00e0meres TV Sony telef\u00f3nica telefonia.\" \/>\n<meta property=\"article:publisher\" content=\"https:\/\/www.facebook.com\/CarrerasFotoVideo\/\" \/>\n<meta property=\"article:modified_time\" content=\"2025-10-24T10:13:23+00:00\" \/>\n<meta property=\"og:image\" content=\"https:\/\/carrerasweb.cat\/wp-content\/uploads\/2025\/10\/forerunnerc-55a.jpg\" \/>\n\t<meta property=\"og:image:width\" content=\"477\" \/>\n\t<meta property=\"og:image:height\" content=\"477\" \/>\n\t<meta property=\"og:image:type\" content=\"image\/jpeg\" \/>\n<meta name=\"twitter:card\" content=\"summary_large_image\" \/>\n<meta name=\"twitter:label1\" content=\"Temps estimat de lectura\" \/>\n\t<meta name=\"twitter:data1\" content=\"1 minut\" \/>\n<script type=\"application\/ld+json\" class=\"yoast-schema-graph\">{\"@context\":\"https:\\\/\\\/schema.org\",\"@graph\":[{\"@type\":\"WebPage\",\"@id\":\"https:\\\/\\\/carrerasweb.cat\\\/ca\\\/botiga\\\/informatica-telefonia-electronica-ca\\\/rellotges-smart\\\/smartwatch-garmin-forerenner-55-3-colors\\\/\",\"url\":\"https:\\\/\\\/carrerasweb.cat\\\/ca\\\/botiga\\\/informatica-telefonia-electronica-ca\\\/rellotges-smart\\\/smartwatch-garmin-forerenner-55-3-colors\\\/\",\"name\":\"Smartwatch GARMIN Forerunner 55, 3 colors - Carreres Web - Botiga Foto V\u00eddeo C\u00e0meres TV Sony telef\u00f3nica telefonia.\",\"isPartOf\":{\"@id\":\"https:\\\/\\\/carrerasweb.cat\\\/#website\"},\"primaryImageOfPage\":{\"@id\":\"https:\\\/\\\/carrerasweb.cat\\\/ca\\\/botiga\\\/informatica-telefonia-electronica-ca\\\/rellotges-smart\\\/smartwatch-garmin-forerenner-55-3-colors\\\/#primaryimage\"},\"image\":{\"@id\":\"https:\\\/\\\/carrerasweb.cat\\\/ca\\\/botiga\\\/informatica-telefonia-electronica-ca\\\/rellotges-smart\\\/smartwatch-garmin-forerenner-55-3-colors\\\/#primaryimage\"},\"thumbnailUrl\":\"https:\\\/\\\/carrerasweb.cat\\\/wp-content\\\/uploads\\\/2025\\\/10\\\/forerunnerc-55a.jpg\",\"datePublished\":\"2025-10-24T10:07:36+00:00\",\"dateModified\":\"2025-10-24T10:13:23+00:00\",\"breadcrumb\":{\"@id\":\"https:\\\/\\\/carrerasweb.cat\\\/ca\\\/botiga\\\/informatica-telefonia-electronica-ca\\\/rellotges-smart\\\/smartwatch-garmin-forerenner-55-3-colors\\\/#breadcrumb\"},\"inLanguage\":\"ca\",\"potentialAction\":[{\"@type\":\"ReadAction\",\"target\":[\"https:\\\/\\\/carrerasweb.cat\\\/ca\\\/botiga\\\/informatica-telefonia-electronica-ca\\\/rellotges-smart\\\/smartwatch-garmin-forerenner-55-3-colors\\\/\"]}]},{\"@type\":\"ImageObject\",\"inLanguage\":\"ca\",\"@id\":\"https:\\\/\\\/carrerasweb.cat\\\/ca\\\/botiga\\\/informatica-telefonia-electronica-ca\\\/rellotges-smart\\\/smartwatch-garmin-forerenner-55-3-colors\\\/#primaryimage\",\"url\":\"https:\\\/\\\/carrerasweb.cat\\\/wp-content\\\/uploads\\\/2025\\\/10\\\/forerunnerc-55a.jpg\",\"contentUrl\":\"https:\\\/\\\/carrerasweb.cat\\\/wp-content\\\/uploads\\\/2025\\\/10\\\/forerunnerc-55a.jpg\",\"width\":477,\"height\":477},{\"@type\":\"BreadcrumbList\",\"@id\":\"https:\\\/\\\/carrerasweb.cat\\\/ca\\\/botiga\\\/informatica-telefonia-electronica-ca\\\/rellotges-smart\\\/smartwatch-garmin-forerenner-55-3-colors\\\/#breadcrumb\",\"itemListElement\":[{\"@type\":\"ListItem\",\"position\":1,\"name\":\"Portada\",\"item\":\"https:\\\/\\\/carrerasweb.cat\\\/ca\\\/inici\\\/\"},{\"@type\":\"ListItem\",\"position\":2,\"name\":\"Productes\",\"item\":\"https:\\\/\\\/carrerasweb.cat\\\/ca\\\/productes\\\/\"},{\"@type\":\"ListItem\",\"position\":3,\"name\":\"Smartwatch GARMIN Forerunner 55, 3 colors\"}]},{\"@type\":\"WebSite\",\"@id\":\"https:\\\/\\\/carrerasweb.cat\\\/#website\",\"url\":\"https:\\\/\\\/carrerasweb.cat\\\/\",\"name\":\"Carreras Web - Tienda Foto V\u00eddeo C\u00e1maras TV Sony Telef\u00f3nica Telefon\u00eda.\",\"description\":\"Distribuidor oficial a Figueres de Sony, la marca l\u00edder en audio, v\u00eddeo, fotografia, c\u00e0meres i accessoris, inform\u00e0tica, telef\u00f2nica, marcs i \u00e0lbums foto.\",\"publisher\":{\"@id\":\"https:\\\/\\\/carrerasweb.cat\\\/#organization\"},\"potentialAction\":[{\"@type\":\"SearchAction\",\"target\":{\"@type\":\"EntryPoint\",\"urlTemplate\":\"https:\\\/\\\/carrerasweb.cat\\\/?s={search_term_string}\"},\"query-input\":{\"@type\":\"PropertyValueSpecification\",\"valueRequired\":true,\"valueName\":\"search_term_string\"}}],\"inLanguage\":\"ca\"},{\"@type\":\"Organization\",\"@id\":\"https:\\\/\\\/carrerasweb.cat\\\/#organization\",\"name\":\"CARRERAS FOTO VIDEO\",\"url\":\"https:\\\/\\\/carrerasweb.cat\\\/\",\"logo\":{\"@type\":\"ImageObject\",\"inLanguage\":\"ca\",\"@id\":\"https:\\\/\\\/carrerasweb.cat\\\/#\\\/schema\\\/logo\\\/image\\\/\",\"url\":\"https:\\\/\\\/carrerasweb.cat\\\/wp-content\\\/uploads\\\/2021\\\/03\\\/logo.png\",\"contentUrl\":\"https:\\\/\\\/carrerasweb.cat\\\/wp-content\\\/uploads\\\/2021\\\/03\\\/logo.png\",\"width\":276,\"height\":100,\"caption\":\"CARRERAS FOTO VIDEO\"},\"image\":{\"@id\":\"https:\\\/\\\/carrerasweb.cat\\\/#\\\/schema\\\/logo\\\/image\\\/\"},\"sameAs\":[\"https:\\\/\\\/www.facebook.com\\\/CarrerasFotoVideo\\\/\",\"https:\\\/\\\/www.instagram.com\\\/carrerasfotovideo\\\/\"]}]}<\/script>\n<!-- \/ Yoast SEO plugin. -->","yoast_head_json":{"title":"Smartwatch GARMIN Forerunner 55, 3 colors - Carreres Web - Botiga Foto V\u00eddeo C\u00e0meres TV Sony telef\u00f3nica telefonia.","robots":{"index":"index","follow":"follow","max-snippet":"max-snippet:-1","max-image-preview":"max-image-preview:large","max-video-preview":"max-video-preview:-1"},"canonical":"https:\/\/carrerasweb.cat\/ca\/botiga\/informatica-telefonia-electronica-ca\/rellotges-smart\/smartwatch-garmin-forerenner-55-3-colors\/","og_locale":"ca_ES","og_type":"article","og_title":"Smartwatch GARMIN Forerunner 55, 3 colors - Carreres Web - Botiga Foto V\u00eddeo C\u00e0meres TV Sony telef\u00f3nica telefonia.","og_description":"Aquest intu\u00eftiu rellotge intel\u00b7ligent amb GPS s&#8217;ha dissenyat perqu\u00e8 totes les persones, sense importar-ne el nivell d&#8217;habilitat, puguin fer un seguiment de les estad\u00edstiques i compleixin els objectius d&#8217;exercici. 3 colors: blanc, gris i negre Realitza un seguiment del temps, la dist\u00e0ncia, el ritme i la velocitat durant les curses o caminades amb el GPS [...]","og_url":"https:\/\/carrerasweb.cat\/ca\/botiga\/informatica-telefonia-electronica-ca\/rellotges-smart\/smartwatch-garmin-forerenner-55-3-colors\/","og_site_name":"Carreres Web - Botiga Foto V\u00eddeo C\u00e0meres TV Sony telef\u00f3nica telefonia.","article_publisher":"https:\/\/www.facebook.com\/CarrerasFotoVideo\/","article_modified_time":"2025-10-24T10:13:23+00:00","og_image":[{"width":477,"height":477,"url":"https:\/\/carrerasweb.cat\/wp-content\/uploads\/2025\/10\/forerunnerc-55a.jpg","type":"image\/jpeg"}],"twitter_card":"summary_large_image","twitter_misc":{"Temps estimat de lectura":"1 minut"},"schema":{"@context":"https:\/\/schema.org","@graph":[{"@type":"WebPage","@id":"https:\/\/carrerasweb.cat\/ca\/botiga\/informatica-telefonia-electronica-ca\/rellotges-smart\/smartwatch-garmin-forerenner-55-3-colors\/","url":"https:\/\/carrerasweb.cat\/ca\/botiga\/informatica-telefonia-electronica-ca\/rellotges-smart\/smartwatch-garmin-forerenner-55-3-colors\/","name":"Smartwatch GARMIN Forerunner 55, 3 colors - Carreres Web - Botiga Foto V\u00eddeo C\u00e0meres TV Sony telef\u00f3nica telefonia.","isPartOf":{"@id":"https:\/\/carrerasweb.cat\/#website"},"primaryImageOfPage":{"@id":"https:\/\/carrerasweb.cat\/ca\/botiga\/informatica-telefonia-electronica-ca\/rellotges-smart\/smartwatch-garmin-forerenner-55-3-colors\/#primaryimage"},"image":{"@id":"https:\/\/carrerasweb.cat\/ca\/botiga\/informatica-telefonia-electronica-ca\/rellotges-smart\/smartwatch-garmin-forerenner-55-3-colors\/#primaryimage"},"thumbnailUrl":"https:\/\/carrerasweb.cat\/wp-content\/uploads\/2025\/10\/forerunnerc-55a.jpg","datePublished":"2025-10-24T10:07:36+00:00","dateModified":"2025-10-24T10:13:23+00:00","breadcrumb":{"@id":"https:\/\/carrerasweb.cat\/ca\/botiga\/informatica-telefonia-electronica-ca\/rellotges-smart\/smartwatch-garmin-forerenner-55-3-colors\/#breadcrumb"},"inLanguage":"ca","potentialAction":[{"@type":"ReadAction","target":["https:\/\/carrerasweb.cat\/ca\/botiga\/informatica-telefonia-electronica-ca\/rellotges-smart\/smartwatch-garmin-forerenner-55-3-colors\/"]}]},{"@type":"ImageObject","inLanguage":"ca","@id":"https:\/\/carrerasweb.cat\/ca\/botiga\/informatica-telefonia-electronica-ca\/rellotges-smart\/smartwatch-garmin-forerenner-55-3-colors\/#primaryimage","url":"https:\/\/carrerasweb.cat\/wp-content\/uploads\/2025\/10\/forerunnerc-55a.jpg","contentUrl":"https:\/\/carrerasweb.cat\/wp-content\/uploads\/2025\/10\/forerunnerc-55a.jpg","width":477,"height":477},{"@type":"BreadcrumbList","@id":"https:\/\/carrerasweb.cat\/ca\/botiga\/informatica-telefonia-electronica-ca\/rellotges-smart\/smartwatch-garmin-forerenner-55-3-colors\/#breadcrumb","itemListElement":[{"@type":"ListItem","position":1,"name":"Portada","item":"https:\/\/carrerasweb.cat\/ca\/inici\/"},{"@type":"ListItem","position":2,"name":"Productes","item":"https:\/\/carrerasweb.cat\/ca\/productes\/"},{"@type":"ListItem","position":3,"name":"Smartwatch GARMIN Forerunner 55, 3 colors"}]},{"@type":"WebSite","@id":"https:\/\/carrerasweb.cat\/#website","url":"https:\/\/carrerasweb.cat\/","name":"Carreras Web - Tienda Foto V\u00eddeo C\u00e1maras TV Sony Telef\u00f3nica Telefon\u00eda.","description":"Distribuidor oficial a Figueres de Sony, la marca l\u00edder en audio, v\u00eddeo, fotografia, c\u00e0meres i accessoris, inform\u00e0tica, telef\u00f2nica, marcs i \u00e0lbums foto.","publisher":{"@id":"https:\/\/carrerasweb.cat\/#organization"},"potentialAction":[{"@type":"SearchAction","target":{"@type":"EntryPoint","urlTemplate":"https:\/\/carrerasweb.cat\/?s={search_term_string}"},"query-input":{"@type":"PropertyValueSpecification","valueRequired":true,"valueName":"search_term_string"}}],"inLanguage":"ca"},{"@type":"Organization","@id":"https:\/\/carrerasweb.cat\/#organization","name":"CARRERAS FOTO VIDEO","url":"https:\/\/carrerasweb.cat\/","logo":{"@type":"ImageObject","inLanguage":"ca","@id":"https:\/\/carrerasweb.cat\/#\/schema\/logo\/image\/","url":"https:\/\/carrerasweb.cat\/wp-content\/uploads\/2021\/03\/logo.png","contentUrl":"https:\/\/carrerasweb.cat\/wp-content\/uploads\/2021\/03\/logo.png","width":276,"height":100,"caption":"CARRERAS FOTO VIDEO"},"image":{"@id":"https:\/\/carrerasweb.cat\/#\/schema\/logo\/image\/"},"sameAs":["https:\/\/www.facebook.com\/CarrerasFotoVideo\/","https:\/\/www.instagram.com\/carrerasfotovideo\/"]}]}},"_links":{"self":[{"href":"https:\/\/carrerasweb.cat\/ca\/wp-json\/wp\/v2\/product\/5218","targetHints":{"allow":["GET"]}}],"collection":[{"href":"https:\/\/carrerasweb.cat\/ca\/wp-json\/wp\/v2\/product"}],"about":[{"href":"https:\/\/carrerasweb.cat\/ca\/wp-json\/wp\/v2\/types\/product"}],"replies":[{"embeddable":true,"href":"https:\/\/carrerasweb.cat\/ca\/wp-json\/wp\/v2\/comments?post=5218"}],"wp:featuredmedia":[{"embeddable":true,"href":"https:\/\/carrerasweb.cat\/ca\/wp-json\/wp\/v2\/media\/5213"}],"wp:attachment":[{"href":"https:\/\/carrerasweb.cat\/ca\/wp-json\/wp\/v2\/media?parent=5218"}],"wp:term":[{"taxonomy":"product_brand","embeddable":true,"href":"https:\/\/carrerasweb.cat\/ca\/wp-json\/wp\/v2\/product_brand?post=5218"},{"taxonomy":"product_cat","embeddable":true,"href":"https:\/\/carrerasweb.cat\/ca\/wp-json\/wp\/v2\/product_cat?post=5218"},{"taxonomy":"product_tag","embeddable":true,"href":"https:\/\/carrerasweb.cat\/ca\/wp-json\/wp\/v2\/product_tag?post=5218"}],"curies":[{"name":"wp","href":"https:\/\/api.w.org\/{rel}","templated":true}]}}