{"id":5205,"date":"2025-10-24T09:36:15","date_gmt":"2025-10-24T09:36:15","guid":{"rendered":"https:\/\/carrerasweb.cat\/tienda\/sense categoria\/smartwatch-garmin-forerunner-165-2-colors\/"},"modified":"2025-10-24T09:42:38","modified_gmt":"2025-10-24T09:42:38","slug":"smartwatch-garmin-forerunner-165-2-colors","status":"publish","type":"product","link":"https:\/\/carrerasweb.cat\/ca\/botiga\/informatica-telefonia-electronica-ca\/rellotges-smart\/smartwatch-garmin-forerunner-165-2-colors\/","title":{"rendered":"Smartwatch GARMIN Forerunner 165, 2 colors"},"content":{"rendered":"<p>Ets un runner, per\u00f2 no en tinc prou nom\u00e9s de c\u00f3rrer. I justament per aix\u00f2 \u00e9s pel que necessites el Forerunner 165, el rellotge intel\u00b7ligent amb GPS espec\u00edfic per a running que t&#8217;ajuda a assolir els teus objectius amb plans d&#8217;entrenament adaptables personalitzats i una pantalla lluminosa que mostra el teu progr\u00e9s. <\/p>\n<p>2 colors : blanc i negre<\/p>\n<div class=\"app__feature__card\" data-translate=\"\"><img decoding=\"async\" class=\"app__feature__card__image\" src=\"https:\/\/static.garmincdn.com\/gdc\/Product_Pages\/ICONS\/AMOLED_Display.svg\" alt=\"\"><span style=\"color: #555555;font-size: 14.4px\">PANTALLA AMOLED DE 1,2\u2033 PLENA DE COLOR<\/span><\/div>\n<div class=\"app__feature__card\" data-translate=\"\"><img decoding=\"async\" class=\"app__feature__card__image\" src=\"https:\/\/static.garmincdn.com\/gdc\/Product_Pages\/ICONS\/Battery_Life.svg\" alt=\"\"><span style=\"color: #555555;font-size: 14.4px\">FINS 11 DIES D&#8217;AUTONOMIA DE LA BATERIA EN EL MODE SMARTWATCH<\/span><\/div>\n<div class=\"app__feature__card\" data-translate=\"\"><img decoding=\"async\" class=\"app__feature__card__image\" src=\"https:\/\/static.garmincdn.com\/gdc\/Product_Pages\/ICONS\/TRAINING-GUIDANCE.svg\" alt=\"\"><span style=\"color: #555555;font-size: 14.4px\">M\u00c8TRIQUES D&#8217;ENTRENAMENT I INFORMACI\u00d3 DE RECUPERACI\u00d3<\/span><\/div>\n<div class=\"app__feature__card\" data-translate=\"\"><img decoding=\"async\" class=\"app__feature__card__image\" src=\"https:\/\/static.garmincdn.com\/gdc\/Product_Pages\/ICONS\/Preloaded_Sports_Apps.svg\" alt=\"\"><span style=\"color: #555555;font-size: 14.4px\">M\u00c9S DE 25 APLICACIONS INTEGRADES AMB GPS I ESPORTS D&#8217;INTERIORS<\/span><\/div>\n<div class=\"app__feature__card\" data-translate=\"\"><img decoding=\"async\" class=\"app__feature__card__image\" src=\"https:\/\/static.garmincdn.com\/gdc\/Product_Pages\/ICONS\/Touchscreen.svg\" alt=\"\"><span style=\"color: #555555;font-size: 14.4px\">PANTALLA T\u00c0CTIL I BOTONS<\/span><\/div>\n<div class=\"app__feature__card\" data-translate=\"\"><img decoding=\"async\" class=\"app__feature__card__image\" src=\"https:\/\/static.garmincdn.com\/gdc\/Product_Pages\/ICONS\/GPS_tracking.svg\" alt=\"\"><span style=\"color: #555555;font-size: 14.4px\">GPS INTEGRAT PER AL TEMPS, LA DIST\u00c0NCIA, EL RITME I LA VELOCITAT<\/span><\/div>\n","protected":false},"excerpt":{"rendered":"<p>Ets un runner, per\u00f2 no en tinc prou nom\u00e9s de c\u00f3rrer. I justament per aix\u00f2 \u00e9s pel que necessites el Forerunner 165, el rellotge intel\u00b7ligent amb GPS espec\u00edfic per a running que t&#8217;ajuda a assolir els teus objectius amb plans d&#8217;entrenament adaptables personalitzats i una pantalla lluminosa que mostra el teu progr\u00e9s. 2 colors : [&#8230;]\n","protected":false},"featured_media":5204,"comment_status":"closed","ping_status":"closed","template":"","meta":{"_exactmetrics_skip_tracking":false,"_exactmetrics_sitenote_active":false,"_exactmetrics_sitenote_note":"","_exactmetrics_sitenote_category":0},"product_brand":[],"product_cat":[221,226],"product_tag":[],"class_list":{"0":"post-5205","1":"product","2":"type-product","3":"status-publish","4":"has-post-thumbnail","6":"product_cat-informatica-telefonia-electronica-ca","7":"product_cat-rellotges-smart","9":"first","10":"instock","11":"shipping-taxable","12":"product-type-simple"},"yoast_head":"<!-- This site is optimized with the Yoast SEO plugin v27.5 - https:\/\/yoast.com\/product\/yoast-seo-wordpress\/ -->\n<title>Smartwatch GARMIN Forerunner 165, 2 colors - Carreres Web - Botiga Foto V\u00eddeo C\u00e0meres TV Sony telef\u00f3nica telefonia.<\/title>\n<meta name=\"robots\" content=\"index, follow, max-snippet:-1, max-image-preview:large, max-video-preview:-1\" \/>\n<link rel=\"canonical\" href=\"https:\/\/carrerasweb.cat\/ca\/botiga\/informatica-telefonia-electronica-ca\/rellotges-smart\/smartwatch-garmin-forerunner-165-2-colors\/\" \/>\n<meta property=\"og:locale\" content=\"ca_ES\" \/>\n<meta property=\"og:type\" content=\"article\" \/>\n<meta property=\"og:title\" content=\"Smartwatch GARMIN Forerunner 165, 2 colors - Carreres Web - Botiga Foto V\u00eddeo C\u00e0meres TV Sony telef\u00f3nica telefonia.\" \/>\n<meta property=\"og:description\" content=\"Ets un runner, per\u00f2 no en tinc prou nom\u00e9s de c\u00f3rrer. I justament per aix\u00f2 \u00e9s pel que necessites el Forerunner 165, el rellotge intel\u00b7ligent amb GPS espec\u00edfic per a running que t&#8217;ajuda a assolir els teus objectius amb plans d&#8217;entrenament adaptables personalitzats i una pantalla lluminosa que mostra el teu progr\u00e9s. 2 colors : [...]\" \/>\n<meta property=\"og:url\" content=\"https:\/\/carrerasweb.cat\/ca\/botiga\/informatica-telefonia-electronica-ca\/rellotges-smart\/smartwatch-garmin-forerunner-165-2-colors\/\" \/>\n<meta property=\"og:site_name\" content=\"Carreres Web - Botiga Foto V\u00eddeo C\u00e0meres TV Sony telef\u00f3nica telefonia.\" \/>\n<meta property=\"article:publisher\" content=\"https:\/\/www.facebook.com\/CarrerasFotoVideo\/\" \/>\n<meta property=\"article:modified_time\" content=\"2025-10-24T09:42:38+00:00\" \/>\n<meta property=\"og:image\" content=\"https:\/\/carrerasweb.cat\/wp-content\/uploads\/2025\/10\/forerunnera.jpg\" \/>\n\t<meta property=\"og:image:width\" content=\"483\" \/>\n\t<meta property=\"og:image:height\" content=\"483\" \/>\n\t<meta property=\"og:image:type\" content=\"image\/jpeg\" \/>\n<meta name=\"twitter:card\" content=\"summary_large_image\" \/>\n<meta name=\"twitter:label1\" content=\"Temps estimat de lectura\" \/>\n\t<meta name=\"twitter:data1\" content=\"1 minut\" \/>\n<script type=\"application\/ld+json\" class=\"yoast-schema-graph\">{\"@context\":\"https:\\\/\\\/schema.org\",\"@graph\":[{\"@type\":\"WebPage\",\"@id\":\"https:\\\/\\\/carrerasweb.cat\\\/ca\\\/botiga\\\/informatica-telefonia-electronica-ca\\\/rellotges-smart\\\/smartwatch-garmin-forerunner-165-2-colors\\\/\",\"url\":\"https:\\\/\\\/carrerasweb.cat\\\/ca\\\/botiga\\\/informatica-telefonia-electronica-ca\\\/rellotges-smart\\\/smartwatch-garmin-forerunner-165-2-colors\\\/\",\"name\":\"Smartwatch GARMIN Forerunner 165, 2 colors - Carreres Web - Botiga Foto V\u00eddeo C\u00e0meres TV Sony telef\u00f3nica telefonia.\",\"isPartOf\":{\"@id\":\"https:\\\/\\\/carrerasweb.cat\\\/#website\"},\"primaryImageOfPage\":{\"@id\":\"https:\\\/\\\/carrerasweb.cat\\\/ca\\\/botiga\\\/informatica-telefonia-electronica-ca\\\/rellotges-smart\\\/smartwatch-garmin-forerunner-165-2-colors\\\/#primaryimage\"},\"image\":{\"@id\":\"https:\\\/\\\/carrerasweb.cat\\\/ca\\\/botiga\\\/informatica-telefonia-electronica-ca\\\/rellotges-smart\\\/smartwatch-garmin-forerunner-165-2-colors\\\/#primaryimage\"},\"thumbnailUrl\":\"https:\\\/\\\/carrerasweb.cat\\\/wp-content\\\/uploads\\\/2025\\\/10\\\/forerunnera.jpg\",\"datePublished\":\"2025-10-24T09:36:15+00:00\",\"dateModified\":\"2025-10-24T09:42:38+00:00\",\"breadcrumb\":{\"@id\":\"https:\\\/\\\/carrerasweb.cat\\\/ca\\\/botiga\\\/informatica-telefonia-electronica-ca\\\/rellotges-smart\\\/smartwatch-garmin-forerunner-165-2-colors\\\/#breadcrumb\"},\"inLanguage\":\"ca\",\"potentialAction\":[{\"@type\":\"ReadAction\",\"target\":[\"https:\\\/\\\/carrerasweb.cat\\\/ca\\\/botiga\\\/informatica-telefonia-electronica-ca\\\/rellotges-smart\\\/smartwatch-garmin-forerunner-165-2-colors\\\/\"]}]},{\"@type\":\"ImageObject\",\"inLanguage\":\"ca\",\"@id\":\"https:\\\/\\\/carrerasweb.cat\\\/ca\\\/botiga\\\/informatica-telefonia-electronica-ca\\\/rellotges-smart\\\/smartwatch-garmin-forerunner-165-2-colors\\\/#primaryimage\",\"url\":\"https:\\\/\\\/carrerasweb.cat\\\/wp-content\\\/uploads\\\/2025\\\/10\\\/forerunnera.jpg\",\"contentUrl\":\"https:\\\/\\\/carrerasweb.cat\\\/wp-content\\\/uploads\\\/2025\\\/10\\\/forerunnera.jpg\",\"width\":483,\"height\":483},{\"@type\":\"BreadcrumbList\",\"@id\":\"https:\\\/\\\/carrerasweb.cat\\\/ca\\\/botiga\\\/informatica-telefonia-electronica-ca\\\/rellotges-smart\\\/smartwatch-garmin-forerunner-165-2-colors\\\/#breadcrumb\",\"itemListElement\":[{\"@type\":\"ListItem\",\"position\":1,\"name\":\"Portada\",\"item\":\"https:\\\/\\\/carrerasweb.cat\\\/ca\\\/inici\\\/\"},{\"@type\":\"ListItem\",\"position\":2,\"name\":\"Productes\",\"item\":\"https:\\\/\\\/carrerasweb.cat\\\/ca\\\/productes\\\/\"},{\"@type\":\"ListItem\",\"position\":3,\"name\":\"Smartwatch GARMIN Forerunner 165, 2 colors\"}]},{\"@type\":\"WebSite\",\"@id\":\"https:\\\/\\\/carrerasweb.cat\\\/#website\",\"url\":\"https:\\\/\\\/carrerasweb.cat\\\/\",\"name\":\"Carreras Web - Tienda Foto V\u00eddeo C\u00e1maras TV Sony Telef\u00f3nica Telefon\u00eda.\",\"description\":\"Distribuidor oficial a Figueres de Sony, la marca l\u00edder en audio, v\u00eddeo, fotografia, c\u00e0meres i accessoris, inform\u00e0tica, telef\u00f2nica, marcs i \u00e0lbums foto.\",\"publisher\":{\"@id\":\"https:\\\/\\\/carrerasweb.cat\\\/#organization\"},\"potentialAction\":[{\"@type\":\"SearchAction\",\"target\":{\"@type\":\"EntryPoint\",\"urlTemplate\":\"https:\\\/\\\/carrerasweb.cat\\\/?s={search_term_string}\"},\"query-input\":{\"@type\":\"PropertyValueSpecification\",\"valueRequired\":true,\"valueName\":\"search_term_string\"}}],\"inLanguage\":\"ca\"},{\"@type\":\"Organization\",\"@id\":\"https:\\\/\\\/carrerasweb.cat\\\/#organization\",\"name\":\"CARRERAS FOTO VIDEO\",\"url\":\"https:\\\/\\\/carrerasweb.cat\\\/\",\"logo\":{\"@type\":\"ImageObject\",\"inLanguage\":\"ca\",\"@id\":\"https:\\\/\\\/carrerasweb.cat\\\/#\\\/schema\\\/logo\\\/image\\\/\",\"url\":\"https:\\\/\\\/carrerasweb.cat\\\/wp-content\\\/uploads\\\/2021\\\/03\\\/logo.png\",\"contentUrl\":\"https:\\\/\\\/carrerasweb.cat\\\/wp-content\\\/uploads\\\/2021\\\/03\\\/logo.png\",\"width\":276,\"height\":100,\"caption\":\"CARRERAS FOTO VIDEO\"},\"image\":{\"@id\":\"https:\\\/\\\/carrerasweb.cat\\\/#\\\/schema\\\/logo\\\/image\\\/\"},\"sameAs\":[\"https:\\\/\\\/www.facebook.com\\\/CarrerasFotoVideo\\\/\",\"https:\\\/\\\/www.instagram.com\\\/carrerasfotovideo\\\/\"]}]}<\/script>\n<!-- \/ Yoast SEO plugin. -->","yoast_head_json":{"title":"Smartwatch GARMIN Forerunner 165, 2 colors - Carreres Web - Botiga Foto V\u00eddeo C\u00e0meres TV Sony telef\u00f3nica telefonia.","robots":{"index":"index","follow":"follow","max-snippet":"max-snippet:-1","max-image-preview":"max-image-preview:large","max-video-preview":"max-video-preview:-1"},"canonical":"https:\/\/carrerasweb.cat\/ca\/botiga\/informatica-telefonia-electronica-ca\/rellotges-smart\/smartwatch-garmin-forerunner-165-2-colors\/","og_locale":"ca_ES","og_type":"article","og_title":"Smartwatch GARMIN Forerunner 165, 2 colors - Carreres Web - Botiga Foto V\u00eddeo C\u00e0meres TV Sony telef\u00f3nica telefonia.","og_description":"Ets un runner, per\u00f2 no en tinc prou nom\u00e9s de c\u00f3rrer. I justament per aix\u00f2 \u00e9s pel que necessites el Forerunner 165, el rellotge intel\u00b7ligent amb GPS espec\u00edfic per a running que t&#8217;ajuda a assolir els teus objectius amb plans d&#8217;entrenament adaptables personalitzats i una pantalla lluminosa que mostra el teu progr\u00e9s. 2 colors : [...]","og_url":"https:\/\/carrerasweb.cat\/ca\/botiga\/informatica-telefonia-electronica-ca\/rellotges-smart\/smartwatch-garmin-forerunner-165-2-colors\/","og_site_name":"Carreres Web - Botiga Foto V\u00eddeo C\u00e0meres TV Sony telef\u00f3nica telefonia.","article_publisher":"https:\/\/www.facebook.com\/CarrerasFotoVideo\/","article_modified_time":"2025-10-24T09:42:38+00:00","og_image":[{"width":483,"height":483,"url":"https:\/\/carrerasweb.cat\/wp-content\/uploads\/2025\/10\/forerunnera.jpg","type":"image\/jpeg"}],"twitter_card":"summary_large_image","twitter_misc":{"Temps estimat de lectura":"1 minut"},"schema":{"@context":"https:\/\/schema.org","@graph":[{"@type":"WebPage","@id":"https:\/\/carrerasweb.cat\/ca\/botiga\/informatica-telefonia-electronica-ca\/rellotges-smart\/smartwatch-garmin-forerunner-165-2-colors\/","url":"https:\/\/carrerasweb.cat\/ca\/botiga\/informatica-telefonia-electronica-ca\/rellotges-smart\/smartwatch-garmin-forerunner-165-2-colors\/","name":"Smartwatch GARMIN Forerunner 165, 2 colors - Carreres Web - Botiga Foto V\u00eddeo C\u00e0meres TV Sony telef\u00f3nica telefonia.","isPartOf":{"@id":"https:\/\/carrerasweb.cat\/#website"},"primaryImageOfPage":{"@id":"https:\/\/carrerasweb.cat\/ca\/botiga\/informatica-telefonia-electronica-ca\/rellotges-smart\/smartwatch-garmin-forerunner-165-2-colors\/#primaryimage"},"image":{"@id":"https:\/\/carrerasweb.cat\/ca\/botiga\/informatica-telefonia-electronica-ca\/rellotges-smart\/smartwatch-garmin-forerunner-165-2-colors\/#primaryimage"},"thumbnailUrl":"https:\/\/carrerasweb.cat\/wp-content\/uploads\/2025\/10\/forerunnera.jpg","datePublished":"2025-10-24T09:36:15+00:00","dateModified":"2025-10-24T09:42:38+00:00","breadcrumb":{"@id":"https:\/\/carrerasweb.cat\/ca\/botiga\/informatica-telefonia-electronica-ca\/rellotges-smart\/smartwatch-garmin-forerunner-165-2-colors\/#breadcrumb"},"inLanguage":"ca","potentialAction":[{"@type":"ReadAction","target":["https:\/\/carrerasweb.cat\/ca\/botiga\/informatica-telefonia-electronica-ca\/rellotges-smart\/smartwatch-garmin-forerunner-165-2-colors\/"]}]},{"@type":"ImageObject","inLanguage":"ca","@id":"https:\/\/carrerasweb.cat\/ca\/botiga\/informatica-telefonia-electronica-ca\/rellotges-smart\/smartwatch-garmin-forerunner-165-2-colors\/#primaryimage","url":"https:\/\/carrerasweb.cat\/wp-content\/uploads\/2025\/10\/forerunnera.jpg","contentUrl":"https:\/\/carrerasweb.cat\/wp-content\/uploads\/2025\/10\/forerunnera.jpg","width":483,"height":483},{"@type":"BreadcrumbList","@id":"https:\/\/carrerasweb.cat\/ca\/botiga\/informatica-telefonia-electronica-ca\/rellotges-smart\/smartwatch-garmin-forerunner-165-2-colors\/#breadcrumb","itemListElement":[{"@type":"ListItem","position":1,"name":"Portada","item":"https:\/\/carrerasweb.cat\/ca\/inici\/"},{"@type":"ListItem","position":2,"name":"Productes","item":"https:\/\/carrerasweb.cat\/ca\/productes\/"},{"@type":"ListItem","position":3,"name":"Smartwatch GARMIN Forerunner 165, 2 colors"}]},{"@type":"WebSite","@id":"https:\/\/carrerasweb.cat\/#website","url":"https:\/\/carrerasweb.cat\/","name":"Carreras Web - Tienda Foto V\u00eddeo C\u00e1maras TV Sony Telef\u00f3nica Telefon\u00eda.","description":"Distribuidor oficial a Figueres de Sony, la marca l\u00edder en audio, v\u00eddeo, fotografia, c\u00e0meres i accessoris, inform\u00e0tica, telef\u00f2nica, marcs i \u00e0lbums foto.","publisher":{"@id":"https:\/\/carrerasweb.cat\/#organization"},"potentialAction":[{"@type":"SearchAction","target":{"@type":"EntryPoint","urlTemplate":"https:\/\/carrerasweb.cat\/?s={search_term_string}"},"query-input":{"@type":"PropertyValueSpecification","valueRequired":true,"valueName":"search_term_string"}}],"inLanguage":"ca"},{"@type":"Organization","@id":"https:\/\/carrerasweb.cat\/#organization","name":"CARRERAS FOTO VIDEO","url":"https:\/\/carrerasweb.cat\/","logo":{"@type":"ImageObject","inLanguage":"ca","@id":"https:\/\/carrerasweb.cat\/#\/schema\/logo\/image\/","url":"https:\/\/carrerasweb.cat\/wp-content\/uploads\/2021\/03\/logo.png","contentUrl":"https:\/\/carrerasweb.cat\/wp-content\/uploads\/2021\/03\/logo.png","width":276,"height":100,"caption":"CARRERAS FOTO VIDEO"},"image":{"@id":"https:\/\/carrerasweb.cat\/#\/schema\/logo\/image\/"},"sameAs":["https:\/\/www.facebook.com\/CarrerasFotoVideo\/","https:\/\/www.instagram.com\/carrerasfotovideo\/"]}]}},"_links":{"self":[{"href":"https:\/\/carrerasweb.cat\/ca\/wp-json\/wp\/v2\/product\/5205","targetHints":{"allow":["GET"]}}],"collection":[{"href":"https:\/\/carrerasweb.cat\/ca\/wp-json\/wp\/v2\/product"}],"about":[{"href":"https:\/\/carrerasweb.cat\/ca\/wp-json\/wp\/v2\/types\/product"}],"replies":[{"embeddable":true,"href":"https:\/\/carrerasweb.cat\/ca\/wp-json\/wp\/v2\/comments?post=5205"}],"wp:featuredmedia":[{"embeddable":true,"href":"https:\/\/carrerasweb.cat\/ca\/wp-json\/wp\/v2\/media\/5204"}],"wp:attachment":[{"href":"https:\/\/carrerasweb.cat\/ca\/wp-json\/wp\/v2\/media?parent=5205"}],"wp:term":[{"taxonomy":"product_brand","embeddable":true,"href":"https:\/\/carrerasweb.cat\/ca\/wp-json\/wp\/v2\/product_brand?post=5205"},{"taxonomy":"product_cat","embeddable":true,"href":"https:\/\/carrerasweb.cat\/ca\/wp-json\/wp\/v2\/product_cat?post=5205"},{"taxonomy":"product_tag","embeddable":true,"href":"https:\/\/carrerasweb.cat\/ca\/wp-json\/wp\/v2\/product_tag?post=5205"}],"curies":[{"name":"wp","href":"https:\/\/api.w.org\/{rel}","templated":true}]}}