{"id":5070,"date":"2025-06-14T16:16:38","date_gmt":"2025-06-14T16:16:38","guid":{"rendered":"https:\/\/carrerasweb.cat\/tienda\/sense categoria\/tv-sony-65-bravia-9-mini-led\/"},"modified":"2025-06-14T16:19:34","modified_gmt":"2025-06-14T16:19:34","slug":"tv-sony-65-bravia-9-mini-led","status":"publish","type":"product","link":"https:\/\/carrerasweb.cat\/ca\/botiga\/audio-video-tv-ca\/televisors\/tv-sony-65-bravia-9-mini-led\/","title":{"rendered":"TV SONY 65&#8243; BRAVIA 9 MINI LED"},"content":{"rendered":"<div class=\"MuiTypography-root MuiTypography-caption css-rqnof7\">El nostre televisor ins\u00edgnia per gaudir d&#8217;una experi\u00e8ncia de cinema sublim.<\/div>\n<div class=\"MuiTypography-root MuiTypography-caption css-rqnof7\">Google TV Mini LED 4K amb XR Processor\u2122, High Peak Luminance, XR Backlight Master Drive\u2122, XR Trillumins Pro, XR Clear Image, IMAX Enhanced, Dolby Vision\u00ae, Acoustic Multi-Audio+, DTS:X\u00ae, Dolby Atmos\u00ae, funcions gaming i pres\u00e8ncia harm\u00f2nica.<\/div>\n<div class=\"MuiTypography-root MuiTypography-caption css-rqnof7\">\n<ul>\n<li>EMPORTA&#8217;T EL CINEMA A CASA: Studio Calibrated<\/li>\n<li>CONTRAST DEFINITIU: High Peak Luminance | XR Backlight Master Drive\u2122<\/li>\n<li>EL PRIMER TELEVISOR DEL M\u00d3N AMB TWEETER DE FES: Acoustic Multi-Audio+\u2122<\/li>\n<li>IMATGE IMPECABLE AMB MENYS CONSUM: Panell Eco 2<\/li>\n<li>TOT EL TEU CONTINGUT DE STREAMING EN UNA SOLA PANTALLA: Google TV\u2122<\/li>\n<li>DISSENY QUE S&#8217;INTEGRA AL SEU SAL\u00d3: Pres\u00e8ncia harm\u00f2nica<\/li>\n<li>POT\u00c8NCIA EL TEU GAMING: Perfecte per a PlayStation 5<\/li>\n<\/ul>\n<p>&#8211; TV 164 cm 4K 120 fps HDR Mini LED<br \/>\n&#8211; Alt contrast, Processador XR, Google TV<br \/>\n&#8211; Acoustic Multi-Audio+, Tweeter de feix<br \/>\n&#8211; Suport peu 4 posicions, Perfecte per PS5<br \/>\n&#8211; 144,3 x 90,8 x 34,9 cm, 32,4 kg (tv)<\/p>\n<\/div>\n","protected":false},"excerpt":{"rendered":"<p>El nostre televisor ins\u00edgnia per gaudir d&#8217;una experi\u00e8ncia de cinema sublim. Google TV Mini LED 4K amb XR Processor\u2122, High Peak Luminance, XR Backlight Master Drive\u2122, XR Trillumins Pro, XR Clear Image, IMAX Enhanced, Dolby Vision\u00ae, Acoustic Multi-Audio+, DTS:X\u00ae, Dolby Atmos\u00ae, funcions gaming i pres\u00e8ncia harm\u00f2nica. EMPORTA&#8217;T EL CINEMA A CASA: Studio Calibrated CONTRAST DEFINITIU: [&#8230;]\n","protected":false},"featured_media":5069,"comment_status":"closed","ping_status":"closed","template":"","meta":{"_exactmetrics_skip_tracking":false,"_exactmetrics_sitenote_active":false,"_exactmetrics_sitenote_note":"","_exactmetrics_sitenote_category":0},"product_brand":[],"product_cat":[159,160],"product_tag":[],"class_list":{"0":"post-5070","1":"product","2":"type-product","3":"status-publish","4":"has-post-thumbnail","6":"product_cat-audio-video-tv-ca","7":"product_cat-televisors","9":"first","10":"instock","11":"shipping-taxable","12":"product-type-simple"},"yoast_head":"<!-- This site is optimized with the Yoast SEO plugin v27.5 - https:\/\/yoast.com\/product\/yoast-seo-wordpress\/ -->\n<title>TV SONY 65&quot; BRAVIA 9 MINI LED - Carreres Web - Botiga Foto V\u00eddeo C\u00e0meres TV Sony telef\u00f3nica telefonia.<\/title>\n<meta name=\"robots\" content=\"index, follow, max-snippet:-1, max-image-preview:large, max-video-preview:-1\" \/>\n<link rel=\"canonical\" href=\"https:\/\/carrerasweb.cat\/ca\/botiga\/audio-video-tv-ca\/televisors\/tv-sony-65-bravia-9-mini-led\/\" \/>\n<meta property=\"og:locale\" content=\"ca_ES\" \/>\n<meta property=\"og:type\" content=\"article\" \/>\n<meta property=\"og:title\" content=\"TV SONY 65&quot; BRAVIA 9 MINI LED - Carreres Web - Botiga Foto V\u00eddeo C\u00e0meres TV Sony telef\u00f3nica telefonia.\" \/>\n<meta property=\"og:description\" content=\"El nostre televisor ins\u00edgnia per gaudir d&#8217;una experi\u00e8ncia de cinema sublim. Google TV Mini LED 4K amb XR Processor\u2122, High Peak Luminance, XR Backlight Master Drive\u2122, XR Trillumins Pro, XR Clear Image, IMAX Enhanced, Dolby Vision\u00ae, Acoustic Multi-Audio+, DTS:X\u00ae, Dolby Atmos\u00ae, funcions gaming i pres\u00e8ncia harm\u00f2nica. EMPORTA&#8217;T EL CINEMA A CASA: Studio Calibrated CONTRAST DEFINITIU: [...]\" \/>\n<meta property=\"og:url\" content=\"https:\/\/carrerasweb.cat\/ca\/botiga\/audio-video-tv-ca\/televisors\/tv-sony-65-bravia-9-mini-led\/\" \/>\n<meta property=\"og:site_name\" content=\"Carreres Web - Botiga Foto V\u00eddeo C\u00e0meres TV Sony telef\u00f3nica telefonia.\" \/>\n<meta property=\"article:publisher\" content=\"https:\/\/www.facebook.com\/CarrerasFotoVideo\/\" \/>\n<meta property=\"article:modified_time\" content=\"2025-06-14T16:19:34+00:00\" \/>\n<meta property=\"og:image\" content=\"https:\/\/carrerasweb.cat\/wp-content\/uploads\/2025\/06\/K65XR90PAEPa.jpg\" \/>\n\t<meta property=\"og:image:width\" content=\"387\" \/>\n\t<meta property=\"og:image:height\" content=\"387\" \/>\n\t<meta property=\"og:image:type\" content=\"image\/jpeg\" \/>\n<meta name=\"twitter:card\" content=\"summary_large_image\" \/>\n<meta name=\"twitter:label1\" content=\"Temps estimat de lectura\" \/>\n\t<meta name=\"twitter:data1\" content=\"1 minut\" \/>\n<script type=\"application\/ld+json\" class=\"yoast-schema-graph\">{\"@context\":\"https:\\\/\\\/schema.org\",\"@graph\":[{\"@type\":\"WebPage\",\"@id\":\"https:\\\/\\\/carrerasweb.cat\\\/ca\\\/botiga\\\/audio-video-tv-ca\\\/televisors\\\/tv-sony-65-bravia-9-mini-led\\\/\",\"url\":\"https:\\\/\\\/carrerasweb.cat\\\/ca\\\/botiga\\\/audio-video-tv-ca\\\/televisors\\\/tv-sony-65-bravia-9-mini-led\\\/\",\"name\":\"TV SONY 65\\\" BRAVIA 9 MINI LED - Carreres Web - Botiga Foto V\u00eddeo C\u00e0meres TV Sony telef\u00f3nica telefonia.\",\"isPartOf\":{\"@id\":\"https:\\\/\\\/carrerasweb.cat\\\/#website\"},\"primaryImageOfPage\":{\"@id\":\"https:\\\/\\\/carrerasweb.cat\\\/ca\\\/botiga\\\/audio-video-tv-ca\\\/televisors\\\/tv-sony-65-bravia-9-mini-led\\\/#primaryimage\"},\"image\":{\"@id\":\"https:\\\/\\\/carrerasweb.cat\\\/ca\\\/botiga\\\/audio-video-tv-ca\\\/televisors\\\/tv-sony-65-bravia-9-mini-led\\\/#primaryimage\"},\"thumbnailUrl\":\"https:\\\/\\\/carrerasweb.cat\\\/wp-content\\\/uploads\\\/2025\\\/06\\\/K65XR90PAEPa.jpg\",\"datePublished\":\"2025-06-14T16:16:38+00:00\",\"dateModified\":\"2025-06-14T16:19:34+00:00\",\"breadcrumb\":{\"@id\":\"https:\\\/\\\/carrerasweb.cat\\\/ca\\\/botiga\\\/audio-video-tv-ca\\\/televisors\\\/tv-sony-65-bravia-9-mini-led\\\/#breadcrumb\"},\"inLanguage\":\"ca\",\"potentialAction\":[{\"@type\":\"ReadAction\",\"target\":[\"https:\\\/\\\/carrerasweb.cat\\\/ca\\\/botiga\\\/audio-video-tv-ca\\\/televisors\\\/tv-sony-65-bravia-9-mini-led\\\/\"]}]},{\"@type\":\"ImageObject\",\"inLanguage\":\"ca\",\"@id\":\"https:\\\/\\\/carrerasweb.cat\\\/ca\\\/botiga\\\/audio-video-tv-ca\\\/televisors\\\/tv-sony-65-bravia-9-mini-led\\\/#primaryimage\",\"url\":\"https:\\\/\\\/carrerasweb.cat\\\/wp-content\\\/uploads\\\/2025\\\/06\\\/K65XR90PAEPa.jpg\",\"contentUrl\":\"https:\\\/\\\/carrerasweb.cat\\\/wp-content\\\/uploads\\\/2025\\\/06\\\/K65XR90PAEPa.jpg\",\"width\":387,\"height\":387},{\"@type\":\"BreadcrumbList\",\"@id\":\"https:\\\/\\\/carrerasweb.cat\\\/ca\\\/botiga\\\/audio-video-tv-ca\\\/televisors\\\/tv-sony-65-bravia-9-mini-led\\\/#breadcrumb\",\"itemListElement\":[{\"@type\":\"ListItem\",\"position\":1,\"name\":\"Portada\",\"item\":\"https:\\\/\\\/carrerasweb.cat\\\/ca\\\/inici\\\/\"},{\"@type\":\"ListItem\",\"position\":2,\"name\":\"Productes\",\"item\":\"https:\\\/\\\/carrerasweb.cat\\\/ca\\\/productes\\\/\"},{\"@type\":\"ListItem\",\"position\":3,\"name\":\"TV SONY 65&#8243; BRAVIA 9 MINI LED\"}]},{\"@type\":\"WebSite\",\"@id\":\"https:\\\/\\\/carrerasweb.cat\\\/#website\",\"url\":\"https:\\\/\\\/carrerasweb.cat\\\/\",\"name\":\"Carreras Web - Tienda Foto V\u00eddeo C\u00e1maras TV Sony Telef\u00f3nica Telefon\u00eda.\",\"description\":\"Distribuidor oficial a Figueres de Sony, la marca l\u00edder en audio, v\u00eddeo, fotografia, c\u00e0meres i accessoris, inform\u00e0tica, telef\u00f2nica, marcs i \u00e0lbums foto.\",\"publisher\":{\"@id\":\"https:\\\/\\\/carrerasweb.cat\\\/#organization\"},\"potentialAction\":[{\"@type\":\"SearchAction\",\"target\":{\"@type\":\"EntryPoint\",\"urlTemplate\":\"https:\\\/\\\/carrerasweb.cat\\\/?s={search_term_string}\"},\"query-input\":{\"@type\":\"PropertyValueSpecification\",\"valueRequired\":true,\"valueName\":\"search_term_string\"}}],\"inLanguage\":\"ca\"},{\"@type\":\"Organization\",\"@id\":\"https:\\\/\\\/carrerasweb.cat\\\/#organization\",\"name\":\"CARRERAS FOTO VIDEO\",\"url\":\"https:\\\/\\\/carrerasweb.cat\\\/\",\"logo\":{\"@type\":\"ImageObject\",\"inLanguage\":\"ca\",\"@id\":\"https:\\\/\\\/carrerasweb.cat\\\/#\\\/schema\\\/logo\\\/image\\\/\",\"url\":\"https:\\\/\\\/carrerasweb.cat\\\/wp-content\\\/uploads\\\/2021\\\/03\\\/logo.png\",\"contentUrl\":\"https:\\\/\\\/carrerasweb.cat\\\/wp-content\\\/uploads\\\/2021\\\/03\\\/logo.png\",\"width\":276,\"height\":100,\"caption\":\"CARRERAS FOTO VIDEO\"},\"image\":{\"@id\":\"https:\\\/\\\/carrerasweb.cat\\\/#\\\/schema\\\/logo\\\/image\\\/\"},\"sameAs\":[\"https:\\\/\\\/www.facebook.com\\\/CarrerasFotoVideo\\\/\",\"https:\\\/\\\/www.instagram.com\\\/carrerasfotovideo\\\/\"]}]}<\/script>\n<!-- \/ Yoast SEO plugin. -->","yoast_head_json":{"title":"TV SONY 65\" BRAVIA 9 MINI LED - Carreres Web - Botiga Foto V\u00eddeo C\u00e0meres TV Sony telef\u00f3nica telefonia.","robots":{"index":"index","follow":"follow","max-snippet":"max-snippet:-1","max-image-preview":"max-image-preview:large","max-video-preview":"max-video-preview:-1"},"canonical":"https:\/\/carrerasweb.cat\/ca\/botiga\/audio-video-tv-ca\/televisors\/tv-sony-65-bravia-9-mini-led\/","og_locale":"ca_ES","og_type":"article","og_title":"TV SONY 65\" BRAVIA 9 MINI LED - Carreres Web - Botiga Foto V\u00eddeo C\u00e0meres TV Sony telef\u00f3nica telefonia.","og_description":"El nostre televisor ins\u00edgnia per gaudir d&#8217;una experi\u00e8ncia de cinema sublim. Google TV Mini LED 4K amb XR Processor\u2122, High Peak Luminance, XR Backlight Master Drive\u2122, XR Trillumins Pro, XR Clear Image, IMAX Enhanced, Dolby Vision\u00ae, Acoustic Multi-Audio+, DTS:X\u00ae, Dolby Atmos\u00ae, funcions gaming i pres\u00e8ncia harm\u00f2nica. EMPORTA&#8217;T EL CINEMA A CASA: Studio Calibrated CONTRAST DEFINITIU: [...]","og_url":"https:\/\/carrerasweb.cat\/ca\/botiga\/audio-video-tv-ca\/televisors\/tv-sony-65-bravia-9-mini-led\/","og_site_name":"Carreres Web - Botiga Foto V\u00eddeo C\u00e0meres TV Sony telef\u00f3nica telefonia.","article_publisher":"https:\/\/www.facebook.com\/CarrerasFotoVideo\/","article_modified_time":"2025-06-14T16:19:34+00:00","og_image":[{"width":387,"height":387,"url":"https:\/\/carrerasweb.cat\/wp-content\/uploads\/2025\/06\/K65XR90PAEPa.jpg","type":"image\/jpeg"}],"twitter_card":"summary_large_image","twitter_misc":{"Temps estimat de lectura":"1 minut"},"schema":{"@context":"https:\/\/schema.org","@graph":[{"@type":"WebPage","@id":"https:\/\/carrerasweb.cat\/ca\/botiga\/audio-video-tv-ca\/televisors\/tv-sony-65-bravia-9-mini-led\/","url":"https:\/\/carrerasweb.cat\/ca\/botiga\/audio-video-tv-ca\/televisors\/tv-sony-65-bravia-9-mini-led\/","name":"TV SONY 65\" BRAVIA 9 MINI LED - Carreres Web - Botiga Foto V\u00eddeo C\u00e0meres TV Sony telef\u00f3nica telefonia.","isPartOf":{"@id":"https:\/\/carrerasweb.cat\/#website"},"primaryImageOfPage":{"@id":"https:\/\/carrerasweb.cat\/ca\/botiga\/audio-video-tv-ca\/televisors\/tv-sony-65-bravia-9-mini-led\/#primaryimage"},"image":{"@id":"https:\/\/carrerasweb.cat\/ca\/botiga\/audio-video-tv-ca\/televisors\/tv-sony-65-bravia-9-mini-led\/#primaryimage"},"thumbnailUrl":"https:\/\/carrerasweb.cat\/wp-content\/uploads\/2025\/06\/K65XR90PAEPa.jpg","datePublished":"2025-06-14T16:16:38+00:00","dateModified":"2025-06-14T16:19:34+00:00","breadcrumb":{"@id":"https:\/\/carrerasweb.cat\/ca\/botiga\/audio-video-tv-ca\/televisors\/tv-sony-65-bravia-9-mini-led\/#breadcrumb"},"inLanguage":"ca","potentialAction":[{"@type":"ReadAction","target":["https:\/\/carrerasweb.cat\/ca\/botiga\/audio-video-tv-ca\/televisors\/tv-sony-65-bravia-9-mini-led\/"]}]},{"@type":"ImageObject","inLanguage":"ca","@id":"https:\/\/carrerasweb.cat\/ca\/botiga\/audio-video-tv-ca\/televisors\/tv-sony-65-bravia-9-mini-led\/#primaryimage","url":"https:\/\/carrerasweb.cat\/wp-content\/uploads\/2025\/06\/K65XR90PAEPa.jpg","contentUrl":"https:\/\/carrerasweb.cat\/wp-content\/uploads\/2025\/06\/K65XR90PAEPa.jpg","width":387,"height":387},{"@type":"BreadcrumbList","@id":"https:\/\/carrerasweb.cat\/ca\/botiga\/audio-video-tv-ca\/televisors\/tv-sony-65-bravia-9-mini-led\/#breadcrumb","itemListElement":[{"@type":"ListItem","position":1,"name":"Portada","item":"https:\/\/carrerasweb.cat\/ca\/inici\/"},{"@type":"ListItem","position":2,"name":"Productes","item":"https:\/\/carrerasweb.cat\/ca\/productes\/"},{"@type":"ListItem","position":3,"name":"TV SONY 65&#8243; BRAVIA 9 MINI LED"}]},{"@type":"WebSite","@id":"https:\/\/carrerasweb.cat\/#website","url":"https:\/\/carrerasweb.cat\/","name":"Carreras Web - Tienda Foto V\u00eddeo C\u00e1maras TV Sony Telef\u00f3nica Telefon\u00eda.","description":"Distribuidor oficial a Figueres de Sony, la marca l\u00edder en audio, v\u00eddeo, fotografia, c\u00e0meres i accessoris, inform\u00e0tica, telef\u00f2nica, marcs i \u00e0lbums foto.","publisher":{"@id":"https:\/\/carrerasweb.cat\/#organization"},"potentialAction":[{"@type":"SearchAction","target":{"@type":"EntryPoint","urlTemplate":"https:\/\/carrerasweb.cat\/?s={search_term_string}"},"query-input":{"@type":"PropertyValueSpecification","valueRequired":true,"valueName":"search_term_string"}}],"inLanguage":"ca"},{"@type":"Organization","@id":"https:\/\/carrerasweb.cat\/#organization","name":"CARRERAS FOTO VIDEO","url":"https:\/\/carrerasweb.cat\/","logo":{"@type":"ImageObject","inLanguage":"ca","@id":"https:\/\/carrerasweb.cat\/#\/schema\/logo\/image\/","url":"https:\/\/carrerasweb.cat\/wp-content\/uploads\/2021\/03\/logo.png","contentUrl":"https:\/\/carrerasweb.cat\/wp-content\/uploads\/2021\/03\/logo.png","width":276,"height":100,"caption":"CARRERAS FOTO VIDEO"},"image":{"@id":"https:\/\/carrerasweb.cat\/#\/schema\/logo\/image\/"},"sameAs":["https:\/\/www.facebook.com\/CarrerasFotoVideo\/","https:\/\/www.instagram.com\/carrerasfotovideo\/"]}]}},"_links":{"self":[{"href":"https:\/\/carrerasweb.cat\/ca\/wp-json\/wp\/v2\/product\/5070","targetHints":{"allow":["GET"]}}],"collection":[{"href":"https:\/\/carrerasweb.cat\/ca\/wp-json\/wp\/v2\/product"}],"about":[{"href":"https:\/\/carrerasweb.cat\/ca\/wp-json\/wp\/v2\/types\/product"}],"replies":[{"embeddable":true,"href":"https:\/\/carrerasweb.cat\/ca\/wp-json\/wp\/v2\/comments?post=5070"}],"wp:featuredmedia":[{"embeddable":true,"href":"https:\/\/carrerasweb.cat\/ca\/wp-json\/wp\/v2\/media\/5069"}],"wp:attachment":[{"href":"https:\/\/carrerasweb.cat\/ca\/wp-json\/wp\/v2\/media?parent=5070"}],"wp:term":[{"taxonomy":"product_brand","embeddable":true,"href":"https:\/\/carrerasweb.cat\/ca\/wp-json\/wp\/v2\/product_brand?post=5070"},{"taxonomy":"product_cat","embeddable":true,"href":"https:\/\/carrerasweb.cat\/ca\/wp-json\/wp\/v2\/product_cat?post=5070"},{"taxonomy":"product_tag","embeddable":true,"href":"https:\/\/carrerasweb.cat\/ca\/wp-json\/wp\/v2\/product_tag?post=5070"}],"curies":[{"name":"wp","href":"https:\/\/api.w.org\/{rel}","templated":true}]}}