{"id":4998,"date":"2025-04-25T10:14:46","date_gmt":"2025-04-25T10:14:46","guid":{"rendered":"https:\/\/carrerasweb.cat\/tienda\/sense%20categoria\/altaveu-sony-srs-ult900\/"},"modified":"2025-10-18T15:33:17","modified_gmt":"2025-10-18T15:33:17","slug":"altaveu-sony-srs-ult900","status":"publish","type":"product","link":"https:\/\/carrerasweb.cat\/ca\/botiga\/audio-video-tv-ca\/altaveus-sense-fil\/altaveu-sony-srs-ult900\/","title":{"rendered":"Altaveu SONY SRS-ULT900 ULT TOWER 9AC"},"content":{"rendered":"<div class=\"MuiTypography-root MuiTypography-caption css-rqnof7\">Altaveu per a festes tot en un amb un so impressionant, entrades per a m\u00fasica, karaoke i guitarra, i Refor\u00e7 de so de TV per portar l&#8217;entreteniment a casa a un altre nivell.<\/div>\n<div class=\"MuiTypography-root MuiTypography-caption css-rqnof7\">Experimenta una potent pressi\u00f3 ac\u00fastica en un altaveu per a festes. L&#8217;altaveu, que podeu despla\u00e7ar f\u00e0cilment per tota la casa, compta amb uns greus intensos i so i llums de festa de 360\u00b0.<\/div>\n<div class=\"MuiTypography-root MuiTypography-caption css-rqnof7\">\n<ul>\n<li>La pressi\u00f3 ac\u00fastica i els greus intensos creen una sensaci\u00f3 semblant a la del directe.<\/li>\n<li>Amb la nansa i les rodes pots emportar-te la festa on vulguis.<\/li>\n<li>Gaudeix cantant karaoke i tocant la guitarra, amb llums integrats que augmenten la diversi\u00f3.<\/li>\n<\/ul>\n<p>&#8211; Bot\u00f3 ULT: 2 tipus de greus excepcionals<br \/>\n&#8211; So i llums din\u00e0mics omnidireccionals, BT 5.2<br \/>\n&#8211; X-Balanced Speaker: menys distorsi\u00f3 i veu clara<br \/>\n&#8211; Entr. 2 micr\u00f2fons\/guitarra, USB player, Aux. In<br \/>\n&#8211; App, Conn. TV opt.,Resist. IPX4, Rodes, 28,5 kg<\/p>\n<\/div>\n","protected":false},"excerpt":{"rendered":"<p>S\u00e8rie ULT POWER SOUND | Altaveu de festa ULT TOWER 9AC<\/p>\n","protected":false},"featured_media":4997,"comment_status":"closed","ping_status":"closed","template":"","meta":{"_exactmetrics_skip_tracking":false,"_exactmetrics_sitenote_active":false,"_exactmetrics_sitenote_note":"","_exactmetrics_sitenote_category":0},"product_brand":[],"product_cat":[166,159],"product_tag":[],"class_list":{"0":"post-4998","1":"product","2":"type-product","3":"status-publish","4":"has-post-thumbnail","6":"product_cat-altaveus-sense-fil","7":"product_cat-audio-video-tv-ca","9":"first","10":"onbackorder","11":"shipping-taxable","12":"product-type-simple"},"yoast_head":"<!-- This site is optimized with the Yoast SEO plugin v27.5 - https:\/\/yoast.com\/product\/yoast-seo-wordpress\/ -->\n<title>Altaveu SONY SRS-ULT900 ULT TOWER 9AC - Carreres Web - Botiga Foto V\u00eddeo C\u00e0meres TV Sony telef\u00f3nica telefonia.<\/title>\n<meta name=\"robots\" content=\"index, follow, max-snippet:-1, max-image-preview:large, max-video-preview:-1\" \/>\n<link rel=\"canonical\" href=\"https:\/\/carrerasweb.cat\/botiga\/audio-video-tv\/altavoces-inalambricos\/altavoz-sony-srs-ult900\/\" \/>\n<meta property=\"og:locale\" content=\"ca_ES\" \/>\n<meta property=\"og:type\" content=\"article\" \/>\n<meta property=\"og:title\" content=\"Altaveu SONY SRS-ULT900 ULT TOWER 9AC - Carreres Web - Botiga Foto V\u00eddeo C\u00e0meres TV Sony telef\u00f3nica telefonia.\" \/>\n<meta property=\"og:description\" content=\"S\u00e8rie ULT POWER SOUND | Altaveu de festa ULT TOWER 9AC\" \/>\n<meta property=\"og:url\" content=\"https:\/\/carrerasweb.cat\/botiga\/audio-video-tv\/altavoces-inalambricos\/altavoz-sony-srs-ult900\/\" \/>\n<meta property=\"og:site_name\" content=\"Carreres Web - Botiga Foto V\u00eddeo C\u00e0meres TV Sony telef\u00f3nica telefonia.\" \/>\n<meta property=\"article:publisher\" content=\"https:\/\/www.facebook.com\/CarrerasFotoVideo\/\" \/>\n<meta property=\"article:modified_time\" content=\"2025-10-18T15:33:17+00:00\" \/>\n<meta property=\"og:image\" content=\"https:\/\/carrerasweb.cat\/wp-content\/uploads\/2025\/04\/SRSULT900a.jpg\" \/>\n\t<meta property=\"og:image:width\" content=\"444\" \/>\n\t<meta property=\"og:image:height\" content=\"444\" \/>\n\t<meta property=\"og:image:type\" content=\"image\/jpeg\" \/>\n<meta name=\"twitter:card\" content=\"summary_large_image\" \/>\n<meta name=\"twitter:label1\" content=\"Temps estimat de lectura\" \/>\n\t<meta name=\"twitter:data1\" content=\"1 minut\" \/>\n<script type=\"application\/ld+json\" class=\"yoast-schema-graph\">{\"@context\":\"https:\\\/\\\/schema.org\",\"@graph\":[{\"@type\":\"WebPage\",\"@id\":\"https:\\\/\\\/carrerasweb.cat\\\/botiga\\\/audio-video-tv\\\/altavoces-inalambricos\\\/altavoz-sony-srs-ult900\\\/\",\"url\":\"https:\\\/\\\/carrerasweb.cat\\\/botiga\\\/audio-video-tv\\\/altavoces-inalambricos\\\/altavoz-sony-srs-ult900\\\/\",\"name\":\"Altaveu SONY SRS-ULT900 ULT TOWER 9AC - Carreres Web - Botiga Foto V\u00eddeo C\u00e0meres TV Sony telef\u00f3nica telefonia.\",\"isPartOf\":{\"@id\":\"https:\\\/\\\/carrerasweb.cat\\\/#website\"},\"primaryImageOfPage\":{\"@id\":\"https:\\\/\\\/carrerasweb.cat\\\/botiga\\\/audio-video-tv\\\/altavoces-inalambricos\\\/altavoz-sony-srs-ult900\\\/#primaryimage\"},\"image\":{\"@id\":\"https:\\\/\\\/carrerasweb.cat\\\/botiga\\\/audio-video-tv\\\/altavoces-inalambricos\\\/altavoz-sony-srs-ult900\\\/#primaryimage\"},\"thumbnailUrl\":\"https:\\\/\\\/carrerasweb.cat\\\/wp-content\\\/uploads\\\/2025\\\/04\\\/SRSULT900a.jpg\",\"datePublished\":\"2025-04-25T10:14:46+00:00\",\"dateModified\":\"2025-10-18T15:33:17+00:00\",\"breadcrumb\":{\"@id\":\"https:\\\/\\\/carrerasweb.cat\\\/botiga\\\/audio-video-tv\\\/altavoces-inalambricos\\\/altavoz-sony-srs-ult900\\\/#breadcrumb\"},\"inLanguage\":\"ca\",\"potentialAction\":[{\"@type\":\"ReadAction\",\"target\":[\"https:\\\/\\\/carrerasweb.cat\\\/botiga\\\/audio-video-tv\\\/altavoces-inalambricos\\\/altavoz-sony-srs-ult900\\\/\"]}]},{\"@type\":\"ImageObject\",\"inLanguage\":\"ca\",\"@id\":\"https:\\\/\\\/carrerasweb.cat\\\/botiga\\\/audio-video-tv\\\/altavoces-inalambricos\\\/altavoz-sony-srs-ult900\\\/#primaryimage\",\"url\":\"https:\\\/\\\/carrerasweb.cat\\\/wp-content\\\/uploads\\\/2025\\\/04\\\/SRSULT900a.jpg\",\"contentUrl\":\"https:\\\/\\\/carrerasweb.cat\\\/wp-content\\\/uploads\\\/2025\\\/04\\\/SRSULT900a.jpg\",\"width\":444,\"height\":444},{\"@type\":\"BreadcrumbList\",\"@id\":\"https:\\\/\\\/carrerasweb.cat\\\/botiga\\\/audio-video-tv\\\/altavoces-inalambricos\\\/altavoz-sony-srs-ult900\\\/#breadcrumb\",\"itemListElement\":[{\"@type\":\"ListItem\",\"position\":1,\"name\":\"Portada\",\"item\":\"https:\\\/\\\/carrerasweb.cat\\\/ca\\\/inici\\\/\"},{\"@type\":\"ListItem\",\"position\":2,\"name\":\"Productes\",\"item\":\"https:\\\/\\\/carrerasweb.cat\\\/ca\\\/productes\\\/\"},{\"@type\":\"ListItem\",\"position\":3,\"name\":\"Altaveu SONY SRS-ULT900 ULT TOWER 9AC\"}]},{\"@type\":\"WebSite\",\"@id\":\"https:\\\/\\\/carrerasweb.cat\\\/#website\",\"url\":\"https:\\\/\\\/carrerasweb.cat\\\/\",\"name\":\"Carreras Web - Tienda Foto V\u00eddeo C\u00e1maras TV Sony Telef\u00f3nica Telefon\u00eda.\",\"description\":\"Distribuidor oficial a Figueres de Sony, la marca l\u00edder en audio, v\u00eddeo, fotografia, c\u00e0meres i accessoris, inform\u00e0tica, telef\u00f2nica, marcs i \u00e0lbums foto.\",\"publisher\":{\"@id\":\"https:\\\/\\\/carrerasweb.cat\\\/#organization\"},\"potentialAction\":[{\"@type\":\"SearchAction\",\"target\":{\"@type\":\"EntryPoint\",\"urlTemplate\":\"https:\\\/\\\/carrerasweb.cat\\\/?s={search_term_string}\"},\"query-input\":{\"@type\":\"PropertyValueSpecification\",\"valueRequired\":true,\"valueName\":\"search_term_string\"}}],\"inLanguage\":\"ca\"},{\"@type\":\"Organization\",\"@id\":\"https:\\\/\\\/carrerasweb.cat\\\/#organization\",\"name\":\"CARRERAS FOTO VIDEO\",\"url\":\"https:\\\/\\\/carrerasweb.cat\\\/\",\"logo\":{\"@type\":\"ImageObject\",\"inLanguage\":\"ca\",\"@id\":\"https:\\\/\\\/carrerasweb.cat\\\/#\\\/schema\\\/logo\\\/image\\\/\",\"url\":\"https:\\\/\\\/carrerasweb.cat\\\/wp-content\\\/uploads\\\/2021\\\/03\\\/logo.png\",\"contentUrl\":\"https:\\\/\\\/carrerasweb.cat\\\/wp-content\\\/uploads\\\/2021\\\/03\\\/logo.png\",\"width\":276,\"height\":100,\"caption\":\"CARRERAS FOTO VIDEO\"},\"image\":{\"@id\":\"https:\\\/\\\/carrerasweb.cat\\\/#\\\/schema\\\/logo\\\/image\\\/\"},\"sameAs\":[\"https:\\\/\\\/www.facebook.com\\\/CarrerasFotoVideo\\\/\",\"https:\\\/\\\/www.instagram.com\\\/carrerasfotovideo\\\/\"]}]}<\/script>\n<!-- \/ Yoast SEO plugin. -->","yoast_head_json":{"title":"Altaveu SONY SRS-ULT900 ULT TOWER 9AC - Carreres Web - Botiga Foto V\u00eddeo C\u00e0meres TV Sony telef\u00f3nica telefonia.","robots":{"index":"index","follow":"follow","max-snippet":"max-snippet:-1","max-image-preview":"max-image-preview:large","max-video-preview":"max-video-preview:-1"},"canonical":"https:\/\/carrerasweb.cat\/botiga\/audio-video-tv\/altavoces-inalambricos\/altavoz-sony-srs-ult900\/","og_locale":"ca_ES","og_type":"article","og_title":"Altaveu SONY SRS-ULT900 ULT TOWER 9AC - Carreres Web - Botiga Foto V\u00eddeo C\u00e0meres TV Sony telef\u00f3nica telefonia.","og_description":"S\u00e8rie ULT POWER SOUND | Altaveu de festa ULT TOWER 9AC","og_url":"https:\/\/carrerasweb.cat\/botiga\/audio-video-tv\/altavoces-inalambricos\/altavoz-sony-srs-ult900\/","og_site_name":"Carreres Web - Botiga Foto V\u00eddeo C\u00e0meres TV Sony telef\u00f3nica telefonia.","article_publisher":"https:\/\/www.facebook.com\/CarrerasFotoVideo\/","article_modified_time":"2025-10-18T15:33:17+00:00","og_image":[{"width":444,"height":444,"url":"https:\/\/carrerasweb.cat\/wp-content\/uploads\/2025\/04\/SRSULT900a.jpg","type":"image\/jpeg"}],"twitter_card":"summary_large_image","twitter_misc":{"Temps estimat de lectura":"1 minut"},"schema":{"@context":"https:\/\/schema.org","@graph":[{"@type":"WebPage","@id":"https:\/\/carrerasweb.cat\/botiga\/audio-video-tv\/altavoces-inalambricos\/altavoz-sony-srs-ult900\/","url":"https:\/\/carrerasweb.cat\/botiga\/audio-video-tv\/altavoces-inalambricos\/altavoz-sony-srs-ult900\/","name":"Altaveu SONY SRS-ULT900 ULT TOWER 9AC - Carreres Web - Botiga Foto V\u00eddeo C\u00e0meres TV Sony telef\u00f3nica telefonia.","isPartOf":{"@id":"https:\/\/carrerasweb.cat\/#website"},"primaryImageOfPage":{"@id":"https:\/\/carrerasweb.cat\/botiga\/audio-video-tv\/altavoces-inalambricos\/altavoz-sony-srs-ult900\/#primaryimage"},"image":{"@id":"https:\/\/carrerasweb.cat\/botiga\/audio-video-tv\/altavoces-inalambricos\/altavoz-sony-srs-ult900\/#primaryimage"},"thumbnailUrl":"https:\/\/carrerasweb.cat\/wp-content\/uploads\/2025\/04\/SRSULT900a.jpg","datePublished":"2025-04-25T10:14:46+00:00","dateModified":"2025-10-18T15:33:17+00:00","breadcrumb":{"@id":"https:\/\/carrerasweb.cat\/botiga\/audio-video-tv\/altavoces-inalambricos\/altavoz-sony-srs-ult900\/#breadcrumb"},"inLanguage":"ca","potentialAction":[{"@type":"ReadAction","target":["https:\/\/carrerasweb.cat\/botiga\/audio-video-tv\/altavoces-inalambricos\/altavoz-sony-srs-ult900\/"]}]},{"@type":"ImageObject","inLanguage":"ca","@id":"https:\/\/carrerasweb.cat\/botiga\/audio-video-tv\/altavoces-inalambricos\/altavoz-sony-srs-ult900\/#primaryimage","url":"https:\/\/carrerasweb.cat\/wp-content\/uploads\/2025\/04\/SRSULT900a.jpg","contentUrl":"https:\/\/carrerasweb.cat\/wp-content\/uploads\/2025\/04\/SRSULT900a.jpg","width":444,"height":444},{"@type":"BreadcrumbList","@id":"https:\/\/carrerasweb.cat\/botiga\/audio-video-tv\/altavoces-inalambricos\/altavoz-sony-srs-ult900\/#breadcrumb","itemListElement":[{"@type":"ListItem","position":1,"name":"Portada","item":"https:\/\/carrerasweb.cat\/ca\/inici\/"},{"@type":"ListItem","position":2,"name":"Productes","item":"https:\/\/carrerasweb.cat\/ca\/productes\/"},{"@type":"ListItem","position":3,"name":"Altaveu SONY SRS-ULT900 ULT TOWER 9AC"}]},{"@type":"WebSite","@id":"https:\/\/carrerasweb.cat\/#website","url":"https:\/\/carrerasweb.cat\/","name":"Carreras Web - Tienda Foto V\u00eddeo C\u00e1maras TV Sony Telef\u00f3nica Telefon\u00eda.","description":"Distribuidor oficial a Figueres de Sony, la marca l\u00edder en audio, v\u00eddeo, fotografia, c\u00e0meres i accessoris, inform\u00e0tica, telef\u00f2nica, marcs i \u00e0lbums foto.","publisher":{"@id":"https:\/\/carrerasweb.cat\/#organization"},"potentialAction":[{"@type":"SearchAction","target":{"@type":"EntryPoint","urlTemplate":"https:\/\/carrerasweb.cat\/?s={search_term_string}"},"query-input":{"@type":"PropertyValueSpecification","valueRequired":true,"valueName":"search_term_string"}}],"inLanguage":"ca"},{"@type":"Organization","@id":"https:\/\/carrerasweb.cat\/#organization","name":"CARRERAS FOTO VIDEO","url":"https:\/\/carrerasweb.cat\/","logo":{"@type":"ImageObject","inLanguage":"ca","@id":"https:\/\/carrerasweb.cat\/#\/schema\/logo\/image\/","url":"https:\/\/carrerasweb.cat\/wp-content\/uploads\/2021\/03\/logo.png","contentUrl":"https:\/\/carrerasweb.cat\/wp-content\/uploads\/2021\/03\/logo.png","width":276,"height":100,"caption":"CARRERAS FOTO VIDEO"},"image":{"@id":"https:\/\/carrerasweb.cat\/#\/schema\/logo\/image\/"},"sameAs":["https:\/\/www.facebook.com\/CarrerasFotoVideo\/","https:\/\/www.instagram.com\/carrerasfotovideo\/"]}]}},"_links":{"self":[{"href":"https:\/\/carrerasweb.cat\/ca\/wp-json\/wp\/v2\/product\/4998","targetHints":{"allow":["GET"]}}],"collection":[{"href":"https:\/\/carrerasweb.cat\/ca\/wp-json\/wp\/v2\/product"}],"about":[{"href":"https:\/\/carrerasweb.cat\/ca\/wp-json\/wp\/v2\/types\/product"}],"replies":[{"embeddable":true,"href":"https:\/\/carrerasweb.cat\/ca\/wp-json\/wp\/v2\/comments?post=4998"}],"wp:featuredmedia":[{"embeddable":true,"href":"https:\/\/carrerasweb.cat\/ca\/wp-json\/wp\/v2\/media\/4997"}],"wp:attachment":[{"href":"https:\/\/carrerasweb.cat\/ca\/wp-json\/wp\/v2\/media?parent=4998"}],"wp:term":[{"taxonomy":"product_brand","embeddable":true,"href":"https:\/\/carrerasweb.cat\/ca\/wp-json\/wp\/v2\/product_brand?post=4998"},{"taxonomy":"product_cat","embeddable":true,"href":"https:\/\/carrerasweb.cat\/ca\/wp-json\/wp\/v2\/product_cat?post=4998"},{"taxonomy":"product_tag","embeddable":true,"href":"https:\/\/carrerasweb.cat\/ca\/wp-json\/wp\/v2\/product_tag?post=4998"}],"curies":[{"name":"wp","href":"https:\/\/api.w.org\/{rel}","templated":true}]}}