{"id":4892,"date":"2025-02-04T19:46:19","date_gmt":"2025-02-04T19:46:19","guid":{"rendered":"https:\/\/carrerasweb.cat\/tienda\/sense%20categoria\/camara-lumix-dc-tz99-negra-o-plata\/"},"modified":"2025-10-18T17:58:14","modified_gmt":"2025-10-18T17:58:14","slug":"camara-lumix-dc-tz99-negra-o-plata","status":"publish","type":"product","link":"https:\/\/carrerasweb.cat\/ca\/botiga\/cameres-i-accessoris\/cameres-foto-compactes\/camara-lumix-dc-tz99-negra-o-plata\/","title":{"rendered":"C\u00e0mera Lumix DC-TZ99, 2 colors"},"content":{"rendered":"<p>C\u00e0mera compacta de la mida que encara es pot considerar de butxaca per\u00f2 amb altes prestacions en qualitat i possibilitats. Poseeix un objectiu Leica, marca indiscutible, automatisme integral inteligent per\u00f2 tamb\u00e9 possibilitats manuals i creatives, como fer que la imatge tingui color de foto antiga o jugar amb grans contrastos. La pantalla abatible ajuda a fer fotos de grup i personals. La connexi\u00f3 Bluetooth permet capturar les fotos amb el m\u00f2bil per enviar-les des d&#8217;on sigui. El post focus permet que una imatge sigui m\u00faltiple com per escollir quin pla o dist\u00e0ncia cal estar enfocada per\u00f2 despr\u00e9s de disparar.<\/p>\n<p>Dades t\u00e8cniques:<\/p>\n<p>\u00b7 20.3 M.Pixels, foto i video 4K<br \/>\n\u00b7 Obj. Leica zoom 30X eq.24mm a 720mm<br \/>\n\u00b7 Pantalla 3&#8243; inclinable, Bluetooth<br \/>\n\u00b7 Post focus i 30fps con 4K<br \/>\n\u00b7 Estabilitzador \u00f2ptic h\u00edbrid<br \/>\n\u00b7 Es carrega amb USB-C<\/p>\n<p>negre o plata<\/p>\n","protected":false},"excerpt":{"rendered":"<p>C\u00e0mera compacta molt port\u00e0til amb una qualitat i prestacions dif\u00edcils d&#8217;igualar en un sol aparell. Ideal per viatges, grups, esports, amb gran facilitat d&#8217;\u00fas.<\/p>\n","protected":false},"featured_media":4889,"comment_status":"closed","ping_status":"closed","template":"","meta":{"_exactmetrics_skip_tracking":false,"_exactmetrics_sitenote_active":false,"_exactmetrics_sitenote_note":"","_exactmetrics_sitenote_category":0},"product_brand":[],"product_cat":[205,197],"product_tag":[],"class_list":{"0":"post-4892","1":"product","2":"type-product","3":"status-publish","4":"has-post-thumbnail","6":"product_cat-cameres-foto-compactes","7":"product_cat-cameres-i-accessoris","9":"first","10":"instock","11":"featured","12":"shipping-taxable","13":"product-type-simple"},"yoast_head":"<!-- This site is optimized with the Yoast SEO plugin v27.5 - https:\/\/yoast.com\/product\/yoast-seo-wordpress\/ -->\n<title>C\u00e0mera Lumix DC-TZ99, 2 colors - Carreres Web - Botiga Foto V\u00eddeo C\u00e0meres TV Sony telef\u00f3nica telefonia.<\/title>\n<meta name=\"robots\" content=\"index, follow, max-snippet:-1, max-image-preview:large, max-video-preview:-1\" \/>\n<link rel=\"canonical\" href=\"https:\/\/carrerasweb.cat\/ca\/botiga\/cameres-i-accessoris\/cameres-foto-compactes\/camara-lumix-dc-tz99-negra-o-plata\/\" \/>\n<meta property=\"og:locale\" content=\"ca_ES\" \/>\n<meta property=\"og:type\" content=\"article\" \/>\n<meta property=\"og:title\" content=\"C\u00e0mera Lumix DC-TZ99, 2 colors - Carreres Web - Botiga Foto V\u00eddeo C\u00e0meres TV Sony telef\u00f3nica telefonia.\" \/>\n<meta property=\"og:description\" content=\"C\u00e0mera compacta molt port\u00e0til amb una qualitat i prestacions dif\u00edcils d&#039;igualar en un sol aparell. Ideal per viatges, grups, esports, amb gran facilitat d&#039;\u00fas.\" \/>\n<meta property=\"og:url\" content=\"https:\/\/carrerasweb.cat\/ca\/botiga\/cameres-i-accessoris\/cameres-foto-compactes\/camara-lumix-dc-tz99-negra-o-plata\/\" \/>\n<meta property=\"og:site_name\" content=\"Carreres Web - Botiga Foto V\u00eddeo C\u00e0meres TV Sony telef\u00f3nica telefonia.\" \/>\n<meta property=\"article:publisher\" content=\"https:\/\/www.facebook.com\/CarrerasFotoVideo\/\" \/>\n<meta property=\"article:modified_time\" content=\"2025-10-18T17:58:14+00:00\" \/>\n<meta property=\"og:image\" content=\"https:\/\/carrerasweb.cat\/wp-content\/uploads\/2025\/02\/TZ99-negra.jpg\" \/>\n\t<meta property=\"og:image:width\" content=\"800\" \/>\n\t<meta property=\"og:image:height\" content=\"800\" \/>\n\t<meta property=\"og:image:type\" content=\"image\/jpeg\" \/>\n<meta name=\"twitter:card\" content=\"summary_large_image\" \/>\n<meta name=\"twitter:label1\" content=\"Temps estimat de lectura\" \/>\n\t<meta name=\"twitter:data1\" content=\"1 minut\" \/>\n<script type=\"application\/ld+json\" class=\"yoast-schema-graph\">{\"@context\":\"https:\\\/\\\/schema.org\",\"@graph\":[{\"@type\":\"WebPage\",\"@id\":\"https:\\\/\\\/carrerasweb.cat\\\/ca\\\/botiga\\\/cameres-i-accessoris\\\/cameres-foto-compactes\\\/camara-lumix-dc-tz99-negra-o-plata\\\/\",\"url\":\"https:\\\/\\\/carrerasweb.cat\\\/ca\\\/botiga\\\/cameres-i-accessoris\\\/cameres-foto-compactes\\\/camara-lumix-dc-tz99-negra-o-plata\\\/\",\"name\":\"C\u00e0mera Lumix DC-TZ99, 2 colors - Carreres Web - Botiga Foto V\u00eddeo C\u00e0meres TV Sony telef\u00f3nica telefonia.\",\"isPartOf\":{\"@id\":\"https:\\\/\\\/carrerasweb.cat\\\/#website\"},\"primaryImageOfPage\":{\"@id\":\"https:\\\/\\\/carrerasweb.cat\\\/ca\\\/botiga\\\/cameres-i-accessoris\\\/cameres-foto-compactes\\\/camara-lumix-dc-tz99-negra-o-plata\\\/#primaryimage\"},\"image\":{\"@id\":\"https:\\\/\\\/carrerasweb.cat\\\/ca\\\/botiga\\\/cameres-i-accessoris\\\/cameres-foto-compactes\\\/camara-lumix-dc-tz99-negra-o-plata\\\/#primaryimage\"},\"thumbnailUrl\":\"https:\\\/\\\/carrerasweb.cat\\\/wp-content\\\/uploads\\\/2025\\\/02\\\/TZ99-negra.jpg\",\"datePublished\":\"2025-02-04T19:46:19+00:00\",\"dateModified\":\"2025-10-18T17:58:14+00:00\",\"breadcrumb\":{\"@id\":\"https:\\\/\\\/carrerasweb.cat\\\/ca\\\/botiga\\\/cameres-i-accessoris\\\/cameres-foto-compactes\\\/camara-lumix-dc-tz99-negra-o-plata\\\/#breadcrumb\"},\"inLanguage\":\"ca\",\"potentialAction\":[{\"@type\":\"ReadAction\",\"target\":[\"https:\\\/\\\/carrerasweb.cat\\\/ca\\\/botiga\\\/cameres-i-accessoris\\\/cameres-foto-compactes\\\/camara-lumix-dc-tz99-negra-o-plata\\\/\"]}]},{\"@type\":\"ImageObject\",\"inLanguage\":\"ca\",\"@id\":\"https:\\\/\\\/carrerasweb.cat\\\/ca\\\/botiga\\\/cameres-i-accessoris\\\/cameres-foto-compactes\\\/camara-lumix-dc-tz99-negra-o-plata\\\/#primaryimage\",\"url\":\"https:\\\/\\\/carrerasweb.cat\\\/wp-content\\\/uploads\\\/2025\\\/02\\\/TZ99-negra.jpg\",\"contentUrl\":\"https:\\\/\\\/carrerasweb.cat\\\/wp-content\\\/uploads\\\/2025\\\/02\\\/TZ99-negra.jpg\",\"width\":800,\"height\":800},{\"@type\":\"BreadcrumbList\",\"@id\":\"https:\\\/\\\/carrerasweb.cat\\\/ca\\\/botiga\\\/cameres-i-accessoris\\\/cameres-foto-compactes\\\/camara-lumix-dc-tz99-negra-o-plata\\\/#breadcrumb\",\"itemListElement\":[{\"@type\":\"ListItem\",\"position\":1,\"name\":\"Portada\",\"item\":\"https:\\\/\\\/carrerasweb.cat\\\/ca\\\/inici\\\/\"},{\"@type\":\"ListItem\",\"position\":2,\"name\":\"Productes\",\"item\":\"https:\\\/\\\/carrerasweb.cat\\\/ca\\\/productes\\\/\"},{\"@type\":\"ListItem\",\"position\":3,\"name\":\"C\u00e0mera Lumix DC-TZ99, 2 colors\"}]},{\"@type\":\"WebSite\",\"@id\":\"https:\\\/\\\/carrerasweb.cat\\\/#website\",\"url\":\"https:\\\/\\\/carrerasweb.cat\\\/\",\"name\":\"Carreras Web - Tienda Foto V\u00eddeo C\u00e1maras TV Sony Telef\u00f3nica Telefon\u00eda.\",\"description\":\"Distribuidor oficial a Figueres de Sony, la marca l\u00edder en audio, v\u00eddeo, fotografia, c\u00e0meres i accessoris, inform\u00e0tica, telef\u00f2nica, marcs i \u00e0lbums foto.\",\"publisher\":{\"@id\":\"https:\\\/\\\/carrerasweb.cat\\\/#organization\"},\"potentialAction\":[{\"@type\":\"SearchAction\",\"target\":{\"@type\":\"EntryPoint\",\"urlTemplate\":\"https:\\\/\\\/carrerasweb.cat\\\/?s={search_term_string}\"},\"query-input\":{\"@type\":\"PropertyValueSpecification\",\"valueRequired\":true,\"valueName\":\"search_term_string\"}}],\"inLanguage\":\"ca\"},{\"@type\":\"Organization\",\"@id\":\"https:\\\/\\\/carrerasweb.cat\\\/#organization\",\"name\":\"CARRERAS FOTO VIDEO\",\"url\":\"https:\\\/\\\/carrerasweb.cat\\\/\",\"logo\":{\"@type\":\"ImageObject\",\"inLanguage\":\"ca\",\"@id\":\"https:\\\/\\\/carrerasweb.cat\\\/#\\\/schema\\\/logo\\\/image\\\/\",\"url\":\"https:\\\/\\\/carrerasweb.cat\\\/wp-content\\\/uploads\\\/2021\\\/03\\\/logo.png\",\"contentUrl\":\"https:\\\/\\\/carrerasweb.cat\\\/wp-content\\\/uploads\\\/2021\\\/03\\\/logo.png\",\"width\":276,\"height\":100,\"caption\":\"CARRERAS FOTO VIDEO\"},\"image\":{\"@id\":\"https:\\\/\\\/carrerasweb.cat\\\/#\\\/schema\\\/logo\\\/image\\\/\"},\"sameAs\":[\"https:\\\/\\\/www.facebook.com\\\/CarrerasFotoVideo\\\/\",\"https:\\\/\\\/www.instagram.com\\\/carrerasfotovideo\\\/\"]}]}<\/script>\n<!-- \/ Yoast SEO plugin. -->","yoast_head_json":{"title":"C\u00e0mera Lumix DC-TZ99, 2 colors - Carreres Web - Botiga Foto V\u00eddeo C\u00e0meres TV Sony telef\u00f3nica telefonia.","robots":{"index":"index","follow":"follow","max-snippet":"max-snippet:-1","max-image-preview":"max-image-preview:large","max-video-preview":"max-video-preview:-1"},"canonical":"https:\/\/carrerasweb.cat\/ca\/botiga\/cameres-i-accessoris\/cameres-foto-compactes\/camara-lumix-dc-tz99-negra-o-plata\/","og_locale":"ca_ES","og_type":"article","og_title":"C\u00e0mera Lumix DC-TZ99, 2 colors - Carreres Web - Botiga Foto V\u00eddeo C\u00e0meres TV Sony telef\u00f3nica telefonia.","og_description":"C\u00e0mera compacta molt port\u00e0til amb una qualitat i prestacions dif\u00edcils d'igualar en un sol aparell. Ideal per viatges, grups, esports, amb gran facilitat d'\u00fas.","og_url":"https:\/\/carrerasweb.cat\/ca\/botiga\/cameres-i-accessoris\/cameres-foto-compactes\/camara-lumix-dc-tz99-negra-o-plata\/","og_site_name":"Carreres Web - Botiga Foto V\u00eddeo C\u00e0meres TV Sony telef\u00f3nica telefonia.","article_publisher":"https:\/\/www.facebook.com\/CarrerasFotoVideo\/","article_modified_time":"2025-10-18T17:58:14+00:00","og_image":[{"width":800,"height":800,"url":"https:\/\/carrerasweb.cat\/wp-content\/uploads\/2025\/02\/TZ99-negra.jpg","type":"image\/jpeg"}],"twitter_card":"summary_large_image","twitter_misc":{"Temps estimat de lectura":"1 minut"},"schema":{"@context":"https:\/\/schema.org","@graph":[{"@type":"WebPage","@id":"https:\/\/carrerasweb.cat\/ca\/botiga\/cameres-i-accessoris\/cameres-foto-compactes\/camara-lumix-dc-tz99-negra-o-plata\/","url":"https:\/\/carrerasweb.cat\/ca\/botiga\/cameres-i-accessoris\/cameres-foto-compactes\/camara-lumix-dc-tz99-negra-o-plata\/","name":"C\u00e0mera Lumix DC-TZ99, 2 colors - Carreres Web - Botiga Foto V\u00eddeo C\u00e0meres TV Sony telef\u00f3nica telefonia.","isPartOf":{"@id":"https:\/\/carrerasweb.cat\/#website"},"primaryImageOfPage":{"@id":"https:\/\/carrerasweb.cat\/ca\/botiga\/cameres-i-accessoris\/cameres-foto-compactes\/camara-lumix-dc-tz99-negra-o-plata\/#primaryimage"},"image":{"@id":"https:\/\/carrerasweb.cat\/ca\/botiga\/cameres-i-accessoris\/cameres-foto-compactes\/camara-lumix-dc-tz99-negra-o-plata\/#primaryimage"},"thumbnailUrl":"https:\/\/carrerasweb.cat\/wp-content\/uploads\/2025\/02\/TZ99-negra.jpg","datePublished":"2025-02-04T19:46:19+00:00","dateModified":"2025-10-18T17:58:14+00:00","breadcrumb":{"@id":"https:\/\/carrerasweb.cat\/ca\/botiga\/cameres-i-accessoris\/cameres-foto-compactes\/camara-lumix-dc-tz99-negra-o-plata\/#breadcrumb"},"inLanguage":"ca","potentialAction":[{"@type":"ReadAction","target":["https:\/\/carrerasweb.cat\/ca\/botiga\/cameres-i-accessoris\/cameres-foto-compactes\/camara-lumix-dc-tz99-negra-o-plata\/"]}]},{"@type":"ImageObject","inLanguage":"ca","@id":"https:\/\/carrerasweb.cat\/ca\/botiga\/cameres-i-accessoris\/cameres-foto-compactes\/camara-lumix-dc-tz99-negra-o-plata\/#primaryimage","url":"https:\/\/carrerasweb.cat\/wp-content\/uploads\/2025\/02\/TZ99-negra.jpg","contentUrl":"https:\/\/carrerasweb.cat\/wp-content\/uploads\/2025\/02\/TZ99-negra.jpg","width":800,"height":800},{"@type":"BreadcrumbList","@id":"https:\/\/carrerasweb.cat\/ca\/botiga\/cameres-i-accessoris\/cameres-foto-compactes\/camara-lumix-dc-tz99-negra-o-plata\/#breadcrumb","itemListElement":[{"@type":"ListItem","position":1,"name":"Portada","item":"https:\/\/carrerasweb.cat\/ca\/inici\/"},{"@type":"ListItem","position":2,"name":"Productes","item":"https:\/\/carrerasweb.cat\/ca\/productes\/"},{"@type":"ListItem","position":3,"name":"C\u00e0mera Lumix DC-TZ99, 2 colors"}]},{"@type":"WebSite","@id":"https:\/\/carrerasweb.cat\/#website","url":"https:\/\/carrerasweb.cat\/","name":"Carreras Web - Tienda Foto V\u00eddeo C\u00e1maras TV Sony Telef\u00f3nica Telefon\u00eda.","description":"Distribuidor oficial a Figueres de Sony, la marca l\u00edder en audio, v\u00eddeo, fotografia, c\u00e0meres i accessoris, inform\u00e0tica, telef\u00f2nica, marcs i \u00e0lbums foto.","publisher":{"@id":"https:\/\/carrerasweb.cat\/#organization"},"potentialAction":[{"@type":"SearchAction","target":{"@type":"EntryPoint","urlTemplate":"https:\/\/carrerasweb.cat\/?s={search_term_string}"},"query-input":{"@type":"PropertyValueSpecification","valueRequired":true,"valueName":"search_term_string"}}],"inLanguage":"ca"},{"@type":"Organization","@id":"https:\/\/carrerasweb.cat\/#organization","name":"CARRERAS FOTO VIDEO","url":"https:\/\/carrerasweb.cat\/","logo":{"@type":"ImageObject","inLanguage":"ca","@id":"https:\/\/carrerasweb.cat\/#\/schema\/logo\/image\/","url":"https:\/\/carrerasweb.cat\/wp-content\/uploads\/2021\/03\/logo.png","contentUrl":"https:\/\/carrerasweb.cat\/wp-content\/uploads\/2021\/03\/logo.png","width":276,"height":100,"caption":"CARRERAS FOTO VIDEO"},"image":{"@id":"https:\/\/carrerasweb.cat\/#\/schema\/logo\/image\/"},"sameAs":["https:\/\/www.facebook.com\/CarrerasFotoVideo\/","https:\/\/www.instagram.com\/carrerasfotovideo\/"]}]}},"_links":{"self":[{"href":"https:\/\/carrerasweb.cat\/ca\/wp-json\/wp\/v2\/product\/4892","targetHints":{"allow":["GET"]}}],"collection":[{"href":"https:\/\/carrerasweb.cat\/ca\/wp-json\/wp\/v2\/product"}],"about":[{"href":"https:\/\/carrerasweb.cat\/ca\/wp-json\/wp\/v2\/types\/product"}],"replies":[{"embeddable":true,"href":"https:\/\/carrerasweb.cat\/ca\/wp-json\/wp\/v2\/comments?post=4892"}],"wp:featuredmedia":[{"embeddable":true,"href":"https:\/\/carrerasweb.cat\/ca\/wp-json\/wp\/v2\/media\/4889"}],"wp:attachment":[{"href":"https:\/\/carrerasweb.cat\/ca\/wp-json\/wp\/v2\/media?parent=4892"}],"wp:term":[{"taxonomy":"product_brand","embeddable":true,"href":"https:\/\/carrerasweb.cat\/ca\/wp-json\/wp\/v2\/product_brand?post=4892"},{"taxonomy":"product_cat","embeddable":true,"href":"https:\/\/carrerasweb.cat\/ca\/wp-json\/wp\/v2\/product_cat?post=4892"},{"taxonomy":"product_tag","embeddable":true,"href":"https:\/\/carrerasweb.cat\/ca\/wp-json\/wp\/v2\/product_tag?post=4892"}],"curies":[{"name":"wp","href":"https:\/\/api.w.org\/{rel}","templated":true}]}}