{"id":4882,"date":"2025-02-04T08:44:40","date_gmt":"2025-02-04T08:44:40","guid":{"rendered":"https:\/\/carrerasweb.cat\/?post_type=product&#038;p=4882"},"modified":"2025-02-04T10:09:47","modified_gmt":"2025-02-04T10:09:47","slug":"objectiu-sony-e-24-105mm-f40-g-copia","status":"publish","type":"product","link":"https:\/\/carrerasweb.cat\/ca\/botiga\/cameres-i-accessoris\/objectius-per-a-cameres\/objectiu-sony-e-24-105mm-f40-g-copia\/","title":{"rendered":"Objectiu Sony E 70-350mm F4,5-6,3 G"},"content":{"rendered":"<h4 class=\"so-orange\">Objetiu 70-350mm F4,5-5,6 G OSS para fotmat APS-C<\/h4>\n<div class=\"product-informations\">\n<p>S\u00faper Zoom lleuger i compacte<\/p>\n<div class=\"promotion red-info\">\n<p>La G Lens d&#8217;alt rendimient ofereix una alta qualitat d&#8217;imatge constant amb una relaci\u00f3 de zoom de 5 augments fins els 350mm que constitueixen 525mm en equivalent a Full Frame als cl\u00e0ssics negatius de 35mm. Per motius a dist\u00e0ncia, esports, animals, retrat sorprenent amb gran bokeh.<\/p>\n<\/div>\n<ul class=\"features-list\">\n<li>Dades t\u00e8cniques:<\/li>\n<\/ul>\n<p>\u00b7 Muntura Sony E per a format APS-C<br \/>\n\u00b7 Equiv. 105-525mm en Full Frame<br \/>\n\u00b7 Estabilitzaci\u00f3 \u00f2ptica<br \/>\n\u00b7 Dim.: 77 x 142 mm, pes 625 g<\/p>\n<\/div>\n","protected":false},"excerpt":{"rendered":"<p>Objetiu para c\u00e0meres APS-C de Sony (Alpha 6XXX) de gran qualitat, per tele-fotos d&#8217;acci\u00f3, retrat encantador, naturalesa, animals, etc. El can\u00f3 de la teva c\u00e0mera.<\/p>\n","protected":false},"featured_media":4884,"comment_status":"closed","ping_status":"closed","template":"","meta":{"_exactmetrics_skip_tracking":false,"_exactmetrics_sitenote_active":false,"_exactmetrics_sitenote_note":"","_exactmetrics_sitenote_category":0},"product_brand":[],"product_cat":[197,217],"product_tag":[],"class_list":{"0":"post-4882","1":"product","2":"type-product","3":"status-publish","4":"has-post-thumbnail","6":"product_cat-cameres-i-accessoris","7":"product_cat-objectius-per-a-cameres","9":"first","10":"instock","11":"sale","12":"featured","13":"shipping-taxable","14":"product-type-simple"},"yoast_head":"<!-- This site is optimized with the Yoast SEO plugin v27.5 - https:\/\/yoast.com\/product\/yoast-seo-wordpress\/ -->\n<title>Objectiu Sony E 70-350mm F4,5-6,3 G - Carreres Web - Botiga Foto V\u00eddeo C\u00e0meres TV Sony telef\u00f3nica telefonia.<\/title>\n<meta name=\"robots\" content=\"index, follow, max-snippet:-1, max-image-preview:large, max-video-preview:-1\" \/>\n<link rel=\"canonical\" href=\"https:\/\/carrerasweb.cat\/botiga\/camaras-y-accesorios\/objetivos-para-camaras\/objetivo-sony-e-70-350mm-f45-63-g\/\" \/>\n<meta property=\"og:locale\" content=\"ca_ES\" \/>\n<meta property=\"og:type\" content=\"article\" \/>\n<meta property=\"og:title\" content=\"Objectiu Sony E 70-350mm F4,5-6,3 G - Carreres Web - Botiga Foto V\u00eddeo C\u00e0meres TV Sony telef\u00f3nica telefonia.\" \/>\n<meta property=\"og:description\" content=\"Objetiu para c\u00e0meres APS-C de Sony (Alpha 6XXX) de gran qualitat, per tele-fotos d&#039;acci\u00f3, retrat encantador, naturalesa, animals, etc. El can\u00f3 de la teva c\u00e0mera.\" \/>\n<meta property=\"og:url\" content=\"https:\/\/carrerasweb.cat\/botiga\/camaras-y-accesorios\/objetivos-para-camaras\/objetivo-sony-e-70-350mm-f45-63-g\/\" \/>\n<meta property=\"og:site_name\" content=\"Carreres Web - Botiga Foto V\u00eddeo C\u00e0meres TV Sony telef\u00f3nica telefonia.\" \/>\n<meta property=\"article:publisher\" content=\"https:\/\/www.facebook.com\/CarrerasFotoVideo\/\" \/>\n<meta property=\"article:modified_time\" content=\"2025-02-04T10:09:47+00:00\" \/>\n<meta property=\"og:image\" content=\"https:\/\/carrerasweb.cat\/wp-content\/uploads\/2025\/02\/SEL70350.jpg\" \/>\n\t<meta property=\"og:image:width\" content=\"795\" \/>\n\t<meta property=\"og:image:height\" content=\"795\" \/>\n\t<meta property=\"og:image:type\" content=\"image\/jpeg\" \/>\n<meta name=\"twitter:card\" content=\"summary_large_image\" \/>\n<script type=\"application\/ld+json\" class=\"yoast-schema-graph\">{\"@context\":\"https:\\\/\\\/schema.org\",\"@graph\":[{\"@type\":\"WebPage\",\"@id\":\"https:\\\/\\\/carrerasweb.cat\\\/botiga\\\/camaras-y-accesorios\\\/objetivos-para-camaras\\\/objetivo-sony-e-70-350mm-f45-63-g\\\/\",\"url\":\"https:\\\/\\\/carrerasweb.cat\\\/botiga\\\/camaras-y-accesorios\\\/objetivos-para-camaras\\\/objetivo-sony-e-70-350mm-f45-63-g\\\/\",\"name\":\"Objectiu Sony E 70-350mm F4,5-6,3 G - Carreres Web - Botiga Foto V\u00eddeo C\u00e0meres TV Sony telef\u00f3nica telefonia.\",\"isPartOf\":{\"@id\":\"https:\\\/\\\/carrerasweb.cat\\\/#website\"},\"primaryImageOfPage\":{\"@id\":\"https:\\\/\\\/carrerasweb.cat\\\/botiga\\\/camaras-y-accesorios\\\/objetivos-para-camaras\\\/objetivo-sony-e-70-350mm-f45-63-g\\\/#primaryimage\"},\"image\":{\"@id\":\"https:\\\/\\\/carrerasweb.cat\\\/botiga\\\/camaras-y-accesorios\\\/objetivos-para-camaras\\\/objetivo-sony-e-70-350mm-f45-63-g\\\/#primaryimage\"},\"thumbnailUrl\":\"https:\\\/\\\/carrerasweb.cat\\\/wp-content\\\/uploads\\\/2025\\\/02\\\/SEL70350.jpg\",\"datePublished\":\"2025-02-04T08:44:40+00:00\",\"dateModified\":\"2025-02-04T10:09:47+00:00\",\"breadcrumb\":{\"@id\":\"https:\\\/\\\/carrerasweb.cat\\\/botiga\\\/camaras-y-accesorios\\\/objetivos-para-camaras\\\/objetivo-sony-e-70-350mm-f45-63-g\\\/#breadcrumb\"},\"inLanguage\":\"ca\",\"potentialAction\":[{\"@type\":\"ReadAction\",\"target\":[\"https:\\\/\\\/carrerasweb.cat\\\/botiga\\\/camaras-y-accesorios\\\/objetivos-para-camaras\\\/objetivo-sony-e-70-350mm-f45-63-g\\\/\"]}]},{\"@type\":\"ImageObject\",\"inLanguage\":\"ca\",\"@id\":\"https:\\\/\\\/carrerasweb.cat\\\/botiga\\\/camaras-y-accesorios\\\/objetivos-para-camaras\\\/objetivo-sony-e-70-350mm-f45-63-g\\\/#primaryimage\",\"url\":\"https:\\\/\\\/carrerasweb.cat\\\/wp-content\\\/uploads\\\/2025\\\/02\\\/SEL70350.jpg\",\"contentUrl\":\"https:\\\/\\\/carrerasweb.cat\\\/wp-content\\\/uploads\\\/2025\\\/02\\\/SEL70350.jpg\",\"width\":795,\"height\":795},{\"@type\":\"BreadcrumbList\",\"@id\":\"https:\\\/\\\/carrerasweb.cat\\\/botiga\\\/camaras-y-accesorios\\\/objetivos-para-camaras\\\/objetivo-sony-e-70-350mm-f45-63-g\\\/#breadcrumb\",\"itemListElement\":[{\"@type\":\"ListItem\",\"position\":1,\"name\":\"Portada\",\"item\":\"https:\\\/\\\/carrerasweb.cat\\\/ca\\\/inici\\\/\"},{\"@type\":\"ListItem\",\"position\":2,\"name\":\"Productes\",\"item\":\"https:\\\/\\\/carrerasweb.cat\\\/ca\\\/productes\\\/\"},{\"@type\":\"ListItem\",\"position\":3,\"name\":\"Objectiu Sony E 70-350mm F4,5-6,3 G\"}]},{\"@type\":\"WebSite\",\"@id\":\"https:\\\/\\\/carrerasweb.cat\\\/#website\",\"url\":\"https:\\\/\\\/carrerasweb.cat\\\/\",\"name\":\"Carreras Web - Tienda Foto V\u00eddeo C\u00e1maras TV Sony Telef\u00f3nica Telefon\u00eda.\",\"description\":\"Distribuidor oficial a Figueres de Sony, la marca l\u00edder en audio, v\u00eddeo, fotografia, c\u00e0meres i accessoris, inform\u00e0tica, telef\u00f2nica, marcs i \u00e0lbums foto.\",\"publisher\":{\"@id\":\"https:\\\/\\\/carrerasweb.cat\\\/#organization\"},\"potentialAction\":[{\"@type\":\"SearchAction\",\"target\":{\"@type\":\"EntryPoint\",\"urlTemplate\":\"https:\\\/\\\/carrerasweb.cat\\\/?s={search_term_string}\"},\"query-input\":{\"@type\":\"PropertyValueSpecification\",\"valueRequired\":true,\"valueName\":\"search_term_string\"}}],\"inLanguage\":\"ca\"},{\"@type\":\"Organization\",\"@id\":\"https:\\\/\\\/carrerasweb.cat\\\/#organization\",\"name\":\"CARRERAS FOTO VIDEO\",\"url\":\"https:\\\/\\\/carrerasweb.cat\\\/\",\"logo\":{\"@type\":\"ImageObject\",\"inLanguage\":\"ca\",\"@id\":\"https:\\\/\\\/carrerasweb.cat\\\/#\\\/schema\\\/logo\\\/image\\\/\",\"url\":\"https:\\\/\\\/carrerasweb.cat\\\/wp-content\\\/uploads\\\/2021\\\/03\\\/logo.png\",\"contentUrl\":\"https:\\\/\\\/carrerasweb.cat\\\/wp-content\\\/uploads\\\/2021\\\/03\\\/logo.png\",\"width\":276,\"height\":100,\"caption\":\"CARRERAS FOTO VIDEO\"},\"image\":{\"@id\":\"https:\\\/\\\/carrerasweb.cat\\\/#\\\/schema\\\/logo\\\/image\\\/\"},\"sameAs\":[\"https:\\\/\\\/www.facebook.com\\\/CarrerasFotoVideo\\\/\",\"https:\\\/\\\/www.instagram.com\\\/carrerasfotovideo\\\/\"]}]}<\/script>\n<!-- \/ Yoast SEO plugin. -->","yoast_head_json":{"title":"Objectiu Sony E 70-350mm F4,5-6,3 G - Carreres Web - Botiga Foto V\u00eddeo C\u00e0meres TV Sony telef\u00f3nica telefonia.","robots":{"index":"index","follow":"follow","max-snippet":"max-snippet:-1","max-image-preview":"max-image-preview:large","max-video-preview":"max-video-preview:-1"},"canonical":"https:\/\/carrerasweb.cat\/botiga\/camaras-y-accesorios\/objetivos-para-camaras\/objetivo-sony-e-70-350mm-f45-63-g\/","og_locale":"ca_ES","og_type":"article","og_title":"Objectiu Sony E 70-350mm F4,5-6,3 G - Carreres Web - Botiga Foto V\u00eddeo C\u00e0meres TV Sony telef\u00f3nica telefonia.","og_description":"Objetiu para c\u00e0meres APS-C de Sony (Alpha 6XXX) de gran qualitat, per tele-fotos d'acci\u00f3, retrat encantador, naturalesa, animals, etc. El can\u00f3 de la teva c\u00e0mera.","og_url":"https:\/\/carrerasweb.cat\/botiga\/camaras-y-accesorios\/objetivos-para-camaras\/objetivo-sony-e-70-350mm-f45-63-g\/","og_site_name":"Carreres Web - Botiga Foto V\u00eddeo C\u00e0meres TV Sony telef\u00f3nica telefonia.","article_publisher":"https:\/\/www.facebook.com\/CarrerasFotoVideo\/","article_modified_time":"2025-02-04T10:09:47+00:00","og_image":[{"width":795,"height":795,"url":"https:\/\/carrerasweb.cat\/wp-content\/uploads\/2025\/02\/SEL70350.jpg","type":"image\/jpeg"}],"twitter_card":"summary_large_image","schema":{"@context":"https:\/\/schema.org","@graph":[{"@type":"WebPage","@id":"https:\/\/carrerasweb.cat\/botiga\/camaras-y-accesorios\/objetivos-para-camaras\/objetivo-sony-e-70-350mm-f45-63-g\/","url":"https:\/\/carrerasweb.cat\/botiga\/camaras-y-accesorios\/objetivos-para-camaras\/objetivo-sony-e-70-350mm-f45-63-g\/","name":"Objectiu Sony E 70-350mm F4,5-6,3 G - Carreres Web - Botiga Foto V\u00eddeo C\u00e0meres TV Sony telef\u00f3nica telefonia.","isPartOf":{"@id":"https:\/\/carrerasweb.cat\/#website"},"primaryImageOfPage":{"@id":"https:\/\/carrerasweb.cat\/botiga\/camaras-y-accesorios\/objetivos-para-camaras\/objetivo-sony-e-70-350mm-f45-63-g\/#primaryimage"},"image":{"@id":"https:\/\/carrerasweb.cat\/botiga\/camaras-y-accesorios\/objetivos-para-camaras\/objetivo-sony-e-70-350mm-f45-63-g\/#primaryimage"},"thumbnailUrl":"https:\/\/carrerasweb.cat\/wp-content\/uploads\/2025\/02\/SEL70350.jpg","datePublished":"2025-02-04T08:44:40+00:00","dateModified":"2025-02-04T10:09:47+00:00","breadcrumb":{"@id":"https:\/\/carrerasweb.cat\/botiga\/camaras-y-accesorios\/objetivos-para-camaras\/objetivo-sony-e-70-350mm-f45-63-g\/#breadcrumb"},"inLanguage":"ca","potentialAction":[{"@type":"ReadAction","target":["https:\/\/carrerasweb.cat\/botiga\/camaras-y-accesorios\/objetivos-para-camaras\/objetivo-sony-e-70-350mm-f45-63-g\/"]}]},{"@type":"ImageObject","inLanguage":"ca","@id":"https:\/\/carrerasweb.cat\/botiga\/camaras-y-accesorios\/objetivos-para-camaras\/objetivo-sony-e-70-350mm-f45-63-g\/#primaryimage","url":"https:\/\/carrerasweb.cat\/wp-content\/uploads\/2025\/02\/SEL70350.jpg","contentUrl":"https:\/\/carrerasweb.cat\/wp-content\/uploads\/2025\/02\/SEL70350.jpg","width":795,"height":795},{"@type":"BreadcrumbList","@id":"https:\/\/carrerasweb.cat\/botiga\/camaras-y-accesorios\/objetivos-para-camaras\/objetivo-sony-e-70-350mm-f45-63-g\/#breadcrumb","itemListElement":[{"@type":"ListItem","position":1,"name":"Portada","item":"https:\/\/carrerasweb.cat\/ca\/inici\/"},{"@type":"ListItem","position":2,"name":"Productes","item":"https:\/\/carrerasweb.cat\/ca\/productes\/"},{"@type":"ListItem","position":3,"name":"Objectiu Sony E 70-350mm F4,5-6,3 G"}]},{"@type":"WebSite","@id":"https:\/\/carrerasweb.cat\/#website","url":"https:\/\/carrerasweb.cat\/","name":"Carreras Web - Tienda Foto V\u00eddeo C\u00e1maras TV Sony Telef\u00f3nica Telefon\u00eda.","description":"Distribuidor oficial a Figueres de Sony, la marca l\u00edder en audio, v\u00eddeo, fotografia, c\u00e0meres i accessoris, inform\u00e0tica, telef\u00f2nica, marcs i \u00e0lbums foto.","publisher":{"@id":"https:\/\/carrerasweb.cat\/#organization"},"potentialAction":[{"@type":"SearchAction","target":{"@type":"EntryPoint","urlTemplate":"https:\/\/carrerasweb.cat\/?s={search_term_string}"},"query-input":{"@type":"PropertyValueSpecification","valueRequired":true,"valueName":"search_term_string"}}],"inLanguage":"ca"},{"@type":"Organization","@id":"https:\/\/carrerasweb.cat\/#organization","name":"CARRERAS FOTO VIDEO","url":"https:\/\/carrerasweb.cat\/","logo":{"@type":"ImageObject","inLanguage":"ca","@id":"https:\/\/carrerasweb.cat\/#\/schema\/logo\/image\/","url":"https:\/\/carrerasweb.cat\/wp-content\/uploads\/2021\/03\/logo.png","contentUrl":"https:\/\/carrerasweb.cat\/wp-content\/uploads\/2021\/03\/logo.png","width":276,"height":100,"caption":"CARRERAS FOTO VIDEO"},"image":{"@id":"https:\/\/carrerasweb.cat\/#\/schema\/logo\/image\/"},"sameAs":["https:\/\/www.facebook.com\/CarrerasFotoVideo\/","https:\/\/www.instagram.com\/carrerasfotovideo\/"]}]}},"_links":{"self":[{"href":"https:\/\/carrerasweb.cat\/ca\/wp-json\/wp\/v2\/product\/4882","targetHints":{"allow":["GET"]}}],"collection":[{"href":"https:\/\/carrerasweb.cat\/ca\/wp-json\/wp\/v2\/product"}],"about":[{"href":"https:\/\/carrerasweb.cat\/ca\/wp-json\/wp\/v2\/types\/product"}],"replies":[{"embeddable":true,"href":"https:\/\/carrerasweb.cat\/ca\/wp-json\/wp\/v2\/comments?post=4882"}],"wp:featuredmedia":[{"embeddable":true,"href":"https:\/\/carrerasweb.cat\/ca\/wp-json\/wp\/v2\/media\/4884"}],"wp:attachment":[{"href":"https:\/\/carrerasweb.cat\/ca\/wp-json\/wp\/v2\/media?parent=4882"}],"wp:term":[{"taxonomy":"product_brand","embeddable":true,"href":"https:\/\/carrerasweb.cat\/ca\/wp-json\/wp\/v2\/product_brand?post=4882"},{"taxonomy":"product_cat","embeddable":true,"href":"https:\/\/carrerasweb.cat\/ca\/wp-json\/wp\/v2\/product_cat?post=4882"},{"taxonomy":"product_tag","embeddable":true,"href":"https:\/\/carrerasweb.cat\/ca\/wp-json\/wp\/v2\/product_tag?post=4882"}],"curies":[{"name":"wp","href":"https:\/\/api.w.org\/{rel}","templated":true}]}}