{"id":4837,"date":"2025-01-11T20:03:25","date_gmt":"2025-01-11T20:03:25","guid":{"rendered":"https:\/\/carrerasweb.cat\/?post_type=product&#038;p=4837"},"modified":"2025-10-21T09:03:22","modified_gmt":"2025-10-21T09:03:22","slug":"sony-alpha-7-m-iii-obj-28-70mm-copia","status":"publish","type":"product","link":"https:\/\/carrerasweb.cat\/ca\/botiga\/cameres-i-accessoris\/cameres-foto-amb-canvi-doptica\/sony-alpha-7-m-iii-obj-28-70mm-copia\/","title":{"rendered":"C\u00e0mera SONY alpha 7 M3, cos"},"content":{"rendered":"<p>C\u00e0mera Sony Alpha, mirrorless (post-r\u00e8flex) amb canvi d&#8217;\u00f2ptica, visor nivell ull i pantalla m\u00f2bil, format Full Frame (aprox. 24x36mm, com les r\u00e8flex professionals), muntura Sony i adaptable a molts objectius del mercat.<\/p>\n<p>Dades t\u00e8cniques:<\/p>\n<p>&#8211; FULL FRAME 24x36mm aprox.<br \/>\n&#8211; 24.1 Mpixels, VIDEO 4K<br \/>\n&#8211; ESTABILITZADOR 5 EIXOS<br \/>\n&#8211; WIFI<\/p>\n","protected":false},"excerpt":{"rendered":"<p>Cos de c\u00e1mara format complet (Full Frame o 24x36mm)\u00a0 per a una qualitat professional.<\/p>\n","protected":false},"featured_media":4845,"comment_status":"closed","ping_status":"closed","template":"","meta":{"_exactmetrics_skip_tracking":false,"_exactmetrics_sitenote_active":false,"_exactmetrics_sitenote_note":"","_exactmetrics_sitenote_category":0},"product_brand":[],"product_cat":[206,197],"product_tag":[],"class_list":{"0":"post-4837","1":"product","2":"type-product","3":"status-publish","4":"has-post-thumbnail","6":"product_cat-cameres-foto-amb-canvi-doptica","7":"product_cat-cameres-i-accessoris","9":"first","10":"instock","11":"shipping-taxable","12":"product-type-simple"},"yoast_head":"<!-- This site is optimized with the Yoast SEO plugin v27.5 - https:\/\/yoast.com\/product\/yoast-seo-wordpress\/ -->\n<title>C\u00e0mera SONY alpha 7 M3, cos - Carreres Web - Botiga Foto V\u00eddeo C\u00e0meres TV Sony telef\u00f3nica telefonia.<\/title>\n<meta name=\"robots\" content=\"index, follow, max-snippet:-1, max-image-preview:large, max-video-preview:-1\" \/>\n<link rel=\"canonical\" href=\"https:\/\/carrerasweb.cat\/botiga\/camaras-y-accesorios\/camaras-foto-con-cambio-de-optica\/sony-alpha-7-m-iii-cuerpo\/\" \/>\n<meta property=\"og:locale\" content=\"ca_ES\" \/>\n<meta property=\"og:type\" content=\"article\" \/>\n<meta property=\"og:title\" content=\"C\u00e0mera SONY alpha 7 M3, cos - Carreres Web - Botiga Foto V\u00eddeo C\u00e0meres TV Sony telef\u00f3nica telefonia.\" \/>\n<meta property=\"og:description\" content=\"Cos de c\u00e1mara format complet (Full Frame o 24x36mm)\u00a0 per a una qualitat professional.\" \/>\n<meta property=\"og:url\" content=\"https:\/\/carrerasweb.cat\/botiga\/camaras-y-accesorios\/camaras-foto-con-cambio-de-optica\/sony-alpha-7-m-iii-cuerpo\/\" \/>\n<meta property=\"og:site_name\" content=\"Carreres Web - Botiga Foto V\u00eddeo C\u00e0meres TV Sony telef\u00f3nica telefonia.\" \/>\n<meta property=\"article:publisher\" content=\"https:\/\/www.facebook.com\/CarrerasFotoVideo\/\" \/>\n<meta property=\"article:modified_time\" content=\"2025-10-21T09:03:22+00:00\" \/>\n<meta property=\"og:image\" content=\"https:\/\/carrerasweb.cat\/wp-content\/uploads\/2025\/01\/ILCE7M3Ba.jpg\" \/>\n\t<meta property=\"og:image:width\" content=\"497\" \/>\n\t<meta property=\"og:image:height\" content=\"497\" \/>\n\t<meta property=\"og:image:type\" content=\"image\/jpeg\" \/>\n<meta name=\"twitter:card\" content=\"summary_large_image\" \/>\n<script type=\"application\/ld+json\" class=\"yoast-schema-graph\">{\"@context\":\"https:\\\/\\\/schema.org\",\"@graph\":[{\"@type\":\"WebPage\",\"@id\":\"https:\\\/\\\/carrerasweb.cat\\\/botiga\\\/camaras-y-accesorios\\\/camaras-foto-con-cambio-de-optica\\\/sony-alpha-7-m-iii-cuerpo\\\/\",\"url\":\"https:\\\/\\\/carrerasweb.cat\\\/botiga\\\/camaras-y-accesorios\\\/camaras-foto-con-cambio-de-optica\\\/sony-alpha-7-m-iii-cuerpo\\\/\",\"name\":\"C\u00e0mera SONY alpha 7 M3, cos - Carreres Web - Botiga Foto V\u00eddeo C\u00e0meres TV Sony telef\u00f3nica telefonia.\",\"isPartOf\":{\"@id\":\"https:\\\/\\\/carrerasweb.cat\\\/#website\"},\"primaryImageOfPage\":{\"@id\":\"https:\\\/\\\/carrerasweb.cat\\\/botiga\\\/camaras-y-accesorios\\\/camaras-foto-con-cambio-de-optica\\\/sony-alpha-7-m-iii-cuerpo\\\/#primaryimage\"},\"image\":{\"@id\":\"https:\\\/\\\/carrerasweb.cat\\\/botiga\\\/camaras-y-accesorios\\\/camaras-foto-con-cambio-de-optica\\\/sony-alpha-7-m-iii-cuerpo\\\/#primaryimage\"},\"thumbnailUrl\":\"https:\\\/\\\/carrerasweb.cat\\\/wp-content\\\/uploads\\\/2025\\\/01\\\/ILCE7M3Ba.jpg\",\"datePublished\":\"2025-01-11T20:03:25+00:00\",\"dateModified\":\"2025-10-21T09:03:22+00:00\",\"breadcrumb\":{\"@id\":\"https:\\\/\\\/carrerasweb.cat\\\/botiga\\\/camaras-y-accesorios\\\/camaras-foto-con-cambio-de-optica\\\/sony-alpha-7-m-iii-cuerpo\\\/#breadcrumb\"},\"inLanguage\":\"ca\",\"potentialAction\":[{\"@type\":\"ReadAction\",\"target\":[\"https:\\\/\\\/carrerasweb.cat\\\/botiga\\\/camaras-y-accesorios\\\/camaras-foto-con-cambio-de-optica\\\/sony-alpha-7-m-iii-cuerpo\\\/\"]}]},{\"@type\":\"ImageObject\",\"inLanguage\":\"ca\",\"@id\":\"https:\\\/\\\/carrerasweb.cat\\\/botiga\\\/camaras-y-accesorios\\\/camaras-foto-con-cambio-de-optica\\\/sony-alpha-7-m-iii-cuerpo\\\/#primaryimage\",\"url\":\"https:\\\/\\\/carrerasweb.cat\\\/wp-content\\\/uploads\\\/2025\\\/01\\\/ILCE7M3Ba.jpg\",\"contentUrl\":\"https:\\\/\\\/carrerasweb.cat\\\/wp-content\\\/uploads\\\/2025\\\/01\\\/ILCE7M3Ba.jpg\",\"width\":497,\"height\":497},{\"@type\":\"BreadcrumbList\",\"@id\":\"https:\\\/\\\/carrerasweb.cat\\\/botiga\\\/camaras-y-accesorios\\\/camaras-foto-con-cambio-de-optica\\\/sony-alpha-7-m-iii-cuerpo\\\/#breadcrumb\",\"itemListElement\":[{\"@type\":\"ListItem\",\"position\":1,\"name\":\"Portada\",\"item\":\"https:\\\/\\\/carrerasweb.cat\\\/ca\\\/inici\\\/\"},{\"@type\":\"ListItem\",\"position\":2,\"name\":\"Productes\",\"item\":\"https:\\\/\\\/carrerasweb.cat\\\/ca\\\/productes\\\/\"},{\"@type\":\"ListItem\",\"position\":3,\"name\":\"C\u00e0mera SONY alpha 7 M3, cos\"}]},{\"@type\":\"WebSite\",\"@id\":\"https:\\\/\\\/carrerasweb.cat\\\/#website\",\"url\":\"https:\\\/\\\/carrerasweb.cat\\\/\",\"name\":\"Carreras Web - Tienda Foto V\u00eddeo C\u00e1maras TV Sony Telef\u00f3nica Telefon\u00eda.\",\"description\":\"Distribuidor oficial a Figueres de Sony, la marca l\u00edder en audio, v\u00eddeo, fotografia, c\u00e0meres i accessoris, inform\u00e0tica, telef\u00f2nica, marcs i \u00e0lbums foto.\",\"publisher\":{\"@id\":\"https:\\\/\\\/carrerasweb.cat\\\/#organization\"},\"potentialAction\":[{\"@type\":\"SearchAction\",\"target\":{\"@type\":\"EntryPoint\",\"urlTemplate\":\"https:\\\/\\\/carrerasweb.cat\\\/?s={search_term_string}\"},\"query-input\":{\"@type\":\"PropertyValueSpecification\",\"valueRequired\":true,\"valueName\":\"search_term_string\"}}],\"inLanguage\":\"ca\"},{\"@type\":\"Organization\",\"@id\":\"https:\\\/\\\/carrerasweb.cat\\\/#organization\",\"name\":\"CARRERAS FOTO VIDEO\",\"url\":\"https:\\\/\\\/carrerasweb.cat\\\/\",\"logo\":{\"@type\":\"ImageObject\",\"inLanguage\":\"ca\",\"@id\":\"https:\\\/\\\/carrerasweb.cat\\\/#\\\/schema\\\/logo\\\/image\\\/\",\"url\":\"https:\\\/\\\/carrerasweb.cat\\\/wp-content\\\/uploads\\\/2021\\\/03\\\/logo.png\",\"contentUrl\":\"https:\\\/\\\/carrerasweb.cat\\\/wp-content\\\/uploads\\\/2021\\\/03\\\/logo.png\",\"width\":276,\"height\":100,\"caption\":\"CARRERAS FOTO VIDEO\"},\"image\":{\"@id\":\"https:\\\/\\\/carrerasweb.cat\\\/#\\\/schema\\\/logo\\\/image\\\/\"},\"sameAs\":[\"https:\\\/\\\/www.facebook.com\\\/CarrerasFotoVideo\\\/\",\"https:\\\/\\\/www.instagram.com\\\/carrerasfotovideo\\\/\"]}]}<\/script>\n<!-- \/ Yoast SEO plugin. -->","yoast_head_json":{"title":"C\u00e0mera SONY alpha 7 M3, cos - Carreres Web - Botiga Foto V\u00eddeo C\u00e0meres TV Sony telef\u00f3nica telefonia.","robots":{"index":"index","follow":"follow","max-snippet":"max-snippet:-1","max-image-preview":"max-image-preview:large","max-video-preview":"max-video-preview:-1"},"canonical":"https:\/\/carrerasweb.cat\/botiga\/camaras-y-accesorios\/camaras-foto-con-cambio-de-optica\/sony-alpha-7-m-iii-cuerpo\/","og_locale":"ca_ES","og_type":"article","og_title":"C\u00e0mera SONY alpha 7 M3, cos - Carreres Web - Botiga Foto V\u00eddeo C\u00e0meres TV Sony telef\u00f3nica telefonia.","og_description":"Cos de c\u00e1mara format complet (Full Frame o 24x36mm)\u00a0 per a una qualitat professional.","og_url":"https:\/\/carrerasweb.cat\/botiga\/camaras-y-accesorios\/camaras-foto-con-cambio-de-optica\/sony-alpha-7-m-iii-cuerpo\/","og_site_name":"Carreres Web - Botiga Foto V\u00eddeo C\u00e0meres TV Sony telef\u00f3nica telefonia.","article_publisher":"https:\/\/www.facebook.com\/CarrerasFotoVideo\/","article_modified_time":"2025-10-21T09:03:22+00:00","og_image":[{"width":497,"height":497,"url":"https:\/\/carrerasweb.cat\/wp-content\/uploads\/2025\/01\/ILCE7M3Ba.jpg","type":"image\/jpeg"}],"twitter_card":"summary_large_image","schema":{"@context":"https:\/\/schema.org","@graph":[{"@type":"WebPage","@id":"https:\/\/carrerasweb.cat\/botiga\/camaras-y-accesorios\/camaras-foto-con-cambio-de-optica\/sony-alpha-7-m-iii-cuerpo\/","url":"https:\/\/carrerasweb.cat\/botiga\/camaras-y-accesorios\/camaras-foto-con-cambio-de-optica\/sony-alpha-7-m-iii-cuerpo\/","name":"C\u00e0mera SONY alpha 7 M3, cos - Carreres Web - Botiga Foto V\u00eddeo C\u00e0meres TV Sony telef\u00f3nica telefonia.","isPartOf":{"@id":"https:\/\/carrerasweb.cat\/#website"},"primaryImageOfPage":{"@id":"https:\/\/carrerasweb.cat\/botiga\/camaras-y-accesorios\/camaras-foto-con-cambio-de-optica\/sony-alpha-7-m-iii-cuerpo\/#primaryimage"},"image":{"@id":"https:\/\/carrerasweb.cat\/botiga\/camaras-y-accesorios\/camaras-foto-con-cambio-de-optica\/sony-alpha-7-m-iii-cuerpo\/#primaryimage"},"thumbnailUrl":"https:\/\/carrerasweb.cat\/wp-content\/uploads\/2025\/01\/ILCE7M3Ba.jpg","datePublished":"2025-01-11T20:03:25+00:00","dateModified":"2025-10-21T09:03:22+00:00","breadcrumb":{"@id":"https:\/\/carrerasweb.cat\/botiga\/camaras-y-accesorios\/camaras-foto-con-cambio-de-optica\/sony-alpha-7-m-iii-cuerpo\/#breadcrumb"},"inLanguage":"ca","potentialAction":[{"@type":"ReadAction","target":["https:\/\/carrerasweb.cat\/botiga\/camaras-y-accesorios\/camaras-foto-con-cambio-de-optica\/sony-alpha-7-m-iii-cuerpo\/"]}]},{"@type":"ImageObject","inLanguage":"ca","@id":"https:\/\/carrerasweb.cat\/botiga\/camaras-y-accesorios\/camaras-foto-con-cambio-de-optica\/sony-alpha-7-m-iii-cuerpo\/#primaryimage","url":"https:\/\/carrerasweb.cat\/wp-content\/uploads\/2025\/01\/ILCE7M3Ba.jpg","contentUrl":"https:\/\/carrerasweb.cat\/wp-content\/uploads\/2025\/01\/ILCE7M3Ba.jpg","width":497,"height":497},{"@type":"BreadcrumbList","@id":"https:\/\/carrerasweb.cat\/botiga\/camaras-y-accesorios\/camaras-foto-con-cambio-de-optica\/sony-alpha-7-m-iii-cuerpo\/#breadcrumb","itemListElement":[{"@type":"ListItem","position":1,"name":"Portada","item":"https:\/\/carrerasweb.cat\/ca\/inici\/"},{"@type":"ListItem","position":2,"name":"Productes","item":"https:\/\/carrerasweb.cat\/ca\/productes\/"},{"@type":"ListItem","position":3,"name":"C\u00e0mera SONY alpha 7 M3, cos"}]},{"@type":"WebSite","@id":"https:\/\/carrerasweb.cat\/#website","url":"https:\/\/carrerasweb.cat\/","name":"Carreras Web - Tienda Foto V\u00eddeo C\u00e1maras TV Sony Telef\u00f3nica Telefon\u00eda.","description":"Distribuidor oficial a Figueres de Sony, la marca l\u00edder en audio, v\u00eddeo, fotografia, c\u00e0meres i accessoris, inform\u00e0tica, telef\u00f2nica, marcs i \u00e0lbums foto.","publisher":{"@id":"https:\/\/carrerasweb.cat\/#organization"},"potentialAction":[{"@type":"SearchAction","target":{"@type":"EntryPoint","urlTemplate":"https:\/\/carrerasweb.cat\/?s={search_term_string}"},"query-input":{"@type":"PropertyValueSpecification","valueRequired":true,"valueName":"search_term_string"}}],"inLanguage":"ca"},{"@type":"Organization","@id":"https:\/\/carrerasweb.cat\/#organization","name":"CARRERAS FOTO VIDEO","url":"https:\/\/carrerasweb.cat\/","logo":{"@type":"ImageObject","inLanguage":"ca","@id":"https:\/\/carrerasweb.cat\/#\/schema\/logo\/image\/","url":"https:\/\/carrerasweb.cat\/wp-content\/uploads\/2021\/03\/logo.png","contentUrl":"https:\/\/carrerasweb.cat\/wp-content\/uploads\/2021\/03\/logo.png","width":276,"height":100,"caption":"CARRERAS FOTO VIDEO"},"image":{"@id":"https:\/\/carrerasweb.cat\/#\/schema\/logo\/image\/"},"sameAs":["https:\/\/www.facebook.com\/CarrerasFotoVideo\/","https:\/\/www.instagram.com\/carrerasfotovideo\/"]}]}},"_links":{"self":[{"href":"https:\/\/carrerasweb.cat\/ca\/wp-json\/wp\/v2\/product\/4837","targetHints":{"allow":["GET"]}}],"collection":[{"href":"https:\/\/carrerasweb.cat\/ca\/wp-json\/wp\/v2\/product"}],"about":[{"href":"https:\/\/carrerasweb.cat\/ca\/wp-json\/wp\/v2\/types\/product"}],"replies":[{"embeddable":true,"href":"https:\/\/carrerasweb.cat\/ca\/wp-json\/wp\/v2\/comments?post=4837"}],"wp:featuredmedia":[{"embeddable":true,"href":"https:\/\/carrerasweb.cat\/ca\/wp-json\/wp\/v2\/media\/4845"}],"wp:attachment":[{"href":"https:\/\/carrerasweb.cat\/ca\/wp-json\/wp\/v2\/media?parent=4837"}],"wp:term":[{"taxonomy":"product_brand","embeddable":true,"href":"https:\/\/carrerasweb.cat\/ca\/wp-json\/wp\/v2\/product_brand?post=4837"},{"taxonomy":"product_cat","embeddable":true,"href":"https:\/\/carrerasweb.cat\/ca\/wp-json\/wp\/v2\/product_cat?post=4837"},{"taxonomy":"product_tag","embeddable":true,"href":"https:\/\/carrerasweb.cat\/ca\/wp-json\/wp\/v2\/product_tag?post=4837"}],"curies":[{"name":"wp","href":"https:\/\/api.w.org\/{rel}","templated":true}]}}