{"id":4813,"date":"2024-11-13T20:00:41","date_gmt":"2024-11-13T20:00:41","guid":{"rendered":"https:\/\/carrerasweb.cat\/?post_type=product&#038;p=4813"},"modified":"2026-04-14T15:26:16","modified_gmt":"2026-04-14T15:26:16","slug":"camera-daccio-gopro-hero-13-black","status":"publish","type":"product","link":"https:\/\/carrerasweb.cat\/ca\/botiga\/cameres-i-accessoris\/cameres-daccio\/camera-daccio-gopro-hero-13-black\/","title":{"rendered":"C\u00e0mera d&#8217;acci\u00f3 GOPRO Hero 13 Black"},"content":{"rendered":"<p>C\u00e0mera digital per a foto i v\u00eddeo de mida petita per a usar en qualsevol esport o activitat que requereixi resist\u00e8ncia a la intemp\u00e8rie. Mitjan\u00e7ant m\u00faltiples accessoris es pot adaptar a un manillar, al capdavant, pit, embarcaci\u00f3, etc. Model cim, amb v\u00eddeo 4K en velocitat s\u00faper r\u00e0pida per veure en c\u00e0mera lenta els detalls de la jugada, i un super estabilitzador que evitar\u00e0 sacsejades a la imatge. Possibilitat d&#8217;acoblar lents de cinema o foto 35mm, com zoom, etc.<\/p>\n<p>Dades t\u00e8cniques:<\/p>\n<p>\u00b7 27 MPixels foto, sensor 1\/1,9&#8243;, High Dynamic Range<br \/>\n\u00b7 Video 5.3K60,efectes nocturns, c\u00e0mera lenta 8X<br \/>\n\u00b7 Submergible 10 m, IP68 (o 60m amb carcassa opcional) Bat.1720mAh.\u00a0 Estabilitzador HyperSmooth 6.0<br \/>\n\u00b7 Opci\u00f3 acoblar lents de cinema o foto 35mm, zoom12-39mm<br \/>\n\u00b7 Control per veu<\/p>\n<p>\u00b7 Mode webcam<\/p>\n","protected":false},"excerpt":{"rendered":"<p>Captura fotos i v\u00eddeos en situacions on cap c\u00e0mera tradicional ni m\u00f2bil podria estar. Subjecta-la on tingui m\u00e9s perspectiva de l&#8217;acci\u00f3. Neu, aigua, fang &#8230; no importa, ia la rentar\u00e0s. I revisa despr\u00e9s a casa les teves aventures!<\/p>\n","protected":false},"featured_media":4906,"comment_status":"closed","ping_status":"closed","template":"","meta":{"_exactmetrics_skip_tracking":false,"_exactmetrics_sitenote_active":false,"_exactmetrics_sitenote_note":"","_exactmetrics_sitenote_category":0},"product_brand":[],"product_cat":[203,197],"product_tag":[],"class_list":{"0":"post-4813","1":"product","2":"type-product","3":"status-publish","4":"has-post-thumbnail","6":"product_cat-cameres-daccio","7":"product_cat-cameres-i-accessoris","9":"first","10":"instock","11":"shipping-taxable","12":"product-type-simple"},"yoast_head":"<!-- This site is optimized with the Yoast SEO plugin v27.5 - https:\/\/yoast.com\/product\/yoast-seo-wordpress\/ -->\n<title>C\u00e0mera d&#039;acci\u00f3 GOPRO Hero 13 Black - Carreres Web - Botiga Foto V\u00eddeo C\u00e0meres TV Sony telef\u00f3nica telefonia.<\/title>\n<meta name=\"robots\" content=\"index, follow, max-snippet:-1, max-image-preview:large, max-video-preview:-1\" \/>\n<link rel=\"canonical\" href=\"https:\/\/carrerasweb.cat\/ca\/botiga\/cameres-i-accessoris\/cameres-daccio\/camera-daccio-gopro-hero-13-black\/\" \/>\n<meta property=\"og:locale\" content=\"ca_ES\" \/>\n<meta property=\"og:type\" content=\"article\" \/>\n<meta property=\"og:title\" content=\"C\u00e0mera d&#039;acci\u00f3 GOPRO Hero 13 Black - Carreres Web - Botiga Foto V\u00eddeo C\u00e0meres TV Sony telef\u00f3nica telefonia.\" \/>\n<meta property=\"og:description\" content=\"Captura fotos i v\u00eddeos en situacions on cap c\u00e0mera tradicional ni m\u00f2bil podria estar. Subjecta-la on tingui m\u00e9s perspectiva de l&#039;acci\u00f3. Neu, aigua, fang ... no importa, ia la rentar\u00e0s. I revisa despr\u00e9s a casa les teves aventures!\" \/>\n<meta property=\"og:url\" content=\"https:\/\/carrerasweb.cat\/ca\/botiga\/cameres-i-accessoris\/cameres-daccio\/camera-daccio-gopro-hero-13-black\/\" \/>\n<meta property=\"og:site_name\" content=\"Carreres Web - Botiga Foto V\u00eddeo C\u00e0meres TV Sony telef\u00f3nica telefonia.\" \/>\n<meta property=\"article:publisher\" content=\"https:\/\/www.facebook.com\/CarrerasFotoVideo\/\" \/>\n<meta property=\"article:modified_time\" content=\"2026-04-14T15:26:16+00:00\" \/>\n<meta property=\"og:image\" content=\"https:\/\/carrerasweb.cat\/wp-content\/uploads\/2024\/11\/Gopro-H13a.jpg\" \/>\n\t<meta property=\"og:image:width\" content=\"700\" \/>\n\t<meta property=\"og:image:height\" content=\"700\" \/>\n\t<meta property=\"og:image:type\" content=\"image\/jpeg\" \/>\n<meta name=\"twitter:card\" content=\"summary_large_image\" \/>\n<meta name=\"twitter:label1\" content=\"Temps estimat de lectura\" \/>\n\t<meta name=\"twitter:data1\" content=\"1 minut\" \/>\n<script type=\"application\/ld+json\" class=\"yoast-schema-graph\">{\"@context\":\"https:\\\/\\\/schema.org\",\"@graph\":[{\"@type\":\"WebPage\",\"@id\":\"https:\\\/\\\/carrerasweb.cat\\\/ca\\\/botiga\\\/cameres-i-accessoris\\\/cameres-daccio\\\/camera-daccio-gopro-hero-13-black\\\/\",\"url\":\"https:\\\/\\\/carrerasweb.cat\\\/ca\\\/botiga\\\/cameres-i-accessoris\\\/cameres-daccio\\\/camera-daccio-gopro-hero-13-black\\\/\",\"name\":\"C\u00e0mera d'acci\u00f3 GOPRO Hero 13 Black - Carreres Web - Botiga Foto V\u00eddeo C\u00e0meres TV Sony telef\u00f3nica telefonia.\",\"isPartOf\":{\"@id\":\"https:\\\/\\\/carrerasweb.cat\\\/#website\"},\"primaryImageOfPage\":{\"@id\":\"https:\\\/\\\/carrerasweb.cat\\\/ca\\\/botiga\\\/cameres-i-accessoris\\\/cameres-daccio\\\/camera-daccio-gopro-hero-13-black\\\/#primaryimage\"},\"image\":{\"@id\":\"https:\\\/\\\/carrerasweb.cat\\\/ca\\\/botiga\\\/cameres-i-accessoris\\\/cameres-daccio\\\/camera-daccio-gopro-hero-13-black\\\/#primaryimage\"},\"thumbnailUrl\":\"https:\\\/\\\/carrerasweb.cat\\\/wp-content\\\/uploads\\\/2024\\\/11\\\/Gopro-H13a.jpg\",\"datePublished\":\"2024-11-13T20:00:41+00:00\",\"dateModified\":\"2026-04-14T15:26:16+00:00\",\"breadcrumb\":{\"@id\":\"https:\\\/\\\/carrerasweb.cat\\\/ca\\\/botiga\\\/cameres-i-accessoris\\\/cameres-daccio\\\/camera-daccio-gopro-hero-13-black\\\/#breadcrumb\"},\"inLanguage\":\"ca\",\"potentialAction\":[{\"@type\":\"ReadAction\",\"target\":[\"https:\\\/\\\/carrerasweb.cat\\\/ca\\\/botiga\\\/cameres-i-accessoris\\\/cameres-daccio\\\/camera-daccio-gopro-hero-13-black\\\/\"]}]},{\"@type\":\"ImageObject\",\"inLanguage\":\"ca\",\"@id\":\"https:\\\/\\\/carrerasweb.cat\\\/ca\\\/botiga\\\/cameres-i-accessoris\\\/cameres-daccio\\\/camera-daccio-gopro-hero-13-black\\\/#primaryimage\",\"url\":\"https:\\\/\\\/carrerasweb.cat\\\/wp-content\\\/uploads\\\/2024\\\/11\\\/Gopro-H13a.jpg\",\"contentUrl\":\"https:\\\/\\\/carrerasweb.cat\\\/wp-content\\\/uploads\\\/2024\\\/11\\\/Gopro-H13a.jpg\",\"width\":700,\"height\":700},{\"@type\":\"BreadcrumbList\",\"@id\":\"https:\\\/\\\/carrerasweb.cat\\\/ca\\\/botiga\\\/cameres-i-accessoris\\\/cameres-daccio\\\/camera-daccio-gopro-hero-13-black\\\/#breadcrumb\",\"itemListElement\":[{\"@type\":\"ListItem\",\"position\":1,\"name\":\"Portada\",\"item\":\"https:\\\/\\\/carrerasweb.cat\\\/ca\\\/inici\\\/\"},{\"@type\":\"ListItem\",\"position\":2,\"name\":\"Productes\",\"item\":\"https:\\\/\\\/carrerasweb.cat\\\/ca\\\/productes\\\/\"},{\"@type\":\"ListItem\",\"position\":3,\"name\":\"C\u00e0mera d&#8217;acci\u00f3 GOPRO Hero 13 Black\"}]},{\"@type\":\"WebSite\",\"@id\":\"https:\\\/\\\/carrerasweb.cat\\\/#website\",\"url\":\"https:\\\/\\\/carrerasweb.cat\\\/\",\"name\":\"Carreras Web - Tienda Foto V\u00eddeo C\u00e1maras TV Sony Telef\u00f3nica Telefon\u00eda.\",\"description\":\"Distribuidor oficial a Figueres de Sony, la marca l\u00edder en audio, v\u00eddeo, fotografia, c\u00e0meres i accessoris, inform\u00e0tica, telef\u00f2nica, marcs i \u00e0lbums foto.\",\"publisher\":{\"@id\":\"https:\\\/\\\/carrerasweb.cat\\\/#organization\"},\"potentialAction\":[{\"@type\":\"SearchAction\",\"target\":{\"@type\":\"EntryPoint\",\"urlTemplate\":\"https:\\\/\\\/carrerasweb.cat\\\/?s={search_term_string}\"},\"query-input\":{\"@type\":\"PropertyValueSpecification\",\"valueRequired\":true,\"valueName\":\"search_term_string\"}}],\"inLanguage\":\"ca\"},{\"@type\":\"Organization\",\"@id\":\"https:\\\/\\\/carrerasweb.cat\\\/#organization\",\"name\":\"CARRERAS FOTO VIDEO\",\"url\":\"https:\\\/\\\/carrerasweb.cat\\\/\",\"logo\":{\"@type\":\"ImageObject\",\"inLanguage\":\"ca\",\"@id\":\"https:\\\/\\\/carrerasweb.cat\\\/#\\\/schema\\\/logo\\\/image\\\/\",\"url\":\"https:\\\/\\\/carrerasweb.cat\\\/wp-content\\\/uploads\\\/2021\\\/03\\\/logo.png\",\"contentUrl\":\"https:\\\/\\\/carrerasweb.cat\\\/wp-content\\\/uploads\\\/2021\\\/03\\\/logo.png\",\"width\":276,\"height\":100,\"caption\":\"CARRERAS FOTO VIDEO\"},\"image\":{\"@id\":\"https:\\\/\\\/carrerasweb.cat\\\/#\\\/schema\\\/logo\\\/image\\\/\"},\"sameAs\":[\"https:\\\/\\\/www.facebook.com\\\/CarrerasFotoVideo\\\/\",\"https:\\\/\\\/www.instagram.com\\\/carrerasfotovideo\\\/\"]}]}<\/script>\n<!-- \/ Yoast SEO plugin. -->","yoast_head_json":{"title":"C\u00e0mera d'acci\u00f3 GOPRO Hero 13 Black - Carreres Web - Botiga Foto V\u00eddeo C\u00e0meres TV Sony telef\u00f3nica telefonia.","robots":{"index":"index","follow":"follow","max-snippet":"max-snippet:-1","max-image-preview":"max-image-preview:large","max-video-preview":"max-video-preview:-1"},"canonical":"https:\/\/carrerasweb.cat\/ca\/botiga\/cameres-i-accessoris\/cameres-daccio\/camera-daccio-gopro-hero-13-black\/","og_locale":"ca_ES","og_type":"article","og_title":"C\u00e0mera d'acci\u00f3 GOPRO Hero 13 Black - Carreres Web - Botiga Foto V\u00eddeo C\u00e0meres TV Sony telef\u00f3nica telefonia.","og_description":"Captura fotos i v\u00eddeos en situacions on cap c\u00e0mera tradicional ni m\u00f2bil podria estar. Subjecta-la on tingui m\u00e9s perspectiva de l'acci\u00f3. Neu, aigua, fang ... no importa, ia la rentar\u00e0s. I revisa despr\u00e9s a casa les teves aventures!","og_url":"https:\/\/carrerasweb.cat\/ca\/botiga\/cameres-i-accessoris\/cameres-daccio\/camera-daccio-gopro-hero-13-black\/","og_site_name":"Carreres Web - Botiga Foto V\u00eddeo C\u00e0meres TV Sony telef\u00f3nica telefonia.","article_publisher":"https:\/\/www.facebook.com\/CarrerasFotoVideo\/","article_modified_time":"2026-04-14T15:26:16+00:00","og_image":[{"width":700,"height":700,"url":"https:\/\/carrerasweb.cat\/wp-content\/uploads\/2024\/11\/Gopro-H13a.jpg","type":"image\/jpeg"}],"twitter_card":"summary_large_image","twitter_misc":{"Temps estimat de lectura":"1 minut"},"schema":{"@context":"https:\/\/schema.org","@graph":[{"@type":"WebPage","@id":"https:\/\/carrerasweb.cat\/ca\/botiga\/cameres-i-accessoris\/cameres-daccio\/camera-daccio-gopro-hero-13-black\/","url":"https:\/\/carrerasweb.cat\/ca\/botiga\/cameres-i-accessoris\/cameres-daccio\/camera-daccio-gopro-hero-13-black\/","name":"C\u00e0mera d'acci\u00f3 GOPRO Hero 13 Black - Carreres Web - Botiga Foto V\u00eddeo C\u00e0meres TV Sony telef\u00f3nica telefonia.","isPartOf":{"@id":"https:\/\/carrerasweb.cat\/#website"},"primaryImageOfPage":{"@id":"https:\/\/carrerasweb.cat\/ca\/botiga\/cameres-i-accessoris\/cameres-daccio\/camera-daccio-gopro-hero-13-black\/#primaryimage"},"image":{"@id":"https:\/\/carrerasweb.cat\/ca\/botiga\/cameres-i-accessoris\/cameres-daccio\/camera-daccio-gopro-hero-13-black\/#primaryimage"},"thumbnailUrl":"https:\/\/carrerasweb.cat\/wp-content\/uploads\/2024\/11\/Gopro-H13a.jpg","datePublished":"2024-11-13T20:00:41+00:00","dateModified":"2026-04-14T15:26:16+00:00","breadcrumb":{"@id":"https:\/\/carrerasweb.cat\/ca\/botiga\/cameres-i-accessoris\/cameres-daccio\/camera-daccio-gopro-hero-13-black\/#breadcrumb"},"inLanguage":"ca","potentialAction":[{"@type":"ReadAction","target":["https:\/\/carrerasweb.cat\/ca\/botiga\/cameres-i-accessoris\/cameres-daccio\/camera-daccio-gopro-hero-13-black\/"]}]},{"@type":"ImageObject","inLanguage":"ca","@id":"https:\/\/carrerasweb.cat\/ca\/botiga\/cameres-i-accessoris\/cameres-daccio\/camera-daccio-gopro-hero-13-black\/#primaryimage","url":"https:\/\/carrerasweb.cat\/wp-content\/uploads\/2024\/11\/Gopro-H13a.jpg","contentUrl":"https:\/\/carrerasweb.cat\/wp-content\/uploads\/2024\/11\/Gopro-H13a.jpg","width":700,"height":700},{"@type":"BreadcrumbList","@id":"https:\/\/carrerasweb.cat\/ca\/botiga\/cameres-i-accessoris\/cameres-daccio\/camera-daccio-gopro-hero-13-black\/#breadcrumb","itemListElement":[{"@type":"ListItem","position":1,"name":"Portada","item":"https:\/\/carrerasweb.cat\/ca\/inici\/"},{"@type":"ListItem","position":2,"name":"Productes","item":"https:\/\/carrerasweb.cat\/ca\/productes\/"},{"@type":"ListItem","position":3,"name":"C\u00e0mera d&#8217;acci\u00f3 GOPRO Hero 13 Black"}]},{"@type":"WebSite","@id":"https:\/\/carrerasweb.cat\/#website","url":"https:\/\/carrerasweb.cat\/","name":"Carreras Web - Tienda Foto V\u00eddeo C\u00e1maras TV Sony Telef\u00f3nica Telefon\u00eda.","description":"Distribuidor oficial a Figueres de Sony, la marca l\u00edder en audio, v\u00eddeo, fotografia, c\u00e0meres i accessoris, inform\u00e0tica, telef\u00f2nica, marcs i \u00e0lbums foto.","publisher":{"@id":"https:\/\/carrerasweb.cat\/#organization"},"potentialAction":[{"@type":"SearchAction","target":{"@type":"EntryPoint","urlTemplate":"https:\/\/carrerasweb.cat\/?s={search_term_string}"},"query-input":{"@type":"PropertyValueSpecification","valueRequired":true,"valueName":"search_term_string"}}],"inLanguage":"ca"},{"@type":"Organization","@id":"https:\/\/carrerasweb.cat\/#organization","name":"CARRERAS FOTO VIDEO","url":"https:\/\/carrerasweb.cat\/","logo":{"@type":"ImageObject","inLanguage":"ca","@id":"https:\/\/carrerasweb.cat\/#\/schema\/logo\/image\/","url":"https:\/\/carrerasweb.cat\/wp-content\/uploads\/2021\/03\/logo.png","contentUrl":"https:\/\/carrerasweb.cat\/wp-content\/uploads\/2021\/03\/logo.png","width":276,"height":100,"caption":"CARRERAS FOTO VIDEO"},"image":{"@id":"https:\/\/carrerasweb.cat\/#\/schema\/logo\/image\/"},"sameAs":["https:\/\/www.facebook.com\/CarrerasFotoVideo\/","https:\/\/www.instagram.com\/carrerasfotovideo\/"]}]}},"_links":{"self":[{"href":"https:\/\/carrerasweb.cat\/ca\/wp-json\/wp\/v2\/product\/4813","targetHints":{"allow":["GET"]}}],"collection":[{"href":"https:\/\/carrerasweb.cat\/ca\/wp-json\/wp\/v2\/product"}],"about":[{"href":"https:\/\/carrerasweb.cat\/ca\/wp-json\/wp\/v2\/types\/product"}],"replies":[{"embeddable":true,"href":"https:\/\/carrerasweb.cat\/ca\/wp-json\/wp\/v2\/comments?post=4813"}],"wp:featuredmedia":[{"embeddable":true,"href":"https:\/\/carrerasweb.cat\/ca\/wp-json\/wp\/v2\/media\/4906"}],"wp:attachment":[{"href":"https:\/\/carrerasweb.cat\/ca\/wp-json\/wp\/v2\/media?parent=4813"}],"wp:term":[{"taxonomy":"product_brand","embeddable":true,"href":"https:\/\/carrerasweb.cat\/ca\/wp-json\/wp\/v2\/product_brand?post=4813"},{"taxonomy":"product_cat","embeddable":true,"href":"https:\/\/carrerasweb.cat\/ca\/wp-json\/wp\/v2\/product_cat?post=4813"},{"taxonomy":"product_tag","embeddable":true,"href":"https:\/\/carrerasweb.cat\/ca\/wp-json\/wp\/v2\/product_tag?post=4813"}],"curies":[{"name":"wp","href":"https:\/\/api.w.org\/{rel}","templated":true}]}}