{"id":4811,"date":"2024-11-13T09:16:27","date_gmt":"2024-11-13T09:16:27","guid":{"rendered":"https:\/\/carrerasweb.cat\/tienda\/sense%20categoria\/auriculars-sony-wf-g700nw-inzone-buds\/"},"modified":"2025-01-17T08:17:03","modified_gmt":"2025-01-17T08:17:03","slug":"auriculars-sony-wf-g700nw-inzone-buds","status":"publish","type":"product","link":"https:\/\/carrerasweb.cat\/ca\/botiga\/audio-video-tv-ca\/auriculars-bluetooth-i-sense-fil\/auriculars-sony-wf-g700nw-inzone-buds\/","title":{"rendered":"Auriculars SONY WF-G700NW INZONE BUDS"},"content":{"rendered":"<div class=\"MuiTypography-root MuiTypography-caption css-rqnof7\">Dissenyats de la m\u00e0 de professionals, els <strong>INZONE Buds<\/strong> ofereixen als gamers un so excepcional, m\u00e9s comoditat d&#8217;\u00fas, 12 hores de durada de la bateria i tota una gamma de funcions intel\u00b7ligents per portar la teva experi\u00e8ncia gaming al seg\u00fcent nivell. &#8220;True Wireless&#8221; i baixa lat\u00e8ncia, tot el que necessites per reaccionar al que passi en el joc. <\/div>\n<div><\/div>\n<div class=\"MuiTypography-root MuiTypography-caption css-rqnof7\">Auriculars per gaming &#8220;True Wireless&#8221; que proporcionen als gamers 360 Spatial Sound, baixa lat\u00e8ncia i tecnologia Noise Cancelling. Amb les 12 hores de durada de la bateria, un micr\u00f2fon assistit per IA i un so personalitzat segons la forma de la teva orella, els INZONE Buds et donaran la millor oportunitat per guanyar. <\/div>\n<div class=\"MuiTypography-root MuiTypography-caption css-rqnof7\">\n<ul>\n<li>360 Spatial Sound for gaming amb personalitzaci\u00f3 avan\u00e7ada<\/li>\n<li>Fins a 12 hores de gameplay gr\u00e0cies al processador L1<\/li>\n<li>&#8220;True Wireless&#8221; amb Noise Cancelling<\/li>\n<\/ul>\n<\/div>\n","protected":false},"excerpt":{"rendered":"<p>Auriculars &#8220;True Wireless&#8221; sense fil amb Noise Cancelling INZONE per gaming<\/p>\n","protected":false},"featured_media":4810,"comment_status":"closed","ping_status":"closed","template":"","meta":{"_exactmetrics_skip_tracking":false,"_exactmetrics_sitenote_active":false,"_exactmetrics_sitenote_note":"","_exactmetrics_sitenote_category":0},"product_brand":[],"product_cat":[159,169],"product_tag":[],"class_list":{"0":"post-4811","1":"product","2":"type-product","3":"status-publish","4":"has-post-thumbnail","6":"product_cat-audio-video-tv-ca","7":"product_cat-auriculars-bluetooth-i-sense-fil","9":"first","10":"instock","11":"sale","12":"shipping-taxable","13":"product-type-simple"},"yoast_head":"<!-- This site is optimized with the Yoast SEO plugin v27.5 - https:\/\/yoast.com\/product\/yoast-seo-wordpress\/ -->\n<title>Auriculars SONY WF-G700NW INZONE BUDS - Carreres Web - Botiga Foto V\u00eddeo C\u00e0meres TV Sony telef\u00f3nica telefonia.<\/title>\n<meta name=\"description\" content=\"Auriculars per gaming &quot;True Wireless&quot; que proporcionen als gamers 360 Spatial Sound, baixa lat\u00e8ncia i tecnologia Noise Cancelling.\" \/>\n<meta name=\"robots\" content=\"index, follow, max-snippet:-1, max-image-preview:large, max-video-preview:-1\" \/>\n<link rel=\"canonical\" href=\"https:\/\/carrerasweb.cat\/botiga\/audio-video-tv\/auriculares-bluetooth-e-inalambricos\/auriculares-sony-wf-g700nw-inzone-buds\/\" \/>\n<meta property=\"og:locale\" content=\"ca_ES\" \/>\n<meta property=\"og:type\" content=\"article\" \/>\n<meta property=\"og:title\" content=\"Auriculars SONY WF-G700NW INZONE BUDS - Carreres Web - Botiga Foto V\u00eddeo C\u00e0meres TV Sony telef\u00f3nica telefonia.\" \/>\n<meta property=\"og:description\" content=\"Auriculars per gaming &quot;True Wireless&quot; que proporcionen als gamers 360 Spatial Sound, baixa lat\u00e8ncia i tecnologia Noise Cancelling.\" \/>\n<meta property=\"og:url\" content=\"https:\/\/carrerasweb.cat\/botiga\/audio-video-tv\/auriculares-bluetooth-e-inalambricos\/auriculares-sony-wf-g700nw-inzone-buds\/\" \/>\n<meta property=\"og:site_name\" content=\"Carreres Web - Botiga Foto V\u00eddeo C\u00e0meres TV Sony telef\u00f3nica telefonia.\" \/>\n<meta property=\"article:publisher\" content=\"https:\/\/www.facebook.com\/CarrerasFotoVideo\/\" \/>\n<meta property=\"article:modified_time\" content=\"2025-01-17T08:17:03+00:00\" \/>\n<meta property=\"og:image\" content=\"https:\/\/carrerasweb.cat\/wp-content\/uploads\/2024\/11\/WFG700NWa.jpg\" \/>\n\t<meta property=\"og:image:width\" content=\"396\" \/>\n\t<meta property=\"og:image:height\" content=\"396\" \/>\n\t<meta property=\"og:image:type\" content=\"image\/jpeg\" \/>\n<meta name=\"twitter:card\" content=\"summary_large_image\" \/>\n<meta name=\"twitter:label1\" content=\"Temps estimat de lectura\" \/>\n\t<meta name=\"twitter:data1\" content=\"1 minut\" \/>\n<script type=\"application\/ld+json\" class=\"yoast-schema-graph\">{\"@context\":\"https:\\\/\\\/schema.org\",\"@graph\":[{\"@type\":\"WebPage\",\"@id\":\"https:\\\/\\\/carrerasweb.cat\\\/botiga\\\/audio-video-tv\\\/auriculares-bluetooth-e-inalambricos\\\/auriculares-sony-wf-g700nw-inzone-buds\\\/\",\"url\":\"https:\\\/\\\/carrerasweb.cat\\\/botiga\\\/audio-video-tv\\\/auriculares-bluetooth-e-inalambricos\\\/auriculares-sony-wf-g700nw-inzone-buds\\\/\",\"name\":\"Auriculars SONY WF-G700NW INZONE BUDS - Carreres Web - Botiga Foto V\u00eddeo C\u00e0meres TV Sony telef\u00f3nica telefonia.\",\"isPartOf\":{\"@id\":\"https:\\\/\\\/carrerasweb.cat\\\/#website\"},\"primaryImageOfPage\":{\"@id\":\"https:\\\/\\\/carrerasweb.cat\\\/botiga\\\/audio-video-tv\\\/auriculares-bluetooth-e-inalambricos\\\/auriculares-sony-wf-g700nw-inzone-buds\\\/#primaryimage\"},\"image\":{\"@id\":\"https:\\\/\\\/carrerasweb.cat\\\/botiga\\\/audio-video-tv\\\/auriculares-bluetooth-e-inalambricos\\\/auriculares-sony-wf-g700nw-inzone-buds\\\/#primaryimage\"},\"thumbnailUrl\":\"https:\\\/\\\/carrerasweb.cat\\\/wp-content\\\/uploads\\\/2024\\\/11\\\/WFG700NWa.jpg\",\"datePublished\":\"2024-11-13T09:16:27+00:00\",\"dateModified\":\"2025-01-17T08:17:03+00:00\",\"description\":\"Auriculars per gaming \\\"True Wireless\\\" que proporcionen als gamers 360 Spatial Sound, baixa lat\u00e8ncia i tecnologia Noise Cancelling.\",\"breadcrumb\":{\"@id\":\"https:\\\/\\\/carrerasweb.cat\\\/botiga\\\/audio-video-tv\\\/auriculares-bluetooth-e-inalambricos\\\/auriculares-sony-wf-g700nw-inzone-buds\\\/#breadcrumb\"},\"inLanguage\":\"ca\",\"potentialAction\":[{\"@type\":\"ReadAction\",\"target\":[\"https:\\\/\\\/carrerasweb.cat\\\/botiga\\\/audio-video-tv\\\/auriculares-bluetooth-e-inalambricos\\\/auriculares-sony-wf-g700nw-inzone-buds\\\/\"]}]},{\"@type\":\"ImageObject\",\"inLanguage\":\"ca\",\"@id\":\"https:\\\/\\\/carrerasweb.cat\\\/botiga\\\/audio-video-tv\\\/auriculares-bluetooth-e-inalambricos\\\/auriculares-sony-wf-g700nw-inzone-buds\\\/#primaryimage\",\"url\":\"https:\\\/\\\/carrerasweb.cat\\\/wp-content\\\/uploads\\\/2024\\\/11\\\/WFG700NWa.jpg\",\"contentUrl\":\"https:\\\/\\\/carrerasweb.cat\\\/wp-content\\\/uploads\\\/2024\\\/11\\\/WFG700NWa.jpg\",\"width\":396,\"height\":396},{\"@type\":\"BreadcrumbList\",\"@id\":\"https:\\\/\\\/carrerasweb.cat\\\/botiga\\\/audio-video-tv\\\/auriculares-bluetooth-e-inalambricos\\\/auriculares-sony-wf-g700nw-inzone-buds\\\/#breadcrumb\",\"itemListElement\":[{\"@type\":\"ListItem\",\"position\":1,\"name\":\"Portada\",\"item\":\"https:\\\/\\\/carrerasweb.cat\\\/ca\\\/inici\\\/\"},{\"@type\":\"ListItem\",\"position\":2,\"name\":\"Productes\",\"item\":\"https:\\\/\\\/carrerasweb.cat\\\/ca\\\/productes\\\/\"},{\"@type\":\"ListItem\",\"position\":3,\"name\":\"Auriculars SONY WF-G700NW INZONE BUDS\"}]},{\"@type\":\"WebSite\",\"@id\":\"https:\\\/\\\/carrerasweb.cat\\\/#website\",\"url\":\"https:\\\/\\\/carrerasweb.cat\\\/\",\"name\":\"Carreras Web - Tienda Foto V\u00eddeo C\u00e1maras TV Sony Telef\u00f3nica Telefon\u00eda.\",\"description\":\"Distribuidor oficial a Figueres de Sony, la marca l\u00edder en audio, v\u00eddeo, fotografia, c\u00e0meres i accessoris, inform\u00e0tica, telef\u00f2nica, marcs i \u00e0lbums foto.\",\"publisher\":{\"@id\":\"https:\\\/\\\/carrerasweb.cat\\\/#organization\"},\"potentialAction\":[{\"@type\":\"SearchAction\",\"target\":{\"@type\":\"EntryPoint\",\"urlTemplate\":\"https:\\\/\\\/carrerasweb.cat\\\/?s={search_term_string}\"},\"query-input\":{\"@type\":\"PropertyValueSpecification\",\"valueRequired\":true,\"valueName\":\"search_term_string\"}}],\"inLanguage\":\"ca\"},{\"@type\":\"Organization\",\"@id\":\"https:\\\/\\\/carrerasweb.cat\\\/#organization\",\"name\":\"CARRERAS FOTO VIDEO\",\"url\":\"https:\\\/\\\/carrerasweb.cat\\\/\",\"logo\":{\"@type\":\"ImageObject\",\"inLanguage\":\"ca\",\"@id\":\"https:\\\/\\\/carrerasweb.cat\\\/#\\\/schema\\\/logo\\\/image\\\/\",\"url\":\"https:\\\/\\\/carrerasweb.cat\\\/wp-content\\\/uploads\\\/2021\\\/03\\\/logo.png\",\"contentUrl\":\"https:\\\/\\\/carrerasweb.cat\\\/wp-content\\\/uploads\\\/2021\\\/03\\\/logo.png\",\"width\":276,\"height\":100,\"caption\":\"CARRERAS FOTO VIDEO\"},\"image\":{\"@id\":\"https:\\\/\\\/carrerasweb.cat\\\/#\\\/schema\\\/logo\\\/image\\\/\"},\"sameAs\":[\"https:\\\/\\\/www.facebook.com\\\/CarrerasFotoVideo\\\/\",\"https:\\\/\\\/www.instagram.com\\\/carrerasfotovideo\\\/\"]}]}<\/script>\n<!-- \/ Yoast SEO plugin. -->","yoast_head_json":{"title":"Auriculars SONY WF-G700NW INZONE BUDS - Carreres Web - Botiga Foto V\u00eddeo C\u00e0meres TV Sony telef\u00f3nica telefonia.","description":"Auriculars per gaming \"True Wireless\" que proporcionen als gamers 360 Spatial Sound, baixa lat\u00e8ncia i tecnologia Noise Cancelling.","robots":{"index":"index","follow":"follow","max-snippet":"max-snippet:-1","max-image-preview":"max-image-preview:large","max-video-preview":"max-video-preview:-1"},"canonical":"https:\/\/carrerasweb.cat\/botiga\/audio-video-tv\/auriculares-bluetooth-e-inalambricos\/auriculares-sony-wf-g700nw-inzone-buds\/","og_locale":"ca_ES","og_type":"article","og_title":"Auriculars SONY WF-G700NW INZONE BUDS - Carreres Web - Botiga Foto V\u00eddeo C\u00e0meres TV Sony telef\u00f3nica telefonia.","og_description":"Auriculars per gaming \"True Wireless\" que proporcionen als gamers 360 Spatial Sound, baixa lat\u00e8ncia i tecnologia Noise Cancelling.","og_url":"https:\/\/carrerasweb.cat\/botiga\/audio-video-tv\/auriculares-bluetooth-e-inalambricos\/auriculares-sony-wf-g700nw-inzone-buds\/","og_site_name":"Carreres Web - Botiga Foto V\u00eddeo C\u00e0meres TV Sony telef\u00f3nica telefonia.","article_publisher":"https:\/\/www.facebook.com\/CarrerasFotoVideo\/","article_modified_time":"2025-01-17T08:17:03+00:00","og_image":[{"width":396,"height":396,"url":"https:\/\/carrerasweb.cat\/wp-content\/uploads\/2024\/11\/WFG700NWa.jpg","type":"image\/jpeg"}],"twitter_card":"summary_large_image","twitter_misc":{"Temps estimat de lectura":"1 minut"},"schema":{"@context":"https:\/\/schema.org","@graph":[{"@type":"WebPage","@id":"https:\/\/carrerasweb.cat\/botiga\/audio-video-tv\/auriculares-bluetooth-e-inalambricos\/auriculares-sony-wf-g700nw-inzone-buds\/","url":"https:\/\/carrerasweb.cat\/botiga\/audio-video-tv\/auriculares-bluetooth-e-inalambricos\/auriculares-sony-wf-g700nw-inzone-buds\/","name":"Auriculars SONY WF-G700NW INZONE BUDS - Carreres Web - Botiga Foto V\u00eddeo C\u00e0meres TV Sony telef\u00f3nica telefonia.","isPartOf":{"@id":"https:\/\/carrerasweb.cat\/#website"},"primaryImageOfPage":{"@id":"https:\/\/carrerasweb.cat\/botiga\/audio-video-tv\/auriculares-bluetooth-e-inalambricos\/auriculares-sony-wf-g700nw-inzone-buds\/#primaryimage"},"image":{"@id":"https:\/\/carrerasweb.cat\/botiga\/audio-video-tv\/auriculares-bluetooth-e-inalambricos\/auriculares-sony-wf-g700nw-inzone-buds\/#primaryimage"},"thumbnailUrl":"https:\/\/carrerasweb.cat\/wp-content\/uploads\/2024\/11\/WFG700NWa.jpg","datePublished":"2024-11-13T09:16:27+00:00","dateModified":"2025-01-17T08:17:03+00:00","description":"Auriculars per gaming \"True Wireless\" que proporcionen als gamers 360 Spatial Sound, baixa lat\u00e8ncia i tecnologia Noise Cancelling.","breadcrumb":{"@id":"https:\/\/carrerasweb.cat\/botiga\/audio-video-tv\/auriculares-bluetooth-e-inalambricos\/auriculares-sony-wf-g700nw-inzone-buds\/#breadcrumb"},"inLanguage":"ca","potentialAction":[{"@type":"ReadAction","target":["https:\/\/carrerasweb.cat\/botiga\/audio-video-tv\/auriculares-bluetooth-e-inalambricos\/auriculares-sony-wf-g700nw-inzone-buds\/"]}]},{"@type":"ImageObject","inLanguage":"ca","@id":"https:\/\/carrerasweb.cat\/botiga\/audio-video-tv\/auriculares-bluetooth-e-inalambricos\/auriculares-sony-wf-g700nw-inzone-buds\/#primaryimage","url":"https:\/\/carrerasweb.cat\/wp-content\/uploads\/2024\/11\/WFG700NWa.jpg","contentUrl":"https:\/\/carrerasweb.cat\/wp-content\/uploads\/2024\/11\/WFG700NWa.jpg","width":396,"height":396},{"@type":"BreadcrumbList","@id":"https:\/\/carrerasweb.cat\/botiga\/audio-video-tv\/auriculares-bluetooth-e-inalambricos\/auriculares-sony-wf-g700nw-inzone-buds\/#breadcrumb","itemListElement":[{"@type":"ListItem","position":1,"name":"Portada","item":"https:\/\/carrerasweb.cat\/ca\/inici\/"},{"@type":"ListItem","position":2,"name":"Productes","item":"https:\/\/carrerasweb.cat\/ca\/productes\/"},{"@type":"ListItem","position":3,"name":"Auriculars SONY WF-G700NW INZONE BUDS"}]},{"@type":"WebSite","@id":"https:\/\/carrerasweb.cat\/#website","url":"https:\/\/carrerasweb.cat\/","name":"Carreras Web - Tienda Foto V\u00eddeo C\u00e1maras TV Sony Telef\u00f3nica Telefon\u00eda.","description":"Distribuidor oficial a Figueres de Sony, la marca l\u00edder en audio, v\u00eddeo, fotografia, c\u00e0meres i accessoris, inform\u00e0tica, telef\u00f2nica, marcs i \u00e0lbums foto.","publisher":{"@id":"https:\/\/carrerasweb.cat\/#organization"},"potentialAction":[{"@type":"SearchAction","target":{"@type":"EntryPoint","urlTemplate":"https:\/\/carrerasweb.cat\/?s={search_term_string}"},"query-input":{"@type":"PropertyValueSpecification","valueRequired":true,"valueName":"search_term_string"}}],"inLanguage":"ca"},{"@type":"Organization","@id":"https:\/\/carrerasweb.cat\/#organization","name":"CARRERAS FOTO VIDEO","url":"https:\/\/carrerasweb.cat\/","logo":{"@type":"ImageObject","inLanguage":"ca","@id":"https:\/\/carrerasweb.cat\/#\/schema\/logo\/image\/","url":"https:\/\/carrerasweb.cat\/wp-content\/uploads\/2021\/03\/logo.png","contentUrl":"https:\/\/carrerasweb.cat\/wp-content\/uploads\/2021\/03\/logo.png","width":276,"height":100,"caption":"CARRERAS FOTO VIDEO"},"image":{"@id":"https:\/\/carrerasweb.cat\/#\/schema\/logo\/image\/"},"sameAs":["https:\/\/www.facebook.com\/CarrerasFotoVideo\/","https:\/\/www.instagram.com\/carrerasfotovideo\/"]}]}},"_links":{"self":[{"href":"https:\/\/carrerasweb.cat\/ca\/wp-json\/wp\/v2\/product\/4811","targetHints":{"allow":["GET"]}}],"collection":[{"href":"https:\/\/carrerasweb.cat\/ca\/wp-json\/wp\/v2\/product"}],"about":[{"href":"https:\/\/carrerasweb.cat\/ca\/wp-json\/wp\/v2\/types\/product"}],"replies":[{"embeddable":true,"href":"https:\/\/carrerasweb.cat\/ca\/wp-json\/wp\/v2\/comments?post=4811"}],"wp:featuredmedia":[{"embeddable":true,"href":"https:\/\/carrerasweb.cat\/ca\/wp-json\/wp\/v2\/media\/4810"}],"wp:attachment":[{"href":"https:\/\/carrerasweb.cat\/ca\/wp-json\/wp\/v2\/media?parent=4811"}],"wp:term":[{"taxonomy":"product_brand","embeddable":true,"href":"https:\/\/carrerasweb.cat\/ca\/wp-json\/wp\/v2\/product_brand?post=4811"},{"taxonomy":"product_cat","embeddable":true,"href":"https:\/\/carrerasweb.cat\/ca\/wp-json\/wp\/v2\/product_cat?post=4811"},{"taxonomy":"product_tag","embeddable":true,"href":"https:\/\/carrerasweb.cat\/ca\/wp-json\/wp\/v2\/product_tag?post=4811"}],"curies":[{"name":"wp","href":"https:\/\/api.w.org\/{rel}","templated":true}]}}