{"id":4788,"date":"2024-11-12T10:33:59","date_gmt":"2024-11-12T10:39:50","guid":{"rendered":"https:\/\/carrerasweb.cat\/tienda\/sense%20categoria\/telefon-mobil-sony-xperia-1-vi-5g\/"},"modified":"2024-11-12T12:04:04","modified_gmt":"2024-11-12T12:04:04","slug":"telefon-mobil-sony-xperia-1-vi-5g","status":"publish","type":"product","link":"https:\/\/carrerasweb.cat\/ca\/botiga\/informatica-telefonia-electronica-ca\/telefons-mobils\/telefon-mobil-sony-xperia-1-vi-5g\/","title":{"rendered":"Tel\u00e8fon m\u00f2bil SONY XPERIA 1 VI (5G) negre"},"content":{"rendered":"<div class=\"MuiTypography-root MuiTypography-caption css-rqnof7\">Fes zoom per meravellar-te amb el nou teleobjectiu \u00f2ptic ampliat de 85-170 mm i el teleobjectiu macro, les dist\u00e0ncies focals de 16 mm, 24 mm i 48 mm, i una qualitat sense concessions a totes les c\u00e0meres, tant per a fotos com per a v\u00eddeos. Integra una nova pantalla amb tecnologia de BRAVIA\u2122 per obtenir imatges n\u00edtides i brillants, i la nova funci\u00f3 Visi\u00f3 de llum solar per controlar la visibilitat de la pantalla fins i tot en entorns enlluernadors. Una qualitat d&#8217;\u00e0udio superior a trav\u00e9s dels altaveus est\u00e8reo full-stage, connexi\u00f3 per cable o sense fil. Rendiment professional per a tots els gamers, ja siguin professionals o ocasionals. Dos dies de durada de la bateria1 per fer m\u00e9s del que vulguis i necessitis. Nou nevera de c\u00e0mera de vapor per a un rendiment optimitzat i impulsat per la plataforma m\u00f2bil Snapdragon\u00ae 8 de 3a generaci\u00f3.<\/div>\n<div class=\"MuiTypography-root MuiTypography-caption css-rqnof7\">El Xperia 1 VI incorpora un nou teleobjectiu \u00f2ptic ampliat de 85-170 mm i teleobjectiu macro, amb una qualitat sense concessions a totes les c\u00e0meres, tant per a fotos com per a v\u00eddeos. Integra una nova pantalla amb tecnologia de BRAVIA\u2122 per obtenir imatges n\u00edtides i brillants, una qualitat d&#8217;\u00e0udio superior a trav\u00e9s dels altaveus est\u00e8reo full-stage, auriculars amb cable o sense fil, i dos dies de durada de la bateria*1.*1 : Resultats de les proves realitzades per Sony en les condicions seg\u00fcents: \u00fas diari de 360 minuts per navegar per Internet, reproducci\u00f3 de v\u00eddeo, gaming i altres funcions, amb 1080 minuts de temps en espera, basat en un perfil mitj\u00e0 d&#8217;\u00fas de la bateria de l&#8217;usuari de Xperia. El rendiment real de la bateria pot variar segons l&#8217;entorn i l&#8217;\u00fas..<\/div>\n<div class=\"MuiTypography-root MuiTypography-caption css-rqnof7\">\n<ul>\n<li>Qualitat fotogr\u00e0fica sense concessions amb un nou teleobjectiu \u00f2ptic ampliat de 85-170 mm i teleobjectiu macro.<\/li>\n<li>Rendiment extraordinari amb dos dies de durada de bateria<\/li>\n<li>Pantalla OLED m\u00e9s brillant amb tecnologia de BRAVIA\u2122 i la nova funci\u00f3 Visi\u00f3 de llum solar<\/li>\n<\/ul>\n<\/div>\n","protected":false},"excerpt":{"rendered":"<p>Xperia 1 VI | Nou teleobjectiu | Durada de la bateria de 2 dies | Pantalla m\u00e9s brillant amb tecnologia BRAVIA\u2122<\/p>\n","protected":false},"featured_media":4787,"comment_status":"closed","ping_status":"closed","template":"","meta":{"_exactmetrics_skip_tracking":false,"_exactmetrics_sitenote_active":false,"_exactmetrics_sitenote_note":"","_exactmetrics_sitenote_category":0},"product_brand":[],"product_cat":[221,230],"product_tag":[],"class_list":{"0":"post-4788","1":"product","2":"type-product","3":"status-publish","4":"has-post-thumbnail","6":"product_cat-informatica-telefonia-electronica-ca","7":"product_cat-telefons-mobils","9":"first","10":"instock","11":"shipping-taxable","12":"product-type-simple"},"yoast_head":"<!-- This site is optimized with the Yoast SEO plugin v27.5 - https:\/\/yoast.com\/product\/yoast-seo-wordpress\/ -->\n<title>Tel\u00e8fon m\u00f2bil SONY XPERIA 1 VI (5G) negre - Carreres Web - Botiga Foto V\u00eddeo C\u00e0meres TV Sony telef\u00f3nica telefonia.<\/title>\n<meta name=\"robots\" content=\"index, follow, max-snippet:-1, max-image-preview:large, max-video-preview:-1\" \/>\n<link rel=\"canonical\" href=\"https:\/\/carrerasweb.cat\/ca\/botiga\/informatica-telefonia-electronica-ca\/telefons-mobils\/telefon-mobil-sony-xperia-1-vi-5g\/\" \/>\n<meta property=\"og:locale\" content=\"ca_ES\" \/>\n<meta property=\"og:type\" content=\"article\" \/>\n<meta property=\"og:title\" content=\"Tel\u00e8fon m\u00f2bil SONY XPERIA 1 VI (5G) negre - Carreres Web - Botiga Foto V\u00eddeo C\u00e0meres TV Sony telef\u00f3nica telefonia.\" \/>\n<meta property=\"og:description\" content=\"Xperia 1 VI | Nou teleobjectiu | Durada de la bateria de 2 dies | Pantalla m\u00e9s brillant amb tecnologia BRAVIA\u2122\" \/>\n<meta property=\"og:url\" content=\"https:\/\/carrerasweb.cat\/ca\/botiga\/informatica-telefonia-electronica-ca\/telefons-mobils\/telefon-mobil-sony-xperia-1-vi-5g\/\" \/>\n<meta property=\"og:site_name\" content=\"Carreres Web - Botiga Foto V\u00eddeo C\u00e0meres TV Sony telef\u00f3nica telefonia.\" \/>\n<meta property=\"article:publisher\" content=\"https:\/\/www.facebook.com\/CarrerasFotoVideo\/\" \/>\n<meta property=\"article:modified_time\" content=\"2024-11-12T12:04:04+00:00\" \/>\n<meta property=\"og:image\" content=\"https:\/\/carrerasweb.cat\/wp-content\/uploads\/2024\/11\/XQEC54EUKCBa.jpg\" \/>\n\t<meta property=\"og:image:width\" content=\"496\" \/>\n\t<meta property=\"og:image:height\" content=\"496\" \/>\n\t<meta property=\"og:image:type\" content=\"image\/jpeg\" \/>\n<meta name=\"twitter:card\" content=\"summary_large_image\" \/>\n<meta name=\"twitter:label1\" content=\"Temps estimat de lectura\" \/>\n\t<meta name=\"twitter:data1\" content=\"2 minuts\" \/>\n<script type=\"application\/ld+json\" class=\"yoast-schema-graph\">{\"@context\":\"https:\\\/\\\/schema.org\",\"@graph\":[{\"@type\":\"WebPage\",\"@id\":\"https:\\\/\\\/carrerasweb.cat\\\/ca\\\/botiga\\\/informatica-telefonia-electronica-ca\\\/telefons-mobils\\\/telefon-mobil-sony-xperia-1-vi-5g\\\/\",\"url\":\"https:\\\/\\\/carrerasweb.cat\\\/ca\\\/botiga\\\/informatica-telefonia-electronica-ca\\\/telefons-mobils\\\/telefon-mobil-sony-xperia-1-vi-5g\\\/\",\"name\":\"Tel\u00e8fon m\u00f2bil SONY XPERIA 1 VI (5G) negre - Carreres Web - Botiga Foto V\u00eddeo C\u00e0meres TV Sony telef\u00f3nica telefonia.\",\"isPartOf\":{\"@id\":\"https:\\\/\\\/carrerasweb.cat\\\/#website\"},\"primaryImageOfPage\":{\"@id\":\"https:\\\/\\\/carrerasweb.cat\\\/ca\\\/botiga\\\/informatica-telefonia-electronica-ca\\\/telefons-mobils\\\/telefon-mobil-sony-xperia-1-vi-5g\\\/#primaryimage\"},\"image\":{\"@id\":\"https:\\\/\\\/carrerasweb.cat\\\/ca\\\/botiga\\\/informatica-telefonia-electronica-ca\\\/telefons-mobils\\\/telefon-mobil-sony-xperia-1-vi-5g\\\/#primaryimage\"},\"thumbnailUrl\":\"https:\\\/\\\/carrerasweb.cat\\\/wp-content\\\/uploads\\\/2024\\\/11\\\/XQEC54EUKCBa.jpg\",\"datePublished\":\"2024-11-12T10:39:50+00:00\",\"dateModified\":\"2024-11-12T12:04:04+00:00\",\"breadcrumb\":{\"@id\":\"https:\\\/\\\/carrerasweb.cat\\\/ca\\\/botiga\\\/informatica-telefonia-electronica-ca\\\/telefons-mobils\\\/telefon-mobil-sony-xperia-1-vi-5g\\\/#breadcrumb\"},\"inLanguage\":\"ca\",\"potentialAction\":[{\"@type\":\"ReadAction\",\"target\":[\"https:\\\/\\\/carrerasweb.cat\\\/ca\\\/botiga\\\/informatica-telefonia-electronica-ca\\\/telefons-mobils\\\/telefon-mobil-sony-xperia-1-vi-5g\\\/\"]}]},{\"@type\":\"ImageObject\",\"inLanguage\":\"ca\",\"@id\":\"https:\\\/\\\/carrerasweb.cat\\\/ca\\\/botiga\\\/informatica-telefonia-electronica-ca\\\/telefons-mobils\\\/telefon-mobil-sony-xperia-1-vi-5g\\\/#primaryimage\",\"url\":\"https:\\\/\\\/carrerasweb.cat\\\/wp-content\\\/uploads\\\/2024\\\/11\\\/XQEC54EUKCBa.jpg\",\"contentUrl\":\"https:\\\/\\\/carrerasweb.cat\\\/wp-content\\\/uploads\\\/2024\\\/11\\\/XQEC54EUKCBa.jpg\",\"width\":496,\"height\":496},{\"@type\":\"BreadcrumbList\",\"@id\":\"https:\\\/\\\/carrerasweb.cat\\\/ca\\\/botiga\\\/informatica-telefonia-electronica-ca\\\/telefons-mobils\\\/telefon-mobil-sony-xperia-1-vi-5g\\\/#breadcrumb\",\"itemListElement\":[{\"@type\":\"ListItem\",\"position\":1,\"name\":\"Portada\",\"item\":\"https:\\\/\\\/carrerasweb.cat\\\/ca\\\/inici\\\/\"},{\"@type\":\"ListItem\",\"position\":2,\"name\":\"Productes\",\"item\":\"https:\\\/\\\/carrerasweb.cat\\\/ca\\\/productes\\\/\"},{\"@type\":\"ListItem\",\"position\":3,\"name\":\"Tel\u00e8fon m\u00f2bil SONY XPERIA 1 VI (5G) negre\"}]},{\"@type\":\"WebSite\",\"@id\":\"https:\\\/\\\/carrerasweb.cat\\\/#website\",\"url\":\"https:\\\/\\\/carrerasweb.cat\\\/\",\"name\":\"Carreras Web - Tienda Foto V\u00eddeo C\u00e1maras TV Sony Telef\u00f3nica Telefon\u00eda.\",\"description\":\"Distribuidor oficial a Figueres de Sony, la marca l\u00edder en audio, v\u00eddeo, fotografia, c\u00e0meres i accessoris, inform\u00e0tica, telef\u00f2nica, marcs i \u00e0lbums foto.\",\"publisher\":{\"@id\":\"https:\\\/\\\/carrerasweb.cat\\\/#organization\"},\"potentialAction\":[{\"@type\":\"SearchAction\",\"target\":{\"@type\":\"EntryPoint\",\"urlTemplate\":\"https:\\\/\\\/carrerasweb.cat\\\/?s={search_term_string}\"},\"query-input\":{\"@type\":\"PropertyValueSpecification\",\"valueRequired\":true,\"valueName\":\"search_term_string\"}}],\"inLanguage\":\"ca\"},{\"@type\":\"Organization\",\"@id\":\"https:\\\/\\\/carrerasweb.cat\\\/#organization\",\"name\":\"CARRERAS FOTO VIDEO\",\"url\":\"https:\\\/\\\/carrerasweb.cat\\\/\",\"logo\":{\"@type\":\"ImageObject\",\"inLanguage\":\"ca\",\"@id\":\"https:\\\/\\\/carrerasweb.cat\\\/#\\\/schema\\\/logo\\\/image\\\/\",\"url\":\"https:\\\/\\\/carrerasweb.cat\\\/wp-content\\\/uploads\\\/2021\\\/03\\\/logo.png\",\"contentUrl\":\"https:\\\/\\\/carrerasweb.cat\\\/wp-content\\\/uploads\\\/2021\\\/03\\\/logo.png\",\"width\":276,\"height\":100,\"caption\":\"CARRERAS FOTO VIDEO\"},\"image\":{\"@id\":\"https:\\\/\\\/carrerasweb.cat\\\/#\\\/schema\\\/logo\\\/image\\\/\"},\"sameAs\":[\"https:\\\/\\\/www.facebook.com\\\/CarrerasFotoVideo\\\/\",\"https:\\\/\\\/www.instagram.com\\\/carrerasfotovideo\\\/\"]}]}<\/script>\n<!-- \/ Yoast SEO plugin. -->","yoast_head_json":{"title":"Tel\u00e8fon m\u00f2bil SONY XPERIA 1 VI (5G) negre - Carreres Web - Botiga Foto V\u00eddeo C\u00e0meres TV Sony telef\u00f3nica telefonia.","robots":{"index":"index","follow":"follow","max-snippet":"max-snippet:-1","max-image-preview":"max-image-preview:large","max-video-preview":"max-video-preview:-1"},"canonical":"https:\/\/carrerasweb.cat\/ca\/botiga\/informatica-telefonia-electronica-ca\/telefons-mobils\/telefon-mobil-sony-xperia-1-vi-5g\/","og_locale":"ca_ES","og_type":"article","og_title":"Tel\u00e8fon m\u00f2bil SONY XPERIA 1 VI (5G) negre - Carreres Web - Botiga Foto V\u00eddeo C\u00e0meres TV Sony telef\u00f3nica telefonia.","og_description":"Xperia 1 VI | Nou teleobjectiu | Durada de la bateria de 2 dies | Pantalla m\u00e9s brillant amb tecnologia BRAVIA\u2122","og_url":"https:\/\/carrerasweb.cat\/ca\/botiga\/informatica-telefonia-electronica-ca\/telefons-mobils\/telefon-mobil-sony-xperia-1-vi-5g\/","og_site_name":"Carreres Web - Botiga Foto V\u00eddeo C\u00e0meres TV Sony telef\u00f3nica telefonia.","article_publisher":"https:\/\/www.facebook.com\/CarrerasFotoVideo\/","article_modified_time":"2024-11-12T12:04:04+00:00","og_image":[{"width":496,"height":496,"url":"https:\/\/carrerasweb.cat\/wp-content\/uploads\/2024\/11\/XQEC54EUKCBa.jpg","type":"image\/jpeg"}],"twitter_card":"summary_large_image","twitter_misc":{"Temps estimat de lectura":"2 minuts"},"schema":{"@context":"https:\/\/schema.org","@graph":[{"@type":"WebPage","@id":"https:\/\/carrerasweb.cat\/ca\/botiga\/informatica-telefonia-electronica-ca\/telefons-mobils\/telefon-mobil-sony-xperia-1-vi-5g\/","url":"https:\/\/carrerasweb.cat\/ca\/botiga\/informatica-telefonia-electronica-ca\/telefons-mobils\/telefon-mobil-sony-xperia-1-vi-5g\/","name":"Tel\u00e8fon m\u00f2bil SONY XPERIA 1 VI (5G) negre - Carreres Web - Botiga Foto V\u00eddeo C\u00e0meres TV Sony telef\u00f3nica telefonia.","isPartOf":{"@id":"https:\/\/carrerasweb.cat\/#website"},"primaryImageOfPage":{"@id":"https:\/\/carrerasweb.cat\/ca\/botiga\/informatica-telefonia-electronica-ca\/telefons-mobils\/telefon-mobil-sony-xperia-1-vi-5g\/#primaryimage"},"image":{"@id":"https:\/\/carrerasweb.cat\/ca\/botiga\/informatica-telefonia-electronica-ca\/telefons-mobils\/telefon-mobil-sony-xperia-1-vi-5g\/#primaryimage"},"thumbnailUrl":"https:\/\/carrerasweb.cat\/wp-content\/uploads\/2024\/11\/XQEC54EUKCBa.jpg","datePublished":"2024-11-12T10:39:50+00:00","dateModified":"2024-11-12T12:04:04+00:00","breadcrumb":{"@id":"https:\/\/carrerasweb.cat\/ca\/botiga\/informatica-telefonia-electronica-ca\/telefons-mobils\/telefon-mobil-sony-xperia-1-vi-5g\/#breadcrumb"},"inLanguage":"ca","potentialAction":[{"@type":"ReadAction","target":["https:\/\/carrerasweb.cat\/ca\/botiga\/informatica-telefonia-electronica-ca\/telefons-mobils\/telefon-mobil-sony-xperia-1-vi-5g\/"]}]},{"@type":"ImageObject","inLanguage":"ca","@id":"https:\/\/carrerasweb.cat\/ca\/botiga\/informatica-telefonia-electronica-ca\/telefons-mobils\/telefon-mobil-sony-xperia-1-vi-5g\/#primaryimage","url":"https:\/\/carrerasweb.cat\/wp-content\/uploads\/2024\/11\/XQEC54EUKCBa.jpg","contentUrl":"https:\/\/carrerasweb.cat\/wp-content\/uploads\/2024\/11\/XQEC54EUKCBa.jpg","width":496,"height":496},{"@type":"BreadcrumbList","@id":"https:\/\/carrerasweb.cat\/ca\/botiga\/informatica-telefonia-electronica-ca\/telefons-mobils\/telefon-mobil-sony-xperia-1-vi-5g\/#breadcrumb","itemListElement":[{"@type":"ListItem","position":1,"name":"Portada","item":"https:\/\/carrerasweb.cat\/ca\/inici\/"},{"@type":"ListItem","position":2,"name":"Productes","item":"https:\/\/carrerasweb.cat\/ca\/productes\/"},{"@type":"ListItem","position":3,"name":"Tel\u00e8fon m\u00f2bil SONY XPERIA 1 VI (5G) negre"}]},{"@type":"WebSite","@id":"https:\/\/carrerasweb.cat\/#website","url":"https:\/\/carrerasweb.cat\/","name":"Carreras Web - Tienda Foto V\u00eddeo C\u00e1maras TV Sony Telef\u00f3nica Telefon\u00eda.","description":"Distribuidor oficial a Figueres de Sony, la marca l\u00edder en audio, v\u00eddeo, fotografia, c\u00e0meres i accessoris, inform\u00e0tica, telef\u00f2nica, marcs i \u00e0lbums foto.","publisher":{"@id":"https:\/\/carrerasweb.cat\/#organization"},"potentialAction":[{"@type":"SearchAction","target":{"@type":"EntryPoint","urlTemplate":"https:\/\/carrerasweb.cat\/?s={search_term_string}"},"query-input":{"@type":"PropertyValueSpecification","valueRequired":true,"valueName":"search_term_string"}}],"inLanguage":"ca"},{"@type":"Organization","@id":"https:\/\/carrerasweb.cat\/#organization","name":"CARRERAS FOTO VIDEO","url":"https:\/\/carrerasweb.cat\/","logo":{"@type":"ImageObject","inLanguage":"ca","@id":"https:\/\/carrerasweb.cat\/#\/schema\/logo\/image\/","url":"https:\/\/carrerasweb.cat\/wp-content\/uploads\/2021\/03\/logo.png","contentUrl":"https:\/\/carrerasweb.cat\/wp-content\/uploads\/2021\/03\/logo.png","width":276,"height":100,"caption":"CARRERAS FOTO VIDEO"},"image":{"@id":"https:\/\/carrerasweb.cat\/#\/schema\/logo\/image\/"},"sameAs":["https:\/\/www.facebook.com\/CarrerasFotoVideo\/","https:\/\/www.instagram.com\/carrerasfotovideo\/"]}]}},"_links":{"self":[{"href":"https:\/\/carrerasweb.cat\/ca\/wp-json\/wp\/v2\/product\/4788","targetHints":{"allow":["GET"]}}],"collection":[{"href":"https:\/\/carrerasweb.cat\/ca\/wp-json\/wp\/v2\/product"}],"about":[{"href":"https:\/\/carrerasweb.cat\/ca\/wp-json\/wp\/v2\/types\/product"}],"replies":[{"embeddable":true,"href":"https:\/\/carrerasweb.cat\/ca\/wp-json\/wp\/v2\/comments?post=4788"}],"wp:featuredmedia":[{"embeddable":true,"href":"https:\/\/carrerasweb.cat\/ca\/wp-json\/wp\/v2\/media\/4787"}],"wp:attachment":[{"href":"https:\/\/carrerasweb.cat\/ca\/wp-json\/wp\/v2\/media?parent=4788"}],"wp:term":[{"taxonomy":"product_brand","embeddable":true,"href":"https:\/\/carrerasweb.cat\/ca\/wp-json\/wp\/v2\/product_brand?post=4788"},{"taxonomy":"product_cat","embeddable":true,"href":"https:\/\/carrerasweb.cat\/ca\/wp-json\/wp\/v2\/product_cat?post=4788"},{"taxonomy":"product_tag","embeddable":true,"href":"https:\/\/carrerasweb.cat\/ca\/wp-json\/wp\/v2\/product_tag?post=4788"}],"curies":[{"name":"wp","href":"https:\/\/api.w.org\/{rel}","templated":true}]}}