{"id":4670,"date":"2024-07-26T09:03:18","date_gmt":"2024-07-26T09:23:00","guid":{"rendered":"https:\/\/carrerasweb.cat\/tienda\/sense%20categoria\/microfon-sony-ecm-m1-shotgun\/"},"modified":"2024-07-26T09:28:29","modified_gmt":"2024-07-26T09:28:29","slug":"microfon-sony-ecm-m1-shotgun","status":"publish","type":"product","link":"https:\/\/carrerasweb.cat\/ca\/botiga\/audio-video-tv-ca\/microfons\/microfon-sony-ecm-m1-shotgun\/","title":{"rendered":"Micr\u00f2fon SONY ECM-M1 shotgun"},"content":{"rendered":"<div class=\"MuiTypography-root MuiTypography-caption css-rqnof7\">Micr\u00f2fon direccional compacte amb modes seleccionables<\/div>\n<div class=\"MuiTypography-root MuiTypography-caption css-rqnof7\">L&#8217;ECM-M1 \u00e9s un micr\u00f2fon direccional molt compacte que utilitza tecnologia multidireccional i altres tecnologies de processament digital per oferir vuit maneres d&#8217;enregistrament d&#8217;\u00e0udio seleccionables mitjan\u00e7ant un dial, que li proporcionen una versatilitat i qualitat d&#8217;\u00e0udio excepcionals en una \u00e0mplia gamma de situacions de enregistrament de v\u00eddeo.<\/div>\n<div class=\"MuiTypography-root MuiTypography-caption css-rqnof7\">\n<ul>\n<li>Vuit maneres d&#8217;enregistrament d&#8217;\u00e0udio, incl\u00f2s est\u00e8reo, per captar el so amb precisi\u00f3<\/li>\n<li>Micr\u00f2fon direccional compacte amb processament de senyal digitaltal<\/li>\n<li>Reducci\u00f3 efica\u00e7 del soroll i els sons de baixa freq\u00fc\u00e8ncia per a enregistraments n\u00edtids i d&#8217;alta qualitat<\/li>\n<\/ul>\n<p>&#8211; Micr\u00f2fon tipus Shotgun (pistola)<br \/>\n&#8211; Selector de mode de 8 direccions<br \/>\n&#8211; Connector Multi interface shoe<br \/>\n&#8211; Inclou paravent i funda bossa<\/p>\n<\/div>\n","protected":false},"excerpt":{"rendered":"<p>Micr\u00f2fon direccional compacte amb modes seleccionables L&#8217;ECM-M1 \u00e9s un micr\u00f2fon direccional molt compacte que utilitza tecnologia multidireccional i altres tecnologies de processament digital per oferir vuit maneres d&#8217;enregistrament d&#8217;\u00e0udio seleccionables mitjan\u00e7ant un dial, que li proporcionen una versatilitat i qualitat d&#8217;\u00e0udio excepcionals en una \u00e0mplia gamma de situacions de enregistrament de v\u00eddeo. Vuit maneres d&#8217;enregistrament [&#8230;]\n","protected":false},"featured_media":4669,"comment_status":"closed","ping_status":"closed","template":"","meta":{"_exactmetrics_skip_tracking":false,"_exactmetrics_sitenote_active":false,"_exactmetrics_sitenote_note":"","_exactmetrics_sitenote_category":0},"product_brand":[],"product_cat":[159,176],"product_tag":[],"class_list":{"0":"post-4670","1":"product","2":"type-product","3":"status-publish","4":"has-post-thumbnail","6":"product_cat-audio-video-tv-ca","7":"product_cat-microfons","9":"first","10":"instock","11":"shipping-taxable","12":"product-type-simple"},"yoast_head":"<!-- This site is optimized with the Yoast SEO plugin v27.5 - https:\/\/yoast.com\/product\/yoast-seo-wordpress\/ -->\n<title>Micr\u00f2fon SONY ECM-M1 shotgun - Carreres Web - Botiga Foto V\u00eddeo C\u00e0meres TV Sony telef\u00f3nica telefonia.<\/title>\n<meta name=\"description\" content=\"Micr\u00f2fon direccional compacte amb modes seleccionables\" \/>\n<meta name=\"robots\" content=\"index, follow, max-snippet:-1, max-image-preview:large, max-video-preview:-1\" \/>\n<link rel=\"canonical\" href=\"https:\/\/carrerasweb.cat\/ca\/botiga\/audio-video-tv-ca\/microfons\/microfon-sony-ecm-m1-shotgun\/\" \/>\n<meta property=\"og:locale\" content=\"ca_ES\" \/>\n<meta property=\"og:type\" content=\"article\" \/>\n<meta property=\"og:title\" content=\"Micr\u00f2fon SONY ECM-M1 shotgun - Carreres Web - Botiga Foto V\u00eddeo C\u00e0meres TV Sony telef\u00f3nica telefonia.\" \/>\n<meta property=\"og:description\" content=\"Micr\u00f2fon direccional compacte amb modes seleccionables\" \/>\n<meta property=\"og:url\" content=\"https:\/\/carrerasweb.cat\/ca\/botiga\/audio-video-tv-ca\/microfons\/microfon-sony-ecm-m1-shotgun\/\" \/>\n<meta property=\"og:site_name\" content=\"Carreres Web - Botiga Foto V\u00eddeo C\u00e0meres TV Sony telef\u00f3nica telefonia.\" \/>\n<meta property=\"article:publisher\" content=\"https:\/\/www.facebook.com\/CarrerasFotoVideo\/\" \/>\n<meta property=\"article:modified_time\" content=\"2024-07-26T09:28:29+00:00\" \/>\n<meta property=\"og:image\" content=\"https:\/\/carrerasweb.cat\/wp-content\/uploads\/2024\/07\/ECMM1a.jpg\" \/>\n\t<meta property=\"og:image:width\" content=\"441\" \/>\n\t<meta property=\"og:image:height\" content=\"441\" \/>\n\t<meta property=\"og:image:type\" content=\"image\/jpeg\" \/>\n<meta name=\"twitter:card\" content=\"summary_large_image\" \/>\n<meta name=\"twitter:label1\" content=\"Temps estimat de lectura\" \/>\n\t<meta name=\"twitter:data1\" content=\"1 minut\" \/>\n<script type=\"application\/ld+json\" class=\"yoast-schema-graph\">{\"@context\":\"https:\\\/\\\/schema.org\",\"@graph\":[{\"@type\":\"WebPage\",\"@id\":\"https:\\\/\\\/carrerasweb.cat\\\/ca\\\/botiga\\\/audio-video-tv-ca\\\/microfons\\\/microfon-sony-ecm-m1-shotgun\\\/\",\"url\":\"https:\\\/\\\/carrerasweb.cat\\\/ca\\\/botiga\\\/audio-video-tv-ca\\\/microfons\\\/microfon-sony-ecm-m1-shotgun\\\/\",\"name\":\"Micr\u00f2fon SONY ECM-M1 shotgun - Carreres Web - Botiga Foto V\u00eddeo C\u00e0meres TV Sony telef\u00f3nica telefonia.\",\"isPartOf\":{\"@id\":\"https:\\\/\\\/carrerasweb.cat\\\/#website\"},\"primaryImageOfPage\":{\"@id\":\"https:\\\/\\\/carrerasweb.cat\\\/ca\\\/botiga\\\/audio-video-tv-ca\\\/microfons\\\/microfon-sony-ecm-m1-shotgun\\\/#primaryimage\"},\"image\":{\"@id\":\"https:\\\/\\\/carrerasweb.cat\\\/ca\\\/botiga\\\/audio-video-tv-ca\\\/microfons\\\/microfon-sony-ecm-m1-shotgun\\\/#primaryimage\"},\"thumbnailUrl\":\"https:\\\/\\\/carrerasweb.cat\\\/wp-content\\\/uploads\\\/2024\\\/07\\\/ECMM1a.jpg\",\"datePublished\":\"2024-07-26T09:23:00+00:00\",\"dateModified\":\"2024-07-26T09:28:29+00:00\",\"description\":\"Micr\u00f2fon direccional compacte amb modes seleccionables\",\"breadcrumb\":{\"@id\":\"https:\\\/\\\/carrerasweb.cat\\\/ca\\\/botiga\\\/audio-video-tv-ca\\\/microfons\\\/microfon-sony-ecm-m1-shotgun\\\/#breadcrumb\"},\"inLanguage\":\"ca\",\"potentialAction\":[{\"@type\":\"ReadAction\",\"target\":[\"https:\\\/\\\/carrerasweb.cat\\\/ca\\\/botiga\\\/audio-video-tv-ca\\\/microfons\\\/microfon-sony-ecm-m1-shotgun\\\/\"]}]},{\"@type\":\"ImageObject\",\"inLanguage\":\"ca\",\"@id\":\"https:\\\/\\\/carrerasweb.cat\\\/ca\\\/botiga\\\/audio-video-tv-ca\\\/microfons\\\/microfon-sony-ecm-m1-shotgun\\\/#primaryimage\",\"url\":\"https:\\\/\\\/carrerasweb.cat\\\/wp-content\\\/uploads\\\/2024\\\/07\\\/ECMM1a.jpg\",\"contentUrl\":\"https:\\\/\\\/carrerasweb.cat\\\/wp-content\\\/uploads\\\/2024\\\/07\\\/ECMM1a.jpg\",\"width\":441,\"height\":441},{\"@type\":\"BreadcrumbList\",\"@id\":\"https:\\\/\\\/carrerasweb.cat\\\/ca\\\/botiga\\\/audio-video-tv-ca\\\/microfons\\\/microfon-sony-ecm-m1-shotgun\\\/#breadcrumb\",\"itemListElement\":[{\"@type\":\"ListItem\",\"position\":1,\"name\":\"Portada\",\"item\":\"https:\\\/\\\/carrerasweb.cat\\\/ca\\\/inici\\\/\"},{\"@type\":\"ListItem\",\"position\":2,\"name\":\"Productes\",\"item\":\"https:\\\/\\\/carrerasweb.cat\\\/ca\\\/productes\\\/\"},{\"@type\":\"ListItem\",\"position\":3,\"name\":\"Micr\u00f2fon SONY ECM-M1 shotgun\"}]},{\"@type\":\"WebSite\",\"@id\":\"https:\\\/\\\/carrerasweb.cat\\\/#website\",\"url\":\"https:\\\/\\\/carrerasweb.cat\\\/\",\"name\":\"Carreras Web - Tienda Foto V\u00eddeo C\u00e1maras TV Sony Telef\u00f3nica Telefon\u00eda.\",\"description\":\"Distribuidor oficial a Figueres de Sony, la marca l\u00edder en audio, v\u00eddeo, fotografia, c\u00e0meres i accessoris, inform\u00e0tica, telef\u00f2nica, marcs i \u00e0lbums foto.\",\"publisher\":{\"@id\":\"https:\\\/\\\/carrerasweb.cat\\\/#organization\"},\"potentialAction\":[{\"@type\":\"SearchAction\",\"target\":{\"@type\":\"EntryPoint\",\"urlTemplate\":\"https:\\\/\\\/carrerasweb.cat\\\/?s={search_term_string}\"},\"query-input\":{\"@type\":\"PropertyValueSpecification\",\"valueRequired\":true,\"valueName\":\"search_term_string\"}}],\"inLanguage\":\"ca\"},{\"@type\":\"Organization\",\"@id\":\"https:\\\/\\\/carrerasweb.cat\\\/#organization\",\"name\":\"CARRERAS FOTO VIDEO\",\"url\":\"https:\\\/\\\/carrerasweb.cat\\\/\",\"logo\":{\"@type\":\"ImageObject\",\"inLanguage\":\"ca\",\"@id\":\"https:\\\/\\\/carrerasweb.cat\\\/#\\\/schema\\\/logo\\\/image\\\/\",\"url\":\"https:\\\/\\\/carrerasweb.cat\\\/wp-content\\\/uploads\\\/2021\\\/03\\\/logo.png\",\"contentUrl\":\"https:\\\/\\\/carrerasweb.cat\\\/wp-content\\\/uploads\\\/2021\\\/03\\\/logo.png\",\"width\":276,\"height\":100,\"caption\":\"CARRERAS FOTO VIDEO\"},\"image\":{\"@id\":\"https:\\\/\\\/carrerasweb.cat\\\/#\\\/schema\\\/logo\\\/image\\\/\"},\"sameAs\":[\"https:\\\/\\\/www.facebook.com\\\/CarrerasFotoVideo\\\/\",\"https:\\\/\\\/www.instagram.com\\\/carrerasfotovideo\\\/\"]}]}<\/script>\n<!-- \/ Yoast SEO plugin. -->","yoast_head_json":{"title":"Micr\u00f2fon SONY ECM-M1 shotgun - Carreres Web - Botiga Foto V\u00eddeo C\u00e0meres TV Sony telef\u00f3nica telefonia.","description":"Micr\u00f2fon direccional compacte amb modes seleccionables","robots":{"index":"index","follow":"follow","max-snippet":"max-snippet:-1","max-image-preview":"max-image-preview:large","max-video-preview":"max-video-preview:-1"},"canonical":"https:\/\/carrerasweb.cat\/ca\/botiga\/audio-video-tv-ca\/microfons\/microfon-sony-ecm-m1-shotgun\/","og_locale":"ca_ES","og_type":"article","og_title":"Micr\u00f2fon SONY ECM-M1 shotgun - Carreres Web - Botiga Foto V\u00eddeo C\u00e0meres TV Sony telef\u00f3nica telefonia.","og_description":"Micr\u00f2fon direccional compacte amb modes seleccionables","og_url":"https:\/\/carrerasweb.cat\/ca\/botiga\/audio-video-tv-ca\/microfons\/microfon-sony-ecm-m1-shotgun\/","og_site_name":"Carreres Web - Botiga Foto V\u00eddeo C\u00e0meres TV Sony telef\u00f3nica telefonia.","article_publisher":"https:\/\/www.facebook.com\/CarrerasFotoVideo\/","article_modified_time":"2024-07-26T09:28:29+00:00","og_image":[{"width":441,"height":441,"url":"https:\/\/carrerasweb.cat\/wp-content\/uploads\/2024\/07\/ECMM1a.jpg","type":"image\/jpeg"}],"twitter_card":"summary_large_image","twitter_misc":{"Temps estimat de lectura":"1 minut"},"schema":{"@context":"https:\/\/schema.org","@graph":[{"@type":"WebPage","@id":"https:\/\/carrerasweb.cat\/ca\/botiga\/audio-video-tv-ca\/microfons\/microfon-sony-ecm-m1-shotgun\/","url":"https:\/\/carrerasweb.cat\/ca\/botiga\/audio-video-tv-ca\/microfons\/microfon-sony-ecm-m1-shotgun\/","name":"Micr\u00f2fon SONY ECM-M1 shotgun - Carreres Web - Botiga Foto V\u00eddeo C\u00e0meres TV Sony telef\u00f3nica telefonia.","isPartOf":{"@id":"https:\/\/carrerasweb.cat\/#website"},"primaryImageOfPage":{"@id":"https:\/\/carrerasweb.cat\/ca\/botiga\/audio-video-tv-ca\/microfons\/microfon-sony-ecm-m1-shotgun\/#primaryimage"},"image":{"@id":"https:\/\/carrerasweb.cat\/ca\/botiga\/audio-video-tv-ca\/microfons\/microfon-sony-ecm-m1-shotgun\/#primaryimage"},"thumbnailUrl":"https:\/\/carrerasweb.cat\/wp-content\/uploads\/2024\/07\/ECMM1a.jpg","datePublished":"2024-07-26T09:23:00+00:00","dateModified":"2024-07-26T09:28:29+00:00","description":"Micr\u00f2fon direccional compacte amb modes seleccionables","breadcrumb":{"@id":"https:\/\/carrerasweb.cat\/ca\/botiga\/audio-video-tv-ca\/microfons\/microfon-sony-ecm-m1-shotgun\/#breadcrumb"},"inLanguage":"ca","potentialAction":[{"@type":"ReadAction","target":["https:\/\/carrerasweb.cat\/ca\/botiga\/audio-video-tv-ca\/microfons\/microfon-sony-ecm-m1-shotgun\/"]}]},{"@type":"ImageObject","inLanguage":"ca","@id":"https:\/\/carrerasweb.cat\/ca\/botiga\/audio-video-tv-ca\/microfons\/microfon-sony-ecm-m1-shotgun\/#primaryimage","url":"https:\/\/carrerasweb.cat\/wp-content\/uploads\/2024\/07\/ECMM1a.jpg","contentUrl":"https:\/\/carrerasweb.cat\/wp-content\/uploads\/2024\/07\/ECMM1a.jpg","width":441,"height":441},{"@type":"BreadcrumbList","@id":"https:\/\/carrerasweb.cat\/ca\/botiga\/audio-video-tv-ca\/microfons\/microfon-sony-ecm-m1-shotgun\/#breadcrumb","itemListElement":[{"@type":"ListItem","position":1,"name":"Portada","item":"https:\/\/carrerasweb.cat\/ca\/inici\/"},{"@type":"ListItem","position":2,"name":"Productes","item":"https:\/\/carrerasweb.cat\/ca\/productes\/"},{"@type":"ListItem","position":3,"name":"Micr\u00f2fon SONY ECM-M1 shotgun"}]},{"@type":"WebSite","@id":"https:\/\/carrerasweb.cat\/#website","url":"https:\/\/carrerasweb.cat\/","name":"Carreras Web - Tienda Foto V\u00eddeo C\u00e1maras TV Sony Telef\u00f3nica Telefon\u00eda.","description":"Distribuidor oficial a Figueres de Sony, la marca l\u00edder en audio, v\u00eddeo, fotografia, c\u00e0meres i accessoris, inform\u00e0tica, telef\u00f2nica, marcs i \u00e0lbums foto.","publisher":{"@id":"https:\/\/carrerasweb.cat\/#organization"},"potentialAction":[{"@type":"SearchAction","target":{"@type":"EntryPoint","urlTemplate":"https:\/\/carrerasweb.cat\/?s={search_term_string}"},"query-input":{"@type":"PropertyValueSpecification","valueRequired":true,"valueName":"search_term_string"}}],"inLanguage":"ca"},{"@type":"Organization","@id":"https:\/\/carrerasweb.cat\/#organization","name":"CARRERAS FOTO VIDEO","url":"https:\/\/carrerasweb.cat\/","logo":{"@type":"ImageObject","inLanguage":"ca","@id":"https:\/\/carrerasweb.cat\/#\/schema\/logo\/image\/","url":"https:\/\/carrerasweb.cat\/wp-content\/uploads\/2021\/03\/logo.png","contentUrl":"https:\/\/carrerasweb.cat\/wp-content\/uploads\/2021\/03\/logo.png","width":276,"height":100,"caption":"CARRERAS FOTO VIDEO"},"image":{"@id":"https:\/\/carrerasweb.cat\/#\/schema\/logo\/image\/"},"sameAs":["https:\/\/www.facebook.com\/CarrerasFotoVideo\/","https:\/\/www.instagram.com\/carrerasfotovideo\/"]}]}},"_links":{"self":[{"href":"https:\/\/carrerasweb.cat\/ca\/wp-json\/wp\/v2\/product\/4670","targetHints":{"allow":["GET"]}}],"collection":[{"href":"https:\/\/carrerasweb.cat\/ca\/wp-json\/wp\/v2\/product"}],"about":[{"href":"https:\/\/carrerasweb.cat\/ca\/wp-json\/wp\/v2\/types\/product"}],"replies":[{"embeddable":true,"href":"https:\/\/carrerasweb.cat\/ca\/wp-json\/wp\/v2\/comments?post=4670"}],"wp:featuredmedia":[{"embeddable":true,"href":"https:\/\/carrerasweb.cat\/ca\/wp-json\/wp\/v2\/media\/4669"}],"wp:attachment":[{"href":"https:\/\/carrerasweb.cat\/ca\/wp-json\/wp\/v2\/media?parent=4670"}],"wp:term":[{"taxonomy":"product_brand","embeddable":true,"href":"https:\/\/carrerasweb.cat\/ca\/wp-json\/wp\/v2\/product_brand?post=4670"},{"taxonomy":"product_cat","embeddable":true,"href":"https:\/\/carrerasweb.cat\/ca\/wp-json\/wp\/v2\/product_cat?post=4670"},{"taxonomy":"product_tag","embeddable":true,"href":"https:\/\/carrerasweb.cat\/ca\/wp-json\/wp\/v2\/product_tag?post=4670"}],"curies":[{"name":"wp","href":"https:\/\/api.w.org\/{rel}","templated":true}]}}