{"id":4610,"date":"2024-06-28T10:39:21","date_gmt":"2024-06-28T11:05:14","guid":{"rendered":"https:\/\/carrerasweb.cat\/tienda\/sense categoria\/polsera-garmin-vivosmart-4\/"},"modified":"2024-06-28T11:05:14","modified_gmt":"2024-06-28T11:05:14","slug":"polsera-garmin-vivosmart-4","status":"publish","type":"product","link":"https:\/\/carrerasweb.cat\/ca\/botiga\/informatica-telefonia-electronica-ca\/rellotges-smart\/polsera-garmin-vivosmart-4\/","title":{"rendered":"Polsera GARMIN VIVOSMART 4"},"content":{"rendered":"<ul>\n<li>L&#8217;estilitzada polsera d&#8217;activitat intel\u00b7ligent combina un disseny modern amb detalls met\u00e0l\u00b7lics elegants i una brillant pantalla de f\u00e0cil lectura<\/li>\n<li>Inclou control avan\u00e7at del son amb fase MOR i permet mesurar els nivells de saturaci\u00f3 d&#8217;oxigen a la sang durant la nit mitjan\u00e7ant el pulsiox\u00edmetre basat en els mesuraments del canell<\/li>\n<li>Les eines de control d&#8217;activitat f\u00edsica i salut inclouen sensor de freq\u00fc\u00e8ncia card\u00edaca al canell, monitor d&#8217;estr\u00e8s durant tot el dia, temporitzador de respiraci\u00f3 per relaxar-se, mesurador de VO2 m\u00e0xim i monitor d&#8217;energia Body Battery<sup class=\"tm-symbol\">\u2122<\/sup>, entre d&#8217;altres.<\/li>\n<li>Temps d&#8217;activitat espec\u00edfics per caminar, carreres, entrenament de for\u00e7a, ioga, nataci\u00f3 i altres activitats; es connecta al GPS del teu <a href=\"https:\/\/support.garmin.com\/es-ES\/?faq=pvL8aWsaLU2iKyvF8VrpP9&amp;searchType=noProduct\">smartphone compatible<\/a> per fer un seguiment prec\u00eds de les passejades i carreres a l&#8217;aire lliure.<\/li>\n<li>Rep alertes per vibraci\u00f3 per a totes les notificacions, incloses les trucades, els missatges de text i molt m\u00e9s (respostes a missatges disponibles per a usuaris de dispositius Android<sup class=\"tm-symbol\">\u2122<\/sup>)<\/li>\n<li>L&#8217;autonomia de la bateria s&#8217;adapta al teu ritme; dura fins a 7 dies (excl\u00f2s el seguiment de pulsioximetria durant el son) i es pot utilitzar en activitats de <a href=\"https:\/\/www.garmin.com\/es-ES\/legal\/waterrating\">nataci\u00f3 <\/a> i sota la dutxa<\/li>\n<\/ul>\n<p>colors : gris i negre<\/p>\n","protected":false},"excerpt":{"rendered":"<h3>Controla la teva activitat f\u00edsica i benestar amb estil<\/h3>\n","protected":false},"featured_media":4609,"comment_status":"closed","ping_status":"closed","template":"","meta":{"_exactmetrics_skip_tracking":false,"_exactmetrics_sitenote_active":false,"_exactmetrics_sitenote_note":"","_exactmetrics_sitenote_category":0},"product_brand":[],"product_cat":[221,226],"product_tag":[],"class_list":{"0":"post-4610","1":"product","2":"type-product","3":"status-publish","4":"has-post-thumbnail","6":"product_cat-informatica-telefonia-electronica-ca","7":"product_cat-rellotges-smart","9":"first","10":"instock","11":"shipping-taxable","12":"product-type-simple"},"yoast_head":"<!-- This site is optimized with the Yoast SEO plugin v27.5 - https:\/\/yoast.com\/product\/yoast-seo-wordpress\/ -->\n<title>Polsera GARMIN VIVOSMART 4 - Carreres Web - Botiga Foto V\u00eddeo C\u00e0meres TV Sony telef\u00f3nica telefonia.<\/title>\n<meta name=\"robots\" content=\"index, follow, max-snippet:-1, max-image-preview:large, max-video-preview:-1\" \/>\n<link rel=\"canonical\" href=\"https:\/\/carrerasweb.cat\/tienda\/sense%20categoria\/polsera-garmin-vivosmart-4\/\" \/>\n<meta property=\"og:locale\" content=\"ca_ES\" \/>\n<meta property=\"og:type\" content=\"article\" \/>\n<meta property=\"og:title\" content=\"Polsera GARMIN VIVOSMART 4 - Carreres Web - Botiga Foto V\u00eddeo C\u00e0meres TV Sony telef\u00f3nica telefonia.\" \/>\n<meta property=\"og:description\" content=\"Controla la teva activitat f\u00edsica i benestar amb estil\" \/>\n<meta property=\"og:url\" content=\"https:\/\/carrerasweb.cat\/tienda\/sense categoria\/polsera-garmin-vivosmart-4\/\" \/>\n<meta property=\"og:site_name\" content=\"Carreres Web - Botiga Foto V\u00eddeo C\u00e0meres TV Sony telef\u00f3nica telefonia.\" \/>\n<meta property=\"article:publisher\" content=\"https:\/\/www.facebook.com\/CarrerasFotoVideo\/\" \/>\n<meta name=\"twitter:card\" content=\"summary_large_image\" \/>\n<meta name=\"twitter:label1\" content=\"Temps estimat de lectura\" \/>\n\t<meta name=\"twitter:data1\" content=\"1 minut\" \/>\n<script type=\"application\/ld+json\" class=\"yoast-schema-graph\">{\"@context\":\"https:\\\/\\\/schema.org\",\"@graph\":[{\"@type\":\"WebPage\",\"@id\":\"https:\\\/\\\/carrerasweb.cat\\\/tienda\\\/sense categoria\\\/polsera-garmin-vivosmart-4\\\/\",\"url\":\"https:\\\/\\\/carrerasweb.cat\\\/tienda\\\/sense categoria\\\/polsera-garmin-vivosmart-4\\\/\",\"name\":\"Polsera GARMIN VIVOSMART 4 - Carreres Web - Botiga Foto V\u00eddeo C\u00e0meres TV Sony telef\u00f3nica telefonia.\",\"isPartOf\":{\"@id\":\"https:\\\/\\\/carrerasweb.cat\\\/#website\"},\"primaryImageOfPage\":{\"@id\":\"https:\\\/\\\/carrerasweb.cat\\\/tienda\\\/sense categoria\\\/polsera-garmin-vivosmart-4\\\/#primaryimage\"},\"image\":{\"@id\":\"https:\\\/\\\/carrerasweb.cat\\\/tienda\\\/sense categoria\\\/polsera-garmin-vivosmart-4\\\/#primaryimage\"},\"thumbnailUrl\":\"https:\\\/\\\/carrerasweb.cat\\\/wp-content\\\/uploads\\\/2024\\\/06\\\/vivosmart1.jpg\",\"datePublished\":\"2024-06-28T11:05:14+00:00\",\"breadcrumb\":{\"@id\":\"https:\\\/\\\/carrerasweb.cat\\\/tienda\\\/sense categoria\\\/polsera-garmin-vivosmart-4\\\/#breadcrumb\"},\"inLanguage\":\"ca\",\"potentialAction\":[{\"@type\":\"ReadAction\",\"target\":[\"https:\\\/\\\/carrerasweb.cat\\\/tienda\\\/sense categoria\\\/polsera-garmin-vivosmart-4\\\/\"]}]},{\"@type\":\"ImageObject\",\"inLanguage\":\"ca\",\"@id\":\"https:\\\/\\\/carrerasweb.cat\\\/tienda\\\/sense categoria\\\/polsera-garmin-vivosmart-4\\\/#primaryimage\",\"url\":\"https:\\\/\\\/carrerasweb.cat\\\/wp-content\\\/uploads\\\/2024\\\/06\\\/vivosmart1.jpg\",\"contentUrl\":\"https:\\\/\\\/carrerasweb.cat\\\/wp-content\\\/uploads\\\/2024\\\/06\\\/vivosmart1.jpg\",\"width\":480,\"height\":480},{\"@type\":\"BreadcrumbList\",\"@id\":\"https:\\\/\\\/carrerasweb.cat\\\/tienda\\\/sense categoria\\\/polsera-garmin-vivosmart-4\\\/#breadcrumb\",\"itemListElement\":[{\"@type\":\"ListItem\",\"position\":1,\"name\":\"Portada\",\"item\":\"https:\\\/\\\/carrerasweb.cat\\\/ca\\\/inici\\\/\"},{\"@type\":\"ListItem\",\"position\":2,\"name\":\"Productes\",\"item\":\"https:\\\/\\\/carrerasweb.cat\\\/ca\\\/productes\\\/\"},{\"@type\":\"ListItem\",\"position\":3,\"name\":\"Polsera GARMIN VIVOSMART 4\"}]},{\"@type\":\"WebSite\",\"@id\":\"https:\\\/\\\/carrerasweb.cat\\\/#website\",\"url\":\"https:\\\/\\\/carrerasweb.cat\\\/\",\"name\":\"Carreras Web - Tienda Foto V\u00eddeo C\u00e1maras TV Sony Telef\u00f3nica Telefon\u00eda.\",\"description\":\"Distribuidor oficial a Figueres de Sony, la marca l\u00edder en audio, v\u00eddeo, fotografia, c\u00e0meres i accessoris, inform\u00e0tica, telef\u00f2nica, marcs i \u00e0lbums foto.\",\"publisher\":{\"@id\":\"https:\\\/\\\/carrerasweb.cat\\\/#organization\"},\"potentialAction\":[{\"@type\":\"SearchAction\",\"target\":{\"@type\":\"EntryPoint\",\"urlTemplate\":\"https:\\\/\\\/carrerasweb.cat\\\/?s={search_term_string}\"},\"query-input\":{\"@type\":\"PropertyValueSpecification\",\"valueRequired\":true,\"valueName\":\"search_term_string\"}}],\"inLanguage\":\"ca\"},{\"@type\":\"Organization\",\"@id\":\"https:\\\/\\\/carrerasweb.cat\\\/#organization\",\"name\":\"CARRERAS FOTO VIDEO\",\"url\":\"https:\\\/\\\/carrerasweb.cat\\\/\",\"logo\":{\"@type\":\"ImageObject\",\"inLanguage\":\"ca\",\"@id\":\"https:\\\/\\\/carrerasweb.cat\\\/#\\\/schema\\\/logo\\\/image\\\/\",\"url\":\"https:\\\/\\\/carrerasweb.cat\\\/wp-content\\\/uploads\\\/2021\\\/03\\\/logo.png\",\"contentUrl\":\"https:\\\/\\\/carrerasweb.cat\\\/wp-content\\\/uploads\\\/2021\\\/03\\\/logo.png\",\"width\":276,\"height\":100,\"caption\":\"CARRERAS FOTO VIDEO\"},\"image\":{\"@id\":\"https:\\\/\\\/carrerasweb.cat\\\/#\\\/schema\\\/logo\\\/image\\\/\"},\"sameAs\":[\"https:\\\/\\\/www.facebook.com\\\/CarrerasFotoVideo\\\/\",\"https:\\\/\\\/www.instagram.com\\\/carrerasfotovideo\\\/\"]}]}<\/script>\n<!-- \/ Yoast SEO plugin. -->","yoast_head_json":{"title":"Polsera GARMIN VIVOSMART 4 - Carreres Web - Botiga Foto V\u00eddeo C\u00e0meres TV Sony telef\u00f3nica telefonia.","robots":{"index":"index","follow":"follow","max-snippet":"max-snippet:-1","max-image-preview":"max-image-preview:large","max-video-preview":"max-video-preview:-1"},"canonical":"https:\/\/carrerasweb.cat\/tienda\/sense categoria\/polsera-garmin-vivosmart-4\/","og_locale":"ca_ES","og_type":"article","og_title":"Polsera GARMIN VIVOSMART 4 - Carreres Web - Botiga Foto V\u00eddeo C\u00e0meres TV Sony telef\u00f3nica telefonia.","og_description":"Controla la teva activitat f\u00edsica i benestar amb estil","og_url":"https:\/\/carrerasweb.cat\/tienda\/sense categoria\/polsera-garmin-vivosmart-4\/","og_site_name":"Carreres Web - Botiga Foto V\u00eddeo C\u00e0meres TV Sony telef\u00f3nica telefonia.","article_publisher":"https:\/\/www.facebook.com\/CarrerasFotoVideo\/","twitter_card":"summary_large_image","twitter_misc":{"Temps estimat de lectura":"1 minut"},"schema":{"@context":"https:\/\/schema.org","@graph":[{"@type":"WebPage","@id":"https:\/\/carrerasweb.cat\/tienda\/sense categoria\/polsera-garmin-vivosmart-4\/","url":"https:\/\/carrerasweb.cat\/tienda\/sense categoria\/polsera-garmin-vivosmart-4\/","name":"Polsera GARMIN VIVOSMART 4 - Carreres Web - Botiga Foto V\u00eddeo C\u00e0meres TV Sony telef\u00f3nica telefonia.","isPartOf":{"@id":"https:\/\/carrerasweb.cat\/#website"},"primaryImageOfPage":{"@id":"https:\/\/carrerasweb.cat\/tienda\/sense categoria\/polsera-garmin-vivosmart-4\/#primaryimage"},"image":{"@id":"https:\/\/carrerasweb.cat\/tienda\/sense categoria\/polsera-garmin-vivosmart-4\/#primaryimage"},"thumbnailUrl":"https:\/\/carrerasweb.cat\/wp-content\/uploads\/2024\/06\/vivosmart1.jpg","datePublished":"2024-06-28T11:05:14+00:00","breadcrumb":{"@id":"https:\/\/carrerasweb.cat\/tienda\/sense categoria\/polsera-garmin-vivosmart-4\/#breadcrumb"},"inLanguage":"ca","potentialAction":[{"@type":"ReadAction","target":["https:\/\/carrerasweb.cat\/tienda\/sense categoria\/polsera-garmin-vivosmart-4\/"]}]},{"@type":"ImageObject","inLanguage":"ca","@id":"https:\/\/carrerasweb.cat\/tienda\/sense categoria\/polsera-garmin-vivosmart-4\/#primaryimage","url":"https:\/\/carrerasweb.cat\/wp-content\/uploads\/2024\/06\/vivosmart1.jpg","contentUrl":"https:\/\/carrerasweb.cat\/wp-content\/uploads\/2024\/06\/vivosmart1.jpg","width":480,"height":480},{"@type":"BreadcrumbList","@id":"https:\/\/carrerasweb.cat\/tienda\/sense categoria\/polsera-garmin-vivosmart-4\/#breadcrumb","itemListElement":[{"@type":"ListItem","position":1,"name":"Portada","item":"https:\/\/carrerasweb.cat\/ca\/inici\/"},{"@type":"ListItem","position":2,"name":"Productes","item":"https:\/\/carrerasweb.cat\/ca\/productes\/"},{"@type":"ListItem","position":3,"name":"Polsera GARMIN VIVOSMART 4"}]},{"@type":"WebSite","@id":"https:\/\/carrerasweb.cat\/#website","url":"https:\/\/carrerasweb.cat\/","name":"Carreras Web - Tienda Foto V\u00eddeo C\u00e1maras TV Sony Telef\u00f3nica Telefon\u00eda.","description":"Distribuidor oficial a Figueres de Sony, la marca l\u00edder en audio, v\u00eddeo, fotografia, c\u00e0meres i accessoris, inform\u00e0tica, telef\u00f2nica, marcs i \u00e0lbums foto.","publisher":{"@id":"https:\/\/carrerasweb.cat\/#organization"},"potentialAction":[{"@type":"SearchAction","target":{"@type":"EntryPoint","urlTemplate":"https:\/\/carrerasweb.cat\/?s={search_term_string}"},"query-input":{"@type":"PropertyValueSpecification","valueRequired":true,"valueName":"search_term_string"}}],"inLanguage":"ca"},{"@type":"Organization","@id":"https:\/\/carrerasweb.cat\/#organization","name":"CARRERAS FOTO VIDEO","url":"https:\/\/carrerasweb.cat\/","logo":{"@type":"ImageObject","inLanguage":"ca","@id":"https:\/\/carrerasweb.cat\/#\/schema\/logo\/image\/","url":"https:\/\/carrerasweb.cat\/wp-content\/uploads\/2021\/03\/logo.png","contentUrl":"https:\/\/carrerasweb.cat\/wp-content\/uploads\/2021\/03\/logo.png","width":276,"height":100,"caption":"CARRERAS FOTO VIDEO"},"image":{"@id":"https:\/\/carrerasweb.cat\/#\/schema\/logo\/image\/"},"sameAs":["https:\/\/www.facebook.com\/CarrerasFotoVideo\/","https:\/\/www.instagram.com\/carrerasfotovideo\/"]}]}},"_links":{"self":[{"href":"https:\/\/carrerasweb.cat\/ca\/wp-json\/wp\/v2\/product\/4610","targetHints":{"allow":["GET"]}}],"collection":[{"href":"https:\/\/carrerasweb.cat\/ca\/wp-json\/wp\/v2\/product"}],"about":[{"href":"https:\/\/carrerasweb.cat\/ca\/wp-json\/wp\/v2\/types\/product"}],"replies":[{"embeddable":true,"href":"https:\/\/carrerasweb.cat\/ca\/wp-json\/wp\/v2\/comments?post=4610"}],"wp:featuredmedia":[{"embeddable":true,"href":"https:\/\/carrerasweb.cat\/ca\/wp-json\/wp\/v2\/media\/4609"}],"wp:attachment":[{"href":"https:\/\/carrerasweb.cat\/ca\/wp-json\/wp\/v2\/media?parent=4610"}],"wp:term":[{"taxonomy":"product_brand","embeddable":true,"href":"https:\/\/carrerasweb.cat\/ca\/wp-json\/wp\/v2\/product_brand?post=4610"},{"taxonomy":"product_cat","embeddable":true,"href":"https:\/\/carrerasweb.cat\/ca\/wp-json\/wp\/v2\/product_cat?post=4610"},{"taxonomy":"product_tag","embeddable":true,"href":"https:\/\/carrerasweb.cat\/ca\/wp-json\/wp\/v2\/product_tag?post=4610"}],"curies":[{"name":"wp","href":"https:\/\/api.w.org\/{rel}","templated":true}]}}