{"id":4537,"date":"2024-05-07T10:53:39","date_gmt":"2024-05-07T10:53:39","guid":{"rendered":"https:\/\/carrerasweb.cat\/?post_type=product&#038;p=4537"},"modified":"2024-07-31T16:46:33","modified_gmt":"2024-07-31T16:46:33","slug":"camera-per-a-vlogs-sony-zv-1m2","status":"publish","type":"product","link":"https:\/\/carrerasweb.cat\/ca\/botiga\/cameres-i-accessoris\/videocameres\/camera-per-a-vlogs-sony-zv-1m2\/","title":{"rendered":"C\u00e0mera per a vlogs Sony ZV-1M2"},"content":{"rendered":"<h6 class=\"MuiTypography-root MuiTypography-subtitle1 css-l0qrj5\">ZV-1M2<\/h6>\n<h6 class=\"MuiTypography-root MuiTypography-subtitle2 css-4elzf4\">C\u00e0mera vlogging ZV-1 II<\/h6>\n<div class=\"MuiTypography-root MuiTypography-caption css-rqnof7\">C\u00e0mera vlogging gran angular, port\u00e0til i totterreny<\/div>\n<div class=\"MuiTypography-root MuiTypography-caption css-rqnof7\">La c\u00e0mera vlogging ZV-1 II, l&#8217;eina essencial del vlogger, incorpora un objectiu zoom gran angular, un ajustament de vlog cinematogr\u00e0fic i un micr\u00f2fon inteligent integrat de 3 c\u00e0psules, tot aix\u00f2 alhora que ofereix una gran portabilitat.<\/div>\n<div class=\"MuiTypography-root MuiTypography-caption css-rqnof7\">\n<ul>\n<li>Vers\u00e0til objectiu zoom gran angular de 18-50 mm, ideal per a vlogging<\/li>\n<li>Gran sensor d&#8217;imatge tipus 1.0&#8243; per a obtenir una qualitat d&#8217;imatge extraordin\u00e0ria<\/li>\n<li>\u00c0udio excel\u00b7lent gr\u00e0cies al micr\u00f2fon intel\u00b7ligent integrat de 3 c\u00e0psules i el paravents incl\u00f2s<\/li>\n<li>Sensor 1&#8243; de 21 Mpx<\/li>\n<li>Objectiu 6,9-17,6 mm (18-50 mm) F1,8 \/ F4,0<\/li>\n<li>R\u00e0fegues fins a 16fps.<\/li>\n<li>Micr\u00f2fono de 3 c\u00e0psules<\/li>\n<li>Pantalla t\u00e0ctil 270\u00ba<\/li>\n<li>4K. Bluetooth, WiFi.<\/li>\n<\/ul>\n<\/div>\n","protected":false},"excerpt":{"rendered":"<p>Envia els teus videos a les xarxes socials f\u00e0cilment, r\u00e0pidament i amb qualitat d&#8217;\u00e0udio i v\u00eddeo<\/p>\n","protected":false},"featured_media":4544,"comment_status":"closed","ping_status":"closed","template":"","meta":{"_exactmetrics_skip_tracking":false,"_exactmetrics_sitenote_active":false,"_exactmetrics_sitenote_note":"","_exactmetrics_sitenote_category":0},"product_brand":[],"product_cat":[197,220],"product_tag":[],"class_list":{"0":"post-4537","1":"product","2":"type-product","3":"status-publish","4":"has-post-thumbnail","6":"product_cat-cameres-i-accessoris","7":"product_cat-videocameres","9":"first","10":"instock","11":"sale","12":"featured","13":"shipping-taxable","14":"product-type-simple"},"yoast_head":"<!-- This site is optimized with the Yoast SEO plugin v27.5 - https:\/\/yoast.com\/product\/yoast-seo-wordpress\/ -->\n<title>C\u00e0mera per a vlogs Sony ZV-1M2 - Carreres Web - Botiga Foto V\u00eddeo C\u00e0meres TV Sony telef\u00f3nica telefonia.<\/title>\n<meta name=\"robots\" content=\"index, follow, max-snippet:-1, max-image-preview:large, max-video-preview:-1\" \/>\n<link rel=\"canonical\" href=\"https:\/\/carrerasweb.cat\/tienda\/camaras-y-accesorios\/videocamaras\/camara-para-vlogs-sony-zv-1m2\/\" \/>\n<meta property=\"og:locale\" content=\"ca_ES\" \/>\n<meta property=\"og:type\" content=\"article\" \/>\n<meta property=\"og:title\" content=\"C\u00e0mera per a vlogs Sony ZV-1M2 - Carreres Web - Botiga Foto V\u00eddeo C\u00e0meres TV Sony telef\u00f3nica telefonia.\" \/>\n<meta property=\"og:description\" content=\"Envia els teus videos a les xarxes socials f\u00e0cilment, r\u00e0pidament i amb qualitat d&#039;\u00e0udio i v\u00eddeo\" \/>\n<meta property=\"og:url\" content=\"https:\/\/carrerasweb.cat\/tienda\/camaras-y-accesorios\/videocamaras\/camara-para-vlogs-sony-zv-1m2\/\" \/>\n<meta property=\"og:site_name\" content=\"Carreres Web - Botiga Foto V\u00eddeo C\u00e0meres TV Sony telef\u00f3nica telefonia.\" \/>\n<meta property=\"article:publisher\" content=\"https:\/\/www.facebook.com\/CarrerasFotoVideo\/\" \/>\n<meta property=\"article:modified_time\" content=\"2024-07-31T16:46:33+00:00\" \/>\n<meta property=\"og:image\" content=\"https:\/\/carrerasweb.cat\/wp-content\/uploads\/2024\/05\/ZV1M2a.jpg\" \/>\n\t<meta property=\"og:image:width\" content=\"825\" \/>\n\t<meta property=\"og:image:height\" content=\"825\" \/>\n\t<meta property=\"og:image:type\" content=\"image\/jpeg\" \/>\n<meta name=\"twitter:card\" content=\"summary_large_image\" \/>\n<meta name=\"twitter:label1\" content=\"Temps estimat de lectura\" \/>\n\t<meta name=\"twitter:data1\" content=\"1 minut\" \/>\n<script type=\"application\/ld+json\" class=\"yoast-schema-graph\">{\"@context\":\"https:\\\/\\\/schema.org\",\"@graph\":[{\"@type\":\"WebPage\",\"@id\":\"https:\\\/\\\/carrerasweb.cat\\\/tienda\\\/camaras-y-accesorios\\\/videocamaras\\\/camara-para-vlogs-sony-zv-1m2\\\/\",\"url\":\"https:\\\/\\\/carrerasweb.cat\\\/tienda\\\/camaras-y-accesorios\\\/videocamaras\\\/camara-para-vlogs-sony-zv-1m2\\\/\",\"name\":\"C\u00e0mera per a vlogs Sony ZV-1M2 - Carreres Web - Botiga Foto V\u00eddeo C\u00e0meres TV Sony telef\u00f3nica telefonia.\",\"isPartOf\":{\"@id\":\"https:\\\/\\\/carrerasweb.cat\\\/#website\"},\"primaryImageOfPage\":{\"@id\":\"https:\\\/\\\/carrerasweb.cat\\\/tienda\\\/camaras-y-accesorios\\\/videocamaras\\\/camara-para-vlogs-sony-zv-1m2\\\/#primaryimage\"},\"image\":{\"@id\":\"https:\\\/\\\/carrerasweb.cat\\\/tienda\\\/camaras-y-accesorios\\\/videocamaras\\\/camara-para-vlogs-sony-zv-1m2\\\/#primaryimage\"},\"thumbnailUrl\":\"https:\\\/\\\/carrerasweb.cat\\\/wp-content\\\/uploads\\\/2024\\\/05\\\/ZV1M2a.jpg\",\"datePublished\":\"2024-05-07T10:53:39+00:00\",\"dateModified\":\"2024-07-31T16:46:33+00:00\",\"breadcrumb\":{\"@id\":\"https:\\\/\\\/carrerasweb.cat\\\/tienda\\\/camaras-y-accesorios\\\/videocamaras\\\/camara-para-vlogs-sony-zv-1m2\\\/#breadcrumb\"},\"inLanguage\":\"ca\",\"potentialAction\":[{\"@type\":\"ReadAction\",\"target\":[\"https:\\\/\\\/carrerasweb.cat\\\/tienda\\\/camaras-y-accesorios\\\/videocamaras\\\/camara-para-vlogs-sony-zv-1m2\\\/\"]}]},{\"@type\":\"ImageObject\",\"inLanguage\":\"ca\",\"@id\":\"https:\\\/\\\/carrerasweb.cat\\\/tienda\\\/camaras-y-accesorios\\\/videocamaras\\\/camara-para-vlogs-sony-zv-1m2\\\/#primaryimage\",\"url\":\"https:\\\/\\\/carrerasweb.cat\\\/wp-content\\\/uploads\\\/2024\\\/05\\\/ZV1M2a.jpg\",\"contentUrl\":\"https:\\\/\\\/carrerasweb.cat\\\/wp-content\\\/uploads\\\/2024\\\/05\\\/ZV1M2a.jpg\",\"width\":825,\"height\":825},{\"@type\":\"BreadcrumbList\",\"@id\":\"https:\\\/\\\/carrerasweb.cat\\\/tienda\\\/camaras-y-accesorios\\\/videocamaras\\\/camara-para-vlogs-sony-zv-1m2\\\/#breadcrumb\",\"itemListElement\":[{\"@type\":\"ListItem\",\"position\":1,\"name\":\"Portada\",\"item\":\"https:\\\/\\\/carrerasweb.cat\\\/ca\\\/inici\\\/\"},{\"@type\":\"ListItem\",\"position\":2,\"name\":\"Productes\",\"item\":\"https:\\\/\\\/carrerasweb.cat\\\/ca\\\/productes\\\/\"},{\"@type\":\"ListItem\",\"position\":3,\"name\":\"C\u00e0mera per a vlogs Sony ZV-1M2\"}]},{\"@type\":\"WebSite\",\"@id\":\"https:\\\/\\\/carrerasweb.cat\\\/#website\",\"url\":\"https:\\\/\\\/carrerasweb.cat\\\/\",\"name\":\"Carreras Web - Tienda Foto V\u00eddeo C\u00e1maras TV Sony Telef\u00f3nica Telefon\u00eda.\",\"description\":\"Distribuidor oficial a Figueres de Sony, la marca l\u00edder en audio, v\u00eddeo, fotografia, c\u00e0meres i accessoris, inform\u00e0tica, telef\u00f2nica, marcs i \u00e0lbums foto.\",\"publisher\":{\"@id\":\"https:\\\/\\\/carrerasweb.cat\\\/#organization\"},\"potentialAction\":[{\"@type\":\"SearchAction\",\"target\":{\"@type\":\"EntryPoint\",\"urlTemplate\":\"https:\\\/\\\/carrerasweb.cat\\\/?s={search_term_string}\"},\"query-input\":{\"@type\":\"PropertyValueSpecification\",\"valueRequired\":true,\"valueName\":\"search_term_string\"}}],\"inLanguage\":\"ca\"},{\"@type\":\"Organization\",\"@id\":\"https:\\\/\\\/carrerasweb.cat\\\/#organization\",\"name\":\"CARRERAS FOTO VIDEO\",\"url\":\"https:\\\/\\\/carrerasweb.cat\\\/\",\"logo\":{\"@type\":\"ImageObject\",\"inLanguage\":\"ca\",\"@id\":\"https:\\\/\\\/carrerasweb.cat\\\/#\\\/schema\\\/logo\\\/image\\\/\",\"url\":\"https:\\\/\\\/carrerasweb.cat\\\/wp-content\\\/uploads\\\/2021\\\/03\\\/logo.png\",\"contentUrl\":\"https:\\\/\\\/carrerasweb.cat\\\/wp-content\\\/uploads\\\/2021\\\/03\\\/logo.png\",\"width\":276,\"height\":100,\"caption\":\"CARRERAS FOTO VIDEO\"},\"image\":{\"@id\":\"https:\\\/\\\/carrerasweb.cat\\\/#\\\/schema\\\/logo\\\/image\\\/\"},\"sameAs\":[\"https:\\\/\\\/www.facebook.com\\\/CarrerasFotoVideo\\\/\",\"https:\\\/\\\/www.instagram.com\\\/carrerasfotovideo\\\/\"]}]}<\/script>\n<!-- \/ Yoast SEO plugin. -->","yoast_head_json":{"title":"C\u00e0mera per a vlogs Sony ZV-1M2 - Carreres Web - Botiga Foto V\u00eddeo C\u00e0meres TV Sony telef\u00f3nica telefonia.","robots":{"index":"index","follow":"follow","max-snippet":"max-snippet:-1","max-image-preview":"max-image-preview:large","max-video-preview":"max-video-preview:-1"},"canonical":"https:\/\/carrerasweb.cat\/tienda\/camaras-y-accesorios\/videocamaras\/camara-para-vlogs-sony-zv-1m2\/","og_locale":"ca_ES","og_type":"article","og_title":"C\u00e0mera per a vlogs Sony ZV-1M2 - Carreres Web - Botiga Foto V\u00eddeo C\u00e0meres TV Sony telef\u00f3nica telefonia.","og_description":"Envia els teus videos a les xarxes socials f\u00e0cilment, r\u00e0pidament i amb qualitat d'\u00e0udio i v\u00eddeo","og_url":"https:\/\/carrerasweb.cat\/tienda\/camaras-y-accesorios\/videocamaras\/camara-para-vlogs-sony-zv-1m2\/","og_site_name":"Carreres Web - Botiga Foto V\u00eddeo C\u00e0meres TV Sony telef\u00f3nica telefonia.","article_publisher":"https:\/\/www.facebook.com\/CarrerasFotoVideo\/","article_modified_time":"2024-07-31T16:46:33+00:00","og_image":[{"width":825,"height":825,"url":"https:\/\/carrerasweb.cat\/wp-content\/uploads\/2024\/05\/ZV1M2a.jpg","type":"image\/jpeg"}],"twitter_card":"summary_large_image","twitter_misc":{"Temps estimat de lectura":"1 minut"},"schema":{"@context":"https:\/\/schema.org","@graph":[{"@type":"WebPage","@id":"https:\/\/carrerasweb.cat\/tienda\/camaras-y-accesorios\/videocamaras\/camara-para-vlogs-sony-zv-1m2\/","url":"https:\/\/carrerasweb.cat\/tienda\/camaras-y-accesorios\/videocamaras\/camara-para-vlogs-sony-zv-1m2\/","name":"C\u00e0mera per a vlogs Sony ZV-1M2 - Carreres Web - Botiga Foto V\u00eddeo C\u00e0meres TV Sony telef\u00f3nica telefonia.","isPartOf":{"@id":"https:\/\/carrerasweb.cat\/#website"},"primaryImageOfPage":{"@id":"https:\/\/carrerasweb.cat\/tienda\/camaras-y-accesorios\/videocamaras\/camara-para-vlogs-sony-zv-1m2\/#primaryimage"},"image":{"@id":"https:\/\/carrerasweb.cat\/tienda\/camaras-y-accesorios\/videocamaras\/camara-para-vlogs-sony-zv-1m2\/#primaryimage"},"thumbnailUrl":"https:\/\/carrerasweb.cat\/wp-content\/uploads\/2024\/05\/ZV1M2a.jpg","datePublished":"2024-05-07T10:53:39+00:00","dateModified":"2024-07-31T16:46:33+00:00","breadcrumb":{"@id":"https:\/\/carrerasweb.cat\/tienda\/camaras-y-accesorios\/videocamaras\/camara-para-vlogs-sony-zv-1m2\/#breadcrumb"},"inLanguage":"ca","potentialAction":[{"@type":"ReadAction","target":["https:\/\/carrerasweb.cat\/tienda\/camaras-y-accesorios\/videocamaras\/camara-para-vlogs-sony-zv-1m2\/"]}]},{"@type":"ImageObject","inLanguage":"ca","@id":"https:\/\/carrerasweb.cat\/tienda\/camaras-y-accesorios\/videocamaras\/camara-para-vlogs-sony-zv-1m2\/#primaryimage","url":"https:\/\/carrerasweb.cat\/wp-content\/uploads\/2024\/05\/ZV1M2a.jpg","contentUrl":"https:\/\/carrerasweb.cat\/wp-content\/uploads\/2024\/05\/ZV1M2a.jpg","width":825,"height":825},{"@type":"BreadcrumbList","@id":"https:\/\/carrerasweb.cat\/tienda\/camaras-y-accesorios\/videocamaras\/camara-para-vlogs-sony-zv-1m2\/#breadcrumb","itemListElement":[{"@type":"ListItem","position":1,"name":"Portada","item":"https:\/\/carrerasweb.cat\/ca\/inici\/"},{"@type":"ListItem","position":2,"name":"Productes","item":"https:\/\/carrerasweb.cat\/ca\/productes\/"},{"@type":"ListItem","position":3,"name":"C\u00e0mera per a vlogs Sony ZV-1M2"}]},{"@type":"WebSite","@id":"https:\/\/carrerasweb.cat\/#website","url":"https:\/\/carrerasweb.cat\/","name":"Carreras Web - Tienda Foto V\u00eddeo C\u00e1maras TV Sony Telef\u00f3nica Telefon\u00eda.","description":"Distribuidor oficial a Figueres de Sony, la marca l\u00edder en audio, v\u00eddeo, fotografia, c\u00e0meres i accessoris, inform\u00e0tica, telef\u00f2nica, marcs i \u00e0lbums foto.","publisher":{"@id":"https:\/\/carrerasweb.cat\/#organization"},"potentialAction":[{"@type":"SearchAction","target":{"@type":"EntryPoint","urlTemplate":"https:\/\/carrerasweb.cat\/?s={search_term_string}"},"query-input":{"@type":"PropertyValueSpecification","valueRequired":true,"valueName":"search_term_string"}}],"inLanguage":"ca"},{"@type":"Organization","@id":"https:\/\/carrerasweb.cat\/#organization","name":"CARRERAS FOTO VIDEO","url":"https:\/\/carrerasweb.cat\/","logo":{"@type":"ImageObject","inLanguage":"ca","@id":"https:\/\/carrerasweb.cat\/#\/schema\/logo\/image\/","url":"https:\/\/carrerasweb.cat\/wp-content\/uploads\/2021\/03\/logo.png","contentUrl":"https:\/\/carrerasweb.cat\/wp-content\/uploads\/2021\/03\/logo.png","width":276,"height":100,"caption":"CARRERAS FOTO VIDEO"},"image":{"@id":"https:\/\/carrerasweb.cat\/#\/schema\/logo\/image\/"},"sameAs":["https:\/\/www.facebook.com\/CarrerasFotoVideo\/","https:\/\/www.instagram.com\/carrerasfotovideo\/"]}]}},"_links":{"self":[{"href":"https:\/\/carrerasweb.cat\/ca\/wp-json\/wp\/v2\/product\/4537","targetHints":{"allow":["GET"]}}],"collection":[{"href":"https:\/\/carrerasweb.cat\/ca\/wp-json\/wp\/v2\/product"}],"about":[{"href":"https:\/\/carrerasweb.cat\/ca\/wp-json\/wp\/v2\/types\/product"}],"replies":[{"embeddable":true,"href":"https:\/\/carrerasweb.cat\/ca\/wp-json\/wp\/v2\/comments?post=4537"}],"wp:featuredmedia":[{"embeddable":true,"href":"https:\/\/carrerasweb.cat\/ca\/wp-json\/wp\/v2\/media\/4544"}],"wp:attachment":[{"href":"https:\/\/carrerasweb.cat\/ca\/wp-json\/wp\/v2\/media?parent=4537"}],"wp:term":[{"taxonomy":"product_brand","embeddable":true,"href":"https:\/\/carrerasweb.cat\/ca\/wp-json\/wp\/v2\/product_brand?post=4537"},{"taxonomy":"product_cat","embeddable":true,"href":"https:\/\/carrerasweb.cat\/ca\/wp-json\/wp\/v2\/product_cat?post=4537"},{"taxonomy":"product_tag","embeddable":true,"href":"https:\/\/carrerasweb.cat\/ca\/wp-json\/wp\/v2\/product_tag?post=4537"}],"curies":[{"name":"wp","href":"https:\/\/api.w.org\/{rel}","templated":true}]}}