{"id":4487,"date":"2024-04-19T09:08:48","date_gmt":"2024-04-19T09:08:48","guid":{"rendered":"https:\/\/carrerasweb.cat\/tienda\/sense%20categoria\/altaveu-sony-ult-field-1\/"},"modified":"2025-05-07T15:54:17","modified_gmt":"2025-05-07T15:54:17","slug":"altaveu-sony-ult-field-1","status":"publish","type":"product","link":"https:\/\/carrerasweb.cat\/ca\/botiga\/audio-video-tv-ca\/altaveus-sense-fil\/altaveu-sony-ult-field-1\/","title":{"rendered":"Altaveu SONY ULT FIELD 1, 4 colors"},"content":{"rendered":"<div class=\"MuiTypography-root MuiTypography-caption css-rqnof7\">Experimenta un so potent i greus millorats on sigui que vagis amb l&#8217;ULT FIELD 1. D&#8217;acord amb les especificacions IP67, \u00e9s resistent a l&#8217;aigua i la pols, i s&#8217;ha provat exhaustivament per garantir que suporta impactes, cops i esgarrapades en el seu \u00fas diari. Pots portar amb tu un so incre\u00efble on sigui que vagis i en qualsevol situaci\u00f3.<\/div>\n<div class=\"MuiTypography-root MuiTypography-caption css-rqnof7\">Un altaveu port\u00e0til amb greus millorats, fet per durar. \u00c9s f\u00e0cil de fer servir i transportar gr\u00e0cies a la corretja multidireccional. Gaudeix m\u00e9s de la m\u00fasica gr\u00e0cies a les 12 hores de durada de bateria.<\/div>\n<div class=\"MuiTypography-root MuiTypography-caption css-rqnof7\">\n<ul>\n<li>Greus millorats i so potent en un altaveu compacte<\/li>\n<li>Disseny f\u00e0cil de transportar i corretja multidireccional per portar-lo a qualsevol lloc<\/li>\n<li>Resistent a l&#8217;aigua, a la pols i als cops, amb 12 hores de durada de bateria<\/li>\n<\/ul>\n<p>4 colors : blanc, negre, taronja i gris<\/p>\n<\/div>\n","protected":false},"excerpt":{"rendered":"<p>Experimenta un so potent i greus millorats on sigui que vagis amb l&#8217;ULT FIELD 1. D&#8217;acord amb les especificacions IP67, \u00e9s resistent a l&#8217;aigua i la pols, i s&#8217;ha provat exhaustivament per garantir que suporta impactes, cops i esgarrapades en el seu \u00fas diari. Pots portar amb tu un so incre\u00efble on sigui que vagis [&#8230;]\n","protected":false},"featured_media":4486,"comment_status":"closed","ping_status":"closed","template":"","meta":{"_exactmetrics_skip_tracking":false,"_exactmetrics_sitenote_active":false,"_exactmetrics_sitenote_note":"","_exactmetrics_sitenote_category":0},"product_brand":[],"product_cat":[166,159],"product_tag":[],"class_list":{"0":"post-4487","1":"product","2":"type-product","3":"status-publish","4":"has-post-thumbnail","6":"product_cat-altaveus-sense-fil","7":"product_cat-audio-video-tv-ca","9":"first","10":"instock","11":"featured","12":"shipping-taxable","13":"product-type-simple"},"yoast_head":"<!-- This site is optimized with the Yoast SEO plugin v27.5 - https:\/\/yoast.com\/product\/yoast-seo-wordpress\/ -->\n<title>Altaveu SONY ULT FIELD 1, 4 colors - Carreres Web - Botiga Foto V\u00eddeo C\u00e0meres TV Sony telef\u00f3nica telefonia.<\/title>\n<meta name=\"robots\" content=\"index, follow, max-snippet:-1, max-image-preview:large, max-video-preview:-1\" \/>\n<link rel=\"canonical\" href=\"https:\/\/carrerasweb.cat\/botiga\/audio-video-tv\/altavoces-inalambricos\/altavoz-sony-ult-field-1\/\" \/>\n<meta property=\"og:locale\" content=\"ca_ES\" \/>\n<meta property=\"og:type\" content=\"article\" \/>\n<meta property=\"og:title\" content=\"Altaveu SONY ULT FIELD 1, 4 colors - Carreres Web - Botiga Foto V\u00eddeo C\u00e0meres TV Sony telef\u00f3nica telefonia.\" \/>\n<meta property=\"og:description\" content=\"Experimenta un so potent i greus millorats on sigui que vagis amb l&#8217;ULT FIELD 1. D&#8217;acord amb les especificacions IP67, \u00e9s resistent a l&#8217;aigua i la pols, i s&#8217;ha provat exhaustivament per garantir que suporta impactes, cops i esgarrapades en el seu \u00fas diari. Pots portar amb tu un so incre\u00efble on sigui que vagis [...]\" \/>\n<meta property=\"og:url\" content=\"https:\/\/carrerasweb.cat\/botiga\/audio-video-tv\/altavoces-inalambricos\/altavoz-sony-ult-field-1\/\" \/>\n<meta property=\"og:site_name\" content=\"Carreres Web - Botiga Foto V\u00eddeo C\u00e0meres TV Sony telef\u00f3nica telefonia.\" \/>\n<meta property=\"article:publisher\" content=\"https:\/\/www.facebook.com\/CarrerasFotoVideo\/\" \/>\n<meta property=\"article:modified_time\" content=\"2025-05-07T15:54:17+00:00\" \/>\n<meta property=\"og:image\" content=\"https:\/\/carrerasweb.cat\/wp-content\/uploads\/2024\/04\/SRS-ULT10a.jpg\" \/>\n\t<meta property=\"og:image:width\" content=\"549\" \/>\n\t<meta property=\"og:image:height\" content=\"549\" \/>\n\t<meta property=\"og:image:type\" content=\"image\/jpeg\" \/>\n<meta name=\"twitter:card\" content=\"summary_large_image\" \/>\n<meta name=\"twitter:label1\" content=\"Temps estimat de lectura\" \/>\n\t<meta name=\"twitter:data1\" content=\"1 minut\" \/>\n<script type=\"application\/ld+json\" class=\"yoast-schema-graph\">{\"@context\":\"https:\\\/\\\/schema.org\",\"@graph\":[{\"@type\":\"WebPage\",\"@id\":\"https:\\\/\\\/carrerasweb.cat\\\/botiga\\\/audio-video-tv\\\/altavoces-inalambricos\\\/altavoz-sony-ult-field-1\\\/\",\"url\":\"https:\\\/\\\/carrerasweb.cat\\\/botiga\\\/audio-video-tv\\\/altavoces-inalambricos\\\/altavoz-sony-ult-field-1\\\/\",\"name\":\"Altaveu SONY ULT FIELD 1, 4 colors - Carreres Web - Botiga Foto V\u00eddeo C\u00e0meres TV Sony telef\u00f3nica telefonia.\",\"isPartOf\":{\"@id\":\"https:\\\/\\\/carrerasweb.cat\\\/#website\"},\"primaryImageOfPage\":{\"@id\":\"https:\\\/\\\/carrerasweb.cat\\\/botiga\\\/audio-video-tv\\\/altavoces-inalambricos\\\/altavoz-sony-ult-field-1\\\/#primaryimage\"},\"image\":{\"@id\":\"https:\\\/\\\/carrerasweb.cat\\\/botiga\\\/audio-video-tv\\\/altavoces-inalambricos\\\/altavoz-sony-ult-field-1\\\/#primaryimage\"},\"thumbnailUrl\":\"https:\\\/\\\/carrerasweb.cat\\\/wp-content\\\/uploads\\\/2024\\\/04\\\/SRS-ULT10a.jpg\",\"datePublished\":\"2024-04-19T09:08:48+00:00\",\"dateModified\":\"2025-05-07T15:54:17+00:00\",\"breadcrumb\":{\"@id\":\"https:\\\/\\\/carrerasweb.cat\\\/botiga\\\/audio-video-tv\\\/altavoces-inalambricos\\\/altavoz-sony-ult-field-1\\\/#breadcrumb\"},\"inLanguage\":\"ca\",\"potentialAction\":[{\"@type\":\"ReadAction\",\"target\":[\"https:\\\/\\\/carrerasweb.cat\\\/botiga\\\/audio-video-tv\\\/altavoces-inalambricos\\\/altavoz-sony-ult-field-1\\\/\"]}]},{\"@type\":\"ImageObject\",\"inLanguage\":\"ca\",\"@id\":\"https:\\\/\\\/carrerasweb.cat\\\/botiga\\\/audio-video-tv\\\/altavoces-inalambricos\\\/altavoz-sony-ult-field-1\\\/#primaryimage\",\"url\":\"https:\\\/\\\/carrerasweb.cat\\\/wp-content\\\/uploads\\\/2024\\\/04\\\/SRS-ULT10a.jpg\",\"contentUrl\":\"https:\\\/\\\/carrerasweb.cat\\\/wp-content\\\/uploads\\\/2024\\\/04\\\/SRS-ULT10a.jpg\",\"width\":549,\"height\":549},{\"@type\":\"BreadcrumbList\",\"@id\":\"https:\\\/\\\/carrerasweb.cat\\\/botiga\\\/audio-video-tv\\\/altavoces-inalambricos\\\/altavoz-sony-ult-field-1\\\/#breadcrumb\",\"itemListElement\":[{\"@type\":\"ListItem\",\"position\":1,\"name\":\"Portada\",\"item\":\"https:\\\/\\\/carrerasweb.cat\\\/ca\\\/inici\\\/\"},{\"@type\":\"ListItem\",\"position\":2,\"name\":\"Productes\",\"item\":\"https:\\\/\\\/carrerasweb.cat\\\/ca\\\/productes\\\/\"},{\"@type\":\"ListItem\",\"position\":3,\"name\":\"Altaveu SONY ULT FIELD 1, 4 colors\"}]},{\"@type\":\"WebSite\",\"@id\":\"https:\\\/\\\/carrerasweb.cat\\\/#website\",\"url\":\"https:\\\/\\\/carrerasweb.cat\\\/\",\"name\":\"Carreras Web - Tienda Foto V\u00eddeo C\u00e1maras TV Sony Telef\u00f3nica Telefon\u00eda.\",\"description\":\"Distribuidor oficial a Figueres de Sony, la marca l\u00edder en audio, v\u00eddeo, fotografia, c\u00e0meres i accessoris, inform\u00e0tica, telef\u00f2nica, marcs i \u00e0lbums foto.\",\"publisher\":{\"@id\":\"https:\\\/\\\/carrerasweb.cat\\\/#organization\"},\"potentialAction\":[{\"@type\":\"SearchAction\",\"target\":{\"@type\":\"EntryPoint\",\"urlTemplate\":\"https:\\\/\\\/carrerasweb.cat\\\/?s={search_term_string}\"},\"query-input\":{\"@type\":\"PropertyValueSpecification\",\"valueRequired\":true,\"valueName\":\"search_term_string\"}}],\"inLanguage\":\"ca\"},{\"@type\":\"Organization\",\"@id\":\"https:\\\/\\\/carrerasweb.cat\\\/#organization\",\"name\":\"CARRERAS FOTO VIDEO\",\"url\":\"https:\\\/\\\/carrerasweb.cat\\\/\",\"logo\":{\"@type\":\"ImageObject\",\"inLanguage\":\"ca\",\"@id\":\"https:\\\/\\\/carrerasweb.cat\\\/#\\\/schema\\\/logo\\\/image\\\/\",\"url\":\"https:\\\/\\\/carrerasweb.cat\\\/wp-content\\\/uploads\\\/2021\\\/03\\\/logo.png\",\"contentUrl\":\"https:\\\/\\\/carrerasweb.cat\\\/wp-content\\\/uploads\\\/2021\\\/03\\\/logo.png\",\"width\":276,\"height\":100,\"caption\":\"CARRERAS FOTO VIDEO\"},\"image\":{\"@id\":\"https:\\\/\\\/carrerasweb.cat\\\/#\\\/schema\\\/logo\\\/image\\\/\"},\"sameAs\":[\"https:\\\/\\\/www.facebook.com\\\/CarrerasFotoVideo\\\/\",\"https:\\\/\\\/www.instagram.com\\\/carrerasfotovideo\\\/\"]}]}<\/script>\n<!-- \/ Yoast SEO plugin. -->","yoast_head_json":{"title":"Altaveu SONY ULT FIELD 1, 4 colors - Carreres Web - Botiga Foto V\u00eddeo C\u00e0meres TV Sony telef\u00f3nica telefonia.","robots":{"index":"index","follow":"follow","max-snippet":"max-snippet:-1","max-image-preview":"max-image-preview:large","max-video-preview":"max-video-preview:-1"},"canonical":"https:\/\/carrerasweb.cat\/botiga\/audio-video-tv\/altavoces-inalambricos\/altavoz-sony-ult-field-1\/","og_locale":"ca_ES","og_type":"article","og_title":"Altaveu SONY ULT FIELD 1, 4 colors - Carreres Web - Botiga Foto V\u00eddeo C\u00e0meres TV Sony telef\u00f3nica telefonia.","og_description":"Experimenta un so potent i greus millorats on sigui que vagis amb l&#8217;ULT FIELD 1. D&#8217;acord amb les especificacions IP67, \u00e9s resistent a l&#8217;aigua i la pols, i s&#8217;ha provat exhaustivament per garantir que suporta impactes, cops i esgarrapades en el seu \u00fas diari. Pots portar amb tu un so incre\u00efble on sigui que vagis [...]","og_url":"https:\/\/carrerasweb.cat\/botiga\/audio-video-tv\/altavoces-inalambricos\/altavoz-sony-ult-field-1\/","og_site_name":"Carreres Web - Botiga Foto V\u00eddeo C\u00e0meres TV Sony telef\u00f3nica telefonia.","article_publisher":"https:\/\/www.facebook.com\/CarrerasFotoVideo\/","article_modified_time":"2025-05-07T15:54:17+00:00","og_image":[{"width":549,"height":549,"url":"https:\/\/carrerasweb.cat\/wp-content\/uploads\/2024\/04\/SRS-ULT10a.jpg","type":"image\/jpeg"}],"twitter_card":"summary_large_image","twitter_misc":{"Temps estimat de lectura":"1 minut"},"schema":{"@context":"https:\/\/schema.org","@graph":[{"@type":"WebPage","@id":"https:\/\/carrerasweb.cat\/botiga\/audio-video-tv\/altavoces-inalambricos\/altavoz-sony-ult-field-1\/","url":"https:\/\/carrerasweb.cat\/botiga\/audio-video-tv\/altavoces-inalambricos\/altavoz-sony-ult-field-1\/","name":"Altaveu SONY ULT FIELD 1, 4 colors - Carreres Web - Botiga Foto V\u00eddeo C\u00e0meres TV Sony telef\u00f3nica telefonia.","isPartOf":{"@id":"https:\/\/carrerasweb.cat\/#website"},"primaryImageOfPage":{"@id":"https:\/\/carrerasweb.cat\/botiga\/audio-video-tv\/altavoces-inalambricos\/altavoz-sony-ult-field-1\/#primaryimage"},"image":{"@id":"https:\/\/carrerasweb.cat\/botiga\/audio-video-tv\/altavoces-inalambricos\/altavoz-sony-ult-field-1\/#primaryimage"},"thumbnailUrl":"https:\/\/carrerasweb.cat\/wp-content\/uploads\/2024\/04\/SRS-ULT10a.jpg","datePublished":"2024-04-19T09:08:48+00:00","dateModified":"2025-05-07T15:54:17+00:00","breadcrumb":{"@id":"https:\/\/carrerasweb.cat\/botiga\/audio-video-tv\/altavoces-inalambricos\/altavoz-sony-ult-field-1\/#breadcrumb"},"inLanguage":"ca","potentialAction":[{"@type":"ReadAction","target":["https:\/\/carrerasweb.cat\/botiga\/audio-video-tv\/altavoces-inalambricos\/altavoz-sony-ult-field-1\/"]}]},{"@type":"ImageObject","inLanguage":"ca","@id":"https:\/\/carrerasweb.cat\/botiga\/audio-video-tv\/altavoces-inalambricos\/altavoz-sony-ult-field-1\/#primaryimage","url":"https:\/\/carrerasweb.cat\/wp-content\/uploads\/2024\/04\/SRS-ULT10a.jpg","contentUrl":"https:\/\/carrerasweb.cat\/wp-content\/uploads\/2024\/04\/SRS-ULT10a.jpg","width":549,"height":549},{"@type":"BreadcrumbList","@id":"https:\/\/carrerasweb.cat\/botiga\/audio-video-tv\/altavoces-inalambricos\/altavoz-sony-ult-field-1\/#breadcrumb","itemListElement":[{"@type":"ListItem","position":1,"name":"Portada","item":"https:\/\/carrerasweb.cat\/ca\/inici\/"},{"@type":"ListItem","position":2,"name":"Productes","item":"https:\/\/carrerasweb.cat\/ca\/productes\/"},{"@type":"ListItem","position":3,"name":"Altaveu SONY ULT FIELD 1, 4 colors"}]},{"@type":"WebSite","@id":"https:\/\/carrerasweb.cat\/#website","url":"https:\/\/carrerasweb.cat\/","name":"Carreras Web - Tienda Foto V\u00eddeo C\u00e1maras TV Sony Telef\u00f3nica Telefon\u00eda.","description":"Distribuidor oficial a Figueres de Sony, la marca l\u00edder en audio, v\u00eddeo, fotografia, c\u00e0meres i accessoris, inform\u00e0tica, telef\u00f2nica, marcs i \u00e0lbums foto.","publisher":{"@id":"https:\/\/carrerasweb.cat\/#organization"},"potentialAction":[{"@type":"SearchAction","target":{"@type":"EntryPoint","urlTemplate":"https:\/\/carrerasweb.cat\/?s={search_term_string}"},"query-input":{"@type":"PropertyValueSpecification","valueRequired":true,"valueName":"search_term_string"}}],"inLanguage":"ca"},{"@type":"Organization","@id":"https:\/\/carrerasweb.cat\/#organization","name":"CARRERAS FOTO VIDEO","url":"https:\/\/carrerasweb.cat\/","logo":{"@type":"ImageObject","inLanguage":"ca","@id":"https:\/\/carrerasweb.cat\/#\/schema\/logo\/image\/","url":"https:\/\/carrerasweb.cat\/wp-content\/uploads\/2021\/03\/logo.png","contentUrl":"https:\/\/carrerasweb.cat\/wp-content\/uploads\/2021\/03\/logo.png","width":276,"height":100,"caption":"CARRERAS FOTO VIDEO"},"image":{"@id":"https:\/\/carrerasweb.cat\/#\/schema\/logo\/image\/"},"sameAs":["https:\/\/www.facebook.com\/CarrerasFotoVideo\/","https:\/\/www.instagram.com\/carrerasfotovideo\/"]}]}},"_links":{"self":[{"href":"https:\/\/carrerasweb.cat\/ca\/wp-json\/wp\/v2\/product\/4487","targetHints":{"allow":["GET"]}}],"collection":[{"href":"https:\/\/carrerasweb.cat\/ca\/wp-json\/wp\/v2\/product"}],"about":[{"href":"https:\/\/carrerasweb.cat\/ca\/wp-json\/wp\/v2\/types\/product"}],"replies":[{"embeddable":true,"href":"https:\/\/carrerasweb.cat\/ca\/wp-json\/wp\/v2\/comments?post=4487"}],"wp:featuredmedia":[{"embeddable":true,"href":"https:\/\/carrerasweb.cat\/ca\/wp-json\/wp\/v2\/media\/4486"}],"wp:attachment":[{"href":"https:\/\/carrerasweb.cat\/ca\/wp-json\/wp\/v2\/media?parent=4487"}],"wp:term":[{"taxonomy":"product_brand","embeddable":true,"href":"https:\/\/carrerasweb.cat\/ca\/wp-json\/wp\/v2\/product_brand?post=4487"},{"taxonomy":"product_cat","embeddable":true,"href":"https:\/\/carrerasweb.cat\/ca\/wp-json\/wp\/v2\/product_cat?post=4487"},{"taxonomy":"product_tag","embeddable":true,"href":"https:\/\/carrerasweb.cat\/ca\/wp-json\/wp\/v2\/product_tag?post=4487"}],"curies":[{"name":"wp","href":"https:\/\/api.w.org\/{rel}","templated":true}]}}