{"id":4447,"date":"2024-03-25T19:03:41","date_gmt":"2024-03-25T19:22:19","guid":{"rendered":"https:\/\/carrerasweb.cat\/tienda\/sense categoria\/camera-kodak-pixpro-az425-2-colors\/"},"modified":"2024-03-25T19:22:19","modified_gmt":"2024-03-25T19:22:19","slug":"camera-kodak-pixpro-az425-2-colors","status":"publish","type":"product","link":"https:\/\/carrerasweb.cat\/ca\/botiga\/cameres-i-accessoris\/cameres-foto-bridge\/camera-kodak-pixpro-az425-2-colors\/","title":{"rendered":"C\u00e0mera Kodak Pixpro AZ425, 2 colors"},"content":{"rendered":"<p>C\u00e0mera amb objectiu zoom de gran augment, per a events esportius, detalls de paisatges, retrat lluny\u00e0 i tamb\u00e9 amb un gran angular destacable, per interiors o panorames. No es una c\u00e0mera de butxaca per\u00f2 \u00e9s lleugera i el seu disseny permet una subjecci\u00f3 indispensable per quan s&#8217;usen bastants augments. No disposa de visor a nivell d&#8217;ull, per\u00f2 la relaci\u00f3 qualitat\/preu no t\u00e9 igual.<\/p>\n<p>Dades t\u00e8cniques:<\/p>\n<div id=\"product-description-short-16245\" class=\"rte-content product-description\">\n<ul>\n<li>Sensor CCD de 20 MP 1\/2,3&#8243;<\/li>\n<li>Objectiu zoom \u00f2ptic de 42x (en 35mm equiv. a 24-1008 mm)<\/li>\n<li>Monitor LCD de 3,0&#8243; i resoluci\u00f3 de 460 000 punts<\/li>\n<li>Gravaci\u00f3 de v\u00eddeo HD 720p a 30 fps<\/li>\n<li>ISO 80-3200 ext\u00e8s<\/li>\n<li>Estabilitzaci\u00f3 d&#8217;imatge \u00f2ptica<\/li>\n<li>Mode panor\u00e0mic de 180\u00b0<\/li>\n<li>Dispara a r\u00e0fegues<\/li>\n<li>Detecci\u00f3 de cara, somriure, parpelleig i mascotes<\/li>\n<li>Flash emergent incorporat<\/li>\n<li>Alimentaci\u00f3 amb bater\u00eda recarregable<\/li>\n<li>2 colors, negre i vermell rob\u00ed<\/li>\n<\/ul>\n<\/div>\n<div class=\"QDiscountProCustom3\"><\/div>\n","protected":false},"excerpt":{"rendered":"<p>Una bona c\u00e0mera amb un gran tele-objectiu zoom. Sorprenen les possibilitats i la qualitat en una c\u00e0mera de preu moderat.<\/p>\n","protected":false},"featured_media":4446,"comment_status":"closed","ping_status":"closed","template":"","meta":{"_exactmetrics_skip_tracking":false,"_exactmetrics_sitenote_active":false,"_exactmetrics_sitenote_note":"","_exactmetrics_sitenote_category":0},"product_brand":[],"product_cat":[204,197],"product_tag":[],"class_list":{"0":"post-4447","1":"product","2":"type-product","3":"status-publish","4":"has-post-thumbnail","6":"product_cat-cameres-foto-bridge","7":"product_cat-cameres-i-accessoris","9":"first","10":"instock","11":"shipping-taxable","12":"product-type-simple"},"yoast_head":"<!-- This site is optimized with the Yoast SEO plugin v27.5 - https:\/\/yoast.com\/product\/yoast-seo-wordpress\/ -->\n<title>C\u00e0mera Kodak Pixpro AZ425, 2 colors - Carreres Web - Botiga Foto V\u00eddeo C\u00e0meres TV Sony telef\u00f3nica telefonia.<\/title>\n<meta name=\"robots\" content=\"index, follow, max-snippet:-1, max-image-preview:large, max-video-preview:-1\" \/>\n<link rel=\"canonical\" href=\"https:\/\/carrerasweb.cat\/tienda\/sense%20categoria\/camera-kodak-pixpro-az425-2-colors\/\" \/>\n<meta property=\"og:locale\" content=\"ca_ES\" \/>\n<meta property=\"og:type\" content=\"article\" \/>\n<meta property=\"og:title\" content=\"C\u00e0mera Kodak Pixpro AZ425, 2 colors - Carreres Web - Botiga Foto V\u00eddeo C\u00e0meres TV Sony telef\u00f3nica telefonia.\" \/>\n<meta property=\"og:description\" content=\"Una bona c\u00e0mera amb un gran tele-objectiu zoom. Sorprenen les possibilitats i la qualitat en una c\u00e0mera de preu moderat.\" \/>\n<meta property=\"og:url\" content=\"https:\/\/carrerasweb.cat\/tienda\/sense categoria\/camera-kodak-pixpro-az425-2-colors\/\" \/>\n<meta property=\"og:site_name\" content=\"Carreres Web - Botiga Foto V\u00eddeo C\u00e0meres TV Sony telef\u00f3nica telefonia.\" \/>\n<meta property=\"article:publisher\" content=\"https:\/\/www.facebook.com\/CarrerasFotoVideo\/\" \/>\n<meta name=\"twitter:card\" content=\"summary_large_image\" \/>\n<meta name=\"twitter:label1\" content=\"Temps estimat de lectura\" \/>\n\t<meta name=\"twitter:data1\" content=\"1 minut\" \/>\n<script type=\"application\/ld+json\" class=\"yoast-schema-graph\">{\"@context\":\"https:\\\/\\\/schema.org\",\"@graph\":[{\"@type\":\"WebPage\",\"@id\":\"https:\\\/\\\/carrerasweb.cat\\\/tienda\\\/sense categoria\\\/camera-kodak-pixpro-az425-2-colors\\\/\",\"url\":\"https:\\\/\\\/carrerasweb.cat\\\/tienda\\\/sense categoria\\\/camera-kodak-pixpro-az425-2-colors\\\/\",\"name\":\"C\u00e0mera Kodak Pixpro AZ425, 2 colors - Carreres Web - Botiga Foto V\u00eddeo C\u00e0meres TV Sony telef\u00f3nica telefonia.\",\"isPartOf\":{\"@id\":\"https:\\\/\\\/carrerasweb.cat\\\/#website\"},\"primaryImageOfPage\":{\"@id\":\"https:\\\/\\\/carrerasweb.cat\\\/tienda\\\/sense categoria\\\/camera-kodak-pixpro-az425-2-colors\\\/#primaryimage\"},\"image\":{\"@id\":\"https:\\\/\\\/carrerasweb.cat\\\/tienda\\\/sense categoria\\\/camera-kodak-pixpro-az425-2-colors\\\/#primaryimage\"},\"thumbnailUrl\":\"https:\\\/\\\/carrerasweb.cat\\\/wp-content\\\/uploads\\\/2024\\\/03\\\/Kodak-AZ425a.jpg\",\"datePublished\":\"2024-03-25T19:22:19+00:00\",\"breadcrumb\":{\"@id\":\"https:\\\/\\\/carrerasweb.cat\\\/tienda\\\/sense categoria\\\/camera-kodak-pixpro-az425-2-colors\\\/#breadcrumb\"},\"inLanguage\":\"ca\",\"potentialAction\":[{\"@type\":\"ReadAction\",\"target\":[\"https:\\\/\\\/carrerasweb.cat\\\/tienda\\\/sense categoria\\\/camera-kodak-pixpro-az425-2-colors\\\/\"]}]},{\"@type\":\"ImageObject\",\"inLanguage\":\"ca\",\"@id\":\"https:\\\/\\\/carrerasweb.cat\\\/tienda\\\/sense categoria\\\/camera-kodak-pixpro-az425-2-colors\\\/#primaryimage\",\"url\":\"https:\\\/\\\/carrerasweb.cat\\\/wp-content\\\/uploads\\\/2024\\\/03\\\/Kodak-AZ425a.jpg\",\"contentUrl\":\"https:\\\/\\\/carrerasweb.cat\\\/wp-content\\\/uploads\\\/2024\\\/03\\\/Kodak-AZ425a.jpg\",\"width\":700,\"height\":700},{\"@type\":\"BreadcrumbList\",\"@id\":\"https:\\\/\\\/carrerasweb.cat\\\/tienda\\\/sense categoria\\\/camera-kodak-pixpro-az425-2-colors\\\/#breadcrumb\",\"itemListElement\":[{\"@type\":\"ListItem\",\"position\":1,\"name\":\"Portada\",\"item\":\"https:\\\/\\\/carrerasweb.cat\\\/ca\\\/inici\\\/\"},{\"@type\":\"ListItem\",\"position\":2,\"name\":\"Productes\",\"item\":\"https:\\\/\\\/carrerasweb.cat\\\/ca\\\/productes\\\/\"},{\"@type\":\"ListItem\",\"position\":3,\"name\":\"C\u00e0mera Kodak Pixpro AZ425, 2 colors\"}]},{\"@type\":\"WebSite\",\"@id\":\"https:\\\/\\\/carrerasweb.cat\\\/#website\",\"url\":\"https:\\\/\\\/carrerasweb.cat\\\/\",\"name\":\"Carreras Web - Tienda Foto V\u00eddeo C\u00e1maras TV Sony Telef\u00f3nica Telefon\u00eda.\",\"description\":\"Distribuidor oficial a Figueres de Sony, la marca l\u00edder en audio, v\u00eddeo, fotografia, c\u00e0meres i accessoris, inform\u00e0tica, telef\u00f2nica, marcs i \u00e0lbums foto.\",\"publisher\":{\"@id\":\"https:\\\/\\\/carrerasweb.cat\\\/#organization\"},\"potentialAction\":[{\"@type\":\"SearchAction\",\"target\":{\"@type\":\"EntryPoint\",\"urlTemplate\":\"https:\\\/\\\/carrerasweb.cat\\\/?s={search_term_string}\"},\"query-input\":{\"@type\":\"PropertyValueSpecification\",\"valueRequired\":true,\"valueName\":\"search_term_string\"}}],\"inLanguage\":\"ca\"},{\"@type\":\"Organization\",\"@id\":\"https:\\\/\\\/carrerasweb.cat\\\/#organization\",\"name\":\"CARRERAS FOTO VIDEO\",\"url\":\"https:\\\/\\\/carrerasweb.cat\\\/\",\"logo\":{\"@type\":\"ImageObject\",\"inLanguage\":\"ca\",\"@id\":\"https:\\\/\\\/carrerasweb.cat\\\/#\\\/schema\\\/logo\\\/image\\\/\",\"url\":\"https:\\\/\\\/carrerasweb.cat\\\/wp-content\\\/uploads\\\/2021\\\/03\\\/logo.png\",\"contentUrl\":\"https:\\\/\\\/carrerasweb.cat\\\/wp-content\\\/uploads\\\/2021\\\/03\\\/logo.png\",\"width\":276,\"height\":100,\"caption\":\"CARRERAS FOTO VIDEO\"},\"image\":{\"@id\":\"https:\\\/\\\/carrerasweb.cat\\\/#\\\/schema\\\/logo\\\/image\\\/\"},\"sameAs\":[\"https:\\\/\\\/www.facebook.com\\\/CarrerasFotoVideo\\\/\",\"https:\\\/\\\/www.instagram.com\\\/carrerasfotovideo\\\/\"]}]}<\/script>\n<!-- \/ Yoast SEO plugin. -->","yoast_head_json":{"title":"C\u00e0mera Kodak Pixpro AZ425, 2 colors - Carreres Web - Botiga Foto V\u00eddeo C\u00e0meres TV Sony telef\u00f3nica telefonia.","robots":{"index":"index","follow":"follow","max-snippet":"max-snippet:-1","max-image-preview":"max-image-preview:large","max-video-preview":"max-video-preview:-1"},"canonical":"https:\/\/carrerasweb.cat\/tienda\/sense categoria\/camera-kodak-pixpro-az425-2-colors\/","og_locale":"ca_ES","og_type":"article","og_title":"C\u00e0mera Kodak Pixpro AZ425, 2 colors - Carreres Web - Botiga Foto V\u00eddeo C\u00e0meres TV Sony telef\u00f3nica telefonia.","og_description":"Una bona c\u00e0mera amb un gran tele-objectiu zoom. Sorprenen les possibilitats i la qualitat en una c\u00e0mera de preu moderat.","og_url":"https:\/\/carrerasweb.cat\/tienda\/sense categoria\/camera-kodak-pixpro-az425-2-colors\/","og_site_name":"Carreres Web - Botiga Foto V\u00eddeo C\u00e0meres TV Sony telef\u00f3nica telefonia.","article_publisher":"https:\/\/www.facebook.com\/CarrerasFotoVideo\/","twitter_card":"summary_large_image","twitter_misc":{"Temps estimat de lectura":"1 minut"},"schema":{"@context":"https:\/\/schema.org","@graph":[{"@type":"WebPage","@id":"https:\/\/carrerasweb.cat\/tienda\/sense categoria\/camera-kodak-pixpro-az425-2-colors\/","url":"https:\/\/carrerasweb.cat\/tienda\/sense categoria\/camera-kodak-pixpro-az425-2-colors\/","name":"C\u00e0mera Kodak Pixpro AZ425, 2 colors - Carreres Web - Botiga Foto V\u00eddeo C\u00e0meres TV Sony telef\u00f3nica telefonia.","isPartOf":{"@id":"https:\/\/carrerasweb.cat\/#website"},"primaryImageOfPage":{"@id":"https:\/\/carrerasweb.cat\/tienda\/sense categoria\/camera-kodak-pixpro-az425-2-colors\/#primaryimage"},"image":{"@id":"https:\/\/carrerasweb.cat\/tienda\/sense categoria\/camera-kodak-pixpro-az425-2-colors\/#primaryimage"},"thumbnailUrl":"https:\/\/carrerasweb.cat\/wp-content\/uploads\/2024\/03\/Kodak-AZ425a.jpg","datePublished":"2024-03-25T19:22:19+00:00","breadcrumb":{"@id":"https:\/\/carrerasweb.cat\/tienda\/sense categoria\/camera-kodak-pixpro-az425-2-colors\/#breadcrumb"},"inLanguage":"ca","potentialAction":[{"@type":"ReadAction","target":["https:\/\/carrerasweb.cat\/tienda\/sense categoria\/camera-kodak-pixpro-az425-2-colors\/"]}]},{"@type":"ImageObject","inLanguage":"ca","@id":"https:\/\/carrerasweb.cat\/tienda\/sense categoria\/camera-kodak-pixpro-az425-2-colors\/#primaryimage","url":"https:\/\/carrerasweb.cat\/wp-content\/uploads\/2024\/03\/Kodak-AZ425a.jpg","contentUrl":"https:\/\/carrerasweb.cat\/wp-content\/uploads\/2024\/03\/Kodak-AZ425a.jpg","width":700,"height":700},{"@type":"BreadcrumbList","@id":"https:\/\/carrerasweb.cat\/tienda\/sense categoria\/camera-kodak-pixpro-az425-2-colors\/#breadcrumb","itemListElement":[{"@type":"ListItem","position":1,"name":"Portada","item":"https:\/\/carrerasweb.cat\/ca\/inici\/"},{"@type":"ListItem","position":2,"name":"Productes","item":"https:\/\/carrerasweb.cat\/ca\/productes\/"},{"@type":"ListItem","position":3,"name":"C\u00e0mera Kodak Pixpro AZ425, 2 colors"}]},{"@type":"WebSite","@id":"https:\/\/carrerasweb.cat\/#website","url":"https:\/\/carrerasweb.cat\/","name":"Carreras Web - Tienda Foto V\u00eddeo C\u00e1maras TV Sony Telef\u00f3nica Telefon\u00eda.","description":"Distribuidor oficial a Figueres de Sony, la marca l\u00edder en audio, v\u00eddeo, fotografia, c\u00e0meres i accessoris, inform\u00e0tica, telef\u00f2nica, marcs i \u00e0lbums foto.","publisher":{"@id":"https:\/\/carrerasweb.cat\/#organization"},"potentialAction":[{"@type":"SearchAction","target":{"@type":"EntryPoint","urlTemplate":"https:\/\/carrerasweb.cat\/?s={search_term_string}"},"query-input":{"@type":"PropertyValueSpecification","valueRequired":true,"valueName":"search_term_string"}}],"inLanguage":"ca"},{"@type":"Organization","@id":"https:\/\/carrerasweb.cat\/#organization","name":"CARRERAS FOTO VIDEO","url":"https:\/\/carrerasweb.cat\/","logo":{"@type":"ImageObject","inLanguage":"ca","@id":"https:\/\/carrerasweb.cat\/#\/schema\/logo\/image\/","url":"https:\/\/carrerasweb.cat\/wp-content\/uploads\/2021\/03\/logo.png","contentUrl":"https:\/\/carrerasweb.cat\/wp-content\/uploads\/2021\/03\/logo.png","width":276,"height":100,"caption":"CARRERAS FOTO VIDEO"},"image":{"@id":"https:\/\/carrerasweb.cat\/#\/schema\/logo\/image\/"},"sameAs":["https:\/\/www.facebook.com\/CarrerasFotoVideo\/","https:\/\/www.instagram.com\/carrerasfotovideo\/"]}]}},"_links":{"self":[{"href":"https:\/\/carrerasweb.cat\/ca\/wp-json\/wp\/v2\/product\/4447","targetHints":{"allow":["GET"]}}],"collection":[{"href":"https:\/\/carrerasweb.cat\/ca\/wp-json\/wp\/v2\/product"}],"about":[{"href":"https:\/\/carrerasweb.cat\/ca\/wp-json\/wp\/v2\/types\/product"}],"replies":[{"embeddable":true,"href":"https:\/\/carrerasweb.cat\/ca\/wp-json\/wp\/v2\/comments?post=4447"}],"wp:featuredmedia":[{"embeddable":true,"href":"https:\/\/carrerasweb.cat\/ca\/wp-json\/wp\/v2\/media\/4446"}],"wp:attachment":[{"href":"https:\/\/carrerasweb.cat\/ca\/wp-json\/wp\/v2\/media?parent=4447"}],"wp:term":[{"taxonomy":"product_brand","embeddable":true,"href":"https:\/\/carrerasweb.cat\/ca\/wp-json\/wp\/v2\/product_brand?post=4447"},{"taxonomy":"product_cat","embeddable":true,"href":"https:\/\/carrerasweb.cat\/ca\/wp-json\/wp\/v2\/product_cat?post=4447"},{"taxonomy":"product_tag","embeddable":true,"href":"https:\/\/carrerasweb.cat\/ca\/wp-json\/wp\/v2\/product_tag?post=4447"}],"curies":[{"name":"wp","href":"https:\/\/api.w.org\/{rel}","templated":true}]}}