{"id":4105,"date":"2023-07-14T11:20:54","date_gmt":"2023-07-14T11:20:54","guid":{"rendered":"https:\/\/carrerasweb.cat\/tienda\/sense%20categoria\/camera-sony-alpha-6100-obj-16-50mm\/"},"modified":"2025-10-21T09:08:34","modified_gmt":"2025-10-21T09:08:34","slug":"camara-sony-alpha-6100-obj-16-50mm","status":"publish","type":"product","link":"https:\/\/carrerasweb.cat\/ca\/botiga\/cameres-i-accessoris\/cameres-foto-amb-canvi-doptica\/camara-sony-alpha-6100-obj-16-50mm\/","title":{"rendered":"C\u00e0mera SONY alpha 6100 + obj. 16-50mm."},"content":{"rendered":"<h5 class=\"so-orange\">C\u00e0mera APS-C amb AF r\u00e0pid Alpha 6100<\/h5>\n<div class=\"product-informations\">\n<p>\u03b16100 Velocitat AF extraordin\u00e0ria i funcions d&#8217;alt nivell<\/p>\n<div class=\"promotion red-info\">\n<p>Amb una incre\u00efble velocitat d&#8217; AF, un impressionant seguiment del subjecte, gravaci\u00f3 de v\u00eddeos 4K d&#8217;alta resoluci\u00f3 i altres funcions d&#8217;alt nivell, la \u03b16100 s&#8217;encarrega dels detalls perqu\u00e8 t\u00fa puguis centrar-te en la fotograf\u00eda creativa i la grabaci\u00f3 de v\u00eddeos din\u00e0mics.<\/p>\n<\/div>\n<ul class=\"features-list\">\n<li>Rendiment d&#8217; AF r\u00e0pid de 0,02 s, seguiment en temps real i Eye AF en temps real<\/li>\n<li>Gravaci\u00f3 de v\u00eddeos 4K d&#8217;alta resoluci\u00f3 i connector per a micr\u00f2fon<\/li>\n<li>Pantalla t\u00e0ctil LCD inclinable 180\u00b0 per selfis i videoblogs<\/li>\n<li>24M.Pixels.Sensor APS-C<\/li>\n<li>Obj. 16 &#8211; 50 mm. AF h\u00edbrid<\/li>\n<li>V\u00eddeo 4K, pantalla t\u00e0ctil<\/li>\n<li>WiFi + NFC<\/li>\n<li>INCLOU TARGETA DE MEM\u00d2RIA<\/li>\n<\/ul>\n<\/div>\n","protected":false},"excerpt":{"rendered":"<p>C\u00e0mara molt vers\u00e0til, en un petit cos s&#8217;amaga una gran qualitat i rapidesa de maniobra, al disparar, amb una muntura capa\u00e7 d&#8217;adaptar desenes d&#8217; objectius. Tecnolog\u00eda mirrorless, el pas seg\u00fcent a les r\u00e8flex.<\/p>\n","protected":false},"featured_media":4104,"comment_status":"closed","ping_status":"closed","template":"","meta":{"_exactmetrics_skip_tracking":false,"_exactmetrics_sitenote_active":false,"_exactmetrics_sitenote_note":"","_exactmetrics_sitenote_category":0},"product_brand":[],"product_cat":[206,197],"product_tag":[],"class_list":{"0":"post-4105","1":"product","2":"type-product","3":"status-publish","4":"has-post-thumbnail","6":"product_cat-cameres-foto-amb-canvi-doptica","7":"product_cat-cameres-i-accessoris","9":"first","10":"instock","11":"sale","12":"shipping-taxable","13":"product-type-simple"},"yoast_head":"<!-- This site is optimized with the Yoast SEO plugin v27.5 - https:\/\/yoast.com\/product\/yoast-seo-wordpress\/ -->\n<title>C\u00e0mera SONY alpha 6100 + obj. 16-50mm. - Carreres Web - Botiga Foto V\u00eddeo C\u00e0meres TV Sony telef\u00f3nica telefonia.<\/title>\n<meta name=\"robots\" content=\"index, follow, max-snippet:-1, max-image-preview:large, max-video-preview:-1\" \/>\n<link rel=\"canonical\" href=\"https:\/\/carrerasweb.cat\/botiga\/camaras-y-accesorios\/camaras-foto-con-cambio-de-optica\/camara-sony-alpha-6100-obj-16-50mm\/\" \/>\n<meta property=\"og:locale\" content=\"ca_ES\" \/>\n<meta property=\"og:type\" content=\"article\" \/>\n<meta property=\"og:title\" content=\"C\u00e0mera SONY alpha 6100 + obj. 16-50mm. - Carreres Web - Botiga Foto V\u00eddeo C\u00e0meres TV Sony telef\u00f3nica telefonia.\" \/>\n<meta property=\"og:description\" content=\"C\u00e0mara molt vers\u00e0til, en un petit cos s&#039;amaga una gran qualitat i rapidesa de maniobra, al disparar, amb una muntura capa\u00e7 d&#039;adaptar desenes d&#039; objectius. Tecnolog\u00eda mirrorless, el pas seg\u00fcent a les r\u00e8flex.\" \/>\n<meta property=\"og:url\" content=\"https:\/\/carrerasweb.cat\/botiga\/camaras-y-accesorios\/camaras-foto-con-cambio-de-optica\/camara-sony-alpha-6100-obj-16-50mm\/\" \/>\n<meta property=\"og:site_name\" content=\"Carreres Web - Botiga Foto V\u00eddeo C\u00e0meres TV Sony telef\u00f3nica telefonia.\" \/>\n<meta property=\"article:publisher\" content=\"https:\/\/www.facebook.com\/CarrerasFotoVideo\/\" \/>\n<meta property=\"article:modified_time\" content=\"2025-10-21T09:08:34+00:00\" \/>\n<meta property=\"og:image\" content=\"https:\/\/carrerasweb.cat\/wp-content\/uploads\/2023\/07\/ILCE6100a.jpg\" \/>\n\t<meta property=\"og:image:width\" content=\"822\" \/>\n\t<meta property=\"og:image:height\" content=\"822\" \/>\n\t<meta property=\"og:image:type\" content=\"image\/jpeg\" \/>\n<meta name=\"twitter:card\" content=\"summary_large_image\" \/>\n<meta name=\"twitter:label1\" content=\"Temps estimat de lectura\" \/>\n\t<meta name=\"twitter:data1\" content=\"1 minut\" \/>\n<script type=\"application\/ld+json\" class=\"yoast-schema-graph\">{\"@context\":\"https:\\\/\\\/schema.org\",\"@graph\":[{\"@type\":\"WebPage\",\"@id\":\"https:\\\/\\\/carrerasweb.cat\\\/botiga\\\/camaras-y-accesorios\\\/camaras-foto-con-cambio-de-optica\\\/camara-sony-alpha-6100-obj-16-50mm\\\/\",\"url\":\"https:\\\/\\\/carrerasweb.cat\\\/botiga\\\/camaras-y-accesorios\\\/camaras-foto-con-cambio-de-optica\\\/camara-sony-alpha-6100-obj-16-50mm\\\/\",\"name\":\"C\u00e0mera SONY alpha 6100 + obj. 16-50mm. - Carreres Web - Botiga Foto V\u00eddeo C\u00e0meres TV Sony telef\u00f3nica telefonia.\",\"isPartOf\":{\"@id\":\"https:\\\/\\\/carrerasweb.cat\\\/#website\"},\"primaryImageOfPage\":{\"@id\":\"https:\\\/\\\/carrerasweb.cat\\\/botiga\\\/camaras-y-accesorios\\\/camaras-foto-con-cambio-de-optica\\\/camara-sony-alpha-6100-obj-16-50mm\\\/#primaryimage\"},\"image\":{\"@id\":\"https:\\\/\\\/carrerasweb.cat\\\/botiga\\\/camaras-y-accesorios\\\/camaras-foto-con-cambio-de-optica\\\/camara-sony-alpha-6100-obj-16-50mm\\\/#primaryimage\"},\"thumbnailUrl\":\"https:\\\/\\\/carrerasweb.cat\\\/wp-content\\\/uploads\\\/2023\\\/07\\\/ILCE6100a.jpg\",\"datePublished\":\"2023-07-14T11:20:54+00:00\",\"dateModified\":\"2025-10-21T09:08:34+00:00\",\"breadcrumb\":{\"@id\":\"https:\\\/\\\/carrerasweb.cat\\\/botiga\\\/camaras-y-accesorios\\\/camaras-foto-con-cambio-de-optica\\\/camara-sony-alpha-6100-obj-16-50mm\\\/#breadcrumb\"},\"inLanguage\":\"ca\",\"potentialAction\":[{\"@type\":\"ReadAction\",\"target\":[\"https:\\\/\\\/carrerasweb.cat\\\/botiga\\\/camaras-y-accesorios\\\/camaras-foto-con-cambio-de-optica\\\/camara-sony-alpha-6100-obj-16-50mm\\\/\"]}]},{\"@type\":\"ImageObject\",\"inLanguage\":\"ca\",\"@id\":\"https:\\\/\\\/carrerasweb.cat\\\/botiga\\\/camaras-y-accesorios\\\/camaras-foto-con-cambio-de-optica\\\/camara-sony-alpha-6100-obj-16-50mm\\\/#primaryimage\",\"url\":\"https:\\\/\\\/carrerasweb.cat\\\/wp-content\\\/uploads\\\/2023\\\/07\\\/ILCE6100a.jpg\",\"contentUrl\":\"https:\\\/\\\/carrerasweb.cat\\\/wp-content\\\/uploads\\\/2023\\\/07\\\/ILCE6100a.jpg\",\"width\":822,\"height\":822},{\"@type\":\"BreadcrumbList\",\"@id\":\"https:\\\/\\\/carrerasweb.cat\\\/botiga\\\/camaras-y-accesorios\\\/camaras-foto-con-cambio-de-optica\\\/camara-sony-alpha-6100-obj-16-50mm\\\/#breadcrumb\",\"itemListElement\":[{\"@type\":\"ListItem\",\"position\":1,\"name\":\"Portada\",\"item\":\"https:\\\/\\\/carrerasweb.cat\\\/ca\\\/inici\\\/\"},{\"@type\":\"ListItem\",\"position\":2,\"name\":\"Productes\",\"item\":\"https:\\\/\\\/carrerasweb.cat\\\/ca\\\/productes\\\/\"},{\"@type\":\"ListItem\",\"position\":3,\"name\":\"C\u00e0mera SONY alpha 6100 + obj. 16-50mm.\"}]},{\"@type\":\"WebSite\",\"@id\":\"https:\\\/\\\/carrerasweb.cat\\\/#website\",\"url\":\"https:\\\/\\\/carrerasweb.cat\\\/\",\"name\":\"Carreras Web - Tienda Foto V\u00eddeo C\u00e1maras TV Sony Telef\u00f3nica Telefon\u00eda.\",\"description\":\"Distribuidor oficial a Figueres de Sony, la marca l\u00edder en audio, v\u00eddeo, fotografia, c\u00e0meres i accessoris, inform\u00e0tica, telef\u00f2nica, marcs i \u00e0lbums foto.\",\"publisher\":{\"@id\":\"https:\\\/\\\/carrerasweb.cat\\\/#organization\"},\"potentialAction\":[{\"@type\":\"SearchAction\",\"target\":{\"@type\":\"EntryPoint\",\"urlTemplate\":\"https:\\\/\\\/carrerasweb.cat\\\/?s={search_term_string}\"},\"query-input\":{\"@type\":\"PropertyValueSpecification\",\"valueRequired\":true,\"valueName\":\"search_term_string\"}}],\"inLanguage\":\"ca\"},{\"@type\":\"Organization\",\"@id\":\"https:\\\/\\\/carrerasweb.cat\\\/#organization\",\"name\":\"CARRERAS FOTO VIDEO\",\"url\":\"https:\\\/\\\/carrerasweb.cat\\\/\",\"logo\":{\"@type\":\"ImageObject\",\"inLanguage\":\"ca\",\"@id\":\"https:\\\/\\\/carrerasweb.cat\\\/#\\\/schema\\\/logo\\\/image\\\/\",\"url\":\"https:\\\/\\\/carrerasweb.cat\\\/wp-content\\\/uploads\\\/2021\\\/03\\\/logo.png\",\"contentUrl\":\"https:\\\/\\\/carrerasweb.cat\\\/wp-content\\\/uploads\\\/2021\\\/03\\\/logo.png\",\"width\":276,\"height\":100,\"caption\":\"CARRERAS FOTO VIDEO\"},\"image\":{\"@id\":\"https:\\\/\\\/carrerasweb.cat\\\/#\\\/schema\\\/logo\\\/image\\\/\"},\"sameAs\":[\"https:\\\/\\\/www.facebook.com\\\/CarrerasFotoVideo\\\/\",\"https:\\\/\\\/www.instagram.com\\\/carrerasfotovideo\\\/\"]}]}<\/script>\n<!-- \/ Yoast SEO plugin. -->","yoast_head_json":{"title":"C\u00e0mera SONY alpha 6100 + obj. 16-50mm. - Carreres Web - Botiga Foto V\u00eddeo C\u00e0meres TV Sony telef\u00f3nica telefonia.","robots":{"index":"index","follow":"follow","max-snippet":"max-snippet:-1","max-image-preview":"max-image-preview:large","max-video-preview":"max-video-preview:-1"},"canonical":"https:\/\/carrerasweb.cat\/botiga\/camaras-y-accesorios\/camaras-foto-con-cambio-de-optica\/camara-sony-alpha-6100-obj-16-50mm\/","og_locale":"ca_ES","og_type":"article","og_title":"C\u00e0mera SONY alpha 6100 + obj. 16-50mm. - Carreres Web - Botiga Foto V\u00eddeo C\u00e0meres TV Sony telef\u00f3nica telefonia.","og_description":"C\u00e0mara molt vers\u00e0til, en un petit cos s'amaga una gran qualitat i rapidesa de maniobra, al disparar, amb una muntura capa\u00e7 d'adaptar desenes d' objectius. Tecnolog\u00eda mirrorless, el pas seg\u00fcent a les r\u00e8flex.","og_url":"https:\/\/carrerasweb.cat\/botiga\/camaras-y-accesorios\/camaras-foto-con-cambio-de-optica\/camara-sony-alpha-6100-obj-16-50mm\/","og_site_name":"Carreres Web - Botiga Foto V\u00eddeo C\u00e0meres TV Sony telef\u00f3nica telefonia.","article_publisher":"https:\/\/www.facebook.com\/CarrerasFotoVideo\/","article_modified_time":"2025-10-21T09:08:34+00:00","og_image":[{"width":822,"height":822,"url":"https:\/\/carrerasweb.cat\/wp-content\/uploads\/2023\/07\/ILCE6100a.jpg","type":"image\/jpeg"}],"twitter_card":"summary_large_image","twitter_misc":{"Temps estimat de lectura":"1 minut"},"schema":{"@context":"https:\/\/schema.org","@graph":[{"@type":"WebPage","@id":"https:\/\/carrerasweb.cat\/botiga\/camaras-y-accesorios\/camaras-foto-con-cambio-de-optica\/camara-sony-alpha-6100-obj-16-50mm\/","url":"https:\/\/carrerasweb.cat\/botiga\/camaras-y-accesorios\/camaras-foto-con-cambio-de-optica\/camara-sony-alpha-6100-obj-16-50mm\/","name":"C\u00e0mera SONY alpha 6100 + obj. 16-50mm. - Carreres Web - Botiga Foto V\u00eddeo C\u00e0meres TV Sony telef\u00f3nica telefonia.","isPartOf":{"@id":"https:\/\/carrerasweb.cat\/#website"},"primaryImageOfPage":{"@id":"https:\/\/carrerasweb.cat\/botiga\/camaras-y-accesorios\/camaras-foto-con-cambio-de-optica\/camara-sony-alpha-6100-obj-16-50mm\/#primaryimage"},"image":{"@id":"https:\/\/carrerasweb.cat\/botiga\/camaras-y-accesorios\/camaras-foto-con-cambio-de-optica\/camara-sony-alpha-6100-obj-16-50mm\/#primaryimage"},"thumbnailUrl":"https:\/\/carrerasweb.cat\/wp-content\/uploads\/2023\/07\/ILCE6100a.jpg","datePublished":"2023-07-14T11:20:54+00:00","dateModified":"2025-10-21T09:08:34+00:00","breadcrumb":{"@id":"https:\/\/carrerasweb.cat\/botiga\/camaras-y-accesorios\/camaras-foto-con-cambio-de-optica\/camara-sony-alpha-6100-obj-16-50mm\/#breadcrumb"},"inLanguage":"ca","potentialAction":[{"@type":"ReadAction","target":["https:\/\/carrerasweb.cat\/botiga\/camaras-y-accesorios\/camaras-foto-con-cambio-de-optica\/camara-sony-alpha-6100-obj-16-50mm\/"]}]},{"@type":"ImageObject","inLanguage":"ca","@id":"https:\/\/carrerasweb.cat\/botiga\/camaras-y-accesorios\/camaras-foto-con-cambio-de-optica\/camara-sony-alpha-6100-obj-16-50mm\/#primaryimage","url":"https:\/\/carrerasweb.cat\/wp-content\/uploads\/2023\/07\/ILCE6100a.jpg","contentUrl":"https:\/\/carrerasweb.cat\/wp-content\/uploads\/2023\/07\/ILCE6100a.jpg","width":822,"height":822},{"@type":"BreadcrumbList","@id":"https:\/\/carrerasweb.cat\/botiga\/camaras-y-accesorios\/camaras-foto-con-cambio-de-optica\/camara-sony-alpha-6100-obj-16-50mm\/#breadcrumb","itemListElement":[{"@type":"ListItem","position":1,"name":"Portada","item":"https:\/\/carrerasweb.cat\/ca\/inici\/"},{"@type":"ListItem","position":2,"name":"Productes","item":"https:\/\/carrerasweb.cat\/ca\/productes\/"},{"@type":"ListItem","position":3,"name":"C\u00e0mera SONY alpha 6100 + obj. 16-50mm."}]},{"@type":"WebSite","@id":"https:\/\/carrerasweb.cat\/#website","url":"https:\/\/carrerasweb.cat\/","name":"Carreras Web - Tienda Foto V\u00eddeo C\u00e1maras TV Sony Telef\u00f3nica Telefon\u00eda.","description":"Distribuidor oficial a Figueres de Sony, la marca l\u00edder en audio, v\u00eddeo, fotografia, c\u00e0meres i accessoris, inform\u00e0tica, telef\u00f2nica, marcs i \u00e0lbums foto.","publisher":{"@id":"https:\/\/carrerasweb.cat\/#organization"},"potentialAction":[{"@type":"SearchAction","target":{"@type":"EntryPoint","urlTemplate":"https:\/\/carrerasweb.cat\/?s={search_term_string}"},"query-input":{"@type":"PropertyValueSpecification","valueRequired":true,"valueName":"search_term_string"}}],"inLanguage":"ca"},{"@type":"Organization","@id":"https:\/\/carrerasweb.cat\/#organization","name":"CARRERAS FOTO VIDEO","url":"https:\/\/carrerasweb.cat\/","logo":{"@type":"ImageObject","inLanguage":"ca","@id":"https:\/\/carrerasweb.cat\/#\/schema\/logo\/image\/","url":"https:\/\/carrerasweb.cat\/wp-content\/uploads\/2021\/03\/logo.png","contentUrl":"https:\/\/carrerasweb.cat\/wp-content\/uploads\/2021\/03\/logo.png","width":276,"height":100,"caption":"CARRERAS FOTO VIDEO"},"image":{"@id":"https:\/\/carrerasweb.cat\/#\/schema\/logo\/image\/"},"sameAs":["https:\/\/www.facebook.com\/CarrerasFotoVideo\/","https:\/\/www.instagram.com\/carrerasfotovideo\/"]}]}},"_links":{"self":[{"href":"https:\/\/carrerasweb.cat\/ca\/wp-json\/wp\/v2\/product\/4105","targetHints":{"allow":["GET"]}}],"collection":[{"href":"https:\/\/carrerasweb.cat\/ca\/wp-json\/wp\/v2\/product"}],"about":[{"href":"https:\/\/carrerasweb.cat\/ca\/wp-json\/wp\/v2\/types\/product"}],"replies":[{"embeddable":true,"href":"https:\/\/carrerasweb.cat\/ca\/wp-json\/wp\/v2\/comments?post=4105"}],"wp:featuredmedia":[{"embeddable":true,"href":"https:\/\/carrerasweb.cat\/ca\/wp-json\/wp\/v2\/media\/4104"}],"wp:attachment":[{"href":"https:\/\/carrerasweb.cat\/ca\/wp-json\/wp\/v2\/media?parent=4105"}],"wp:term":[{"taxonomy":"product_brand","embeddable":true,"href":"https:\/\/carrerasweb.cat\/ca\/wp-json\/wp\/v2\/product_brand?post=4105"},{"taxonomy":"product_cat","embeddable":true,"href":"https:\/\/carrerasweb.cat\/ca\/wp-json\/wp\/v2\/product_cat?post=4105"},{"taxonomy":"product_tag","embeddable":true,"href":"https:\/\/carrerasweb.cat\/ca\/wp-json\/wp\/v2\/product_tag?post=4105"}],"curies":[{"name":"wp","href":"https:\/\/api.w.org\/{rel}","templated":true}]}}