{"id":4021,"date":"2023-06-02T11:40:10","date_gmt":"2023-06-02T11:40:10","guid":{"rendered":"https:\/\/carrerasweb.cat\/tienda\/sense%20categoria\/camera-per-a-vlogs-sony-zv-1f\/"},"modified":"2024-01-25T13:12:55","modified_gmt":"2024-01-25T13:12:55","slug":"camara-para-vlogs-sony-zv-1f","status":"publish","type":"product","link":"https:\/\/carrerasweb.cat\/ca\/botiga\/cameres-i-accessoris\/videocameres\/camara-para-vlogs-sony-zv-1f\/","title":{"rendered":"C\u00e0mera per a vlogs Sony ZV-1F"},"content":{"rendered":"<h5 class=\"so-orange\">C\u00e0mera per a vlogs ZV-1F<\/h5>\n<div class=\"product-informations\">\n<p>Dissenyada com la teva primera c\u00e0mera per a videoblogs<\/p>\n<div class=\"promotion red-info\">\n<p>Com la teva primera c\u00e0mera per a videoblogs, la ZV-1F incorpora una pantalla LCD d&#8217;angle variable ideal per a selfies. Un micr\u00f3fon direccional de 3 c\u00e0psules amb paravents recull la teva veu clarament en exteriors, mentre que el bot\u00f3 de bokeh i l&#8217;ajustament de presentaci\u00f3 de productes generen metratge professional amb nom\u00e9s tocar un bot\u00f3.<\/p>\n<\/div>\n<ul class=\"features-list\">\n<li>Dissenyada com la teva primera c\u00e0mera per a videoblogs<\/li>\n<li>Objectiu prime ultra gran angular de 20 mm i pantalla LCD d&#8217;angle variable ideal per a selfies grupals<\/li>\n<li>Micr\u00f2fon direccional de 3 c\u00e0psules i paravents incorporat<\/li>\n<\/ul>\n<p>Dades t\u00e8cniques:<\/p>\n<p>\u00b7 Sensor 1&#8243; i obj.Zeiss Tessar T* tipus 20mm F2,0<br \/>\n\u00b7 Nou enfocament per l&#8217;ull, efectes bokeh instantanis. R\u00e0fegues fins a 16fps. R\u00e0fegues fins a 16fps.<br \/>\n\u00b7 Micr\u00f2fon de 3 c\u00e0psules, rotaci\u00f3 pantalla t\u00e0ctil 270\u00ba.<br \/>\n\u00b7 Resoluci\u00f3 20 Mpix.,4K. Bluetooth, WiFi.<\/p>\n<\/div>\n","protected":false},"excerpt":{"rendered":"<p>Envia els teus videos a les xarxes socials f\u00e0cilment, r\u00e0pidament i amb qualitat.<\/p>\n","protected":false},"featured_media":0,"comment_status":"closed","ping_status":"closed","template":"","meta":{"_exactmetrics_skip_tracking":false,"_exactmetrics_sitenote_active":false,"_exactmetrics_sitenote_note":"","_exactmetrics_sitenote_category":0},"product_brand":[],"product_cat":[197,220],"product_tag":[],"class_list":{"0":"post-4021","1":"product","2":"type-product","3":"status-publish","5":"product_cat-cameres-i-accessoris","6":"product_cat-videocameres","8":"first","9":"instock","10":"shipping-taxable","11":"product-type-simple"},"yoast_head":"<!-- This site is optimized with the Yoast SEO plugin v27.5 - https:\/\/yoast.com\/product\/yoast-seo-wordpress\/ -->\n<title>C\u00e0mera per a vlogs Sony ZV-1F - Carreres Web - Botiga Foto V\u00eddeo C\u00e0meres TV Sony telef\u00f3nica telefonia.<\/title>\n<meta name=\"robots\" content=\"index, follow, max-snippet:-1, max-image-preview:large, max-video-preview:-1\" \/>\n<link rel=\"canonical\" href=\"https:\/\/carrerasweb.cat\/botiga\/camaras-y-accesorios\/videocamaras\/camara-para-vlogs-sony-zv-1f\/\" \/>\n<meta property=\"og:locale\" content=\"ca_ES\" \/>\n<meta property=\"og:type\" content=\"article\" \/>\n<meta property=\"og:title\" content=\"C\u00e0mera per a vlogs Sony ZV-1F - Carreres Web - Botiga Foto V\u00eddeo C\u00e0meres TV Sony telef\u00f3nica telefonia.\" \/>\n<meta property=\"og:description\" content=\"Envia els teus videos a les xarxes socials f\u00e0cilment, r\u00e0pidament i amb qualitat.\" \/>\n<meta property=\"og:url\" content=\"https:\/\/carrerasweb.cat\/botiga\/camaras-y-accesorios\/videocamaras\/camara-para-vlogs-sony-zv-1f\/\" \/>\n<meta property=\"og:site_name\" content=\"Carreres Web - Botiga Foto V\u00eddeo C\u00e0meres TV Sony telef\u00f3nica telefonia.\" \/>\n<meta property=\"article:publisher\" content=\"https:\/\/www.facebook.com\/CarrerasFotoVideo\/\" \/>\n<meta property=\"article:modified_time\" content=\"2024-01-25T13:12:55+00:00\" \/>\n<meta name=\"twitter:card\" content=\"summary_large_image\" \/>\n<meta name=\"twitter:label1\" content=\"Temps estimat de lectura\" \/>\n\t<meta name=\"twitter:data1\" content=\"1 minut\" \/>\n<script type=\"application\/ld+json\" class=\"yoast-schema-graph\">{\"@context\":\"https:\\\/\\\/schema.org\",\"@graph\":[{\"@type\":\"WebPage\",\"@id\":\"https:\\\/\\\/carrerasweb.cat\\\/botiga\\\/camaras-y-accesorios\\\/videocamaras\\\/camara-para-vlogs-sony-zv-1f\\\/\",\"url\":\"https:\\\/\\\/carrerasweb.cat\\\/botiga\\\/camaras-y-accesorios\\\/videocamaras\\\/camara-para-vlogs-sony-zv-1f\\\/\",\"name\":\"C\u00e0mera per a vlogs Sony ZV-1F - Carreres Web - Botiga Foto V\u00eddeo C\u00e0meres TV Sony telef\u00f3nica telefonia.\",\"isPartOf\":{\"@id\":\"https:\\\/\\\/carrerasweb.cat\\\/#website\"},\"datePublished\":\"2023-06-02T11:40:10+00:00\",\"dateModified\":\"2024-01-25T13:12:55+00:00\",\"breadcrumb\":{\"@id\":\"https:\\\/\\\/carrerasweb.cat\\\/botiga\\\/camaras-y-accesorios\\\/videocamaras\\\/camara-para-vlogs-sony-zv-1f\\\/#breadcrumb\"},\"inLanguage\":\"ca\",\"potentialAction\":[{\"@type\":\"ReadAction\",\"target\":[\"https:\\\/\\\/carrerasweb.cat\\\/botiga\\\/camaras-y-accesorios\\\/videocamaras\\\/camara-para-vlogs-sony-zv-1f\\\/\"]}]},{\"@type\":\"BreadcrumbList\",\"@id\":\"https:\\\/\\\/carrerasweb.cat\\\/botiga\\\/camaras-y-accesorios\\\/videocamaras\\\/camara-para-vlogs-sony-zv-1f\\\/#breadcrumb\",\"itemListElement\":[{\"@type\":\"ListItem\",\"position\":1,\"name\":\"Portada\",\"item\":\"https:\\\/\\\/carrerasweb.cat\\\/ca\\\/inici\\\/\"},{\"@type\":\"ListItem\",\"position\":2,\"name\":\"Productes\",\"item\":\"https:\\\/\\\/carrerasweb.cat\\\/ca\\\/productes\\\/\"},{\"@type\":\"ListItem\",\"position\":3,\"name\":\"C\u00e0mera per a vlogs Sony ZV-1F\"}]},{\"@type\":\"WebSite\",\"@id\":\"https:\\\/\\\/carrerasweb.cat\\\/#website\",\"url\":\"https:\\\/\\\/carrerasweb.cat\\\/\",\"name\":\"Carreras Web - Tienda Foto V\u00eddeo C\u00e1maras TV Sony Telef\u00f3nica Telefon\u00eda.\",\"description\":\"Distribuidor oficial a Figueres de Sony, la marca l\u00edder en audio, v\u00eddeo, fotografia, c\u00e0meres i accessoris, inform\u00e0tica, telef\u00f2nica, marcs i \u00e0lbums foto.\",\"publisher\":{\"@id\":\"https:\\\/\\\/carrerasweb.cat\\\/#organization\"},\"potentialAction\":[{\"@type\":\"SearchAction\",\"target\":{\"@type\":\"EntryPoint\",\"urlTemplate\":\"https:\\\/\\\/carrerasweb.cat\\\/?s={search_term_string}\"},\"query-input\":{\"@type\":\"PropertyValueSpecification\",\"valueRequired\":true,\"valueName\":\"search_term_string\"}}],\"inLanguage\":\"ca\"},{\"@type\":\"Organization\",\"@id\":\"https:\\\/\\\/carrerasweb.cat\\\/#organization\",\"name\":\"CARRERAS FOTO VIDEO\",\"url\":\"https:\\\/\\\/carrerasweb.cat\\\/\",\"logo\":{\"@type\":\"ImageObject\",\"inLanguage\":\"ca\",\"@id\":\"https:\\\/\\\/carrerasweb.cat\\\/#\\\/schema\\\/logo\\\/image\\\/\",\"url\":\"https:\\\/\\\/carrerasweb.cat\\\/wp-content\\\/uploads\\\/2021\\\/03\\\/logo.png\",\"contentUrl\":\"https:\\\/\\\/carrerasweb.cat\\\/wp-content\\\/uploads\\\/2021\\\/03\\\/logo.png\",\"width\":276,\"height\":100,\"caption\":\"CARRERAS FOTO VIDEO\"},\"image\":{\"@id\":\"https:\\\/\\\/carrerasweb.cat\\\/#\\\/schema\\\/logo\\\/image\\\/\"},\"sameAs\":[\"https:\\\/\\\/www.facebook.com\\\/CarrerasFotoVideo\\\/\",\"https:\\\/\\\/www.instagram.com\\\/carrerasfotovideo\\\/\"]}]}<\/script>\n<!-- \/ Yoast SEO plugin. -->","yoast_head_json":{"title":"C\u00e0mera per a vlogs Sony ZV-1F - Carreres Web - Botiga Foto V\u00eddeo C\u00e0meres TV Sony telef\u00f3nica telefonia.","robots":{"index":"index","follow":"follow","max-snippet":"max-snippet:-1","max-image-preview":"max-image-preview:large","max-video-preview":"max-video-preview:-1"},"canonical":"https:\/\/carrerasweb.cat\/botiga\/camaras-y-accesorios\/videocamaras\/camara-para-vlogs-sony-zv-1f\/","og_locale":"ca_ES","og_type":"article","og_title":"C\u00e0mera per a vlogs Sony ZV-1F - Carreres Web - Botiga Foto V\u00eddeo C\u00e0meres TV Sony telef\u00f3nica telefonia.","og_description":"Envia els teus videos a les xarxes socials f\u00e0cilment, r\u00e0pidament i amb qualitat.","og_url":"https:\/\/carrerasweb.cat\/botiga\/camaras-y-accesorios\/videocamaras\/camara-para-vlogs-sony-zv-1f\/","og_site_name":"Carreres Web - Botiga Foto V\u00eddeo C\u00e0meres TV Sony telef\u00f3nica telefonia.","article_publisher":"https:\/\/www.facebook.com\/CarrerasFotoVideo\/","article_modified_time":"2024-01-25T13:12:55+00:00","twitter_card":"summary_large_image","twitter_misc":{"Temps estimat de lectura":"1 minut"},"schema":{"@context":"https:\/\/schema.org","@graph":[{"@type":"WebPage","@id":"https:\/\/carrerasweb.cat\/botiga\/camaras-y-accesorios\/videocamaras\/camara-para-vlogs-sony-zv-1f\/","url":"https:\/\/carrerasweb.cat\/botiga\/camaras-y-accesorios\/videocamaras\/camara-para-vlogs-sony-zv-1f\/","name":"C\u00e0mera per a vlogs Sony ZV-1F - Carreres Web - Botiga Foto V\u00eddeo C\u00e0meres TV Sony telef\u00f3nica telefonia.","isPartOf":{"@id":"https:\/\/carrerasweb.cat\/#website"},"datePublished":"2023-06-02T11:40:10+00:00","dateModified":"2024-01-25T13:12:55+00:00","breadcrumb":{"@id":"https:\/\/carrerasweb.cat\/botiga\/camaras-y-accesorios\/videocamaras\/camara-para-vlogs-sony-zv-1f\/#breadcrumb"},"inLanguage":"ca","potentialAction":[{"@type":"ReadAction","target":["https:\/\/carrerasweb.cat\/botiga\/camaras-y-accesorios\/videocamaras\/camara-para-vlogs-sony-zv-1f\/"]}]},{"@type":"BreadcrumbList","@id":"https:\/\/carrerasweb.cat\/botiga\/camaras-y-accesorios\/videocamaras\/camara-para-vlogs-sony-zv-1f\/#breadcrumb","itemListElement":[{"@type":"ListItem","position":1,"name":"Portada","item":"https:\/\/carrerasweb.cat\/ca\/inici\/"},{"@type":"ListItem","position":2,"name":"Productes","item":"https:\/\/carrerasweb.cat\/ca\/productes\/"},{"@type":"ListItem","position":3,"name":"C\u00e0mera per a vlogs Sony ZV-1F"}]},{"@type":"WebSite","@id":"https:\/\/carrerasweb.cat\/#website","url":"https:\/\/carrerasweb.cat\/","name":"Carreras Web - Tienda Foto V\u00eddeo C\u00e1maras TV Sony Telef\u00f3nica Telefon\u00eda.","description":"Distribuidor oficial a Figueres de Sony, la marca l\u00edder en audio, v\u00eddeo, fotografia, c\u00e0meres i accessoris, inform\u00e0tica, telef\u00f2nica, marcs i \u00e0lbums foto.","publisher":{"@id":"https:\/\/carrerasweb.cat\/#organization"},"potentialAction":[{"@type":"SearchAction","target":{"@type":"EntryPoint","urlTemplate":"https:\/\/carrerasweb.cat\/?s={search_term_string}"},"query-input":{"@type":"PropertyValueSpecification","valueRequired":true,"valueName":"search_term_string"}}],"inLanguage":"ca"},{"@type":"Organization","@id":"https:\/\/carrerasweb.cat\/#organization","name":"CARRERAS FOTO VIDEO","url":"https:\/\/carrerasweb.cat\/","logo":{"@type":"ImageObject","inLanguage":"ca","@id":"https:\/\/carrerasweb.cat\/#\/schema\/logo\/image\/","url":"https:\/\/carrerasweb.cat\/wp-content\/uploads\/2021\/03\/logo.png","contentUrl":"https:\/\/carrerasweb.cat\/wp-content\/uploads\/2021\/03\/logo.png","width":276,"height":100,"caption":"CARRERAS FOTO VIDEO"},"image":{"@id":"https:\/\/carrerasweb.cat\/#\/schema\/logo\/image\/"},"sameAs":["https:\/\/www.facebook.com\/CarrerasFotoVideo\/","https:\/\/www.instagram.com\/carrerasfotovideo\/"]}]}},"_links":{"self":[{"href":"https:\/\/carrerasweb.cat\/ca\/wp-json\/wp\/v2\/product\/4021","targetHints":{"allow":["GET"]}}],"collection":[{"href":"https:\/\/carrerasweb.cat\/ca\/wp-json\/wp\/v2\/product"}],"about":[{"href":"https:\/\/carrerasweb.cat\/ca\/wp-json\/wp\/v2\/types\/product"}],"replies":[{"embeddable":true,"href":"https:\/\/carrerasweb.cat\/ca\/wp-json\/wp\/v2\/comments?post=4021"}],"wp:attachment":[{"href":"https:\/\/carrerasweb.cat\/ca\/wp-json\/wp\/v2\/media?parent=4021"}],"wp:term":[{"taxonomy":"product_brand","embeddable":true,"href":"https:\/\/carrerasweb.cat\/ca\/wp-json\/wp\/v2\/product_brand?post=4021"},{"taxonomy":"product_cat","embeddable":true,"href":"https:\/\/carrerasweb.cat\/ca\/wp-json\/wp\/v2\/product_cat?post=4021"},{"taxonomy":"product_tag","embeddable":true,"href":"https:\/\/carrerasweb.cat\/ca\/wp-json\/wp\/v2\/product_tag?post=4021"}],"curies":[{"name":"wp","href":"https:\/\/api.w.org\/{rel}","templated":true}]}}