{"id":3999,"date":"2023-06-02T08:56:32","date_gmt":"2023-06-02T08:56:32","guid":{"rendered":"https:\/\/carrerasweb.cat\/tienda\/sense%20categoria\/altaveu-sony-srs-xv800b-negre\/"},"modified":"2025-10-21T09:59:46","modified_gmt":"2025-10-21T09:59:46","slug":"altaveu-sony-srs-xv800b-negre","status":"publish","type":"product","link":"https:\/\/carrerasweb.cat\/ca\/botiga\/audio-video-tv-ca\/altaveus-sense-fil\/altaveu-sony-srs-xv800b-negre\/","title":{"rendered":"Altaveu SONY SRS-XV800B negre"},"content":{"rendered":"<h5 class=\"so-orange\">Altaveu sense fil de festa XV800 s\u00e8rie X<\/h5>\n<div class=\"product-informations\">\n<ul class=\"features-list\">\n<li>So de festa omnidireccional amb X-Balanced Speaker Unit i cinc tweeters frontals i del darrere.<\/li>\n<li>25 hores de durada de bateria i nansa\/roda per a una portabilitat senzilla.<\/li>\n<li>Refor\u00e7 de so de TV ofereix una experi\u00e8ncia audiovisual incre\u00efble mitjan\u00e7ant un so amb greus potents i aguts realistes.<\/li>\n<\/ul>\n<p>&#8211; So omnidireccional, Conn. TV opt.<br \/>\n&#8211; Bluetooth, USB player, 2x Mic. In<br \/>\n&#8211; X-Balanced Speaker Unit, 16,9 kg<br \/>\n&#8211; Resist\u00e8ncia IPX4, Efectes Llums<br \/>\n&#8211; Bateria 25h, Nansa i rodes, App MC<\/p>\n<\/div>\n","protected":false},"excerpt":{"rendered":"<h5 class=\"so-orange\">Altaveu sense fil de festa XV800 s\u00e8rie X<\/h5>\n","protected":false},"featured_media":3998,"comment_status":"closed","ping_status":"closed","template":"","meta":{"_exactmetrics_skip_tracking":false,"_exactmetrics_sitenote_active":false,"_exactmetrics_sitenote_note":"","_exactmetrics_sitenote_category":0},"product_brand":[],"product_cat":[166,159],"product_tag":[],"class_list":{"0":"post-3999","1":"product","2":"type-product","3":"status-publish","4":"has-post-thumbnail","6":"product_cat-altaveus-sense-fil","7":"product_cat-audio-video-tv-ca","9":"first","10":"instock","11":"sale","12":"shipping-taxable","13":"product-type-simple"},"yoast_head":"<!-- This site is optimized with the Yoast SEO plugin v27.5 - https:\/\/yoast.com\/product\/yoast-seo-wordpress\/ -->\n<title>Altaveu SONY SRS-XV800B negre - Carreres Web - Botiga Foto V\u00eddeo C\u00e0meres TV Sony telef\u00f3nica telefonia.<\/title>\n<meta name=\"robots\" content=\"index, follow, max-snippet:-1, max-image-preview:large, max-video-preview:-1\" \/>\n<link rel=\"canonical\" href=\"https:\/\/carrerasweb.cat\/botiga\/audio-video-tv\/altavoces-inalambricos\/altavoz-sony-srs-xv800b-negro\/\" \/>\n<meta property=\"og:locale\" content=\"ca_ES\" \/>\n<meta property=\"og:type\" content=\"article\" \/>\n<meta property=\"og:title\" content=\"Altaveu SONY SRS-XV800B negre - Carreres Web - Botiga Foto V\u00eddeo C\u00e0meres TV Sony telef\u00f3nica telefonia.\" \/>\n<meta property=\"og:description\" content=\"Altaveu sense fil de festa XV800 s\u00e8rie X\" \/>\n<meta property=\"og:url\" content=\"https:\/\/carrerasweb.cat\/botiga\/audio-video-tv\/altavoces-inalambricos\/altavoz-sony-srs-xv800b-negro\/\" \/>\n<meta property=\"og:site_name\" content=\"Carreres Web - Botiga Foto V\u00eddeo C\u00e0meres TV Sony telef\u00f3nica telefonia.\" \/>\n<meta property=\"article:publisher\" content=\"https:\/\/www.facebook.com\/CarrerasFotoVideo\/\" \/>\n<meta property=\"article:modified_time\" content=\"2025-10-21T09:59:46+00:00\" \/>\n<meta property=\"og:image\" content=\"https:\/\/carrerasweb.cat\/wp-content\/uploads\/2023\/06\/SRSXV800-a.jpg\" \/>\n\t<meta property=\"og:image:width\" content=\"535\" \/>\n\t<meta property=\"og:image:height\" content=\"536\" \/>\n\t<meta property=\"og:image:type\" content=\"image\/jpeg\" \/>\n<meta name=\"twitter:card\" content=\"summary_large_image\" \/>\n<script type=\"application\/ld+json\" class=\"yoast-schema-graph\">{\"@context\":\"https:\\\/\\\/schema.org\",\"@graph\":[{\"@type\":\"WebPage\",\"@id\":\"https:\\\/\\\/carrerasweb.cat\\\/botiga\\\/audio-video-tv\\\/altavoces-inalambricos\\\/altavoz-sony-srs-xv800b-negro\\\/\",\"url\":\"https:\\\/\\\/carrerasweb.cat\\\/botiga\\\/audio-video-tv\\\/altavoces-inalambricos\\\/altavoz-sony-srs-xv800b-negro\\\/\",\"name\":\"Altaveu SONY SRS-XV800B negre - Carreres Web - Botiga Foto V\u00eddeo C\u00e0meres TV Sony telef\u00f3nica telefonia.\",\"isPartOf\":{\"@id\":\"https:\\\/\\\/carrerasweb.cat\\\/#website\"},\"primaryImageOfPage\":{\"@id\":\"https:\\\/\\\/carrerasweb.cat\\\/botiga\\\/audio-video-tv\\\/altavoces-inalambricos\\\/altavoz-sony-srs-xv800b-negro\\\/#primaryimage\"},\"image\":{\"@id\":\"https:\\\/\\\/carrerasweb.cat\\\/botiga\\\/audio-video-tv\\\/altavoces-inalambricos\\\/altavoz-sony-srs-xv800b-negro\\\/#primaryimage\"},\"thumbnailUrl\":\"https:\\\/\\\/carrerasweb.cat\\\/wp-content\\\/uploads\\\/2023\\\/06\\\/SRSXV800-a.jpg\",\"datePublished\":\"2023-06-02T08:56:32+00:00\",\"dateModified\":\"2025-10-21T09:59:46+00:00\",\"breadcrumb\":{\"@id\":\"https:\\\/\\\/carrerasweb.cat\\\/botiga\\\/audio-video-tv\\\/altavoces-inalambricos\\\/altavoz-sony-srs-xv800b-negro\\\/#breadcrumb\"},\"inLanguage\":\"ca\",\"potentialAction\":[{\"@type\":\"ReadAction\",\"target\":[\"https:\\\/\\\/carrerasweb.cat\\\/botiga\\\/audio-video-tv\\\/altavoces-inalambricos\\\/altavoz-sony-srs-xv800b-negro\\\/\"]}]},{\"@type\":\"ImageObject\",\"inLanguage\":\"ca\",\"@id\":\"https:\\\/\\\/carrerasweb.cat\\\/botiga\\\/audio-video-tv\\\/altavoces-inalambricos\\\/altavoz-sony-srs-xv800b-negro\\\/#primaryimage\",\"url\":\"https:\\\/\\\/carrerasweb.cat\\\/wp-content\\\/uploads\\\/2023\\\/06\\\/SRSXV800-a.jpg\",\"contentUrl\":\"https:\\\/\\\/carrerasweb.cat\\\/wp-content\\\/uploads\\\/2023\\\/06\\\/SRSXV800-a.jpg\",\"width\":535,\"height\":536},{\"@type\":\"BreadcrumbList\",\"@id\":\"https:\\\/\\\/carrerasweb.cat\\\/botiga\\\/audio-video-tv\\\/altavoces-inalambricos\\\/altavoz-sony-srs-xv800b-negro\\\/#breadcrumb\",\"itemListElement\":[{\"@type\":\"ListItem\",\"position\":1,\"name\":\"Portada\",\"item\":\"https:\\\/\\\/carrerasweb.cat\\\/ca\\\/inici\\\/\"},{\"@type\":\"ListItem\",\"position\":2,\"name\":\"Productes\",\"item\":\"https:\\\/\\\/carrerasweb.cat\\\/ca\\\/productes\\\/\"},{\"@type\":\"ListItem\",\"position\":3,\"name\":\"Altaveu SONY SRS-XV800B negre\"}]},{\"@type\":\"WebSite\",\"@id\":\"https:\\\/\\\/carrerasweb.cat\\\/#website\",\"url\":\"https:\\\/\\\/carrerasweb.cat\\\/\",\"name\":\"Carreras Web - Tienda Foto V\u00eddeo C\u00e1maras TV Sony Telef\u00f3nica Telefon\u00eda.\",\"description\":\"Distribuidor oficial a Figueres de Sony, la marca l\u00edder en audio, v\u00eddeo, fotografia, c\u00e0meres i accessoris, inform\u00e0tica, telef\u00f2nica, marcs i \u00e0lbums foto.\",\"publisher\":{\"@id\":\"https:\\\/\\\/carrerasweb.cat\\\/#organization\"},\"potentialAction\":[{\"@type\":\"SearchAction\",\"target\":{\"@type\":\"EntryPoint\",\"urlTemplate\":\"https:\\\/\\\/carrerasweb.cat\\\/?s={search_term_string}\"},\"query-input\":{\"@type\":\"PropertyValueSpecification\",\"valueRequired\":true,\"valueName\":\"search_term_string\"}}],\"inLanguage\":\"ca\"},{\"@type\":\"Organization\",\"@id\":\"https:\\\/\\\/carrerasweb.cat\\\/#organization\",\"name\":\"CARRERAS FOTO VIDEO\",\"url\":\"https:\\\/\\\/carrerasweb.cat\\\/\",\"logo\":{\"@type\":\"ImageObject\",\"inLanguage\":\"ca\",\"@id\":\"https:\\\/\\\/carrerasweb.cat\\\/#\\\/schema\\\/logo\\\/image\\\/\",\"url\":\"https:\\\/\\\/carrerasweb.cat\\\/wp-content\\\/uploads\\\/2021\\\/03\\\/logo.png\",\"contentUrl\":\"https:\\\/\\\/carrerasweb.cat\\\/wp-content\\\/uploads\\\/2021\\\/03\\\/logo.png\",\"width\":276,\"height\":100,\"caption\":\"CARRERAS FOTO VIDEO\"},\"image\":{\"@id\":\"https:\\\/\\\/carrerasweb.cat\\\/#\\\/schema\\\/logo\\\/image\\\/\"},\"sameAs\":[\"https:\\\/\\\/www.facebook.com\\\/CarrerasFotoVideo\\\/\",\"https:\\\/\\\/www.instagram.com\\\/carrerasfotovideo\\\/\"]}]}<\/script>\n<!-- \/ Yoast SEO plugin. -->","yoast_head_json":{"title":"Altaveu SONY SRS-XV800B negre - Carreres Web - Botiga Foto V\u00eddeo C\u00e0meres TV Sony telef\u00f3nica telefonia.","robots":{"index":"index","follow":"follow","max-snippet":"max-snippet:-1","max-image-preview":"max-image-preview:large","max-video-preview":"max-video-preview:-1"},"canonical":"https:\/\/carrerasweb.cat\/botiga\/audio-video-tv\/altavoces-inalambricos\/altavoz-sony-srs-xv800b-negro\/","og_locale":"ca_ES","og_type":"article","og_title":"Altaveu SONY SRS-XV800B negre - Carreres Web - Botiga Foto V\u00eddeo C\u00e0meres TV Sony telef\u00f3nica telefonia.","og_description":"Altaveu sense fil de festa XV800 s\u00e8rie X","og_url":"https:\/\/carrerasweb.cat\/botiga\/audio-video-tv\/altavoces-inalambricos\/altavoz-sony-srs-xv800b-negro\/","og_site_name":"Carreres Web - Botiga Foto V\u00eddeo C\u00e0meres TV Sony telef\u00f3nica telefonia.","article_publisher":"https:\/\/www.facebook.com\/CarrerasFotoVideo\/","article_modified_time":"2025-10-21T09:59:46+00:00","og_image":[{"width":535,"height":536,"url":"https:\/\/carrerasweb.cat\/wp-content\/uploads\/2023\/06\/SRSXV800-a.jpg","type":"image\/jpeg"}],"twitter_card":"summary_large_image","schema":{"@context":"https:\/\/schema.org","@graph":[{"@type":"WebPage","@id":"https:\/\/carrerasweb.cat\/botiga\/audio-video-tv\/altavoces-inalambricos\/altavoz-sony-srs-xv800b-negro\/","url":"https:\/\/carrerasweb.cat\/botiga\/audio-video-tv\/altavoces-inalambricos\/altavoz-sony-srs-xv800b-negro\/","name":"Altaveu SONY SRS-XV800B negre - Carreres Web - Botiga Foto V\u00eddeo C\u00e0meres TV Sony telef\u00f3nica telefonia.","isPartOf":{"@id":"https:\/\/carrerasweb.cat\/#website"},"primaryImageOfPage":{"@id":"https:\/\/carrerasweb.cat\/botiga\/audio-video-tv\/altavoces-inalambricos\/altavoz-sony-srs-xv800b-negro\/#primaryimage"},"image":{"@id":"https:\/\/carrerasweb.cat\/botiga\/audio-video-tv\/altavoces-inalambricos\/altavoz-sony-srs-xv800b-negro\/#primaryimage"},"thumbnailUrl":"https:\/\/carrerasweb.cat\/wp-content\/uploads\/2023\/06\/SRSXV800-a.jpg","datePublished":"2023-06-02T08:56:32+00:00","dateModified":"2025-10-21T09:59:46+00:00","breadcrumb":{"@id":"https:\/\/carrerasweb.cat\/botiga\/audio-video-tv\/altavoces-inalambricos\/altavoz-sony-srs-xv800b-negro\/#breadcrumb"},"inLanguage":"ca","potentialAction":[{"@type":"ReadAction","target":["https:\/\/carrerasweb.cat\/botiga\/audio-video-tv\/altavoces-inalambricos\/altavoz-sony-srs-xv800b-negro\/"]}]},{"@type":"ImageObject","inLanguage":"ca","@id":"https:\/\/carrerasweb.cat\/botiga\/audio-video-tv\/altavoces-inalambricos\/altavoz-sony-srs-xv800b-negro\/#primaryimage","url":"https:\/\/carrerasweb.cat\/wp-content\/uploads\/2023\/06\/SRSXV800-a.jpg","contentUrl":"https:\/\/carrerasweb.cat\/wp-content\/uploads\/2023\/06\/SRSXV800-a.jpg","width":535,"height":536},{"@type":"BreadcrumbList","@id":"https:\/\/carrerasweb.cat\/botiga\/audio-video-tv\/altavoces-inalambricos\/altavoz-sony-srs-xv800b-negro\/#breadcrumb","itemListElement":[{"@type":"ListItem","position":1,"name":"Portada","item":"https:\/\/carrerasweb.cat\/ca\/inici\/"},{"@type":"ListItem","position":2,"name":"Productes","item":"https:\/\/carrerasweb.cat\/ca\/productes\/"},{"@type":"ListItem","position":3,"name":"Altaveu SONY SRS-XV800B negre"}]},{"@type":"WebSite","@id":"https:\/\/carrerasweb.cat\/#website","url":"https:\/\/carrerasweb.cat\/","name":"Carreras Web - Tienda Foto V\u00eddeo C\u00e1maras TV Sony Telef\u00f3nica Telefon\u00eda.","description":"Distribuidor oficial a Figueres de Sony, la marca l\u00edder en audio, v\u00eddeo, fotografia, c\u00e0meres i accessoris, inform\u00e0tica, telef\u00f2nica, marcs i \u00e0lbums foto.","publisher":{"@id":"https:\/\/carrerasweb.cat\/#organization"},"potentialAction":[{"@type":"SearchAction","target":{"@type":"EntryPoint","urlTemplate":"https:\/\/carrerasweb.cat\/?s={search_term_string}"},"query-input":{"@type":"PropertyValueSpecification","valueRequired":true,"valueName":"search_term_string"}}],"inLanguage":"ca"},{"@type":"Organization","@id":"https:\/\/carrerasweb.cat\/#organization","name":"CARRERAS FOTO VIDEO","url":"https:\/\/carrerasweb.cat\/","logo":{"@type":"ImageObject","inLanguage":"ca","@id":"https:\/\/carrerasweb.cat\/#\/schema\/logo\/image\/","url":"https:\/\/carrerasweb.cat\/wp-content\/uploads\/2021\/03\/logo.png","contentUrl":"https:\/\/carrerasweb.cat\/wp-content\/uploads\/2021\/03\/logo.png","width":276,"height":100,"caption":"CARRERAS FOTO VIDEO"},"image":{"@id":"https:\/\/carrerasweb.cat\/#\/schema\/logo\/image\/"},"sameAs":["https:\/\/www.facebook.com\/CarrerasFotoVideo\/","https:\/\/www.instagram.com\/carrerasfotovideo\/"]}]}},"_links":{"self":[{"href":"https:\/\/carrerasweb.cat\/ca\/wp-json\/wp\/v2\/product\/3999","targetHints":{"allow":["GET"]}}],"collection":[{"href":"https:\/\/carrerasweb.cat\/ca\/wp-json\/wp\/v2\/product"}],"about":[{"href":"https:\/\/carrerasweb.cat\/ca\/wp-json\/wp\/v2\/types\/product"}],"replies":[{"embeddable":true,"href":"https:\/\/carrerasweb.cat\/ca\/wp-json\/wp\/v2\/comments?post=3999"}],"wp:featuredmedia":[{"embeddable":true,"href":"https:\/\/carrerasweb.cat\/ca\/wp-json\/wp\/v2\/media\/3998"}],"wp:attachment":[{"href":"https:\/\/carrerasweb.cat\/ca\/wp-json\/wp\/v2\/media?parent=3999"}],"wp:term":[{"taxonomy":"product_brand","embeddable":true,"href":"https:\/\/carrerasweb.cat\/ca\/wp-json\/wp\/v2\/product_brand?post=3999"},{"taxonomy":"product_cat","embeddable":true,"href":"https:\/\/carrerasweb.cat\/ca\/wp-json\/wp\/v2\/product_cat?post=3999"},{"taxonomy":"product_tag","embeddable":true,"href":"https:\/\/carrerasweb.cat\/ca\/wp-json\/wp\/v2\/product_tag?post=3999"}],"curies":[{"name":"wp","href":"https:\/\/api.w.org\/{rel}","templated":true}]}}