{"id":3929,"date":"2023-05-06T17:07:34","date_gmt":"2023-05-06T17:07:34","guid":{"rendered":"https:\/\/carrerasweb.cat\/tienda\/Sense%20categoria\/camera-sony-alpha-7-m4-cos\/"},"modified":"2026-01-07T18:23:31","modified_gmt":"2026-01-07T18:23:31","slug":"camara-sony-alpha-7-m4-cuerpo","status":"publish","type":"product","link":"https:\/\/carrerasweb.cat\/ca\/botiga\/cameres-i-accessoris\/cameres-foto-amb-canvi-doptica\/camara-sony-alpha-7-m4-cuerpo\/","title":{"rendered":"C\u00e0mera SONY alpha 7 M4, cos"},"content":{"rendered":"<h3 class=\"so-orange\">C\u00e0mera h\u00edbrida de fotograma complet Alpha 7 IV<\/h3>\n<div class=\"product-informations\">\n<p>La \u03b17 IV \u00e9s la c\u00e8mera h\u00edbrida ideal i proporciona impactants imatges de foto i v\u00eddeo als creadors d&#8217;avui en d\u00eda.<\/p>\n<div class=\"promotion red-info\">\n<p>Amb un rendiment revolucionari tant en la presa de fotos como en la gravaci\u00f3 de v\u00eddeos, la \u03b17 IV \u00e9s la c\u00e0mera h\u00edbrida ideal, ja que ofereix imatges impressionants junt amb connectivitat per al lliurament i distribuci\u00f3 al moment. A m\u00e9s, s&#8217;ha dissenyat per fer realitat la visi\u00f3 creativa de qualsevol professional.<\/p>\n<\/div>\n<ul class=\"features-list\">\n<li>Sensor d&#8217;imatge CMOS Exmor R\u2122 de 33,0 MP retro-il\u00b7luminat de fotograma complet<\/li>\n<li>BIONZ XR\u2122, a m\u00e9s de funcions de foto i v\u00eddeo heredades dels nostres models insignia<\/li>\n<li>Transmissi\u00f3 i \u00fas compartit de contingut d&#8217;alta qualitat al moment<\/li>\n<\/ul>\n<p>Dades t\u00e8cniques:<\/p>\n<p>\u00b7 SENSOR FORMAT COMPLET 24X36. 33 M.P\u00edxels.<br \/>\n\u00b7 Estabilitzador al cos, de 5 eixos, de nova tecnologia.<br \/>\n\u00b7 Video Full 4K, fotos a 10 per segon, WiFi + NFC<br \/>\n\u00b7 Muntura E, adaptable a multi-marca. USB-C<\/p>\n<\/div>\n","protected":false},"excerpt":{"rendered":"<p>Aut\u00e8ntica c\u00e0mera professional amb tecnologia avan\u00e7ada, enfocament ultra-r\u00e0pid, resoluci\u00f3 superior a la majoria del seu segment, r\u00e0fegues de foto ultra-r\u00e0pides, l&#8217;equilibri per a fotograf\u00eda y v\u00eddeo de qualitat excel\u00b7lent i rapidesa sense precedents.<\/p>\n","protected":false},"featured_media":3928,"comment_status":"closed","ping_status":"closed","template":"","meta":{"_exactmetrics_skip_tracking":false,"_exactmetrics_sitenote_active":false,"_exactmetrics_sitenote_note":"","_exactmetrics_sitenote_category":0},"product_brand":[],"product_cat":[206,197],"product_tag":[],"class_list":{"0":"post-3929","1":"product","2":"type-product","3":"status-publish","4":"has-post-thumbnail","6":"product_cat-cameres-foto-amb-canvi-doptica","7":"product_cat-cameres-i-accessoris","9":"first","10":"instock","11":"sale","12":"featured","13":"shipping-taxable","14":"product-type-simple"},"yoast_head":"<!-- This site is optimized with the Yoast SEO plugin v27.5 - https:\/\/yoast.com\/product\/yoast-seo-wordpress\/ -->\n<title>C\u00e0mera SONY alpha 7 M4, cos - Carreres Web - Botiga Foto V\u00eddeo C\u00e0meres TV Sony telef\u00f3nica telefonia.<\/title>\n<meta name=\"robots\" content=\"index, follow, max-snippet:-1, max-image-preview:large, max-video-preview:-1\" \/>\n<link rel=\"canonical\" href=\"https:\/\/carrerasweb.cat\/botiga\/camaras-y-accesorios\/camaras-foto-con-cambio-de-optica\/camara-sony-alpha-7-m4-cuerpo\/\" \/>\n<meta property=\"og:locale\" content=\"ca_ES\" \/>\n<meta property=\"og:type\" content=\"article\" \/>\n<meta property=\"og:title\" content=\"C\u00e0mera SONY alpha 7 M4, cos - Carreres Web - Botiga Foto V\u00eddeo C\u00e0meres TV Sony telef\u00f3nica telefonia.\" \/>\n<meta property=\"og:description\" content=\"Aut\u00e8ntica c\u00e0mera professional amb tecnologia avan\u00e7ada, enfocament ultra-r\u00e0pid, resoluci\u00f3 superior a la majoria del seu segment, r\u00e0fegues de foto ultra-r\u00e0pides, l&#039;equilibri per a fotograf\u00eda y v\u00eddeo de qualitat excel\u00b7lent i rapidesa sense precedents.\" \/>\n<meta property=\"og:url\" content=\"https:\/\/carrerasweb.cat\/botiga\/camaras-y-accesorios\/camaras-foto-con-cambio-de-optica\/camara-sony-alpha-7-m4-cuerpo\/\" \/>\n<meta property=\"og:site_name\" content=\"Carreres Web - Botiga Foto V\u00eddeo C\u00e0meres TV Sony telef\u00f3nica telefonia.\" \/>\n<meta property=\"article:publisher\" content=\"https:\/\/www.facebook.com\/CarrerasFotoVideo\/\" \/>\n<meta property=\"article:modified_time\" content=\"2026-01-07T18:23:31+00:00\" \/>\n<meta property=\"og:image\" content=\"https:\/\/carrerasweb.cat\/wp-content\/uploads\/2023\/05\/ILCE7M4Ba.jpg\" \/>\n\t<meta property=\"og:image:width\" content=\"867\" \/>\n\t<meta property=\"og:image:height\" content=\"867\" \/>\n\t<meta property=\"og:image:type\" content=\"image\/jpeg\" \/>\n<meta name=\"twitter:card\" content=\"summary_large_image\" \/>\n<meta name=\"twitter:label1\" content=\"Temps estimat de lectura\" \/>\n\t<meta name=\"twitter:data1\" content=\"1 minut\" \/>\n<script type=\"application\/ld+json\" class=\"yoast-schema-graph\">{\"@context\":\"https:\\\/\\\/schema.org\",\"@graph\":[{\"@type\":\"WebPage\",\"@id\":\"https:\\\/\\\/carrerasweb.cat\\\/botiga\\\/camaras-y-accesorios\\\/camaras-foto-con-cambio-de-optica\\\/camara-sony-alpha-7-m4-cuerpo\\\/\",\"url\":\"https:\\\/\\\/carrerasweb.cat\\\/botiga\\\/camaras-y-accesorios\\\/camaras-foto-con-cambio-de-optica\\\/camara-sony-alpha-7-m4-cuerpo\\\/\",\"name\":\"C\u00e0mera SONY alpha 7 M4, cos - Carreres Web - Botiga Foto V\u00eddeo C\u00e0meres TV Sony telef\u00f3nica telefonia.\",\"isPartOf\":{\"@id\":\"https:\\\/\\\/carrerasweb.cat\\\/#website\"},\"primaryImageOfPage\":{\"@id\":\"https:\\\/\\\/carrerasweb.cat\\\/botiga\\\/camaras-y-accesorios\\\/camaras-foto-con-cambio-de-optica\\\/camara-sony-alpha-7-m4-cuerpo\\\/#primaryimage\"},\"image\":{\"@id\":\"https:\\\/\\\/carrerasweb.cat\\\/botiga\\\/camaras-y-accesorios\\\/camaras-foto-con-cambio-de-optica\\\/camara-sony-alpha-7-m4-cuerpo\\\/#primaryimage\"},\"thumbnailUrl\":\"https:\\\/\\\/carrerasweb.cat\\\/wp-content\\\/uploads\\\/2023\\\/05\\\/ILCE7M4Ba.jpg\",\"datePublished\":\"2023-05-06T17:07:34+00:00\",\"dateModified\":\"2026-01-07T18:23:31+00:00\",\"breadcrumb\":{\"@id\":\"https:\\\/\\\/carrerasweb.cat\\\/botiga\\\/camaras-y-accesorios\\\/camaras-foto-con-cambio-de-optica\\\/camara-sony-alpha-7-m4-cuerpo\\\/#breadcrumb\"},\"inLanguage\":\"ca\",\"potentialAction\":[{\"@type\":\"ReadAction\",\"target\":[\"https:\\\/\\\/carrerasweb.cat\\\/botiga\\\/camaras-y-accesorios\\\/camaras-foto-con-cambio-de-optica\\\/camara-sony-alpha-7-m4-cuerpo\\\/\"]}]},{\"@type\":\"ImageObject\",\"inLanguage\":\"ca\",\"@id\":\"https:\\\/\\\/carrerasweb.cat\\\/botiga\\\/camaras-y-accesorios\\\/camaras-foto-con-cambio-de-optica\\\/camara-sony-alpha-7-m4-cuerpo\\\/#primaryimage\",\"url\":\"https:\\\/\\\/carrerasweb.cat\\\/wp-content\\\/uploads\\\/2023\\\/05\\\/ILCE7M4Ba.jpg\",\"contentUrl\":\"https:\\\/\\\/carrerasweb.cat\\\/wp-content\\\/uploads\\\/2023\\\/05\\\/ILCE7M4Ba.jpg\",\"width\":867,\"height\":867},{\"@type\":\"BreadcrumbList\",\"@id\":\"https:\\\/\\\/carrerasweb.cat\\\/botiga\\\/camaras-y-accesorios\\\/camaras-foto-con-cambio-de-optica\\\/camara-sony-alpha-7-m4-cuerpo\\\/#breadcrumb\",\"itemListElement\":[{\"@type\":\"ListItem\",\"position\":1,\"name\":\"Portada\",\"item\":\"https:\\\/\\\/carrerasweb.cat\\\/ca\\\/inici\\\/\"},{\"@type\":\"ListItem\",\"position\":2,\"name\":\"Productes\",\"item\":\"https:\\\/\\\/carrerasweb.cat\\\/ca\\\/productes\\\/\"},{\"@type\":\"ListItem\",\"position\":3,\"name\":\"C\u00e0mera SONY alpha 7 M4, cos\"}]},{\"@type\":\"WebSite\",\"@id\":\"https:\\\/\\\/carrerasweb.cat\\\/#website\",\"url\":\"https:\\\/\\\/carrerasweb.cat\\\/\",\"name\":\"Carreras Web - Tienda Foto V\u00eddeo C\u00e1maras TV Sony Telef\u00f3nica Telefon\u00eda.\",\"description\":\"Distribuidor oficial a Figueres de Sony, la marca l\u00edder en audio, v\u00eddeo, fotografia, c\u00e0meres i accessoris, inform\u00e0tica, telef\u00f2nica, marcs i \u00e0lbums foto.\",\"publisher\":{\"@id\":\"https:\\\/\\\/carrerasweb.cat\\\/#organization\"},\"potentialAction\":[{\"@type\":\"SearchAction\",\"target\":{\"@type\":\"EntryPoint\",\"urlTemplate\":\"https:\\\/\\\/carrerasweb.cat\\\/?s={search_term_string}\"},\"query-input\":{\"@type\":\"PropertyValueSpecification\",\"valueRequired\":true,\"valueName\":\"search_term_string\"}}],\"inLanguage\":\"ca\"},{\"@type\":\"Organization\",\"@id\":\"https:\\\/\\\/carrerasweb.cat\\\/#organization\",\"name\":\"CARRERAS FOTO VIDEO\",\"url\":\"https:\\\/\\\/carrerasweb.cat\\\/\",\"logo\":{\"@type\":\"ImageObject\",\"inLanguage\":\"ca\",\"@id\":\"https:\\\/\\\/carrerasweb.cat\\\/#\\\/schema\\\/logo\\\/image\\\/\",\"url\":\"https:\\\/\\\/carrerasweb.cat\\\/wp-content\\\/uploads\\\/2021\\\/03\\\/logo.png\",\"contentUrl\":\"https:\\\/\\\/carrerasweb.cat\\\/wp-content\\\/uploads\\\/2021\\\/03\\\/logo.png\",\"width\":276,\"height\":100,\"caption\":\"CARRERAS FOTO VIDEO\"},\"image\":{\"@id\":\"https:\\\/\\\/carrerasweb.cat\\\/#\\\/schema\\\/logo\\\/image\\\/\"},\"sameAs\":[\"https:\\\/\\\/www.facebook.com\\\/CarrerasFotoVideo\\\/\",\"https:\\\/\\\/www.instagram.com\\\/carrerasfotovideo\\\/\"]}]}<\/script>\n<!-- \/ Yoast SEO plugin. -->","yoast_head_json":{"title":"C\u00e0mera SONY alpha 7 M4, cos - Carreres Web - Botiga Foto V\u00eddeo C\u00e0meres TV Sony telef\u00f3nica telefonia.","robots":{"index":"index","follow":"follow","max-snippet":"max-snippet:-1","max-image-preview":"max-image-preview:large","max-video-preview":"max-video-preview:-1"},"canonical":"https:\/\/carrerasweb.cat\/botiga\/camaras-y-accesorios\/camaras-foto-con-cambio-de-optica\/camara-sony-alpha-7-m4-cuerpo\/","og_locale":"ca_ES","og_type":"article","og_title":"C\u00e0mera SONY alpha 7 M4, cos - Carreres Web - Botiga Foto V\u00eddeo C\u00e0meres TV Sony telef\u00f3nica telefonia.","og_description":"Aut\u00e8ntica c\u00e0mera professional amb tecnologia avan\u00e7ada, enfocament ultra-r\u00e0pid, resoluci\u00f3 superior a la majoria del seu segment, r\u00e0fegues de foto ultra-r\u00e0pides, l'equilibri per a fotograf\u00eda y v\u00eddeo de qualitat excel\u00b7lent i rapidesa sense precedents.","og_url":"https:\/\/carrerasweb.cat\/botiga\/camaras-y-accesorios\/camaras-foto-con-cambio-de-optica\/camara-sony-alpha-7-m4-cuerpo\/","og_site_name":"Carreres Web - Botiga Foto V\u00eddeo C\u00e0meres TV Sony telef\u00f3nica telefonia.","article_publisher":"https:\/\/www.facebook.com\/CarrerasFotoVideo\/","article_modified_time":"2026-01-07T18:23:31+00:00","og_image":[{"width":867,"height":867,"url":"https:\/\/carrerasweb.cat\/wp-content\/uploads\/2023\/05\/ILCE7M4Ba.jpg","type":"image\/jpeg"}],"twitter_card":"summary_large_image","twitter_misc":{"Temps estimat de lectura":"1 minut"},"schema":{"@context":"https:\/\/schema.org","@graph":[{"@type":"WebPage","@id":"https:\/\/carrerasweb.cat\/botiga\/camaras-y-accesorios\/camaras-foto-con-cambio-de-optica\/camara-sony-alpha-7-m4-cuerpo\/","url":"https:\/\/carrerasweb.cat\/botiga\/camaras-y-accesorios\/camaras-foto-con-cambio-de-optica\/camara-sony-alpha-7-m4-cuerpo\/","name":"C\u00e0mera SONY alpha 7 M4, cos - Carreres Web - Botiga Foto V\u00eddeo C\u00e0meres TV Sony telef\u00f3nica telefonia.","isPartOf":{"@id":"https:\/\/carrerasweb.cat\/#website"},"primaryImageOfPage":{"@id":"https:\/\/carrerasweb.cat\/botiga\/camaras-y-accesorios\/camaras-foto-con-cambio-de-optica\/camara-sony-alpha-7-m4-cuerpo\/#primaryimage"},"image":{"@id":"https:\/\/carrerasweb.cat\/botiga\/camaras-y-accesorios\/camaras-foto-con-cambio-de-optica\/camara-sony-alpha-7-m4-cuerpo\/#primaryimage"},"thumbnailUrl":"https:\/\/carrerasweb.cat\/wp-content\/uploads\/2023\/05\/ILCE7M4Ba.jpg","datePublished":"2023-05-06T17:07:34+00:00","dateModified":"2026-01-07T18:23:31+00:00","breadcrumb":{"@id":"https:\/\/carrerasweb.cat\/botiga\/camaras-y-accesorios\/camaras-foto-con-cambio-de-optica\/camara-sony-alpha-7-m4-cuerpo\/#breadcrumb"},"inLanguage":"ca","potentialAction":[{"@type":"ReadAction","target":["https:\/\/carrerasweb.cat\/botiga\/camaras-y-accesorios\/camaras-foto-con-cambio-de-optica\/camara-sony-alpha-7-m4-cuerpo\/"]}]},{"@type":"ImageObject","inLanguage":"ca","@id":"https:\/\/carrerasweb.cat\/botiga\/camaras-y-accesorios\/camaras-foto-con-cambio-de-optica\/camara-sony-alpha-7-m4-cuerpo\/#primaryimage","url":"https:\/\/carrerasweb.cat\/wp-content\/uploads\/2023\/05\/ILCE7M4Ba.jpg","contentUrl":"https:\/\/carrerasweb.cat\/wp-content\/uploads\/2023\/05\/ILCE7M4Ba.jpg","width":867,"height":867},{"@type":"BreadcrumbList","@id":"https:\/\/carrerasweb.cat\/botiga\/camaras-y-accesorios\/camaras-foto-con-cambio-de-optica\/camara-sony-alpha-7-m4-cuerpo\/#breadcrumb","itemListElement":[{"@type":"ListItem","position":1,"name":"Portada","item":"https:\/\/carrerasweb.cat\/ca\/inici\/"},{"@type":"ListItem","position":2,"name":"Productes","item":"https:\/\/carrerasweb.cat\/ca\/productes\/"},{"@type":"ListItem","position":3,"name":"C\u00e0mera SONY alpha 7 M4, cos"}]},{"@type":"WebSite","@id":"https:\/\/carrerasweb.cat\/#website","url":"https:\/\/carrerasweb.cat\/","name":"Carreras Web - Tienda Foto V\u00eddeo C\u00e1maras TV Sony Telef\u00f3nica Telefon\u00eda.","description":"Distribuidor oficial a Figueres de Sony, la marca l\u00edder en audio, v\u00eddeo, fotografia, c\u00e0meres i accessoris, inform\u00e0tica, telef\u00f2nica, marcs i \u00e0lbums foto.","publisher":{"@id":"https:\/\/carrerasweb.cat\/#organization"},"potentialAction":[{"@type":"SearchAction","target":{"@type":"EntryPoint","urlTemplate":"https:\/\/carrerasweb.cat\/?s={search_term_string}"},"query-input":{"@type":"PropertyValueSpecification","valueRequired":true,"valueName":"search_term_string"}}],"inLanguage":"ca"},{"@type":"Organization","@id":"https:\/\/carrerasweb.cat\/#organization","name":"CARRERAS FOTO VIDEO","url":"https:\/\/carrerasweb.cat\/","logo":{"@type":"ImageObject","inLanguage":"ca","@id":"https:\/\/carrerasweb.cat\/#\/schema\/logo\/image\/","url":"https:\/\/carrerasweb.cat\/wp-content\/uploads\/2021\/03\/logo.png","contentUrl":"https:\/\/carrerasweb.cat\/wp-content\/uploads\/2021\/03\/logo.png","width":276,"height":100,"caption":"CARRERAS FOTO VIDEO"},"image":{"@id":"https:\/\/carrerasweb.cat\/#\/schema\/logo\/image\/"},"sameAs":["https:\/\/www.facebook.com\/CarrerasFotoVideo\/","https:\/\/www.instagram.com\/carrerasfotovideo\/"]}]}},"_links":{"self":[{"href":"https:\/\/carrerasweb.cat\/ca\/wp-json\/wp\/v2\/product\/3929","targetHints":{"allow":["GET"]}}],"collection":[{"href":"https:\/\/carrerasweb.cat\/ca\/wp-json\/wp\/v2\/product"}],"about":[{"href":"https:\/\/carrerasweb.cat\/ca\/wp-json\/wp\/v2\/types\/product"}],"replies":[{"embeddable":true,"href":"https:\/\/carrerasweb.cat\/ca\/wp-json\/wp\/v2\/comments?post=3929"}],"wp:featuredmedia":[{"embeddable":true,"href":"https:\/\/carrerasweb.cat\/ca\/wp-json\/wp\/v2\/media\/3928"}],"wp:attachment":[{"href":"https:\/\/carrerasweb.cat\/ca\/wp-json\/wp\/v2\/media?parent=3929"}],"wp:term":[{"taxonomy":"product_brand","embeddable":true,"href":"https:\/\/carrerasweb.cat\/ca\/wp-json\/wp\/v2\/product_brand?post=3929"},{"taxonomy":"product_cat","embeddable":true,"href":"https:\/\/carrerasweb.cat\/ca\/wp-json\/wp\/v2\/product_cat?post=3929"},{"taxonomy":"product_tag","embeddable":true,"href":"https:\/\/carrerasweb.cat\/ca\/wp-json\/wp\/v2\/product_tag?post=3929"}],"curies":[{"name":"wp","href":"https:\/\/api.w.org\/{rel}","templated":true}]}}