{"id":3907,"date":"2023-04-21T10:05:15","date_gmt":"2023-04-21T10:05:15","guid":{"rendered":"https:\/\/carrerasweb.cat\/tienda\/Sense%20categoria\/camera-sony-rx-100m7\/"},"modified":"2025-05-06T07:56:41","modified_gmt":"2025-05-06T07:56:41","slug":"camera-sony-rx-100m7","status":"publish","type":"product","link":"https:\/\/carrerasweb.cat\/ca\/botiga\/cameres-i-accessoris\/cameres-foto-compactes\/camera-sony-rx-100m7\/","title":{"rendered":"C\u00e0mera SONY RX-100M7"},"content":{"rendered":"<h5 class=\"so-orange\">C\u00e0mera compacta RX100 VII, AF sense igual<\/h5>\n<div class=\"product-informations\">\n<p>Velocitat professional i funcions d&#8217;alt nivell per a fotos i v\u00eddeos<\/p>\n<div class=\"promotion red-info\">\n<p>Porta la fotografia, la videografia i els videoblogs professionals a la teva butxaca amb la RX100 VII. La captura sense espais negres de 20 fps amb seguiment d&#8217;AF\/AE, el seguiment en temps real i l&#8217;Eye AF en temps real, i el v\u00eddeo 4K HDR (HLG) amb \u00e0udio extern et permeten capturar imatges realment impactants all\u00e0 on vagis<\/p>\n<\/div>\n<ul class=\"features-list\">\n<li>Nou sensor CMOS apilat tipus 1.0 i objectiu ZEISS\u00ae 24-200mm<\/li>\n<li>AF ampli i ultrar\u00e0pid, amb Eye AF i tret de 20 fps<\/li>\n<li>V\u00eddeos 4K HDR (HLG), pantalla t\u00e0ctil plegable i entrada de micr\u00f2fon<\/li>\n<\/ul>\n<p>&#8211; Sensor 1&#8243;, Resoluci\u00f3 20,1 MP, Eye AF,<br \/>\n&#8211; Zoom \u00f2ptic 8X, equivalent 24-192mm, F2,8-4,5<br \/>\n&#8211; V\u00eddeo 4k, Pantalla basculant 3&#8243;, visor a nivell d&#8217;ull, OLED<br \/>\n&#8211; Foto r\u00e0fega de 90fps<\/p>\n<\/div>\n","protected":false},"excerpt":{"rendered":"<h5 class=\"so-orange\">C\u00e0mera compacta RX100 VII, AF sense igual<\/h5>\n","protected":false},"featured_media":3906,"comment_status":"closed","ping_status":"closed","template":"","meta":{"_exactmetrics_skip_tracking":false,"_exactmetrics_sitenote_active":false,"_exactmetrics_sitenote_note":"","_exactmetrics_sitenote_category":0},"product_brand":[],"product_cat":[205,197],"product_tag":[],"class_list":{"0":"post-3907","1":"product","2":"type-product","3":"status-publish","4":"has-post-thumbnail","6":"product_cat-cameres-foto-compactes","7":"product_cat-cameres-i-accessoris","9":"first","10":"onbackorder","11":"shipping-taxable","12":"product-type-simple"},"yoast_head":"<!-- This site is optimized with the Yoast SEO plugin v27.5 - https:\/\/yoast.com\/product\/yoast-seo-wordpress\/ -->\n<title>C\u00e0mera SONY RX-100M7 - Carreres Web - Botiga Foto V\u00eddeo C\u00e0meres TV Sony telef\u00f3nica telefonia.<\/title>\n<meta name=\"robots\" content=\"index, follow, max-snippet:-1, max-image-preview:large, max-video-preview:-1\" \/>\n<link rel=\"canonical\" href=\"https:\/\/carrerasweb.cat\/tienda\/camaras-y-accesorios\/camaras-foto-compactas\/camara-sony-rx-100m7\/\" \/>\n<meta property=\"og:locale\" content=\"ca_ES\" \/>\n<meta property=\"og:type\" content=\"article\" \/>\n<meta property=\"og:title\" content=\"C\u00e0mera SONY RX-100M7 - Carreres Web - Botiga Foto V\u00eddeo C\u00e0meres TV Sony telef\u00f3nica telefonia.\" \/>\n<meta property=\"og:description\" content=\"C\u00e0mera compacta RX100 VII, AF sense igual\" \/>\n<meta property=\"og:url\" content=\"https:\/\/carrerasweb.cat\/tienda\/camaras-y-accesorios\/camaras-foto-compactas\/camara-sony-rx-100m7\/\" \/>\n<meta property=\"og:site_name\" content=\"Carreres Web - Botiga Foto V\u00eddeo C\u00e0meres TV Sony telef\u00f3nica telefonia.\" \/>\n<meta property=\"article:publisher\" content=\"https:\/\/www.facebook.com\/CarrerasFotoVideo\/\" \/>\n<meta property=\"article:modified_time\" content=\"2025-05-06T07:56:41+00:00\" \/>\n<meta property=\"og:image\" content=\"https:\/\/carrerasweb.cat\/wp-content\/uploads\/2023\/04\/DSCRX100M7-a.jpg\" \/>\n\t<meta property=\"og:image:width\" content=\"774\" \/>\n\t<meta property=\"og:image:height\" content=\"774\" \/>\n\t<meta property=\"og:image:type\" content=\"image\/jpeg\" \/>\n<meta name=\"twitter:card\" content=\"summary_large_image\" \/>\n<meta name=\"twitter:label1\" content=\"Temps estimat de lectura\" \/>\n\t<meta name=\"twitter:data1\" content=\"1 minut\" \/>\n<script type=\"application\/ld+json\" class=\"yoast-schema-graph\">{\"@context\":\"https:\\\/\\\/schema.org\",\"@graph\":[{\"@type\":\"WebPage\",\"@id\":\"https:\\\/\\\/carrerasweb.cat\\\/tienda\\\/camaras-y-accesorios\\\/camaras-foto-compactas\\\/camara-sony-rx-100m7\\\/\",\"url\":\"https:\\\/\\\/carrerasweb.cat\\\/tienda\\\/camaras-y-accesorios\\\/camaras-foto-compactas\\\/camara-sony-rx-100m7\\\/\",\"name\":\"C\u00e0mera SONY RX-100M7 - Carreres Web - Botiga Foto V\u00eddeo C\u00e0meres TV Sony telef\u00f3nica telefonia.\",\"isPartOf\":{\"@id\":\"https:\\\/\\\/carrerasweb.cat\\\/#website\"},\"primaryImageOfPage\":{\"@id\":\"https:\\\/\\\/carrerasweb.cat\\\/tienda\\\/camaras-y-accesorios\\\/camaras-foto-compactas\\\/camara-sony-rx-100m7\\\/#primaryimage\"},\"image\":{\"@id\":\"https:\\\/\\\/carrerasweb.cat\\\/tienda\\\/camaras-y-accesorios\\\/camaras-foto-compactas\\\/camara-sony-rx-100m7\\\/#primaryimage\"},\"thumbnailUrl\":\"https:\\\/\\\/carrerasweb.cat\\\/wp-content\\\/uploads\\\/2023\\\/04\\\/DSCRX100M7-a.jpg\",\"datePublished\":\"2023-04-21T10:05:15+00:00\",\"dateModified\":\"2025-05-06T07:56:41+00:00\",\"breadcrumb\":{\"@id\":\"https:\\\/\\\/carrerasweb.cat\\\/tienda\\\/camaras-y-accesorios\\\/camaras-foto-compactas\\\/camara-sony-rx-100m7\\\/#breadcrumb\"},\"inLanguage\":\"ca\",\"potentialAction\":[{\"@type\":\"ReadAction\",\"target\":[\"https:\\\/\\\/carrerasweb.cat\\\/tienda\\\/camaras-y-accesorios\\\/camaras-foto-compactas\\\/camara-sony-rx-100m7\\\/\"]}]},{\"@type\":\"ImageObject\",\"inLanguage\":\"ca\",\"@id\":\"https:\\\/\\\/carrerasweb.cat\\\/tienda\\\/camaras-y-accesorios\\\/camaras-foto-compactas\\\/camara-sony-rx-100m7\\\/#primaryimage\",\"url\":\"https:\\\/\\\/carrerasweb.cat\\\/wp-content\\\/uploads\\\/2023\\\/04\\\/DSCRX100M7-a.jpg\",\"contentUrl\":\"https:\\\/\\\/carrerasweb.cat\\\/wp-content\\\/uploads\\\/2023\\\/04\\\/DSCRX100M7-a.jpg\",\"width\":774,\"height\":774},{\"@type\":\"BreadcrumbList\",\"@id\":\"https:\\\/\\\/carrerasweb.cat\\\/tienda\\\/camaras-y-accesorios\\\/camaras-foto-compactas\\\/camara-sony-rx-100m7\\\/#breadcrumb\",\"itemListElement\":[{\"@type\":\"ListItem\",\"position\":1,\"name\":\"Portada\",\"item\":\"https:\\\/\\\/carrerasweb.cat\\\/ca\\\/inici\\\/\"},{\"@type\":\"ListItem\",\"position\":2,\"name\":\"Productes\",\"item\":\"https:\\\/\\\/carrerasweb.cat\\\/ca\\\/productes\\\/\"},{\"@type\":\"ListItem\",\"position\":3,\"name\":\"C\u00e0mera SONY RX-100M7\"}]},{\"@type\":\"WebSite\",\"@id\":\"https:\\\/\\\/carrerasweb.cat\\\/#website\",\"url\":\"https:\\\/\\\/carrerasweb.cat\\\/\",\"name\":\"Carreras Web - Tienda Foto V\u00eddeo C\u00e1maras TV Sony Telef\u00f3nica Telefon\u00eda.\",\"description\":\"Distribuidor oficial a Figueres de Sony, la marca l\u00edder en audio, v\u00eddeo, fotografia, c\u00e0meres i accessoris, inform\u00e0tica, telef\u00f2nica, marcs i \u00e0lbums foto.\",\"publisher\":{\"@id\":\"https:\\\/\\\/carrerasweb.cat\\\/#organization\"},\"potentialAction\":[{\"@type\":\"SearchAction\",\"target\":{\"@type\":\"EntryPoint\",\"urlTemplate\":\"https:\\\/\\\/carrerasweb.cat\\\/?s={search_term_string}\"},\"query-input\":{\"@type\":\"PropertyValueSpecification\",\"valueRequired\":true,\"valueName\":\"search_term_string\"}}],\"inLanguage\":\"ca\"},{\"@type\":\"Organization\",\"@id\":\"https:\\\/\\\/carrerasweb.cat\\\/#organization\",\"name\":\"CARRERAS FOTO VIDEO\",\"url\":\"https:\\\/\\\/carrerasweb.cat\\\/\",\"logo\":{\"@type\":\"ImageObject\",\"inLanguage\":\"ca\",\"@id\":\"https:\\\/\\\/carrerasweb.cat\\\/#\\\/schema\\\/logo\\\/image\\\/\",\"url\":\"https:\\\/\\\/carrerasweb.cat\\\/wp-content\\\/uploads\\\/2021\\\/03\\\/logo.png\",\"contentUrl\":\"https:\\\/\\\/carrerasweb.cat\\\/wp-content\\\/uploads\\\/2021\\\/03\\\/logo.png\",\"width\":276,\"height\":100,\"caption\":\"CARRERAS FOTO VIDEO\"},\"image\":{\"@id\":\"https:\\\/\\\/carrerasweb.cat\\\/#\\\/schema\\\/logo\\\/image\\\/\"},\"sameAs\":[\"https:\\\/\\\/www.facebook.com\\\/CarrerasFotoVideo\\\/\",\"https:\\\/\\\/www.instagram.com\\\/carrerasfotovideo\\\/\"]}]}<\/script>\n<!-- \/ Yoast SEO plugin. -->","yoast_head_json":{"title":"C\u00e0mera SONY RX-100M7 - Carreres Web - Botiga Foto V\u00eddeo C\u00e0meres TV Sony telef\u00f3nica telefonia.","robots":{"index":"index","follow":"follow","max-snippet":"max-snippet:-1","max-image-preview":"max-image-preview:large","max-video-preview":"max-video-preview:-1"},"canonical":"https:\/\/carrerasweb.cat\/tienda\/camaras-y-accesorios\/camaras-foto-compactas\/camara-sony-rx-100m7\/","og_locale":"ca_ES","og_type":"article","og_title":"C\u00e0mera SONY RX-100M7 - Carreres Web - Botiga Foto V\u00eddeo C\u00e0meres TV Sony telef\u00f3nica telefonia.","og_description":"C\u00e0mera compacta RX100 VII, AF sense igual","og_url":"https:\/\/carrerasweb.cat\/tienda\/camaras-y-accesorios\/camaras-foto-compactas\/camara-sony-rx-100m7\/","og_site_name":"Carreres Web - Botiga Foto V\u00eddeo C\u00e0meres TV Sony telef\u00f3nica telefonia.","article_publisher":"https:\/\/www.facebook.com\/CarrerasFotoVideo\/","article_modified_time":"2025-05-06T07:56:41+00:00","og_image":[{"width":774,"height":774,"url":"https:\/\/carrerasweb.cat\/wp-content\/uploads\/2023\/04\/DSCRX100M7-a.jpg","type":"image\/jpeg"}],"twitter_card":"summary_large_image","twitter_misc":{"Temps estimat de lectura":"1 minut"},"schema":{"@context":"https:\/\/schema.org","@graph":[{"@type":"WebPage","@id":"https:\/\/carrerasweb.cat\/tienda\/camaras-y-accesorios\/camaras-foto-compactas\/camara-sony-rx-100m7\/","url":"https:\/\/carrerasweb.cat\/tienda\/camaras-y-accesorios\/camaras-foto-compactas\/camara-sony-rx-100m7\/","name":"C\u00e0mera SONY RX-100M7 - Carreres Web - Botiga Foto V\u00eddeo C\u00e0meres TV Sony telef\u00f3nica telefonia.","isPartOf":{"@id":"https:\/\/carrerasweb.cat\/#website"},"primaryImageOfPage":{"@id":"https:\/\/carrerasweb.cat\/tienda\/camaras-y-accesorios\/camaras-foto-compactas\/camara-sony-rx-100m7\/#primaryimage"},"image":{"@id":"https:\/\/carrerasweb.cat\/tienda\/camaras-y-accesorios\/camaras-foto-compactas\/camara-sony-rx-100m7\/#primaryimage"},"thumbnailUrl":"https:\/\/carrerasweb.cat\/wp-content\/uploads\/2023\/04\/DSCRX100M7-a.jpg","datePublished":"2023-04-21T10:05:15+00:00","dateModified":"2025-05-06T07:56:41+00:00","breadcrumb":{"@id":"https:\/\/carrerasweb.cat\/tienda\/camaras-y-accesorios\/camaras-foto-compactas\/camara-sony-rx-100m7\/#breadcrumb"},"inLanguage":"ca","potentialAction":[{"@type":"ReadAction","target":["https:\/\/carrerasweb.cat\/tienda\/camaras-y-accesorios\/camaras-foto-compactas\/camara-sony-rx-100m7\/"]}]},{"@type":"ImageObject","inLanguage":"ca","@id":"https:\/\/carrerasweb.cat\/tienda\/camaras-y-accesorios\/camaras-foto-compactas\/camara-sony-rx-100m7\/#primaryimage","url":"https:\/\/carrerasweb.cat\/wp-content\/uploads\/2023\/04\/DSCRX100M7-a.jpg","contentUrl":"https:\/\/carrerasweb.cat\/wp-content\/uploads\/2023\/04\/DSCRX100M7-a.jpg","width":774,"height":774},{"@type":"BreadcrumbList","@id":"https:\/\/carrerasweb.cat\/tienda\/camaras-y-accesorios\/camaras-foto-compactas\/camara-sony-rx-100m7\/#breadcrumb","itemListElement":[{"@type":"ListItem","position":1,"name":"Portada","item":"https:\/\/carrerasweb.cat\/ca\/inici\/"},{"@type":"ListItem","position":2,"name":"Productes","item":"https:\/\/carrerasweb.cat\/ca\/productes\/"},{"@type":"ListItem","position":3,"name":"C\u00e0mera SONY RX-100M7"}]},{"@type":"WebSite","@id":"https:\/\/carrerasweb.cat\/#website","url":"https:\/\/carrerasweb.cat\/","name":"Carreras Web - Tienda Foto V\u00eddeo C\u00e1maras TV Sony Telef\u00f3nica Telefon\u00eda.","description":"Distribuidor oficial a Figueres de Sony, la marca l\u00edder en audio, v\u00eddeo, fotografia, c\u00e0meres i accessoris, inform\u00e0tica, telef\u00f2nica, marcs i \u00e0lbums foto.","publisher":{"@id":"https:\/\/carrerasweb.cat\/#organization"},"potentialAction":[{"@type":"SearchAction","target":{"@type":"EntryPoint","urlTemplate":"https:\/\/carrerasweb.cat\/?s={search_term_string}"},"query-input":{"@type":"PropertyValueSpecification","valueRequired":true,"valueName":"search_term_string"}}],"inLanguage":"ca"},{"@type":"Organization","@id":"https:\/\/carrerasweb.cat\/#organization","name":"CARRERAS FOTO VIDEO","url":"https:\/\/carrerasweb.cat\/","logo":{"@type":"ImageObject","inLanguage":"ca","@id":"https:\/\/carrerasweb.cat\/#\/schema\/logo\/image\/","url":"https:\/\/carrerasweb.cat\/wp-content\/uploads\/2021\/03\/logo.png","contentUrl":"https:\/\/carrerasweb.cat\/wp-content\/uploads\/2021\/03\/logo.png","width":276,"height":100,"caption":"CARRERAS FOTO VIDEO"},"image":{"@id":"https:\/\/carrerasweb.cat\/#\/schema\/logo\/image\/"},"sameAs":["https:\/\/www.facebook.com\/CarrerasFotoVideo\/","https:\/\/www.instagram.com\/carrerasfotovideo\/"]}]}},"_links":{"self":[{"href":"https:\/\/carrerasweb.cat\/ca\/wp-json\/wp\/v2\/product\/3907","targetHints":{"allow":["GET"]}}],"collection":[{"href":"https:\/\/carrerasweb.cat\/ca\/wp-json\/wp\/v2\/product"}],"about":[{"href":"https:\/\/carrerasweb.cat\/ca\/wp-json\/wp\/v2\/types\/product"}],"replies":[{"embeddable":true,"href":"https:\/\/carrerasweb.cat\/ca\/wp-json\/wp\/v2\/comments?post=3907"}],"wp:featuredmedia":[{"embeddable":true,"href":"https:\/\/carrerasweb.cat\/ca\/wp-json\/wp\/v2\/media\/3906"}],"wp:attachment":[{"href":"https:\/\/carrerasweb.cat\/ca\/wp-json\/wp\/v2\/media?parent=3907"}],"wp:term":[{"taxonomy":"product_brand","embeddable":true,"href":"https:\/\/carrerasweb.cat\/ca\/wp-json\/wp\/v2\/product_brand?post=3907"},{"taxonomy":"product_cat","embeddable":true,"href":"https:\/\/carrerasweb.cat\/ca\/wp-json\/wp\/v2\/product_cat?post=3907"},{"taxonomy":"product_tag","embeddable":true,"href":"https:\/\/carrerasweb.cat\/ca\/wp-json\/wp\/v2\/product_tag?post=3907"}],"curies":[{"name":"wp","href":"https:\/\/api.w.org\/{rel}","templated":true}]}}