{"id":3856,"date":"2023-03-25T10:57:42","date_gmt":"2023-03-25T10:57:42","guid":{"rendered":"https:\/\/carrerasweb.cat\/tienda\/Sense%20categoria\/auriculars-sony-whch520-4-colors\/"},"modified":"2025-04-23T10:58:57","modified_gmt":"2025-04-23T10:58:57","slug":"auriculars-sony-whch520-4-colors","status":"publish","type":"product","link":"https:\/\/carrerasweb.cat\/ca\/botiga\/audio-video-tv-ca\/auriculars-bluetooth-i-sense-fil\/auriculars-sony-whch520-4-colors\/","title":{"rendered":"Auriculars SONY WH-CH520, 6 colors"},"content":{"rendered":"<p>Fins a 50 hores de durada de bateria, pots escoltar la teva m\u00fasica preferida sense preocupar-te per quedar-te sense c\u00e0rrega. I si la bateria dels auriculars s&#8217;est\u00e0 esgotant, una c\u00e0rrega r\u00e0pida de 3 minuts et pot donar 1,5 hores de temps d&#8217;escolta.<\/p>\n<p>La diadema ajustable, els coixinets tous i el disseny lleuger et permeten adaptar-los a la perfecci\u00f3 i gaudir de la m\u00e0xima comoditat durant m\u00e9s temps.<\/p>\n<p>Aquests auriculars amb Bluetooth\u00ae poden utilitzar aquesta tecnologia per aparellar-se amb dos dispositius alhora. D&#8217;aquesta manera, quan arribi una trucada, els auriculars sabran quin dispositiu sona i es connectaran autom\u00e0ticament al correcte.<\/p>\n<p>Swift Pair et facilita aparellar els auriculars amb un port\u00e0til, un PC de sobretaula o una tauleta amb Windows 10 o Windows 11. Apareixeran instruccions d&#8217;aparellament emergents als dispositius amb Windows 10 o Windows 11 propers quan seleccioneu el mode d&#8217;aparellament.<\/p>\n<p>Prem el bot\u00f3 de veu perqu\u00e8 Google o Siri t&#8217;ajudin a realitzar accions sense deixar de banda les teves activitats, com ara reproduir les teves can\u00e7ons preferides, enviar missatges de text, fer trucades, obtenir respostes r\u00e0pides i gestionar el teu calendari i recordatoris.<\/p>\n<p>6 colors : Negre, beix, blau, blanc, groc, rosa<\/p>\n","protected":false},"excerpt":{"rendered":"<p>Fins a 50 hores de durada de bateria, pots escoltar la teva m\u00fasica preferida sense preocupar-te per quedar-te sense c\u00e0rrega. I si la bateria dels auriculars s&#8217;est\u00e0 esgotant, una c\u00e0rrega r\u00e0pida de 3 minuts et pot donar 1,5 hores de temps d&#8217;escolta. La diadema ajustable, els coixinets tous i el disseny lleuger et permeten adaptar-los [&#8230;]\n","protected":false},"featured_media":4941,"comment_status":"closed","ping_status":"closed","template":"","meta":{"_exactmetrics_skip_tracking":false,"_exactmetrics_sitenote_active":false,"_exactmetrics_sitenote_note":"","_exactmetrics_sitenote_category":0},"product_brand":[],"product_cat":[159,169],"product_tag":[],"class_list":{"0":"post-3856","1":"product","2":"type-product","3":"status-publish","4":"has-post-thumbnail","6":"product_cat-audio-video-tv-ca","7":"product_cat-auriculars-bluetooth-i-sense-fil","9":"first","10":"instock","11":"featured","12":"shipping-taxable","13":"product-type-simple"},"yoast_head":"<!-- This site is optimized with the Yoast SEO plugin v27.5 - https:\/\/yoast.com\/product\/yoast-seo-wordpress\/ -->\n<title>Auriculars SONY WH-CH520, 6 colors - Carreres Web - Botiga Foto V\u00eddeo C\u00e0meres TV Sony telef\u00f3nica telefonia.<\/title>\n<meta name=\"robots\" content=\"index, follow, max-snippet:-1, max-image-preview:large, max-video-preview:-1\" \/>\n<link rel=\"canonical\" href=\"https:\/\/carrerasweb.cat\/botiga\/audio-video-tv\/auriculares-bluetooth-e-inalambricos\/auriculares-sony-whch520-4-colores\/\" \/>\n<meta property=\"og:locale\" content=\"ca_ES\" \/>\n<meta property=\"og:type\" content=\"article\" \/>\n<meta property=\"og:title\" content=\"Auriculars SONY WH-CH520, 6 colors - Carreres Web - Botiga Foto V\u00eddeo C\u00e0meres TV Sony telef\u00f3nica telefonia.\" \/>\n<meta property=\"og:description\" content=\"Fins a 50 hores de durada de bateria, pots escoltar la teva m\u00fasica preferida sense preocupar-te per quedar-te sense c\u00e0rrega. I si la bateria dels auriculars s&#8217;est\u00e0 esgotant, una c\u00e0rrega r\u00e0pida de 3 minuts et pot donar 1,5 hores de temps d&#8217;escolta. La diadema ajustable, els coixinets tous i el disseny lleuger et permeten adaptar-los [...]\" \/>\n<meta property=\"og:url\" content=\"https:\/\/carrerasweb.cat\/botiga\/audio-video-tv\/auriculares-bluetooth-e-inalambricos\/auriculares-sony-whch520-4-colores\/\" \/>\n<meta property=\"og:site_name\" content=\"Carreres Web - Botiga Foto V\u00eddeo C\u00e0meres TV Sony telef\u00f3nica telefonia.\" \/>\n<meta property=\"article:publisher\" content=\"https:\/\/www.facebook.com\/CarrerasFotoVideo\/\" \/>\n<meta property=\"article:modified_time\" content=\"2025-04-23T10:58:57+00:00\" \/>\n<meta property=\"og:image\" content=\"https:\/\/carrerasweb.cat\/wp-content\/uploads\/2023\/03\/WHCH520a.jpg\" \/>\n\t<meta property=\"og:image:width\" content=\"498\" \/>\n\t<meta property=\"og:image:height\" content=\"498\" \/>\n\t<meta property=\"og:image:type\" content=\"image\/jpeg\" \/>\n<meta name=\"twitter:card\" content=\"summary_large_image\" \/>\n<meta name=\"twitter:label1\" content=\"Temps estimat de lectura\" \/>\n\t<meta name=\"twitter:data1\" content=\"1 minut\" \/>\n<script type=\"application\/ld+json\" class=\"yoast-schema-graph\">{\"@context\":\"https:\\\/\\\/schema.org\",\"@graph\":[{\"@type\":\"WebPage\",\"@id\":\"https:\\\/\\\/carrerasweb.cat\\\/botiga\\\/audio-video-tv\\\/auriculares-bluetooth-e-inalambricos\\\/auriculares-sony-whch520-4-colores\\\/\",\"url\":\"https:\\\/\\\/carrerasweb.cat\\\/botiga\\\/audio-video-tv\\\/auriculares-bluetooth-e-inalambricos\\\/auriculares-sony-whch520-4-colores\\\/\",\"name\":\"Auriculars SONY WH-CH520, 6 colors - Carreres Web - Botiga Foto V\u00eddeo C\u00e0meres TV Sony telef\u00f3nica telefonia.\",\"isPartOf\":{\"@id\":\"https:\\\/\\\/carrerasweb.cat\\\/#website\"},\"primaryImageOfPage\":{\"@id\":\"https:\\\/\\\/carrerasweb.cat\\\/botiga\\\/audio-video-tv\\\/auriculares-bluetooth-e-inalambricos\\\/auriculares-sony-whch520-4-colores\\\/#primaryimage\"},\"image\":{\"@id\":\"https:\\\/\\\/carrerasweb.cat\\\/botiga\\\/audio-video-tv\\\/auriculares-bluetooth-e-inalambricos\\\/auriculares-sony-whch520-4-colores\\\/#primaryimage\"},\"thumbnailUrl\":\"https:\\\/\\\/carrerasweb.cat\\\/wp-content\\\/uploads\\\/2023\\\/03\\\/WHCH520a.jpg\",\"datePublished\":\"2023-03-25T10:57:42+00:00\",\"dateModified\":\"2025-04-23T10:58:57+00:00\",\"breadcrumb\":{\"@id\":\"https:\\\/\\\/carrerasweb.cat\\\/botiga\\\/audio-video-tv\\\/auriculares-bluetooth-e-inalambricos\\\/auriculares-sony-whch520-4-colores\\\/#breadcrumb\"},\"inLanguage\":\"ca\",\"potentialAction\":[{\"@type\":\"ReadAction\",\"target\":[\"https:\\\/\\\/carrerasweb.cat\\\/botiga\\\/audio-video-tv\\\/auriculares-bluetooth-e-inalambricos\\\/auriculares-sony-whch520-4-colores\\\/\"]}]},{\"@type\":\"ImageObject\",\"inLanguage\":\"ca\",\"@id\":\"https:\\\/\\\/carrerasweb.cat\\\/botiga\\\/audio-video-tv\\\/auriculares-bluetooth-e-inalambricos\\\/auriculares-sony-whch520-4-colores\\\/#primaryimage\",\"url\":\"https:\\\/\\\/carrerasweb.cat\\\/wp-content\\\/uploads\\\/2023\\\/03\\\/WHCH520a.jpg\",\"contentUrl\":\"https:\\\/\\\/carrerasweb.cat\\\/wp-content\\\/uploads\\\/2023\\\/03\\\/WHCH520a.jpg\",\"width\":498,\"height\":498},{\"@type\":\"BreadcrumbList\",\"@id\":\"https:\\\/\\\/carrerasweb.cat\\\/botiga\\\/audio-video-tv\\\/auriculares-bluetooth-e-inalambricos\\\/auriculares-sony-whch520-4-colores\\\/#breadcrumb\",\"itemListElement\":[{\"@type\":\"ListItem\",\"position\":1,\"name\":\"Portada\",\"item\":\"https:\\\/\\\/carrerasweb.cat\\\/ca\\\/inici\\\/\"},{\"@type\":\"ListItem\",\"position\":2,\"name\":\"Productes\",\"item\":\"https:\\\/\\\/carrerasweb.cat\\\/ca\\\/productes\\\/\"},{\"@type\":\"ListItem\",\"position\":3,\"name\":\"Auriculars SONY WH-CH520, 6 colors\"}]},{\"@type\":\"WebSite\",\"@id\":\"https:\\\/\\\/carrerasweb.cat\\\/#website\",\"url\":\"https:\\\/\\\/carrerasweb.cat\\\/\",\"name\":\"Carreras Web - Tienda Foto V\u00eddeo C\u00e1maras TV Sony Telef\u00f3nica Telefon\u00eda.\",\"description\":\"Distribuidor oficial a Figueres de Sony, la marca l\u00edder en audio, v\u00eddeo, fotografia, c\u00e0meres i accessoris, inform\u00e0tica, telef\u00f2nica, marcs i \u00e0lbums foto.\",\"publisher\":{\"@id\":\"https:\\\/\\\/carrerasweb.cat\\\/#organization\"},\"potentialAction\":[{\"@type\":\"SearchAction\",\"target\":{\"@type\":\"EntryPoint\",\"urlTemplate\":\"https:\\\/\\\/carrerasweb.cat\\\/?s={search_term_string}\"},\"query-input\":{\"@type\":\"PropertyValueSpecification\",\"valueRequired\":true,\"valueName\":\"search_term_string\"}}],\"inLanguage\":\"ca\"},{\"@type\":\"Organization\",\"@id\":\"https:\\\/\\\/carrerasweb.cat\\\/#organization\",\"name\":\"CARRERAS FOTO VIDEO\",\"url\":\"https:\\\/\\\/carrerasweb.cat\\\/\",\"logo\":{\"@type\":\"ImageObject\",\"inLanguage\":\"ca\",\"@id\":\"https:\\\/\\\/carrerasweb.cat\\\/#\\\/schema\\\/logo\\\/image\\\/\",\"url\":\"https:\\\/\\\/carrerasweb.cat\\\/wp-content\\\/uploads\\\/2021\\\/03\\\/logo.png\",\"contentUrl\":\"https:\\\/\\\/carrerasweb.cat\\\/wp-content\\\/uploads\\\/2021\\\/03\\\/logo.png\",\"width\":276,\"height\":100,\"caption\":\"CARRERAS FOTO VIDEO\"},\"image\":{\"@id\":\"https:\\\/\\\/carrerasweb.cat\\\/#\\\/schema\\\/logo\\\/image\\\/\"},\"sameAs\":[\"https:\\\/\\\/www.facebook.com\\\/CarrerasFotoVideo\\\/\",\"https:\\\/\\\/www.instagram.com\\\/carrerasfotovideo\\\/\"]}]}<\/script>\n<!-- \/ Yoast SEO plugin. -->","yoast_head_json":{"title":"Auriculars SONY WH-CH520, 6 colors - Carreres Web - Botiga Foto V\u00eddeo C\u00e0meres TV Sony telef\u00f3nica telefonia.","robots":{"index":"index","follow":"follow","max-snippet":"max-snippet:-1","max-image-preview":"max-image-preview:large","max-video-preview":"max-video-preview:-1"},"canonical":"https:\/\/carrerasweb.cat\/botiga\/audio-video-tv\/auriculares-bluetooth-e-inalambricos\/auriculares-sony-whch520-4-colores\/","og_locale":"ca_ES","og_type":"article","og_title":"Auriculars SONY WH-CH520, 6 colors - Carreres Web - Botiga Foto V\u00eddeo C\u00e0meres TV Sony telef\u00f3nica telefonia.","og_description":"Fins a 50 hores de durada de bateria, pots escoltar la teva m\u00fasica preferida sense preocupar-te per quedar-te sense c\u00e0rrega. I si la bateria dels auriculars s&#8217;est\u00e0 esgotant, una c\u00e0rrega r\u00e0pida de 3 minuts et pot donar 1,5 hores de temps d&#8217;escolta. La diadema ajustable, els coixinets tous i el disseny lleuger et permeten adaptar-los [...]","og_url":"https:\/\/carrerasweb.cat\/botiga\/audio-video-tv\/auriculares-bluetooth-e-inalambricos\/auriculares-sony-whch520-4-colores\/","og_site_name":"Carreres Web - Botiga Foto V\u00eddeo C\u00e0meres TV Sony telef\u00f3nica telefonia.","article_publisher":"https:\/\/www.facebook.com\/CarrerasFotoVideo\/","article_modified_time":"2025-04-23T10:58:57+00:00","og_image":[{"width":498,"height":498,"url":"https:\/\/carrerasweb.cat\/wp-content\/uploads\/2023\/03\/WHCH520a.jpg","type":"image\/jpeg"}],"twitter_card":"summary_large_image","twitter_misc":{"Temps estimat de lectura":"1 minut"},"schema":{"@context":"https:\/\/schema.org","@graph":[{"@type":"WebPage","@id":"https:\/\/carrerasweb.cat\/botiga\/audio-video-tv\/auriculares-bluetooth-e-inalambricos\/auriculares-sony-whch520-4-colores\/","url":"https:\/\/carrerasweb.cat\/botiga\/audio-video-tv\/auriculares-bluetooth-e-inalambricos\/auriculares-sony-whch520-4-colores\/","name":"Auriculars SONY WH-CH520, 6 colors - Carreres Web - Botiga Foto V\u00eddeo C\u00e0meres TV Sony telef\u00f3nica telefonia.","isPartOf":{"@id":"https:\/\/carrerasweb.cat\/#website"},"primaryImageOfPage":{"@id":"https:\/\/carrerasweb.cat\/botiga\/audio-video-tv\/auriculares-bluetooth-e-inalambricos\/auriculares-sony-whch520-4-colores\/#primaryimage"},"image":{"@id":"https:\/\/carrerasweb.cat\/botiga\/audio-video-tv\/auriculares-bluetooth-e-inalambricos\/auriculares-sony-whch520-4-colores\/#primaryimage"},"thumbnailUrl":"https:\/\/carrerasweb.cat\/wp-content\/uploads\/2023\/03\/WHCH520a.jpg","datePublished":"2023-03-25T10:57:42+00:00","dateModified":"2025-04-23T10:58:57+00:00","breadcrumb":{"@id":"https:\/\/carrerasweb.cat\/botiga\/audio-video-tv\/auriculares-bluetooth-e-inalambricos\/auriculares-sony-whch520-4-colores\/#breadcrumb"},"inLanguage":"ca","potentialAction":[{"@type":"ReadAction","target":["https:\/\/carrerasweb.cat\/botiga\/audio-video-tv\/auriculares-bluetooth-e-inalambricos\/auriculares-sony-whch520-4-colores\/"]}]},{"@type":"ImageObject","inLanguage":"ca","@id":"https:\/\/carrerasweb.cat\/botiga\/audio-video-tv\/auriculares-bluetooth-e-inalambricos\/auriculares-sony-whch520-4-colores\/#primaryimage","url":"https:\/\/carrerasweb.cat\/wp-content\/uploads\/2023\/03\/WHCH520a.jpg","contentUrl":"https:\/\/carrerasweb.cat\/wp-content\/uploads\/2023\/03\/WHCH520a.jpg","width":498,"height":498},{"@type":"BreadcrumbList","@id":"https:\/\/carrerasweb.cat\/botiga\/audio-video-tv\/auriculares-bluetooth-e-inalambricos\/auriculares-sony-whch520-4-colores\/#breadcrumb","itemListElement":[{"@type":"ListItem","position":1,"name":"Portada","item":"https:\/\/carrerasweb.cat\/ca\/inici\/"},{"@type":"ListItem","position":2,"name":"Productes","item":"https:\/\/carrerasweb.cat\/ca\/productes\/"},{"@type":"ListItem","position":3,"name":"Auriculars SONY WH-CH520, 6 colors"}]},{"@type":"WebSite","@id":"https:\/\/carrerasweb.cat\/#website","url":"https:\/\/carrerasweb.cat\/","name":"Carreras Web - Tienda Foto V\u00eddeo C\u00e1maras TV Sony Telef\u00f3nica Telefon\u00eda.","description":"Distribuidor oficial a Figueres de Sony, la marca l\u00edder en audio, v\u00eddeo, fotografia, c\u00e0meres i accessoris, inform\u00e0tica, telef\u00f2nica, marcs i \u00e0lbums foto.","publisher":{"@id":"https:\/\/carrerasweb.cat\/#organization"},"potentialAction":[{"@type":"SearchAction","target":{"@type":"EntryPoint","urlTemplate":"https:\/\/carrerasweb.cat\/?s={search_term_string}"},"query-input":{"@type":"PropertyValueSpecification","valueRequired":true,"valueName":"search_term_string"}}],"inLanguage":"ca"},{"@type":"Organization","@id":"https:\/\/carrerasweb.cat\/#organization","name":"CARRERAS FOTO VIDEO","url":"https:\/\/carrerasweb.cat\/","logo":{"@type":"ImageObject","inLanguage":"ca","@id":"https:\/\/carrerasweb.cat\/#\/schema\/logo\/image\/","url":"https:\/\/carrerasweb.cat\/wp-content\/uploads\/2021\/03\/logo.png","contentUrl":"https:\/\/carrerasweb.cat\/wp-content\/uploads\/2021\/03\/logo.png","width":276,"height":100,"caption":"CARRERAS FOTO VIDEO"},"image":{"@id":"https:\/\/carrerasweb.cat\/#\/schema\/logo\/image\/"},"sameAs":["https:\/\/www.facebook.com\/CarrerasFotoVideo\/","https:\/\/www.instagram.com\/carrerasfotovideo\/"]}]}},"_links":{"self":[{"href":"https:\/\/carrerasweb.cat\/ca\/wp-json\/wp\/v2\/product\/3856","targetHints":{"allow":["GET"]}}],"collection":[{"href":"https:\/\/carrerasweb.cat\/ca\/wp-json\/wp\/v2\/product"}],"about":[{"href":"https:\/\/carrerasweb.cat\/ca\/wp-json\/wp\/v2\/types\/product"}],"replies":[{"embeddable":true,"href":"https:\/\/carrerasweb.cat\/ca\/wp-json\/wp\/v2\/comments?post=3856"}],"wp:featuredmedia":[{"embeddable":true,"href":"https:\/\/carrerasweb.cat\/ca\/wp-json\/wp\/v2\/media\/4941"}],"wp:attachment":[{"href":"https:\/\/carrerasweb.cat\/ca\/wp-json\/wp\/v2\/media?parent=3856"}],"wp:term":[{"taxonomy":"product_brand","embeddable":true,"href":"https:\/\/carrerasweb.cat\/ca\/wp-json\/wp\/v2\/product_brand?post=3856"},{"taxonomy":"product_cat","embeddable":true,"href":"https:\/\/carrerasweb.cat\/ca\/wp-json\/wp\/v2\/product_cat?post=3856"},{"taxonomy":"product_tag","embeddable":true,"href":"https:\/\/carrerasweb.cat\/ca\/wp-json\/wp\/v2\/product_tag?post=3856"}],"curies":[{"name":"wp","href":"https:\/\/api.w.org\/{rel}","templated":true}]}}