{"id":3808,"date":"2023-01-12T17:22:15","date_gmt":"2023-01-12T17:22:15","guid":{"rendered":"https:\/\/carrerasweb.cat\/tienda\/Sense categoria\/objectiu-sony-e-18-135mm-f35-56-oss\/"},"modified":"2023-01-12T17:31:45","modified_gmt":"2023-01-12T17:31:45","slug":"objetivo-sony-e-18-135mm-f35-56-oss-2","status":"publish","type":"product","link":"https:\/\/carrerasweb.cat\/ca\/botiga\/cameres-i-accessoris\/objectius-per-a-cameres\/objetivo-sony-e-18-135mm-f35-56-oss-2\/","title":{"rendered":"Objectiu Sony E 18-135mm F3,5-5,6 OSS"},"content":{"rendered":"<p>Objectiu vers\u00e0til per a c\u00e0meres Sony E format APS-C les dist\u00e0ncies focals del qual van des de gran angular de 18mm (equivalent a 27mm a FF) a un teleobjectiu de 135mm (equivalent a un 202,5mm a FF), el que correspon a un zoom de 7 ,5 augments de r\u00e0tio. Serveix per a la mayor part d&#8217;usos fotogr\u00e0fics sense haver de canviar d&#8217; objectiu. El seu disseny compacte el fan molt pr\u00e0ctic alhora que el disseny i els materials \u00f2ptics de baixa dispersi\u00f3 i el motor d&#8217;autoenfocament lineal obtenen un resultat de gran qualitat i efic\u00e0cia.<\/p>\n<p>Dades t\u00e8cniques:<\/p>\n<p>\u00b7 Per a format APS-C. Zoom relaci\u00f3 7,5X<br \/>\n\u00b7 Estabilitzador \u00d2ptic. Enfoca des de 45cm<br \/>\n\u00b7 AF s\u00faper r\u00e0pid i silenci\u00f3s amb motor lineal<br \/>\n\u00b7 Mides 67,2 x 88 mm, 325gr. Parasol incl\u00f2s<\/p>\n","protected":false},"excerpt":{"rendered":"<p>Col\u00b7loca aquest objectiu, despreocupa&#8217;t i sigues el m\u00e9s r\u00e0pid capturant des de grans angles fins a detalls llunyans. Tot amb gran qualitat i precisi\u00f3.<\/p>\n","protected":false},"featured_media":3807,"comment_status":"closed","ping_status":"closed","template":"","meta":{"_exactmetrics_skip_tracking":false,"_exactmetrics_sitenote_active":false,"_exactmetrics_sitenote_note":"","_exactmetrics_sitenote_category":0},"product_brand":[],"product_cat":[197,217],"product_tag":[],"class_list":{"0":"post-3808","1":"product","2":"type-product","3":"status-publish","4":"has-post-thumbnail","6":"product_cat-cameres-i-accessoris","7":"product_cat-objectius-per-a-cameres","9":"first","10":"instock","11":"shipping-taxable","12":"product-type-simple"},"yoast_head":"<!-- This site is optimized with the Yoast SEO plugin v27.5 - https:\/\/yoast.com\/product\/yoast-seo-wordpress\/ -->\n<title>Objectiu Sony E 18-135mm F3,5-5,6 OSS - Carreres Web - Botiga Foto V\u00eddeo C\u00e0meres TV Sony telef\u00f3nica telefonia.<\/title>\n<meta name=\"robots\" content=\"index, follow, max-snippet:-1, max-image-preview:large, max-video-preview:-1\" \/>\n<link rel=\"canonical\" href=\"https:\/\/carrerasweb.cat\/botiga\/camaras-y-accesorios\/objetivos-para-camaras\/objetivo-sony-e-18-135mm-f35-56-oss\/\" \/>\n<meta property=\"og:locale\" content=\"ca_ES\" \/>\n<meta property=\"og:type\" content=\"article\" \/>\n<meta property=\"og:title\" content=\"Objectiu Sony E 18-135mm F3,5-5,6 OSS - Carreres Web - Botiga Foto V\u00eddeo C\u00e0meres TV Sony telef\u00f3nica telefonia.\" \/>\n<meta property=\"og:description\" content=\"Col\u00b7loca aquest objectiu, despreocupa&#039;t i sigues el m\u00e9s r\u00e0pid capturant des de grans angles fins a detalls llunyans. Tot amb gran qualitat i precisi\u00f3.\" \/>\n<meta property=\"og:url\" content=\"https:\/\/carrerasweb.cat\/botiga\/camaras-y-accesorios\/objetivos-para-camaras\/objetivo-sony-e-18-135mm-f35-56-oss\/\" \/>\n<meta property=\"og:site_name\" content=\"Carreres Web - Botiga Foto V\u00eddeo C\u00e0meres TV Sony telef\u00f3nica telefonia.\" \/>\n<meta property=\"article:publisher\" content=\"https:\/\/www.facebook.com\/CarrerasFotoVideo\/\" \/>\n<meta property=\"article:modified_time\" content=\"2023-01-12T17:31:45+00:00\" \/>\n<meta property=\"og:image\" content=\"https:\/\/carrerasweb.cat\/wp-content\/uploads\/2023\/01\/Obj.-Sony-SEL18135.jpg\" \/>\n\t<meta property=\"og:image:width\" content=\"576\" \/>\n\t<meta property=\"og:image:height\" content=\"576\" \/>\n\t<meta property=\"og:image:type\" content=\"image\/jpeg\" \/>\n<meta name=\"twitter:card\" content=\"summary_large_image\" \/>\n<meta name=\"twitter:label1\" content=\"Temps estimat de lectura\" \/>\n\t<meta name=\"twitter:data1\" content=\"1 minut\" \/>\n<script type=\"application\/ld+json\" class=\"yoast-schema-graph\">{\"@context\":\"https:\\\/\\\/schema.org\",\"@graph\":[{\"@type\":\"WebPage\",\"@id\":\"https:\\\/\\\/carrerasweb.cat\\\/botiga\\\/camaras-y-accesorios\\\/objetivos-para-camaras\\\/objetivo-sony-e-18-135mm-f35-56-oss\\\/\",\"url\":\"https:\\\/\\\/carrerasweb.cat\\\/botiga\\\/camaras-y-accesorios\\\/objetivos-para-camaras\\\/objetivo-sony-e-18-135mm-f35-56-oss\\\/\",\"name\":\"Objectiu Sony E 18-135mm F3,5-5,6 OSS - Carreres Web - Botiga Foto V\u00eddeo C\u00e0meres TV Sony telef\u00f3nica telefonia.\",\"isPartOf\":{\"@id\":\"https:\\\/\\\/carrerasweb.cat\\\/#website\"},\"primaryImageOfPage\":{\"@id\":\"https:\\\/\\\/carrerasweb.cat\\\/botiga\\\/camaras-y-accesorios\\\/objetivos-para-camaras\\\/objetivo-sony-e-18-135mm-f35-56-oss\\\/#primaryimage\"},\"image\":{\"@id\":\"https:\\\/\\\/carrerasweb.cat\\\/botiga\\\/camaras-y-accesorios\\\/objetivos-para-camaras\\\/objetivo-sony-e-18-135mm-f35-56-oss\\\/#primaryimage\"},\"thumbnailUrl\":\"https:\\\/\\\/carrerasweb.cat\\\/wp-content\\\/uploads\\\/2023\\\/01\\\/Obj.-Sony-SEL18135.jpg\",\"datePublished\":\"2023-01-12T17:22:15+00:00\",\"dateModified\":\"2023-01-12T17:31:45+00:00\",\"breadcrumb\":{\"@id\":\"https:\\\/\\\/carrerasweb.cat\\\/botiga\\\/camaras-y-accesorios\\\/objetivos-para-camaras\\\/objetivo-sony-e-18-135mm-f35-56-oss\\\/#breadcrumb\"},\"inLanguage\":\"ca\",\"potentialAction\":[{\"@type\":\"ReadAction\",\"target\":[\"https:\\\/\\\/carrerasweb.cat\\\/botiga\\\/camaras-y-accesorios\\\/objetivos-para-camaras\\\/objetivo-sony-e-18-135mm-f35-56-oss\\\/\"]}]},{\"@type\":\"ImageObject\",\"inLanguage\":\"ca\",\"@id\":\"https:\\\/\\\/carrerasweb.cat\\\/botiga\\\/camaras-y-accesorios\\\/objetivos-para-camaras\\\/objetivo-sony-e-18-135mm-f35-56-oss\\\/#primaryimage\",\"url\":\"https:\\\/\\\/carrerasweb.cat\\\/wp-content\\\/uploads\\\/2023\\\/01\\\/Obj.-Sony-SEL18135.jpg\",\"contentUrl\":\"https:\\\/\\\/carrerasweb.cat\\\/wp-content\\\/uploads\\\/2023\\\/01\\\/Obj.-Sony-SEL18135.jpg\",\"width\":576,\"height\":576},{\"@type\":\"BreadcrumbList\",\"@id\":\"https:\\\/\\\/carrerasweb.cat\\\/botiga\\\/camaras-y-accesorios\\\/objetivos-para-camaras\\\/objetivo-sony-e-18-135mm-f35-56-oss\\\/#breadcrumb\",\"itemListElement\":[{\"@type\":\"ListItem\",\"position\":1,\"name\":\"Portada\",\"item\":\"https:\\\/\\\/carrerasweb.cat\\\/ca\\\/inici\\\/\"},{\"@type\":\"ListItem\",\"position\":2,\"name\":\"Productes\",\"item\":\"https:\\\/\\\/carrerasweb.cat\\\/ca\\\/productes\\\/\"},{\"@type\":\"ListItem\",\"position\":3,\"name\":\"Objectiu Sony E 18-135mm F3,5-5,6 OSS\"}]},{\"@type\":\"WebSite\",\"@id\":\"https:\\\/\\\/carrerasweb.cat\\\/#website\",\"url\":\"https:\\\/\\\/carrerasweb.cat\\\/\",\"name\":\"Carreras Web - Tienda Foto V\u00eddeo C\u00e1maras TV Sony Telef\u00f3nica Telefon\u00eda.\",\"description\":\"Distribuidor oficial a Figueres de Sony, la marca l\u00edder en audio, v\u00eddeo, fotografia, c\u00e0meres i accessoris, inform\u00e0tica, telef\u00f2nica, marcs i \u00e0lbums foto.\",\"publisher\":{\"@id\":\"https:\\\/\\\/carrerasweb.cat\\\/#organization\"},\"potentialAction\":[{\"@type\":\"SearchAction\",\"target\":{\"@type\":\"EntryPoint\",\"urlTemplate\":\"https:\\\/\\\/carrerasweb.cat\\\/?s={search_term_string}\"},\"query-input\":{\"@type\":\"PropertyValueSpecification\",\"valueRequired\":true,\"valueName\":\"search_term_string\"}}],\"inLanguage\":\"ca\"},{\"@type\":\"Organization\",\"@id\":\"https:\\\/\\\/carrerasweb.cat\\\/#organization\",\"name\":\"CARRERAS FOTO VIDEO\",\"url\":\"https:\\\/\\\/carrerasweb.cat\\\/\",\"logo\":{\"@type\":\"ImageObject\",\"inLanguage\":\"ca\",\"@id\":\"https:\\\/\\\/carrerasweb.cat\\\/#\\\/schema\\\/logo\\\/image\\\/\",\"url\":\"https:\\\/\\\/carrerasweb.cat\\\/wp-content\\\/uploads\\\/2021\\\/03\\\/logo.png\",\"contentUrl\":\"https:\\\/\\\/carrerasweb.cat\\\/wp-content\\\/uploads\\\/2021\\\/03\\\/logo.png\",\"width\":276,\"height\":100,\"caption\":\"CARRERAS FOTO VIDEO\"},\"image\":{\"@id\":\"https:\\\/\\\/carrerasweb.cat\\\/#\\\/schema\\\/logo\\\/image\\\/\"},\"sameAs\":[\"https:\\\/\\\/www.facebook.com\\\/CarrerasFotoVideo\\\/\",\"https:\\\/\\\/www.instagram.com\\\/carrerasfotovideo\\\/\"]}]}<\/script>\n<!-- \/ Yoast SEO plugin. -->","yoast_head_json":{"title":"Objectiu Sony E 18-135mm F3,5-5,6 OSS - Carreres Web - Botiga Foto V\u00eddeo C\u00e0meres TV Sony telef\u00f3nica telefonia.","robots":{"index":"index","follow":"follow","max-snippet":"max-snippet:-1","max-image-preview":"max-image-preview:large","max-video-preview":"max-video-preview:-1"},"canonical":"https:\/\/carrerasweb.cat\/botiga\/camaras-y-accesorios\/objetivos-para-camaras\/objetivo-sony-e-18-135mm-f35-56-oss\/","og_locale":"ca_ES","og_type":"article","og_title":"Objectiu Sony E 18-135mm F3,5-5,6 OSS - Carreres Web - Botiga Foto V\u00eddeo C\u00e0meres TV Sony telef\u00f3nica telefonia.","og_description":"Col\u00b7loca aquest objectiu, despreocupa't i sigues el m\u00e9s r\u00e0pid capturant des de grans angles fins a detalls llunyans. Tot amb gran qualitat i precisi\u00f3.","og_url":"https:\/\/carrerasweb.cat\/botiga\/camaras-y-accesorios\/objetivos-para-camaras\/objetivo-sony-e-18-135mm-f35-56-oss\/","og_site_name":"Carreres Web - Botiga Foto V\u00eddeo C\u00e0meres TV Sony telef\u00f3nica telefonia.","article_publisher":"https:\/\/www.facebook.com\/CarrerasFotoVideo\/","article_modified_time":"2023-01-12T17:31:45+00:00","og_image":[{"width":576,"height":576,"url":"https:\/\/carrerasweb.cat\/wp-content\/uploads\/2023\/01\/Obj.-Sony-SEL18135.jpg","type":"image\/jpeg"}],"twitter_card":"summary_large_image","twitter_misc":{"Temps estimat de lectura":"1 minut"},"schema":{"@context":"https:\/\/schema.org","@graph":[{"@type":"WebPage","@id":"https:\/\/carrerasweb.cat\/botiga\/camaras-y-accesorios\/objetivos-para-camaras\/objetivo-sony-e-18-135mm-f35-56-oss\/","url":"https:\/\/carrerasweb.cat\/botiga\/camaras-y-accesorios\/objetivos-para-camaras\/objetivo-sony-e-18-135mm-f35-56-oss\/","name":"Objectiu Sony E 18-135mm F3,5-5,6 OSS - Carreres Web - Botiga Foto V\u00eddeo C\u00e0meres TV Sony telef\u00f3nica telefonia.","isPartOf":{"@id":"https:\/\/carrerasweb.cat\/#website"},"primaryImageOfPage":{"@id":"https:\/\/carrerasweb.cat\/botiga\/camaras-y-accesorios\/objetivos-para-camaras\/objetivo-sony-e-18-135mm-f35-56-oss\/#primaryimage"},"image":{"@id":"https:\/\/carrerasweb.cat\/botiga\/camaras-y-accesorios\/objetivos-para-camaras\/objetivo-sony-e-18-135mm-f35-56-oss\/#primaryimage"},"thumbnailUrl":"https:\/\/carrerasweb.cat\/wp-content\/uploads\/2023\/01\/Obj.-Sony-SEL18135.jpg","datePublished":"2023-01-12T17:22:15+00:00","dateModified":"2023-01-12T17:31:45+00:00","breadcrumb":{"@id":"https:\/\/carrerasweb.cat\/botiga\/camaras-y-accesorios\/objetivos-para-camaras\/objetivo-sony-e-18-135mm-f35-56-oss\/#breadcrumb"},"inLanguage":"ca","potentialAction":[{"@type":"ReadAction","target":["https:\/\/carrerasweb.cat\/botiga\/camaras-y-accesorios\/objetivos-para-camaras\/objetivo-sony-e-18-135mm-f35-56-oss\/"]}]},{"@type":"ImageObject","inLanguage":"ca","@id":"https:\/\/carrerasweb.cat\/botiga\/camaras-y-accesorios\/objetivos-para-camaras\/objetivo-sony-e-18-135mm-f35-56-oss\/#primaryimage","url":"https:\/\/carrerasweb.cat\/wp-content\/uploads\/2023\/01\/Obj.-Sony-SEL18135.jpg","contentUrl":"https:\/\/carrerasweb.cat\/wp-content\/uploads\/2023\/01\/Obj.-Sony-SEL18135.jpg","width":576,"height":576},{"@type":"BreadcrumbList","@id":"https:\/\/carrerasweb.cat\/botiga\/camaras-y-accesorios\/objetivos-para-camaras\/objetivo-sony-e-18-135mm-f35-56-oss\/#breadcrumb","itemListElement":[{"@type":"ListItem","position":1,"name":"Portada","item":"https:\/\/carrerasweb.cat\/ca\/inici\/"},{"@type":"ListItem","position":2,"name":"Productes","item":"https:\/\/carrerasweb.cat\/ca\/productes\/"},{"@type":"ListItem","position":3,"name":"Objectiu Sony E 18-135mm F3,5-5,6 OSS"}]},{"@type":"WebSite","@id":"https:\/\/carrerasweb.cat\/#website","url":"https:\/\/carrerasweb.cat\/","name":"Carreras Web - Tienda Foto V\u00eddeo C\u00e1maras TV Sony Telef\u00f3nica Telefon\u00eda.","description":"Distribuidor oficial a Figueres de Sony, la marca l\u00edder en audio, v\u00eddeo, fotografia, c\u00e0meres i accessoris, inform\u00e0tica, telef\u00f2nica, marcs i \u00e0lbums foto.","publisher":{"@id":"https:\/\/carrerasweb.cat\/#organization"},"potentialAction":[{"@type":"SearchAction","target":{"@type":"EntryPoint","urlTemplate":"https:\/\/carrerasweb.cat\/?s={search_term_string}"},"query-input":{"@type":"PropertyValueSpecification","valueRequired":true,"valueName":"search_term_string"}}],"inLanguage":"ca"},{"@type":"Organization","@id":"https:\/\/carrerasweb.cat\/#organization","name":"CARRERAS FOTO VIDEO","url":"https:\/\/carrerasweb.cat\/","logo":{"@type":"ImageObject","inLanguage":"ca","@id":"https:\/\/carrerasweb.cat\/#\/schema\/logo\/image\/","url":"https:\/\/carrerasweb.cat\/wp-content\/uploads\/2021\/03\/logo.png","contentUrl":"https:\/\/carrerasweb.cat\/wp-content\/uploads\/2021\/03\/logo.png","width":276,"height":100,"caption":"CARRERAS FOTO VIDEO"},"image":{"@id":"https:\/\/carrerasweb.cat\/#\/schema\/logo\/image\/"},"sameAs":["https:\/\/www.facebook.com\/CarrerasFotoVideo\/","https:\/\/www.instagram.com\/carrerasfotovideo\/"]}]}},"_links":{"self":[{"href":"https:\/\/carrerasweb.cat\/ca\/wp-json\/wp\/v2\/product\/3808","targetHints":{"allow":["GET"]}}],"collection":[{"href":"https:\/\/carrerasweb.cat\/ca\/wp-json\/wp\/v2\/product"}],"about":[{"href":"https:\/\/carrerasweb.cat\/ca\/wp-json\/wp\/v2\/types\/product"}],"replies":[{"embeddable":true,"href":"https:\/\/carrerasweb.cat\/ca\/wp-json\/wp\/v2\/comments?post=3808"}],"wp:featuredmedia":[{"embeddable":true,"href":"https:\/\/carrerasweb.cat\/ca\/wp-json\/wp\/v2\/media\/3807"}],"wp:attachment":[{"href":"https:\/\/carrerasweb.cat\/ca\/wp-json\/wp\/v2\/media?parent=3808"}],"wp:term":[{"taxonomy":"product_brand","embeddable":true,"href":"https:\/\/carrerasweb.cat\/ca\/wp-json\/wp\/v2\/product_brand?post=3808"},{"taxonomy":"product_cat","embeddable":true,"href":"https:\/\/carrerasweb.cat\/ca\/wp-json\/wp\/v2\/product_cat?post=3808"},{"taxonomy":"product_tag","embeddable":true,"href":"https:\/\/carrerasweb.cat\/ca\/wp-json\/wp\/v2\/product_tag?post=3808"}],"curies":[{"name":"wp","href":"https:\/\/api.w.org\/{rel}","templated":true}]}}