{"id":3369,"date":"2022-08-18T10:59:39","date_gmt":"2022-08-18T10:59:39","guid":{"rendered":"https:\/\/carrerasweb.cat\/tienda\/Sense%20categoria\/transmissor-sony-wla-ns7\/"},"modified":"2022-08-31T11:05:53","modified_gmt":"2022-08-31T11:05:53","slug":"transmisor-sony-wla-ns7-2","status":"publish","type":"product","link":"https:\/\/carrerasweb.cat\/ca\/botiga\/audio-video-tv-ca\/accessoris-tv\/transmisor-sony-wla-ns7-2\/","title":{"rendered":"Transmissor SONY WLA-NS7"},"content":{"rendered":"<p>La teva porta a tot un m\u00f3n de pel\u00b7l\u00edcules i m\u00fasica amb so Dolby Atmos\u00ae.<\/p>\n<div class=\"promotion red-info\">\n<p>Transmissor sense fil per a televisors BRAVIA XR\u2122 i certs models d&#8217;auriculars de Sony.<\/p>\n<\/div>\n<ul class=\"features-list\">\n<li>Transmissor sense fil per a televisors BRAVIA XR\u2122 i certs models d&#8217;auriculars de Sony.<\/li>\n<li>Compatible amb 360 Spatial Sound Personalizer per aconseguir un so Surround<\/li>\n<\/ul>\n<p>&#8211; Per TV Sony Bravia XR<br \/>\n&#8211; Compatible amb Dolby Atmos<br \/>\n&#8211; Compatible amb 360 Spatial Sound<br \/>\n&#8211; Ideal amb auriculars WH-1000XM_<\/p>\n","protected":false},"excerpt":{"rendered":"<p>La teva porta a tot un m\u00f3n de pel\u00b7l\u00edcules i m\u00fasica amb so Dolby Atmos\u00ae.<\/p>\n<div class=\"promotion red-info\">\n<p>Transmissor sense fil per a televisors BRAVIA XR\u2122 i certs models d&#8217;auriculars de Sony.<\/p>\n<\/div>\n","protected":false},"featured_media":3366,"comment_status":"closed","ping_status":"closed","template":"","meta":{"_exactmetrics_skip_tracking":false,"_exactmetrics_sitenote_active":false,"_exactmetrics_sitenote_note":"","_exactmetrics_sitenote_category":0},"product_brand":[],"product_cat":[165,159],"product_tag":[],"class_list":{"0":"post-3369","1":"product","2":"type-product","3":"status-publish","4":"has-post-thumbnail","6":"product_cat-accessoris-tv","7":"product_cat-audio-video-tv-ca","9":"first","10":"instock","11":"shipping-taxable","12":"product-type-simple"},"yoast_head":"<!-- This site is optimized with the Yoast SEO plugin v27.5 - https:\/\/yoast.com\/product\/yoast-seo-wordpress\/ -->\n<title>Transmissor SONY WLA-NS7 - Carreres Web - Botiga Foto V\u00eddeo C\u00e0meres TV Sony telef\u00f3nica telefonia.<\/title>\n<meta name=\"robots\" content=\"index, follow, max-snippet:-1, max-image-preview:large, max-video-preview:-1\" \/>\n<link rel=\"canonical\" href=\"https:\/\/carrerasweb.cat\/ca\/botiga\/audio-video-tv-ca\/accessoris-tv\/transmisor-sony-wla-ns7-2\/\" \/>\n<meta property=\"og:locale\" content=\"ca_ES\" \/>\n<meta property=\"og:type\" content=\"article\" \/>\n<meta property=\"og:title\" content=\"Transmissor SONY WLA-NS7 - Carreres Web - Botiga Foto V\u00eddeo C\u00e0meres TV Sony telef\u00f3nica telefonia.\" \/>\n<meta property=\"og:description\" content=\"La teva porta a tot un m\u00f3n de pel\u00b7l\u00edcules i m\u00fasica amb so Dolby Atmos\u00ae.   Transmissor sense fil per a televisors BRAVIA XR\u2122 i certs models d&#039;auriculars de Sony.\" \/>\n<meta property=\"og:url\" content=\"https:\/\/carrerasweb.cat\/ca\/botiga\/audio-video-tv-ca\/accessoris-tv\/transmisor-sony-wla-ns7-2\/\" \/>\n<meta property=\"og:site_name\" content=\"Carreres Web - Botiga Foto V\u00eddeo C\u00e0meres TV Sony telef\u00f3nica telefonia.\" \/>\n<meta property=\"article:publisher\" content=\"https:\/\/www.facebook.com\/CarrerasFotoVideo\/\" \/>\n<meta property=\"article:modified_time\" content=\"2022-08-31T11:05:53+00:00\" \/>\n<meta property=\"og:image\" content=\"https:\/\/carrerasweb.cat\/wp-content\/uploads\/2022\/08\/Transmissor-Sony-WLA-NS7a.jpg\" \/>\n\t<meta property=\"og:image:width\" content=\"690\" \/>\n\t<meta property=\"og:image:height\" content=\"690\" \/>\n\t<meta property=\"og:image:type\" content=\"image\/jpeg\" \/>\n<meta name=\"twitter:card\" content=\"summary_large_image\" \/>\n<script type=\"application\/ld+json\" class=\"yoast-schema-graph\">{\"@context\":\"https:\\\/\\\/schema.org\",\"@graph\":[{\"@type\":\"WebPage\",\"@id\":\"https:\\\/\\\/carrerasweb.cat\\\/ca\\\/botiga\\\/audio-video-tv-ca\\\/accessoris-tv\\\/transmisor-sony-wla-ns7-2\\\/\",\"url\":\"https:\\\/\\\/carrerasweb.cat\\\/ca\\\/botiga\\\/audio-video-tv-ca\\\/accessoris-tv\\\/transmisor-sony-wla-ns7-2\\\/\",\"name\":\"Transmissor SONY WLA-NS7 - Carreres Web - Botiga Foto V\u00eddeo C\u00e0meres TV Sony telef\u00f3nica telefonia.\",\"isPartOf\":{\"@id\":\"https:\\\/\\\/carrerasweb.cat\\\/#website\"},\"primaryImageOfPage\":{\"@id\":\"https:\\\/\\\/carrerasweb.cat\\\/ca\\\/botiga\\\/audio-video-tv-ca\\\/accessoris-tv\\\/transmisor-sony-wla-ns7-2\\\/#primaryimage\"},\"image\":{\"@id\":\"https:\\\/\\\/carrerasweb.cat\\\/ca\\\/botiga\\\/audio-video-tv-ca\\\/accessoris-tv\\\/transmisor-sony-wla-ns7-2\\\/#primaryimage\"},\"thumbnailUrl\":\"https:\\\/\\\/carrerasweb.cat\\\/wp-content\\\/uploads\\\/2022\\\/08\\\/Transmissor-Sony-WLA-NS7a.jpg\",\"datePublished\":\"2022-08-18T10:59:39+00:00\",\"dateModified\":\"2022-08-31T11:05:53+00:00\",\"breadcrumb\":{\"@id\":\"https:\\\/\\\/carrerasweb.cat\\\/ca\\\/botiga\\\/audio-video-tv-ca\\\/accessoris-tv\\\/transmisor-sony-wla-ns7-2\\\/#breadcrumb\"},\"inLanguage\":\"ca\",\"potentialAction\":[{\"@type\":\"ReadAction\",\"target\":[\"https:\\\/\\\/carrerasweb.cat\\\/ca\\\/botiga\\\/audio-video-tv-ca\\\/accessoris-tv\\\/transmisor-sony-wla-ns7-2\\\/\"]}]},{\"@type\":\"ImageObject\",\"inLanguage\":\"ca\",\"@id\":\"https:\\\/\\\/carrerasweb.cat\\\/ca\\\/botiga\\\/audio-video-tv-ca\\\/accessoris-tv\\\/transmisor-sony-wla-ns7-2\\\/#primaryimage\",\"url\":\"https:\\\/\\\/carrerasweb.cat\\\/wp-content\\\/uploads\\\/2022\\\/08\\\/Transmissor-Sony-WLA-NS7a.jpg\",\"contentUrl\":\"https:\\\/\\\/carrerasweb.cat\\\/wp-content\\\/uploads\\\/2022\\\/08\\\/Transmissor-Sony-WLA-NS7a.jpg\",\"width\":690,\"height\":690},{\"@type\":\"BreadcrumbList\",\"@id\":\"https:\\\/\\\/carrerasweb.cat\\\/ca\\\/botiga\\\/audio-video-tv-ca\\\/accessoris-tv\\\/transmisor-sony-wla-ns7-2\\\/#breadcrumb\",\"itemListElement\":[{\"@type\":\"ListItem\",\"position\":1,\"name\":\"Portada\",\"item\":\"https:\\\/\\\/carrerasweb.cat\\\/ca\\\/inici\\\/\"},{\"@type\":\"ListItem\",\"position\":2,\"name\":\"Productes\",\"item\":\"https:\\\/\\\/carrerasweb.cat\\\/ca\\\/productes\\\/\"},{\"@type\":\"ListItem\",\"position\":3,\"name\":\"Transmissor SONY WLA-NS7\"}]},{\"@type\":\"WebSite\",\"@id\":\"https:\\\/\\\/carrerasweb.cat\\\/#website\",\"url\":\"https:\\\/\\\/carrerasweb.cat\\\/\",\"name\":\"Carreras Web - Tienda Foto V\u00eddeo C\u00e1maras TV Sony Telef\u00f3nica Telefon\u00eda.\",\"description\":\"Distribuidor oficial a Figueres de Sony, la marca l\u00edder en audio, v\u00eddeo, fotografia, c\u00e0meres i accessoris, inform\u00e0tica, telef\u00f2nica, marcs i \u00e0lbums foto.\",\"publisher\":{\"@id\":\"https:\\\/\\\/carrerasweb.cat\\\/#organization\"},\"potentialAction\":[{\"@type\":\"SearchAction\",\"target\":{\"@type\":\"EntryPoint\",\"urlTemplate\":\"https:\\\/\\\/carrerasweb.cat\\\/?s={search_term_string}\"},\"query-input\":{\"@type\":\"PropertyValueSpecification\",\"valueRequired\":true,\"valueName\":\"search_term_string\"}}],\"inLanguage\":\"ca\"},{\"@type\":\"Organization\",\"@id\":\"https:\\\/\\\/carrerasweb.cat\\\/#organization\",\"name\":\"CARRERAS FOTO VIDEO\",\"url\":\"https:\\\/\\\/carrerasweb.cat\\\/\",\"logo\":{\"@type\":\"ImageObject\",\"inLanguage\":\"ca\",\"@id\":\"https:\\\/\\\/carrerasweb.cat\\\/#\\\/schema\\\/logo\\\/image\\\/\",\"url\":\"https:\\\/\\\/carrerasweb.cat\\\/wp-content\\\/uploads\\\/2021\\\/03\\\/logo.png\",\"contentUrl\":\"https:\\\/\\\/carrerasweb.cat\\\/wp-content\\\/uploads\\\/2021\\\/03\\\/logo.png\",\"width\":276,\"height\":100,\"caption\":\"CARRERAS FOTO VIDEO\"},\"image\":{\"@id\":\"https:\\\/\\\/carrerasweb.cat\\\/#\\\/schema\\\/logo\\\/image\\\/\"},\"sameAs\":[\"https:\\\/\\\/www.facebook.com\\\/CarrerasFotoVideo\\\/\",\"https:\\\/\\\/www.instagram.com\\\/carrerasfotovideo\\\/\"]}]}<\/script>\n<!-- \/ Yoast SEO plugin. -->","yoast_head_json":{"title":"Transmissor SONY WLA-NS7 - Carreres Web - Botiga Foto V\u00eddeo C\u00e0meres TV Sony telef\u00f3nica telefonia.","robots":{"index":"index","follow":"follow","max-snippet":"max-snippet:-1","max-image-preview":"max-image-preview:large","max-video-preview":"max-video-preview:-1"},"canonical":"https:\/\/carrerasweb.cat\/ca\/botiga\/audio-video-tv-ca\/accessoris-tv\/transmisor-sony-wla-ns7-2\/","og_locale":"ca_ES","og_type":"article","og_title":"Transmissor SONY WLA-NS7 - Carreres Web - Botiga Foto V\u00eddeo C\u00e0meres TV Sony telef\u00f3nica telefonia.","og_description":"La teva porta a tot un m\u00f3n de pel\u00b7l\u00edcules i m\u00fasica amb so Dolby Atmos\u00ae.   Transmissor sense fil per a televisors BRAVIA XR\u2122 i certs models d'auriculars de Sony.","og_url":"https:\/\/carrerasweb.cat\/ca\/botiga\/audio-video-tv-ca\/accessoris-tv\/transmisor-sony-wla-ns7-2\/","og_site_name":"Carreres Web - Botiga Foto V\u00eddeo C\u00e0meres TV Sony telef\u00f3nica telefonia.","article_publisher":"https:\/\/www.facebook.com\/CarrerasFotoVideo\/","article_modified_time":"2022-08-31T11:05:53+00:00","og_image":[{"width":690,"height":690,"url":"https:\/\/carrerasweb.cat\/wp-content\/uploads\/2022\/08\/Transmissor-Sony-WLA-NS7a.jpg","type":"image\/jpeg"}],"twitter_card":"summary_large_image","schema":{"@context":"https:\/\/schema.org","@graph":[{"@type":"WebPage","@id":"https:\/\/carrerasweb.cat\/ca\/botiga\/audio-video-tv-ca\/accessoris-tv\/transmisor-sony-wla-ns7-2\/","url":"https:\/\/carrerasweb.cat\/ca\/botiga\/audio-video-tv-ca\/accessoris-tv\/transmisor-sony-wla-ns7-2\/","name":"Transmissor SONY WLA-NS7 - Carreres Web - Botiga Foto V\u00eddeo C\u00e0meres TV Sony telef\u00f3nica telefonia.","isPartOf":{"@id":"https:\/\/carrerasweb.cat\/#website"},"primaryImageOfPage":{"@id":"https:\/\/carrerasweb.cat\/ca\/botiga\/audio-video-tv-ca\/accessoris-tv\/transmisor-sony-wla-ns7-2\/#primaryimage"},"image":{"@id":"https:\/\/carrerasweb.cat\/ca\/botiga\/audio-video-tv-ca\/accessoris-tv\/transmisor-sony-wla-ns7-2\/#primaryimage"},"thumbnailUrl":"https:\/\/carrerasweb.cat\/wp-content\/uploads\/2022\/08\/Transmissor-Sony-WLA-NS7a.jpg","datePublished":"2022-08-18T10:59:39+00:00","dateModified":"2022-08-31T11:05:53+00:00","breadcrumb":{"@id":"https:\/\/carrerasweb.cat\/ca\/botiga\/audio-video-tv-ca\/accessoris-tv\/transmisor-sony-wla-ns7-2\/#breadcrumb"},"inLanguage":"ca","potentialAction":[{"@type":"ReadAction","target":["https:\/\/carrerasweb.cat\/ca\/botiga\/audio-video-tv-ca\/accessoris-tv\/transmisor-sony-wla-ns7-2\/"]}]},{"@type":"ImageObject","inLanguage":"ca","@id":"https:\/\/carrerasweb.cat\/ca\/botiga\/audio-video-tv-ca\/accessoris-tv\/transmisor-sony-wla-ns7-2\/#primaryimage","url":"https:\/\/carrerasweb.cat\/wp-content\/uploads\/2022\/08\/Transmissor-Sony-WLA-NS7a.jpg","contentUrl":"https:\/\/carrerasweb.cat\/wp-content\/uploads\/2022\/08\/Transmissor-Sony-WLA-NS7a.jpg","width":690,"height":690},{"@type":"BreadcrumbList","@id":"https:\/\/carrerasweb.cat\/ca\/botiga\/audio-video-tv-ca\/accessoris-tv\/transmisor-sony-wla-ns7-2\/#breadcrumb","itemListElement":[{"@type":"ListItem","position":1,"name":"Portada","item":"https:\/\/carrerasweb.cat\/ca\/inici\/"},{"@type":"ListItem","position":2,"name":"Productes","item":"https:\/\/carrerasweb.cat\/ca\/productes\/"},{"@type":"ListItem","position":3,"name":"Transmissor SONY WLA-NS7"}]},{"@type":"WebSite","@id":"https:\/\/carrerasweb.cat\/#website","url":"https:\/\/carrerasweb.cat\/","name":"Carreras Web - Tienda Foto V\u00eddeo C\u00e1maras TV Sony Telef\u00f3nica Telefon\u00eda.","description":"Distribuidor oficial a Figueres de Sony, la marca l\u00edder en audio, v\u00eddeo, fotografia, c\u00e0meres i accessoris, inform\u00e0tica, telef\u00f2nica, marcs i \u00e0lbums foto.","publisher":{"@id":"https:\/\/carrerasweb.cat\/#organization"},"potentialAction":[{"@type":"SearchAction","target":{"@type":"EntryPoint","urlTemplate":"https:\/\/carrerasweb.cat\/?s={search_term_string}"},"query-input":{"@type":"PropertyValueSpecification","valueRequired":true,"valueName":"search_term_string"}}],"inLanguage":"ca"},{"@type":"Organization","@id":"https:\/\/carrerasweb.cat\/#organization","name":"CARRERAS FOTO VIDEO","url":"https:\/\/carrerasweb.cat\/","logo":{"@type":"ImageObject","inLanguage":"ca","@id":"https:\/\/carrerasweb.cat\/#\/schema\/logo\/image\/","url":"https:\/\/carrerasweb.cat\/wp-content\/uploads\/2021\/03\/logo.png","contentUrl":"https:\/\/carrerasweb.cat\/wp-content\/uploads\/2021\/03\/logo.png","width":276,"height":100,"caption":"CARRERAS FOTO VIDEO"},"image":{"@id":"https:\/\/carrerasweb.cat\/#\/schema\/logo\/image\/"},"sameAs":["https:\/\/www.facebook.com\/CarrerasFotoVideo\/","https:\/\/www.instagram.com\/carrerasfotovideo\/"]}]}},"_links":{"self":[{"href":"https:\/\/carrerasweb.cat\/ca\/wp-json\/wp\/v2\/product\/3369","targetHints":{"allow":["GET"]}}],"collection":[{"href":"https:\/\/carrerasweb.cat\/ca\/wp-json\/wp\/v2\/product"}],"about":[{"href":"https:\/\/carrerasweb.cat\/ca\/wp-json\/wp\/v2\/types\/product"}],"replies":[{"embeddable":true,"href":"https:\/\/carrerasweb.cat\/ca\/wp-json\/wp\/v2\/comments?post=3369"}],"wp:featuredmedia":[{"embeddable":true,"href":"https:\/\/carrerasweb.cat\/ca\/wp-json\/wp\/v2\/media\/3366"}],"wp:attachment":[{"href":"https:\/\/carrerasweb.cat\/ca\/wp-json\/wp\/v2\/media?parent=3369"}],"wp:term":[{"taxonomy":"product_brand","embeddable":true,"href":"https:\/\/carrerasweb.cat\/ca\/wp-json\/wp\/v2\/product_brand?post=3369"},{"taxonomy":"product_cat","embeddable":true,"href":"https:\/\/carrerasweb.cat\/ca\/wp-json\/wp\/v2\/product_cat?post=3369"},{"taxonomy":"product_tag","embeddable":true,"href":"https:\/\/carrerasweb.cat\/ca\/wp-json\/wp\/v2\/product_tag?post=3369"}],"curies":[{"name":"wp","href":"https:\/\/api.w.org\/{rel}","templated":true}]}}