{"id":3269,"date":"2022-02-25T17:23:29","date_gmt":"2022-02-25T17:23:29","guid":{"rendered":"https:\/\/carrerasweb.cat\/tienda\/Sense%20categoria\/auriculars-sony-wf-l900-blanc-o-negre\/"},"modified":"2022-08-31T11:10:41","modified_gmt":"2022-08-31T11:10:41","slug":"auriculares-sony-wf-l900-blanco-o-negro","status":"publish","type":"product","link":"https:\/\/carrerasweb.cat\/ca\/botiga\/audio-video-tv-ca\/auriculars-bluetooth-i-sense-fil\/auriculares-sony-wf-l900-blanco-o-negro\/","title":{"rendered":"Auriculars SONY WF-L900, 2 colors"},"content":{"rendered":"<h3 class=\"so-orange\">LinkBuds, auriculars amb disseny d&#8217;anell obert sense cap cable<\/h3>\n<div class=\"product-informations\">\n<p>Mantingues la connexi\u00f3 amb el teu dia a dia gr\u00e0cies a la m\u00fasica i la comunicaci\u00f3 sempre actives<\/p>\n<div class=\"promotion red-info\">\n<p>Auriculars min\u00fasculs, lleugers i amb gran subjecci\u00f3, amb un disseny d&#8217;anell obert i transpar\u00e8ncia d&#8217;\u00e0udio que et connecta amb el teu m\u00f3n online i offline, a m\u00e9s de trucades i so d&#8217;alta qualitat amb un control senzill.<\/p>\n<\/div>\n<ul class=\"features-list\">\n<li>El disseny d&#8217;anell obert amb transpar\u00e8ncia d&#8217;\u00e0udio et connecta amb el teu m\u00f3n online i offline<\/li>\n<li>Min\u00fasculs, lleugers i amb gran subjecci\u00f3<\/li>\n<li>Escolta les trucades i la m\u00fasica amb nitidesa<\/li>\n<li>En dos colors: quasi blanc i quasi negre<\/li>\n<\/ul>\n<\/div>\n","protected":false},"excerpt":{"rendered":"<p><span class=\"count-up\">Auriculars sense fils de disseny innovador degut a la seva subjecci\u00f3 millorada a la orella i a l&#8217;orifici que permet passar el so extern, amb el que no quedem incomunicats. Estem davant de quelcom diferent del que hi havia fins<\/span> ara!<\/p>\n<p><span class=\"count-up\">Visita <strong><em>www.sony.es<\/em><\/strong> per<\/span> con\u00e8ixer<span class=\"count-up\"> millor aquesta meravella.<\/span><\/p>\n","protected":false},"featured_media":3268,"comment_status":"closed","ping_status":"closed","template":"","meta":{"_exactmetrics_skip_tracking":false,"_exactmetrics_sitenote_active":false,"_exactmetrics_sitenote_note":"","_exactmetrics_sitenote_category":0},"product_brand":[],"product_cat":[159,169],"product_tag":[],"class_list":{"0":"post-3269","1":"product","2":"type-product","3":"status-publish","4":"has-post-thumbnail","6":"product_cat-audio-video-tv-ca","7":"product_cat-auriculars-bluetooth-i-sense-fil","9":"first","10":"instock","11":"sale","12":"shipping-taxable","13":"product-type-simple"},"yoast_head":"<!-- This site is optimized with the Yoast SEO plugin v27.5 - https:\/\/yoast.com\/product\/yoast-seo-wordpress\/ -->\n<title>Auriculars SONY WF-L900, 2 colors - Carreres Web - Botiga Foto V\u00eddeo C\u00e0meres TV Sony telef\u00f3nica telefonia.<\/title>\n<meta name=\"robots\" content=\"index, follow, max-snippet:-1, max-image-preview:large, max-video-preview:-1\" \/>\n<link rel=\"canonical\" href=\"https:\/\/carrerasweb.cat\/botiga\/audio-video-tv\/auriculares-bluetooth-e-inalambricos\/auriculares-sony-wf-l900-blanco-o-negro\/\" \/>\n<meta property=\"og:locale\" content=\"ca_ES\" \/>\n<meta property=\"og:type\" content=\"article\" \/>\n<meta property=\"og:title\" content=\"Auriculars SONY WF-L900, 2 colors - Carreres Web - Botiga Foto V\u00eddeo C\u00e0meres TV Sony telef\u00f3nica telefonia.\" \/>\n<meta property=\"og:description\" content=\"Auriculars sense fils de disseny innovador degut a la seva subjecci\u00f3 millorada a la orella i a l&#039;orifici que permet passar el so extern, amb el que no quedem incomunicats. Estem davant de quelcom diferent del que hi havia fins ara!  Visita www.sony.es per con\u00e8ixer millor aquesta meravella.\" \/>\n<meta property=\"og:url\" content=\"https:\/\/carrerasweb.cat\/botiga\/audio-video-tv\/auriculares-bluetooth-e-inalambricos\/auriculares-sony-wf-l900-blanco-o-negro\/\" \/>\n<meta property=\"og:site_name\" content=\"Carreres Web - Botiga Foto V\u00eddeo C\u00e0meres TV Sony telef\u00f3nica telefonia.\" \/>\n<meta property=\"article:publisher\" content=\"https:\/\/www.facebook.com\/CarrerasFotoVideo\/\" \/>\n<meta property=\"article:modified_time\" content=\"2022-08-31T11:10:41+00:00\" \/>\n<meta property=\"og:image\" content=\"https:\/\/carrerasweb.cat\/wp-content\/uploads\/2022\/02\/Auric.-Sony-WFL900-a.jpg\" \/>\n\t<meta property=\"og:image:width\" content=\"712\" \/>\n\t<meta property=\"og:image:height\" content=\"711\" \/>\n\t<meta property=\"og:image:type\" content=\"image\/jpeg\" \/>\n<meta name=\"twitter:card\" content=\"summary_large_image\" \/>\n<meta name=\"twitter:label1\" content=\"Temps estimat de lectura\" \/>\n\t<meta name=\"twitter:data1\" content=\"1 minut\" \/>\n<script type=\"application\/ld+json\" class=\"yoast-schema-graph\">{\"@context\":\"https:\\\/\\\/schema.org\",\"@graph\":[{\"@type\":\"WebPage\",\"@id\":\"https:\\\/\\\/carrerasweb.cat\\\/botiga\\\/audio-video-tv\\\/auriculares-bluetooth-e-inalambricos\\\/auriculares-sony-wf-l900-blanco-o-negro\\\/\",\"url\":\"https:\\\/\\\/carrerasweb.cat\\\/botiga\\\/audio-video-tv\\\/auriculares-bluetooth-e-inalambricos\\\/auriculares-sony-wf-l900-blanco-o-negro\\\/\",\"name\":\"Auriculars SONY WF-L900, 2 colors - Carreres Web - Botiga Foto V\u00eddeo C\u00e0meres TV Sony telef\u00f3nica telefonia.\",\"isPartOf\":{\"@id\":\"https:\\\/\\\/carrerasweb.cat\\\/#website\"},\"primaryImageOfPage\":{\"@id\":\"https:\\\/\\\/carrerasweb.cat\\\/botiga\\\/audio-video-tv\\\/auriculares-bluetooth-e-inalambricos\\\/auriculares-sony-wf-l900-blanco-o-negro\\\/#primaryimage\"},\"image\":{\"@id\":\"https:\\\/\\\/carrerasweb.cat\\\/botiga\\\/audio-video-tv\\\/auriculares-bluetooth-e-inalambricos\\\/auriculares-sony-wf-l900-blanco-o-negro\\\/#primaryimage\"},\"thumbnailUrl\":\"https:\\\/\\\/carrerasweb.cat\\\/wp-content\\\/uploads\\\/2022\\\/02\\\/Auric.-Sony-WFL900-a.jpg\",\"datePublished\":\"2022-02-25T17:23:29+00:00\",\"dateModified\":\"2022-08-31T11:10:41+00:00\",\"breadcrumb\":{\"@id\":\"https:\\\/\\\/carrerasweb.cat\\\/botiga\\\/audio-video-tv\\\/auriculares-bluetooth-e-inalambricos\\\/auriculares-sony-wf-l900-blanco-o-negro\\\/#breadcrumb\"},\"inLanguage\":\"ca\",\"potentialAction\":[{\"@type\":\"ReadAction\",\"target\":[\"https:\\\/\\\/carrerasweb.cat\\\/botiga\\\/audio-video-tv\\\/auriculares-bluetooth-e-inalambricos\\\/auriculares-sony-wf-l900-blanco-o-negro\\\/\"]}]},{\"@type\":\"ImageObject\",\"inLanguage\":\"ca\",\"@id\":\"https:\\\/\\\/carrerasweb.cat\\\/botiga\\\/audio-video-tv\\\/auriculares-bluetooth-e-inalambricos\\\/auriculares-sony-wf-l900-blanco-o-negro\\\/#primaryimage\",\"url\":\"https:\\\/\\\/carrerasweb.cat\\\/wp-content\\\/uploads\\\/2022\\\/02\\\/Auric.-Sony-WFL900-a.jpg\",\"contentUrl\":\"https:\\\/\\\/carrerasweb.cat\\\/wp-content\\\/uploads\\\/2022\\\/02\\\/Auric.-Sony-WFL900-a.jpg\",\"width\":712,\"height\":711},{\"@type\":\"BreadcrumbList\",\"@id\":\"https:\\\/\\\/carrerasweb.cat\\\/botiga\\\/audio-video-tv\\\/auriculares-bluetooth-e-inalambricos\\\/auriculares-sony-wf-l900-blanco-o-negro\\\/#breadcrumb\",\"itemListElement\":[{\"@type\":\"ListItem\",\"position\":1,\"name\":\"Portada\",\"item\":\"https:\\\/\\\/carrerasweb.cat\\\/ca\\\/inici\\\/\"},{\"@type\":\"ListItem\",\"position\":2,\"name\":\"Productes\",\"item\":\"https:\\\/\\\/carrerasweb.cat\\\/ca\\\/productes\\\/\"},{\"@type\":\"ListItem\",\"position\":3,\"name\":\"Auriculars SONY WF-L900, 2 colors\"}]},{\"@type\":\"WebSite\",\"@id\":\"https:\\\/\\\/carrerasweb.cat\\\/#website\",\"url\":\"https:\\\/\\\/carrerasweb.cat\\\/\",\"name\":\"Carreras Web - Tienda Foto V\u00eddeo C\u00e1maras TV Sony Telef\u00f3nica Telefon\u00eda.\",\"description\":\"Distribuidor oficial a Figueres de Sony, la marca l\u00edder en audio, v\u00eddeo, fotografia, c\u00e0meres i accessoris, inform\u00e0tica, telef\u00f2nica, marcs i \u00e0lbums foto.\",\"publisher\":{\"@id\":\"https:\\\/\\\/carrerasweb.cat\\\/#organization\"},\"potentialAction\":[{\"@type\":\"SearchAction\",\"target\":{\"@type\":\"EntryPoint\",\"urlTemplate\":\"https:\\\/\\\/carrerasweb.cat\\\/?s={search_term_string}\"},\"query-input\":{\"@type\":\"PropertyValueSpecification\",\"valueRequired\":true,\"valueName\":\"search_term_string\"}}],\"inLanguage\":\"ca\"},{\"@type\":\"Organization\",\"@id\":\"https:\\\/\\\/carrerasweb.cat\\\/#organization\",\"name\":\"CARRERAS FOTO VIDEO\",\"url\":\"https:\\\/\\\/carrerasweb.cat\\\/\",\"logo\":{\"@type\":\"ImageObject\",\"inLanguage\":\"ca\",\"@id\":\"https:\\\/\\\/carrerasweb.cat\\\/#\\\/schema\\\/logo\\\/image\\\/\",\"url\":\"https:\\\/\\\/carrerasweb.cat\\\/wp-content\\\/uploads\\\/2021\\\/03\\\/logo.png\",\"contentUrl\":\"https:\\\/\\\/carrerasweb.cat\\\/wp-content\\\/uploads\\\/2021\\\/03\\\/logo.png\",\"width\":276,\"height\":100,\"caption\":\"CARRERAS FOTO VIDEO\"},\"image\":{\"@id\":\"https:\\\/\\\/carrerasweb.cat\\\/#\\\/schema\\\/logo\\\/image\\\/\"},\"sameAs\":[\"https:\\\/\\\/www.facebook.com\\\/CarrerasFotoVideo\\\/\",\"https:\\\/\\\/www.instagram.com\\\/carrerasfotovideo\\\/\"]}]}<\/script>\n<!-- \/ Yoast SEO plugin. -->","yoast_head_json":{"title":"Auriculars SONY WF-L900, 2 colors - Carreres Web - Botiga Foto V\u00eddeo C\u00e0meres TV Sony telef\u00f3nica telefonia.","robots":{"index":"index","follow":"follow","max-snippet":"max-snippet:-1","max-image-preview":"max-image-preview:large","max-video-preview":"max-video-preview:-1"},"canonical":"https:\/\/carrerasweb.cat\/botiga\/audio-video-tv\/auriculares-bluetooth-e-inalambricos\/auriculares-sony-wf-l900-blanco-o-negro\/","og_locale":"ca_ES","og_type":"article","og_title":"Auriculars SONY WF-L900, 2 colors - Carreres Web - Botiga Foto V\u00eddeo C\u00e0meres TV Sony telef\u00f3nica telefonia.","og_description":"Auriculars sense fils de disseny innovador degut a la seva subjecci\u00f3 millorada a la orella i a l'orifici que permet passar el so extern, amb el que no quedem incomunicats. Estem davant de quelcom diferent del que hi havia fins ara!  Visita www.sony.es per con\u00e8ixer millor aquesta meravella.","og_url":"https:\/\/carrerasweb.cat\/botiga\/audio-video-tv\/auriculares-bluetooth-e-inalambricos\/auriculares-sony-wf-l900-blanco-o-negro\/","og_site_name":"Carreres Web - Botiga Foto V\u00eddeo C\u00e0meres TV Sony telef\u00f3nica telefonia.","article_publisher":"https:\/\/www.facebook.com\/CarrerasFotoVideo\/","article_modified_time":"2022-08-31T11:10:41+00:00","og_image":[{"width":712,"height":711,"url":"https:\/\/carrerasweb.cat\/wp-content\/uploads\/2022\/02\/Auric.-Sony-WFL900-a.jpg","type":"image\/jpeg"}],"twitter_card":"summary_large_image","twitter_misc":{"Temps estimat de lectura":"1 minut"},"schema":{"@context":"https:\/\/schema.org","@graph":[{"@type":"WebPage","@id":"https:\/\/carrerasweb.cat\/botiga\/audio-video-tv\/auriculares-bluetooth-e-inalambricos\/auriculares-sony-wf-l900-blanco-o-negro\/","url":"https:\/\/carrerasweb.cat\/botiga\/audio-video-tv\/auriculares-bluetooth-e-inalambricos\/auriculares-sony-wf-l900-blanco-o-negro\/","name":"Auriculars SONY WF-L900, 2 colors - Carreres Web - Botiga Foto V\u00eddeo C\u00e0meres TV Sony telef\u00f3nica telefonia.","isPartOf":{"@id":"https:\/\/carrerasweb.cat\/#website"},"primaryImageOfPage":{"@id":"https:\/\/carrerasweb.cat\/botiga\/audio-video-tv\/auriculares-bluetooth-e-inalambricos\/auriculares-sony-wf-l900-blanco-o-negro\/#primaryimage"},"image":{"@id":"https:\/\/carrerasweb.cat\/botiga\/audio-video-tv\/auriculares-bluetooth-e-inalambricos\/auriculares-sony-wf-l900-blanco-o-negro\/#primaryimage"},"thumbnailUrl":"https:\/\/carrerasweb.cat\/wp-content\/uploads\/2022\/02\/Auric.-Sony-WFL900-a.jpg","datePublished":"2022-02-25T17:23:29+00:00","dateModified":"2022-08-31T11:10:41+00:00","breadcrumb":{"@id":"https:\/\/carrerasweb.cat\/botiga\/audio-video-tv\/auriculares-bluetooth-e-inalambricos\/auriculares-sony-wf-l900-blanco-o-negro\/#breadcrumb"},"inLanguage":"ca","potentialAction":[{"@type":"ReadAction","target":["https:\/\/carrerasweb.cat\/botiga\/audio-video-tv\/auriculares-bluetooth-e-inalambricos\/auriculares-sony-wf-l900-blanco-o-negro\/"]}]},{"@type":"ImageObject","inLanguage":"ca","@id":"https:\/\/carrerasweb.cat\/botiga\/audio-video-tv\/auriculares-bluetooth-e-inalambricos\/auriculares-sony-wf-l900-blanco-o-negro\/#primaryimage","url":"https:\/\/carrerasweb.cat\/wp-content\/uploads\/2022\/02\/Auric.-Sony-WFL900-a.jpg","contentUrl":"https:\/\/carrerasweb.cat\/wp-content\/uploads\/2022\/02\/Auric.-Sony-WFL900-a.jpg","width":712,"height":711},{"@type":"BreadcrumbList","@id":"https:\/\/carrerasweb.cat\/botiga\/audio-video-tv\/auriculares-bluetooth-e-inalambricos\/auriculares-sony-wf-l900-blanco-o-negro\/#breadcrumb","itemListElement":[{"@type":"ListItem","position":1,"name":"Portada","item":"https:\/\/carrerasweb.cat\/ca\/inici\/"},{"@type":"ListItem","position":2,"name":"Productes","item":"https:\/\/carrerasweb.cat\/ca\/productes\/"},{"@type":"ListItem","position":3,"name":"Auriculars SONY WF-L900, 2 colors"}]},{"@type":"WebSite","@id":"https:\/\/carrerasweb.cat\/#website","url":"https:\/\/carrerasweb.cat\/","name":"Carreras Web - Tienda Foto V\u00eddeo C\u00e1maras TV Sony Telef\u00f3nica Telefon\u00eda.","description":"Distribuidor oficial a Figueres de Sony, la marca l\u00edder en audio, v\u00eddeo, fotografia, c\u00e0meres i accessoris, inform\u00e0tica, telef\u00f2nica, marcs i \u00e0lbums foto.","publisher":{"@id":"https:\/\/carrerasweb.cat\/#organization"},"potentialAction":[{"@type":"SearchAction","target":{"@type":"EntryPoint","urlTemplate":"https:\/\/carrerasweb.cat\/?s={search_term_string}"},"query-input":{"@type":"PropertyValueSpecification","valueRequired":true,"valueName":"search_term_string"}}],"inLanguage":"ca"},{"@type":"Organization","@id":"https:\/\/carrerasweb.cat\/#organization","name":"CARRERAS FOTO VIDEO","url":"https:\/\/carrerasweb.cat\/","logo":{"@type":"ImageObject","inLanguage":"ca","@id":"https:\/\/carrerasweb.cat\/#\/schema\/logo\/image\/","url":"https:\/\/carrerasweb.cat\/wp-content\/uploads\/2021\/03\/logo.png","contentUrl":"https:\/\/carrerasweb.cat\/wp-content\/uploads\/2021\/03\/logo.png","width":276,"height":100,"caption":"CARRERAS FOTO VIDEO"},"image":{"@id":"https:\/\/carrerasweb.cat\/#\/schema\/logo\/image\/"},"sameAs":["https:\/\/www.facebook.com\/CarrerasFotoVideo\/","https:\/\/www.instagram.com\/carrerasfotovideo\/"]}]}},"_links":{"self":[{"href":"https:\/\/carrerasweb.cat\/ca\/wp-json\/wp\/v2\/product\/3269","targetHints":{"allow":["GET"]}}],"collection":[{"href":"https:\/\/carrerasweb.cat\/ca\/wp-json\/wp\/v2\/product"}],"about":[{"href":"https:\/\/carrerasweb.cat\/ca\/wp-json\/wp\/v2\/types\/product"}],"replies":[{"embeddable":true,"href":"https:\/\/carrerasweb.cat\/ca\/wp-json\/wp\/v2\/comments?post=3269"}],"wp:featuredmedia":[{"embeddable":true,"href":"https:\/\/carrerasweb.cat\/ca\/wp-json\/wp\/v2\/media\/3268"}],"wp:attachment":[{"href":"https:\/\/carrerasweb.cat\/ca\/wp-json\/wp\/v2\/media?parent=3269"}],"wp:term":[{"taxonomy":"product_brand","embeddable":true,"href":"https:\/\/carrerasweb.cat\/ca\/wp-json\/wp\/v2\/product_brand?post=3269"},{"taxonomy":"product_cat","embeddable":true,"href":"https:\/\/carrerasweb.cat\/ca\/wp-json\/wp\/v2\/product_cat?post=3269"},{"taxonomy":"product_tag","embeddable":true,"href":"https:\/\/carrerasweb.cat\/ca\/wp-json\/wp\/v2\/product_tag?post=3269"}],"curies":[{"name":"wp","href":"https:\/\/api.w.org\/{rel}","templated":true}]}}