{"id":2902,"date":"2021-11-19T11:09:24","date_gmt":"2021-11-19T11:09:24","guid":{"rendered":"https:\/\/carrerasweb.cat\/tienda\/Sense%20categoria\/barra-de-so-sony-ht-sf150-2-0\/"},"modified":"2022-10-22T10:20:40","modified_gmt":"2022-10-22T10:20:40","slug":"barra-de-so-sony-ht-sf150-2-0","status":"publish","type":"product","link":"https:\/\/carrerasweb.cat\/ca\/botiga\/audio-video-tv-ca\/barres-de-so\/barra-de-so-sony-ht-sf150-2-0\/","title":{"rendered":"Barra de so SONY HT-SF150 2.0"},"content":{"rendered":"<h5 class=\"so-orange\">Barra de so \u00fanica de 2 canals amb tecnologia Bluetooth\u00ae | HT-SF150<\/h5>\n<div class=\"product-informations\">\n<p>Barra de so compacta de mida redu\u00efda amb altaveu Bass Reflex per un \u00e0udio millorat. El disseny estilitzat de la HT-SF150 encaixa perfectament a casa teva perqu\u00e8 gaudeixis de connexi\u00f3 f\u00e0cil al televisor, so d&#8217;alta qualitat i reproducci\u00f3 de m\u00fasica sense esfor\u00e7.<\/p>\n<div class=\"promotion red-info\">\n<p>Barra de so compacta de mida redu\u00efda amb altaveu Bass Reflex per un \u00e0udio millorat. El disseny estilitzat de la HT-SF150 encaixa perfectament en la teva llar, permet connectar f\u00e0cilment a la televisi\u00f3 amb HDMI ARC i ofereix un so d&#8217;alta qualitat gr\u00e0cies a S-Force PRO Front Surround. Tamb\u00e9 pots reproduir m\u00fasica a trav\u00e9s d&#8217;USB o Bluetooth.<\/p>\n<\/div>\n<ul class=\"features-list\">\n<li>So millorat amb Bass Reflex<\/li>\n<li>Configuraci\u00f3 f\u00e0cil amb el televisor<\/li>\n<li>So S-Force Front Surround<\/li>\n<\/ul>\n<p>Dades t\u00e8cniques :<\/p>\n<p>&#8211; Barra compacta 2.0, 120 W<br \/>\n&#8211; USB, HDMI ARC, Opt. in (per TV totes marques)<br \/>\n&#8211; S-Force Pro Front Surround<\/p>\n<\/div>\n","protected":false},"excerpt":{"rendered":"<h5 class=\"so-orange\">Barra de so \u00fanica de 2 canals amb tecnologia Bluetooth\u00ae | HT-SF150. Els televisors tenen petits altaveus encarats cap avall. Es millora molt l&#8217;audici\u00f3 amb aquesta barra, tant per la qualitat musical com per la claredat dels di\u00e0legs.<\/h5>\n","protected":false},"featured_media":2901,"comment_status":"closed","ping_status":"closed","template":"","meta":{"_exactmetrics_skip_tracking":false,"_exactmetrics_sitenote_active":false,"_exactmetrics_sitenote_note":"","_exactmetrics_sitenote_category":0},"product_brand":[],"product_cat":[159,171],"product_tag":[],"class_list":{"0":"post-2902","1":"product","2":"type-product","3":"status-publish","4":"has-post-thumbnail","6":"product_cat-audio-video-tv-ca","7":"product_cat-barres-de-so","9":"first","10":"instock","11":"sale","12":"shipping-taxable","13":"product-type-simple"},"yoast_head":"<!-- This site is optimized with the Yoast SEO plugin v27.5 - https:\/\/yoast.com\/product\/yoast-seo-wordpress\/ -->\n<title>Barra de so SONY HT-SF150 2.0 - Carreres Web - Botiga Foto V\u00eddeo C\u00e0meres TV Sony telef\u00f3nica telefonia.<\/title>\n<meta name=\"robots\" content=\"index, follow, max-snippet:-1, max-image-preview:large, max-video-preview:-1\" \/>\n<link rel=\"canonical\" href=\"https:\/\/carrerasweb.cat\/botiga\/audio-video-tv\/barras-de-sonido\/barra-de-sonido-sony-ht-sf150-2-0\/\" \/>\n<meta property=\"og:locale\" content=\"ca_ES\" \/>\n<meta property=\"og:type\" content=\"article\" \/>\n<meta property=\"og:title\" content=\"Barra de so SONY HT-SF150 2.0 - Carreres Web - Botiga Foto V\u00eddeo C\u00e0meres TV Sony telef\u00f3nica telefonia.\" \/>\n<meta property=\"og:description\" content=\"Barra de so \u00fanica de 2 canals amb tecnologia Bluetooth\u00ae | HT-SF150. Els televisors tenen petits altaveus encarats cap avall. Es millora molt l&#039;audici\u00f3 amb aquesta barra, tant per la qualitat musical com per la claredat dels di\u00e0legs.\" \/>\n<meta property=\"og:url\" content=\"https:\/\/carrerasweb.cat\/botiga\/audio-video-tv\/barras-de-sonido\/barra-de-sonido-sony-ht-sf150-2-0\/\" \/>\n<meta property=\"og:site_name\" content=\"Carreres Web - Botiga Foto V\u00eddeo C\u00e0meres TV Sony telef\u00f3nica telefonia.\" \/>\n<meta property=\"article:publisher\" content=\"https:\/\/www.facebook.com\/CarrerasFotoVideo\/\" \/>\n<meta property=\"article:modified_time\" content=\"2022-10-22T10:20:40+00:00\" \/>\n<meta property=\"og:image\" content=\"https:\/\/carrerasweb.cat\/wp-content\/uploads\/2021\/11\/HTSF150.jpg\" \/>\n\t<meta property=\"og:image:width\" content=\"1000\" \/>\n\t<meta property=\"og:image:height\" content=\"1000\" \/>\n\t<meta property=\"og:image:type\" content=\"image\/jpeg\" \/>\n<meta name=\"twitter:card\" content=\"summary_large_image\" \/>\n<meta name=\"twitter:label1\" content=\"Temps estimat de lectura\" \/>\n\t<meta name=\"twitter:data1\" content=\"1 minut\" \/>\n<script type=\"application\/ld+json\" class=\"yoast-schema-graph\">{\"@context\":\"https:\\\/\\\/schema.org\",\"@graph\":[{\"@type\":\"WebPage\",\"@id\":\"https:\\\/\\\/carrerasweb.cat\\\/botiga\\\/audio-video-tv\\\/barras-de-sonido\\\/barra-de-sonido-sony-ht-sf150-2-0\\\/\",\"url\":\"https:\\\/\\\/carrerasweb.cat\\\/botiga\\\/audio-video-tv\\\/barras-de-sonido\\\/barra-de-sonido-sony-ht-sf150-2-0\\\/\",\"name\":\"Barra de so SONY HT-SF150 2.0 - Carreres Web - Botiga Foto V\u00eddeo C\u00e0meres TV Sony telef\u00f3nica telefonia.\",\"isPartOf\":{\"@id\":\"https:\\\/\\\/carrerasweb.cat\\\/#website\"},\"primaryImageOfPage\":{\"@id\":\"https:\\\/\\\/carrerasweb.cat\\\/botiga\\\/audio-video-tv\\\/barras-de-sonido\\\/barra-de-sonido-sony-ht-sf150-2-0\\\/#primaryimage\"},\"image\":{\"@id\":\"https:\\\/\\\/carrerasweb.cat\\\/botiga\\\/audio-video-tv\\\/barras-de-sonido\\\/barra-de-sonido-sony-ht-sf150-2-0\\\/#primaryimage\"},\"thumbnailUrl\":\"https:\\\/\\\/carrerasweb.cat\\\/wp-content\\\/uploads\\\/2021\\\/11\\\/HTSF150.jpg\",\"datePublished\":\"2021-11-19T11:09:24+00:00\",\"dateModified\":\"2022-10-22T10:20:40+00:00\",\"breadcrumb\":{\"@id\":\"https:\\\/\\\/carrerasweb.cat\\\/botiga\\\/audio-video-tv\\\/barras-de-sonido\\\/barra-de-sonido-sony-ht-sf150-2-0\\\/#breadcrumb\"},\"inLanguage\":\"ca\",\"potentialAction\":[{\"@type\":\"ReadAction\",\"target\":[\"https:\\\/\\\/carrerasweb.cat\\\/botiga\\\/audio-video-tv\\\/barras-de-sonido\\\/barra-de-sonido-sony-ht-sf150-2-0\\\/\"]}]},{\"@type\":\"ImageObject\",\"inLanguage\":\"ca\",\"@id\":\"https:\\\/\\\/carrerasweb.cat\\\/botiga\\\/audio-video-tv\\\/barras-de-sonido\\\/barra-de-sonido-sony-ht-sf150-2-0\\\/#primaryimage\",\"url\":\"https:\\\/\\\/carrerasweb.cat\\\/wp-content\\\/uploads\\\/2021\\\/11\\\/HTSF150.jpg\",\"contentUrl\":\"https:\\\/\\\/carrerasweb.cat\\\/wp-content\\\/uploads\\\/2021\\\/11\\\/HTSF150.jpg\",\"width\":1000,\"height\":1000},{\"@type\":\"BreadcrumbList\",\"@id\":\"https:\\\/\\\/carrerasweb.cat\\\/botiga\\\/audio-video-tv\\\/barras-de-sonido\\\/barra-de-sonido-sony-ht-sf150-2-0\\\/#breadcrumb\",\"itemListElement\":[{\"@type\":\"ListItem\",\"position\":1,\"name\":\"Portada\",\"item\":\"https:\\\/\\\/carrerasweb.cat\\\/ca\\\/inici\\\/\"},{\"@type\":\"ListItem\",\"position\":2,\"name\":\"Productes\",\"item\":\"https:\\\/\\\/carrerasweb.cat\\\/ca\\\/productes\\\/\"},{\"@type\":\"ListItem\",\"position\":3,\"name\":\"Barra de so SONY HT-SF150 2.0\"}]},{\"@type\":\"WebSite\",\"@id\":\"https:\\\/\\\/carrerasweb.cat\\\/#website\",\"url\":\"https:\\\/\\\/carrerasweb.cat\\\/\",\"name\":\"Carreras Web - Tienda Foto V\u00eddeo C\u00e1maras TV Sony Telef\u00f3nica Telefon\u00eda.\",\"description\":\"Distribuidor oficial a Figueres de Sony, la marca l\u00edder en audio, v\u00eddeo, fotografia, c\u00e0meres i accessoris, inform\u00e0tica, telef\u00f2nica, marcs i \u00e0lbums foto.\",\"publisher\":{\"@id\":\"https:\\\/\\\/carrerasweb.cat\\\/#organization\"},\"potentialAction\":[{\"@type\":\"SearchAction\",\"target\":{\"@type\":\"EntryPoint\",\"urlTemplate\":\"https:\\\/\\\/carrerasweb.cat\\\/?s={search_term_string}\"},\"query-input\":{\"@type\":\"PropertyValueSpecification\",\"valueRequired\":true,\"valueName\":\"search_term_string\"}}],\"inLanguage\":\"ca\"},{\"@type\":\"Organization\",\"@id\":\"https:\\\/\\\/carrerasweb.cat\\\/#organization\",\"name\":\"CARRERAS FOTO VIDEO\",\"url\":\"https:\\\/\\\/carrerasweb.cat\\\/\",\"logo\":{\"@type\":\"ImageObject\",\"inLanguage\":\"ca\",\"@id\":\"https:\\\/\\\/carrerasweb.cat\\\/#\\\/schema\\\/logo\\\/image\\\/\",\"url\":\"https:\\\/\\\/carrerasweb.cat\\\/wp-content\\\/uploads\\\/2021\\\/03\\\/logo.png\",\"contentUrl\":\"https:\\\/\\\/carrerasweb.cat\\\/wp-content\\\/uploads\\\/2021\\\/03\\\/logo.png\",\"width\":276,\"height\":100,\"caption\":\"CARRERAS FOTO VIDEO\"},\"image\":{\"@id\":\"https:\\\/\\\/carrerasweb.cat\\\/#\\\/schema\\\/logo\\\/image\\\/\"},\"sameAs\":[\"https:\\\/\\\/www.facebook.com\\\/CarrerasFotoVideo\\\/\",\"https:\\\/\\\/www.instagram.com\\\/carrerasfotovideo\\\/\"]}]}<\/script>\n<!-- \/ Yoast SEO plugin. -->","yoast_head_json":{"title":"Barra de so SONY HT-SF150 2.0 - Carreres Web - Botiga Foto V\u00eddeo C\u00e0meres TV Sony telef\u00f3nica telefonia.","robots":{"index":"index","follow":"follow","max-snippet":"max-snippet:-1","max-image-preview":"max-image-preview:large","max-video-preview":"max-video-preview:-1"},"canonical":"https:\/\/carrerasweb.cat\/botiga\/audio-video-tv\/barras-de-sonido\/barra-de-sonido-sony-ht-sf150-2-0\/","og_locale":"ca_ES","og_type":"article","og_title":"Barra de so SONY HT-SF150 2.0 - Carreres Web - Botiga Foto V\u00eddeo C\u00e0meres TV Sony telef\u00f3nica telefonia.","og_description":"Barra de so \u00fanica de 2 canals amb tecnologia Bluetooth\u00ae | HT-SF150. Els televisors tenen petits altaveus encarats cap avall. Es millora molt l'audici\u00f3 amb aquesta barra, tant per la qualitat musical com per la claredat dels di\u00e0legs.","og_url":"https:\/\/carrerasweb.cat\/botiga\/audio-video-tv\/barras-de-sonido\/barra-de-sonido-sony-ht-sf150-2-0\/","og_site_name":"Carreres Web - Botiga Foto V\u00eddeo C\u00e0meres TV Sony telef\u00f3nica telefonia.","article_publisher":"https:\/\/www.facebook.com\/CarrerasFotoVideo\/","article_modified_time":"2022-10-22T10:20:40+00:00","og_image":[{"width":1000,"height":1000,"url":"https:\/\/carrerasweb.cat\/wp-content\/uploads\/2021\/11\/HTSF150.jpg","type":"image\/jpeg"}],"twitter_card":"summary_large_image","twitter_misc":{"Temps estimat de lectura":"1 minut"},"schema":{"@context":"https:\/\/schema.org","@graph":[{"@type":"WebPage","@id":"https:\/\/carrerasweb.cat\/botiga\/audio-video-tv\/barras-de-sonido\/barra-de-sonido-sony-ht-sf150-2-0\/","url":"https:\/\/carrerasweb.cat\/botiga\/audio-video-tv\/barras-de-sonido\/barra-de-sonido-sony-ht-sf150-2-0\/","name":"Barra de so SONY HT-SF150 2.0 - Carreres Web - Botiga Foto V\u00eddeo C\u00e0meres TV Sony telef\u00f3nica telefonia.","isPartOf":{"@id":"https:\/\/carrerasweb.cat\/#website"},"primaryImageOfPage":{"@id":"https:\/\/carrerasweb.cat\/botiga\/audio-video-tv\/barras-de-sonido\/barra-de-sonido-sony-ht-sf150-2-0\/#primaryimage"},"image":{"@id":"https:\/\/carrerasweb.cat\/botiga\/audio-video-tv\/barras-de-sonido\/barra-de-sonido-sony-ht-sf150-2-0\/#primaryimage"},"thumbnailUrl":"https:\/\/carrerasweb.cat\/wp-content\/uploads\/2021\/11\/HTSF150.jpg","datePublished":"2021-11-19T11:09:24+00:00","dateModified":"2022-10-22T10:20:40+00:00","breadcrumb":{"@id":"https:\/\/carrerasweb.cat\/botiga\/audio-video-tv\/barras-de-sonido\/barra-de-sonido-sony-ht-sf150-2-0\/#breadcrumb"},"inLanguage":"ca","potentialAction":[{"@type":"ReadAction","target":["https:\/\/carrerasweb.cat\/botiga\/audio-video-tv\/barras-de-sonido\/barra-de-sonido-sony-ht-sf150-2-0\/"]}]},{"@type":"ImageObject","inLanguage":"ca","@id":"https:\/\/carrerasweb.cat\/botiga\/audio-video-tv\/barras-de-sonido\/barra-de-sonido-sony-ht-sf150-2-0\/#primaryimage","url":"https:\/\/carrerasweb.cat\/wp-content\/uploads\/2021\/11\/HTSF150.jpg","contentUrl":"https:\/\/carrerasweb.cat\/wp-content\/uploads\/2021\/11\/HTSF150.jpg","width":1000,"height":1000},{"@type":"BreadcrumbList","@id":"https:\/\/carrerasweb.cat\/botiga\/audio-video-tv\/barras-de-sonido\/barra-de-sonido-sony-ht-sf150-2-0\/#breadcrumb","itemListElement":[{"@type":"ListItem","position":1,"name":"Portada","item":"https:\/\/carrerasweb.cat\/ca\/inici\/"},{"@type":"ListItem","position":2,"name":"Productes","item":"https:\/\/carrerasweb.cat\/ca\/productes\/"},{"@type":"ListItem","position":3,"name":"Barra de so SONY HT-SF150 2.0"}]},{"@type":"WebSite","@id":"https:\/\/carrerasweb.cat\/#website","url":"https:\/\/carrerasweb.cat\/","name":"Carreras Web - Tienda Foto V\u00eddeo C\u00e1maras TV Sony Telef\u00f3nica Telefon\u00eda.","description":"Distribuidor oficial a Figueres de Sony, la marca l\u00edder en audio, v\u00eddeo, fotografia, c\u00e0meres i accessoris, inform\u00e0tica, telef\u00f2nica, marcs i \u00e0lbums foto.","publisher":{"@id":"https:\/\/carrerasweb.cat\/#organization"},"potentialAction":[{"@type":"SearchAction","target":{"@type":"EntryPoint","urlTemplate":"https:\/\/carrerasweb.cat\/?s={search_term_string}"},"query-input":{"@type":"PropertyValueSpecification","valueRequired":true,"valueName":"search_term_string"}}],"inLanguage":"ca"},{"@type":"Organization","@id":"https:\/\/carrerasweb.cat\/#organization","name":"CARRERAS FOTO VIDEO","url":"https:\/\/carrerasweb.cat\/","logo":{"@type":"ImageObject","inLanguage":"ca","@id":"https:\/\/carrerasweb.cat\/#\/schema\/logo\/image\/","url":"https:\/\/carrerasweb.cat\/wp-content\/uploads\/2021\/03\/logo.png","contentUrl":"https:\/\/carrerasweb.cat\/wp-content\/uploads\/2021\/03\/logo.png","width":276,"height":100,"caption":"CARRERAS FOTO VIDEO"},"image":{"@id":"https:\/\/carrerasweb.cat\/#\/schema\/logo\/image\/"},"sameAs":["https:\/\/www.facebook.com\/CarrerasFotoVideo\/","https:\/\/www.instagram.com\/carrerasfotovideo\/"]}]}},"_links":{"self":[{"href":"https:\/\/carrerasweb.cat\/ca\/wp-json\/wp\/v2\/product\/2902","targetHints":{"allow":["GET"]}}],"collection":[{"href":"https:\/\/carrerasweb.cat\/ca\/wp-json\/wp\/v2\/product"}],"about":[{"href":"https:\/\/carrerasweb.cat\/ca\/wp-json\/wp\/v2\/types\/product"}],"replies":[{"embeddable":true,"href":"https:\/\/carrerasweb.cat\/ca\/wp-json\/wp\/v2\/comments?post=2902"}],"wp:featuredmedia":[{"embeddable":true,"href":"https:\/\/carrerasweb.cat\/ca\/wp-json\/wp\/v2\/media\/2901"}],"wp:attachment":[{"href":"https:\/\/carrerasweb.cat\/ca\/wp-json\/wp\/v2\/media?parent=2902"}],"wp:term":[{"taxonomy":"product_brand","embeddable":true,"href":"https:\/\/carrerasweb.cat\/ca\/wp-json\/wp\/v2\/product_brand?post=2902"},{"taxonomy":"product_cat","embeddable":true,"href":"https:\/\/carrerasweb.cat\/ca\/wp-json\/wp\/v2\/product_cat?post=2902"},{"taxonomy":"product_tag","embeddable":true,"href":"https:\/\/carrerasweb.cat\/ca\/wp-json\/wp\/v2\/product_tag?post=2902"}],"curies":[{"name":"wp","href":"https:\/\/api.w.org\/{rel}","templated":true}]}}