{"id":2811,"date":"2021-11-17T19:23:27","date_gmt":"2021-11-17T19:23:27","guid":{"rendered":"https:\/\/carrerasweb.cat\/?post_type=product&#038;p=2811"},"modified":"2022-09-01T08:56:51","modified_gmt":"2022-09-01T08:56:51","slug":"camara-reflex-canon-eos-2000d-con-obj-18-55mm-dciii","status":"publish","type":"product","link":"https:\/\/carrerasweb.cat\/ca\/botiga\/cameres-i-accessoris\/cameres-foto-amb-canvi-doptica\/camara-reflex-canon-eos-2000d-con-obj-18-55mm-dciii\/","title":{"rendered":"C\u00e0mera r\u00e8flex CANON EOS 2000D + obj. 18-55mm. DCIII"},"content":{"rendered":"<p>C\u00e0mera r\u00e8flex digital cl\u00e0ssica amb visor \u00f2ptic a nivell d&#8217;ull i possibilitat de visi\u00f3 en pantalla abans de disparar. Graba foto y video en HD. Objectiu intercanviable amb muntura Canon EOS, compatible amb centenars d&#8217;objetius en el mercat. La relaci\u00f3 d&#8217;augments \u00e9s de 3X, dins del rang de zoom m\u00e9s utilitzat. El sensor APS-C es de gran format (uns 15x22mm) aprofitant millor la definici\u00f3 \u00f2ptica. Tamb\u00e9 es pot fer millor l&#8217;efecto &#8220;bokeh&#8221; o de desenfocament del pla no enfocat, amb efectes excel\u00b7lents en retrat, per exemple,<\/p>\n<p>Les regulacions de sensibilitat, exposici\u00f3 (llum) i enfocament poden ser completament autom\u00e0tics, havent nom\u00e9s de pr\u00e9mer el disparador i els ajustos es mouen sols, incloent el disparar del flash si aix\u00ed es vol, o b\u00e9 es poden ajustar manualment tots els controls per produ\u00efr efectes &#8220;a la carta&#8221; o solucionar situacions o resultats imprevistos. Tamb\u00e9 disposa de v\u00e0ries posicions que, dins de l&#8217;automatisme, reforcen efectes como de retrat (mencionat abans), esports, saturaci\u00f3 de color i altres.<\/p>\n<p>Dades t\u00e8cniques:<\/p>\n<ul>\n<li>24.1 M.Pixels, ISO 6400, sensor APS-C.<\/li>\n<li>Video FullHD<\/li>\n<li>WI-FI \/ NFC, LCD 3.0&#8243;<\/li>\n<li>Obj. 18-55mm DC<\/li>\n<\/ul>\n","protected":false},"excerpt":{"rendered":"<p>C\u00e0mera amb possibilitats professionals o d&#8217;aut\u00e8ntic aficionat per a una fotografia o v\u00eddeo de qualitat i amb poc esfor\u00e7 t\u00e8cnic, o per contra, per a usos m\u00e9s creatius, a gust de l&#8217;usuari. Adaptable a una multitud d&#8217;objectius i accesoris per a tots els usos imaginables.<\/p>\n","protected":false},"featured_media":2817,"comment_status":"open","ping_status":"closed","template":"","meta":{"_exactmetrics_skip_tracking":false,"_exactmetrics_sitenote_active":false,"_exactmetrics_sitenote_note":"","_exactmetrics_sitenote_category":0},"product_brand":[],"product_cat":[206,197],"product_tag":[],"class_list":{"0":"post-2811","1":"product","2":"type-product","3":"status-publish","4":"has-post-thumbnail","6":"product_cat-cameres-foto-amb-canvi-doptica","7":"product_cat-cameres-i-accessoris","9":"first","10":"instock","11":"shipping-taxable","12":"product-type-simple"},"yoast_head":"<!-- This site is optimized with the Yoast SEO plugin v27.5 - https:\/\/yoast.com\/product\/yoast-seo-wordpress\/ -->\n<title>C\u00e0mera r\u00e8flex CANON EOS 2000D + obj. 18-55mm. DCIII - Carreres Web - Botiga Foto V\u00eddeo C\u00e0meres TV Sony telef\u00f3nica telefonia.<\/title>\n<meta name=\"robots\" content=\"index, follow, max-snippet:-1, max-image-preview:large, max-video-preview:-1\" \/>\n<link rel=\"canonical\" href=\"https:\/\/carrerasweb.cat\/ca\/botiga\/cameres-i-accessoris\/cameres-foto-amb-canvi-doptica\/camara-reflex-canon-eos-2000d-con-obj-18-55mm-dciii\/\" \/>\n<meta property=\"og:locale\" content=\"ca_ES\" \/>\n<meta property=\"og:type\" content=\"article\" \/>\n<meta property=\"og:title\" content=\"C\u00e0mera r\u00e8flex CANON EOS 2000D + obj. 18-55mm. DCIII - Carreres Web - Botiga Foto V\u00eddeo C\u00e0meres TV Sony telef\u00f3nica telefonia.\" \/>\n<meta property=\"og:description\" content=\"C\u00e0mera amb possibilitats professionals o d&#039;aut\u00e8ntic aficionat per a una fotografia o v\u00eddeo de qualitat i amb poc esfor\u00e7 t\u00e8cnic, o per contra, per a usos m\u00e9s creatius, a gust de l&#039;usuari. Adaptable a una multitud d&#039;objectius i accesoris per a tots els usos imaginables.\" \/>\n<meta property=\"og:url\" content=\"https:\/\/carrerasweb.cat\/ca\/botiga\/cameres-i-accessoris\/cameres-foto-amb-canvi-doptica\/camara-reflex-canon-eos-2000d-con-obj-18-55mm-dciii\/\" \/>\n<meta property=\"og:site_name\" content=\"Carreres Web - Botiga Foto V\u00eddeo C\u00e0meres TV Sony telef\u00f3nica telefonia.\" \/>\n<meta property=\"article:publisher\" content=\"https:\/\/www.facebook.com\/CarrerasFotoVideo\/\" \/>\n<meta property=\"article:modified_time\" content=\"2022-09-01T08:56:51+00:00\" \/>\n<meta property=\"og:image\" content=\"https:\/\/carrerasweb.cat\/wp-content\/uploads\/2021\/11\/Canon-EOS-2000D18-55-DCIIIa.jpg\" \/>\n\t<meta property=\"og:image:width\" content=\"1000\" \/>\n\t<meta property=\"og:image:height\" content=\"1000\" \/>\n\t<meta property=\"og:image:type\" content=\"image\/jpeg\" \/>\n<meta name=\"twitter:card\" content=\"summary_large_image\" \/>\n<meta name=\"twitter:label1\" content=\"Temps estimat de lectura\" \/>\n\t<meta name=\"twitter:data1\" content=\"1 minut\" \/>\n<script type=\"application\/ld+json\" class=\"yoast-schema-graph\">{\"@context\":\"https:\\\/\\\/schema.org\",\"@graph\":[{\"@type\":\"WebPage\",\"@id\":\"https:\\\/\\\/carrerasweb.cat\\\/ca\\\/botiga\\\/cameres-i-accessoris\\\/cameres-foto-amb-canvi-doptica\\\/camara-reflex-canon-eos-2000d-con-obj-18-55mm-dciii\\\/\",\"url\":\"https:\\\/\\\/carrerasweb.cat\\\/ca\\\/botiga\\\/cameres-i-accessoris\\\/cameres-foto-amb-canvi-doptica\\\/camara-reflex-canon-eos-2000d-con-obj-18-55mm-dciii\\\/\",\"name\":\"C\u00e0mera r\u00e8flex CANON EOS 2000D + obj. 18-55mm. DCIII - Carreres Web - Botiga Foto V\u00eddeo C\u00e0meres TV Sony telef\u00f3nica telefonia.\",\"isPartOf\":{\"@id\":\"https:\\\/\\\/carrerasweb.cat\\\/#website\"},\"primaryImageOfPage\":{\"@id\":\"https:\\\/\\\/carrerasweb.cat\\\/ca\\\/botiga\\\/cameres-i-accessoris\\\/cameres-foto-amb-canvi-doptica\\\/camara-reflex-canon-eos-2000d-con-obj-18-55mm-dciii\\\/#primaryimage\"},\"image\":{\"@id\":\"https:\\\/\\\/carrerasweb.cat\\\/ca\\\/botiga\\\/cameres-i-accessoris\\\/cameres-foto-amb-canvi-doptica\\\/camara-reflex-canon-eos-2000d-con-obj-18-55mm-dciii\\\/#primaryimage\"},\"thumbnailUrl\":\"https:\\\/\\\/carrerasweb.cat\\\/wp-content\\\/uploads\\\/2021\\\/11\\\/Canon-EOS-2000D18-55-DCIIIa.jpg\",\"datePublished\":\"2021-11-17T19:23:27+00:00\",\"dateModified\":\"2022-09-01T08:56:51+00:00\",\"breadcrumb\":{\"@id\":\"https:\\\/\\\/carrerasweb.cat\\\/ca\\\/botiga\\\/cameres-i-accessoris\\\/cameres-foto-amb-canvi-doptica\\\/camara-reflex-canon-eos-2000d-con-obj-18-55mm-dciii\\\/#breadcrumb\"},\"inLanguage\":\"ca\",\"potentialAction\":[{\"@type\":\"ReadAction\",\"target\":[\"https:\\\/\\\/carrerasweb.cat\\\/ca\\\/botiga\\\/cameres-i-accessoris\\\/cameres-foto-amb-canvi-doptica\\\/camara-reflex-canon-eos-2000d-con-obj-18-55mm-dciii\\\/\"]}]},{\"@type\":\"ImageObject\",\"inLanguage\":\"ca\",\"@id\":\"https:\\\/\\\/carrerasweb.cat\\\/ca\\\/botiga\\\/cameres-i-accessoris\\\/cameres-foto-amb-canvi-doptica\\\/camara-reflex-canon-eos-2000d-con-obj-18-55mm-dciii\\\/#primaryimage\",\"url\":\"https:\\\/\\\/carrerasweb.cat\\\/wp-content\\\/uploads\\\/2021\\\/11\\\/Canon-EOS-2000D18-55-DCIIIa.jpg\",\"contentUrl\":\"https:\\\/\\\/carrerasweb.cat\\\/wp-content\\\/uploads\\\/2021\\\/11\\\/Canon-EOS-2000D18-55-DCIIIa.jpg\",\"width\":1000,\"height\":1000},{\"@type\":\"BreadcrumbList\",\"@id\":\"https:\\\/\\\/carrerasweb.cat\\\/ca\\\/botiga\\\/cameres-i-accessoris\\\/cameres-foto-amb-canvi-doptica\\\/camara-reflex-canon-eos-2000d-con-obj-18-55mm-dciii\\\/#breadcrumb\",\"itemListElement\":[{\"@type\":\"ListItem\",\"position\":1,\"name\":\"Portada\",\"item\":\"https:\\\/\\\/carrerasweb.cat\\\/ca\\\/inici\\\/\"},{\"@type\":\"ListItem\",\"position\":2,\"name\":\"Productes\",\"item\":\"https:\\\/\\\/carrerasweb.cat\\\/ca\\\/productes\\\/\"},{\"@type\":\"ListItem\",\"position\":3,\"name\":\"C\u00e0mera r\u00e8flex CANON EOS 2000D + obj. 18-55mm. DCIII\"}]},{\"@type\":\"WebSite\",\"@id\":\"https:\\\/\\\/carrerasweb.cat\\\/#website\",\"url\":\"https:\\\/\\\/carrerasweb.cat\\\/\",\"name\":\"Carreras Web - Tienda Foto V\u00eddeo C\u00e1maras TV Sony Telef\u00f3nica Telefon\u00eda.\",\"description\":\"Distribuidor oficial a Figueres de Sony, la marca l\u00edder en audio, v\u00eddeo, fotografia, c\u00e0meres i accessoris, inform\u00e0tica, telef\u00f2nica, marcs i \u00e0lbums foto.\",\"publisher\":{\"@id\":\"https:\\\/\\\/carrerasweb.cat\\\/#organization\"},\"potentialAction\":[{\"@type\":\"SearchAction\",\"target\":{\"@type\":\"EntryPoint\",\"urlTemplate\":\"https:\\\/\\\/carrerasweb.cat\\\/?s={search_term_string}\"},\"query-input\":{\"@type\":\"PropertyValueSpecification\",\"valueRequired\":true,\"valueName\":\"search_term_string\"}}],\"inLanguage\":\"ca\"},{\"@type\":\"Organization\",\"@id\":\"https:\\\/\\\/carrerasweb.cat\\\/#organization\",\"name\":\"CARRERAS FOTO VIDEO\",\"url\":\"https:\\\/\\\/carrerasweb.cat\\\/\",\"logo\":{\"@type\":\"ImageObject\",\"inLanguage\":\"ca\",\"@id\":\"https:\\\/\\\/carrerasweb.cat\\\/#\\\/schema\\\/logo\\\/image\\\/\",\"url\":\"https:\\\/\\\/carrerasweb.cat\\\/wp-content\\\/uploads\\\/2021\\\/03\\\/logo.png\",\"contentUrl\":\"https:\\\/\\\/carrerasweb.cat\\\/wp-content\\\/uploads\\\/2021\\\/03\\\/logo.png\",\"width\":276,\"height\":100,\"caption\":\"CARRERAS FOTO VIDEO\"},\"image\":{\"@id\":\"https:\\\/\\\/carrerasweb.cat\\\/#\\\/schema\\\/logo\\\/image\\\/\"},\"sameAs\":[\"https:\\\/\\\/www.facebook.com\\\/CarrerasFotoVideo\\\/\",\"https:\\\/\\\/www.instagram.com\\\/carrerasfotovideo\\\/\"]}]}<\/script>\n<!-- \/ Yoast SEO plugin. -->","yoast_head_json":{"title":"C\u00e0mera r\u00e8flex CANON EOS 2000D + obj. 18-55mm. DCIII - Carreres Web - Botiga Foto V\u00eddeo C\u00e0meres TV Sony telef\u00f3nica telefonia.","robots":{"index":"index","follow":"follow","max-snippet":"max-snippet:-1","max-image-preview":"max-image-preview:large","max-video-preview":"max-video-preview:-1"},"canonical":"https:\/\/carrerasweb.cat\/ca\/botiga\/cameres-i-accessoris\/cameres-foto-amb-canvi-doptica\/camara-reflex-canon-eos-2000d-con-obj-18-55mm-dciii\/","og_locale":"ca_ES","og_type":"article","og_title":"C\u00e0mera r\u00e8flex CANON EOS 2000D + obj. 18-55mm. DCIII - Carreres Web - Botiga Foto V\u00eddeo C\u00e0meres TV Sony telef\u00f3nica telefonia.","og_description":"C\u00e0mera amb possibilitats professionals o d'aut\u00e8ntic aficionat per a una fotografia o v\u00eddeo de qualitat i amb poc esfor\u00e7 t\u00e8cnic, o per contra, per a usos m\u00e9s creatius, a gust de l'usuari. Adaptable a una multitud d'objectius i accesoris per a tots els usos imaginables.","og_url":"https:\/\/carrerasweb.cat\/ca\/botiga\/cameres-i-accessoris\/cameres-foto-amb-canvi-doptica\/camara-reflex-canon-eos-2000d-con-obj-18-55mm-dciii\/","og_site_name":"Carreres Web - Botiga Foto V\u00eddeo C\u00e0meres TV Sony telef\u00f3nica telefonia.","article_publisher":"https:\/\/www.facebook.com\/CarrerasFotoVideo\/","article_modified_time":"2022-09-01T08:56:51+00:00","og_image":[{"width":1000,"height":1000,"url":"https:\/\/carrerasweb.cat\/wp-content\/uploads\/2021\/11\/Canon-EOS-2000D18-55-DCIIIa.jpg","type":"image\/jpeg"}],"twitter_card":"summary_large_image","twitter_misc":{"Temps estimat de lectura":"1 minut"},"schema":{"@context":"https:\/\/schema.org","@graph":[{"@type":"WebPage","@id":"https:\/\/carrerasweb.cat\/ca\/botiga\/cameres-i-accessoris\/cameres-foto-amb-canvi-doptica\/camara-reflex-canon-eos-2000d-con-obj-18-55mm-dciii\/","url":"https:\/\/carrerasweb.cat\/ca\/botiga\/cameres-i-accessoris\/cameres-foto-amb-canvi-doptica\/camara-reflex-canon-eos-2000d-con-obj-18-55mm-dciii\/","name":"C\u00e0mera r\u00e8flex CANON EOS 2000D + obj. 18-55mm. DCIII - Carreres Web - Botiga Foto V\u00eddeo C\u00e0meres TV Sony telef\u00f3nica telefonia.","isPartOf":{"@id":"https:\/\/carrerasweb.cat\/#website"},"primaryImageOfPage":{"@id":"https:\/\/carrerasweb.cat\/ca\/botiga\/cameres-i-accessoris\/cameres-foto-amb-canvi-doptica\/camara-reflex-canon-eos-2000d-con-obj-18-55mm-dciii\/#primaryimage"},"image":{"@id":"https:\/\/carrerasweb.cat\/ca\/botiga\/cameres-i-accessoris\/cameres-foto-amb-canvi-doptica\/camara-reflex-canon-eos-2000d-con-obj-18-55mm-dciii\/#primaryimage"},"thumbnailUrl":"https:\/\/carrerasweb.cat\/wp-content\/uploads\/2021\/11\/Canon-EOS-2000D18-55-DCIIIa.jpg","datePublished":"2021-11-17T19:23:27+00:00","dateModified":"2022-09-01T08:56:51+00:00","breadcrumb":{"@id":"https:\/\/carrerasweb.cat\/ca\/botiga\/cameres-i-accessoris\/cameres-foto-amb-canvi-doptica\/camara-reflex-canon-eos-2000d-con-obj-18-55mm-dciii\/#breadcrumb"},"inLanguage":"ca","potentialAction":[{"@type":"ReadAction","target":["https:\/\/carrerasweb.cat\/ca\/botiga\/cameres-i-accessoris\/cameres-foto-amb-canvi-doptica\/camara-reflex-canon-eos-2000d-con-obj-18-55mm-dciii\/"]}]},{"@type":"ImageObject","inLanguage":"ca","@id":"https:\/\/carrerasweb.cat\/ca\/botiga\/cameres-i-accessoris\/cameres-foto-amb-canvi-doptica\/camara-reflex-canon-eos-2000d-con-obj-18-55mm-dciii\/#primaryimage","url":"https:\/\/carrerasweb.cat\/wp-content\/uploads\/2021\/11\/Canon-EOS-2000D18-55-DCIIIa.jpg","contentUrl":"https:\/\/carrerasweb.cat\/wp-content\/uploads\/2021\/11\/Canon-EOS-2000D18-55-DCIIIa.jpg","width":1000,"height":1000},{"@type":"BreadcrumbList","@id":"https:\/\/carrerasweb.cat\/ca\/botiga\/cameres-i-accessoris\/cameres-foto-amb-canvi-doptica\/camara-reflex-canon-eos-2000d-con-obj-18-55mm-dciii\/#breadcrumb","itemListElement":[{"@type":"ListItem","position":1,"name":"Portada","item":"https:\/\/carrerasweb.cat\/ca\/inici\/"},{"@type":"ListItem","position":2,"name":"Productes","item":"https:\/\/carrerasweb.cat\/ca\/productes\/"},{"@type":"ListItem","position":3,"name":"C\u00e0mera r\u00e8flex CANON EOS 2000D + obj. 18-55mm. DCIII"}]},{"@type":"WebSite","@id":"https:\/\/carrerasweb.cat\/#website","url":"https:\/\/carrerasweb.cat\/","name":"Carreras Web - Tienda Foto V\u00eddeo C\u00e1maras TV Sony Telef\u00f3nica Telefon\u00eda.","description":"Distribuidor oficial a Figueres de Sony, la marca l\u00edder en audio, v\u00eddeo, fotografia, c\u00e0meres i accessoris, inform\u00e0tica, telef\u00f2nica, marcs i \u00e0lbums foto.","publisher":{"@id":"https:\/\/carrerasweb.cat\/#organization"},"potentialAction":[{"@type":"SearchAction","target":{"@type":"EntryPoint","urlTemplate":"https:\/\/carrerasweb.cat\/?s={search_term_string}"},"query-input":{"@type":"PropertyValueSpecification","valueRequired":true,"valueName":"search_term_string"}}],"inLanguage":"ca"},{"@type":"Organization","@id":"https:\/\/carrerasweb.cat\/#organization","name":"CARRERAS FOTO VIDEO","url":"https:\/\/carrerasweb.cat\/","logo":{"@type":"ImageObject","inLanguage":"ca","@id":"https:\/\/carrerasweb.cat\/#\/schema\/logo\/image\/","url":"https:\/\/carrerasweb.cat\/wp-content\/uploads\/2021\/03\/logo.png","contentUrl":"https:\/\/carrerasweb.cat\/wp-content\/uploads\/2021\/03\/logo.png","width":276,"height":100,"caption":"CARRERAS FOTO VIDEO"},"image":{"@id":"https:\/\/carrerasweb.cat\/#\/schema\/logo\/image\/"},"sameAs":["https:\/\/www.facebook.com\/CarrerasFotoVideo\/","https:\/\/www.instagram.com\/carrerasfotovideo\/"]}]}},"_links":{"self":[{"href":"https:\/\/carrerasweb.cat\/ca\/wp-json\/wp\/v2\/product\/2811","targetHints":{"allow":["GET"]}}],"collection":[{"href":"https:\/\/carrerasweb.cat\/ca\/wp-json\/wp\/v2\/product"}],"about":[{"href":"https:\/\/carrerasweb.cat\/ca\/wp-json\/wp\/v2\/types\/product"}],"replies":[{"embeddable":true,"href":"https:\/\/carrerasweb.cat\/ca\/wp-json\/wp\/v2\/comments?post=2811"}],"wp:featuredmedia":[{"embeddable":true,"href":"https:\/\/carrerasweb.cat\/ca\/wp-json\/wp\/v2\/media\/2817"}],"wp:attachment":[{"href":"https:\/\/carrerasweb.cat\/ca\/wp-json\/wp\/v2\/media?parent=2811"}],"wp:term":[{"taxonomy":"product_brand","embeddable":true,"href":"https:\/\/carrerasweb.cat\/ca\/wp-json\/wp\/v2\/product_brand?post=2811"},{"taxonomy":"product_cat","embeddable":true,"href":"https:\/\/carrerasweb.cat\/ca\/wp-json\/wp\/v2\/product_cat?post=2811"},{"taxonomy":"product_tag","embeddable":true,"href":"https:\/\/carrerasweb.cat\/ca\/wp-json\/wp\/v2\/product_tag?post=2811"}],"curies":[{"name":"wp","href":"https:\/\/api.w.org\/{rel}","templated":true}]}}