{"id":2692,"date":"2021-10-16T10:09:30","date_gmt":"2021-10-16T10:09:30","guid":{"rendered":"https:\/\/carrerasweb.cat\/?post_type=product&#038;p=2692"},"modified":"2022-09-01T07:48:21","modified_gmt":"2022-09-01T07:48:21","slug":"gafas-3d-sony-tdg-sv5p-2-unidades","status":"publish","type":"product","link":"https:\/\/carrerasweb.cat\/ca\/botiga\/audio-video-tv-ca\/accessoris-tv\/gafas-3d-sony-tdg-sv5p-2-unidades\/","title":{"rendered":"Ulleres SimulView SONY TDG-SV5P, 2 unitats"},"content":{"rendered":"<p>Dues ulleres passives SimulView per PlayStation, no aptes per a 3D per\u00f2 nom\u00e9s compatibles amb televisors 3D. Per veure simult\u00e0niament dues persones una imatge diferent jugant la mateixa partida.<\/p>\n<p>Dades t\u00e8cniques:<\/p>\n<ul>\n<li>Ulleres SimulView passives per a PlayStation, funcionen sense pila.<\/li>\n<li>Es poden utilitzar amb ulleres graduades pr\u00f2pies.<\/li>\n<li>Venen 2 unitats, una per cada jugador<\/li>\n<\/ul>\n<p>&nbsp;<\/p>\n","protected":false},"excerpt":{"rendered":"<p>Ulleres per a 2 jugadors simultanis de PlayStation (no per veure en 3D!) D&#8217;un televisor compatible 3D. Veure especificacions.<\/p>\n","protected":false},"featured_media":2682,"comment_status":"closed","ping_status":"closed","template":"","meta":{"_exactmetrics_skip_tracking":false,"_exactmetrics_sitenote_active":false,"_exactmetrics_sitenote_note":"","_exactmetrics_sitenote_category":0},"product_brand":[],"product_cat":[165,159],"product_tag":[],"class_list":{"0":"post-2692","1":"product","2":"type-product","3":"status-publish","4":"has-post-thumbnail","6":"product_cat-accessoris-tv","7":"product_cat-audio-video-tv-ca","9":"first","10":"instock","11":"shipping-taxable","12":"product-type-simple"},"yoast_head":"<!-- This site is optimized with the Yoast SEO plugin v27.5 - https:\/\/yoast.com\/product\/yoast-seo-wordpress\/ -->\n<title>Ulleres SimulView SONY TDG-SV5P, 2 unitats - Carreres Web - Botiga Foto V\u00eddeo C\u00e0meres TV Sony telef\u00f3nica telefonia.<\/title>\n<meta name=\"robots\" content=\"index, follow, max-snippet:-1, max-image-preview:large, max-video-preview:-1\" \/>\n<link rel=\"canonical\" href=\"https:\/\/carrerasweb.cat\/ca\/botiga\/audio-video-tv-ca\/accessoris-tv\/gafas-3d-sony-tdg-sv5p-2-unidades\/\" \/>\n<meta property=\"og:locale\" content=\"ca_ES\" \/>\n<meta property=\"og:type\" content=\"article\" \/>\n<meta property=\"og:title\" content=\"Ulleres SimulView SONY TDG-SV5P, 2 unitats - Carreres Web - Botiga Foto V\u00eddeo C\u00e0meres TV Sony telef\u00f3nica telefonia.\" \/>\n<meta property=\"og:description\" content=\"Ulleres per a 2 jugadors simultanis de PlayStation (no per veure en 3D!) D&#039;un televisor compatible 3D. Veure especificacions.\" \/>\n<meta property=\"og:url\" content=\"https:\/\/carrerasweb.cat\/ca\/botiga\/audio-video-tv-ca\/accessoris-tv\/gafas-3d-sony-tdg-sv5p-2-unidades\/\" \/>\n<meta property=\"og:site_name\" content=\"Carreres Web - Botiga Foto V\u00eddeo C\u00e0meres TV Sony telef\u00f3nica telefonia.\" \/>\n<meta property=\"article:publisher\" content=\"https:\/\/www.facebook.com\/CarrerasFotoVideo\/\" \/>\n<meta property=\"article:modified_time\" content=\"2022-09-01T07:48:21+00:00\" \/>\n<meta property=\"og:image\" content=\"https:\/\/carrerasweb.cat\/wp-content\/uploads\/2021\/10\/Ulleres-TDGSV5P.jpg\" \/>\n\t<meta property=\"og:image:width\" content=\"1000\" \/>\n\t<meta property=\"og:image:height\" content=\"1004\" \/>\n\t<meta property=\"og:image:type\" content=\"image\/jpeg\" \/>\n<meta name=\"twitter:card\" content=\"summary_large_image\" \/>\n<script type=\"application\/ld+json\" class=\"yoast-schema-graph\">{\"@context\":\"https:\\\/\\\/schema.org\",\"@graph\":[{\"@type\":\"WebPage\",\"@id\":\"https:\\\/\\\/carrerasweb.cat\\\/ca\\\/botiga\\\/audio-video-tv-ca\\\/accessoris-tv\\\/gafas-3d-sony-tdg-sv5p-2-unidades\\\/\",\"url\":\"https:\\\/\\\/carrerasweb.cat\\\/ca\\\/botiga\\\/audio-video-tv-ca\\\/accessoris-tv\\\/gafas-3d-sony-tdg-sv5p-2-unidades\\\/\",\"name\":\"Ulleres SimulView SONY TDG-SV5P, 2 unitats - Carreres Web - Botiga Foto V\u00eddeo C\u00e0meres TV Sony telef\u00f3nica telefonia.\",\"isPartOf\":{\"@id\":\"https:\\\/\\\/carrerasweb.cat\\\/#website\"},\"primaryImageOfPage\":{\"@id\":\"https:\\\/\\\/carrerasweb.cat\\\/ca\\\/botiga\\\/audio-video-tv-ca\\\/accessoris-tv\\\/gafas-3d-sony-tdg-sv5p-2-unidades\\\/#primaryimage\"},\"image\":{\"@id\":\"https:\\\/\\\/carrerasweb.cat\\\/ca\\\/botiga\\\/audio-video-tv-ca\\\/accessoris-tv\\\/gafas-3d-sony-tdg-sv5p-2-unidades\\\/#primaryimage\"},\"thumbnailUrl\":\"https:\\\/\\\/carrerasweb.cat\\\/wp-content\\\/uploads\\\/2021\\\/10\\\/Ulleres-TDGSV5P.jpg\",\"datePublished\":\"2021-10-16T10:09:30+00:00\",\"dateModified\":\"2022-09-01T07:48:21+00:00\",\"breadcrumb\":{\"@id\":\"https:\\\/\\\/carrerasweb.cat\\\/ca\\\/botiga\\\/audio-video-tv-ca\\\/accessoris-tv\\\/gafas-3d-sony-tdg-sv5p-2-unidades\\\/#breadcrumb\"},\"inLanguage\":\"ca\",\"potentialAction\":[{\"@type\":\"ReadAction\",\"target\":[\"https:\\\/\\\/carrerasweb.cat\\\/ca\\\/botiga\\\/audio-video-tv-ca\\\/accessoris-tv\\\/gafas-3d-sony-tdg-sv5p-2-unidades\\\/\"]}]},{\"@type\":\"ImageObject\",\"inLanguage\":\"ca\",\"@id\":\"https:\\\/\\\/carrerasweb.cat\\\/ca\\\/botiga\\\/audio-video-tv-ca\\\/accessoris-tv\\\/gafas-3d-sony-tdg-sv5p-2-unidades\\\/#primaryimage\",\"url\":\"https:\\\/\\\/carrerasweb.cat\\\/wp-content\\\/uploads\\\/2021\\\/10\\\/Ulleres-TDGSV5P.jpg\",\"contentUrl\":\"https:\\\/\\\/carrerasweb.cat\\\/wp-content\\\/uploads\\\/2021\\\/10\\\/Ulleres-TDGSV5P.jpg\",\"width\":1000,\"height\":1004},{\"@type\":\"BreadcrumbList\",\"@id\":\"https:\\\/\\\/carrerasweb.cat\\\/ca\\\/botiga\\\/audio-video-tv-ca\\\/accessoris-tv\\\/gafas-3d-sony-tdg-sv5p-2-unidades\\\/#breadcrumb\",\"itemListElement\":[{\"@type\":\"ListItem\",\"position\":1,\"name\":\"Portada\",\"item\":\"https:\\\/\\\/carrerasweb.cat\\\/ca\\\/inici\\\/\"},{\"@type\":\"ListItem\",\"position\":2,\"name\":\"Productes\",\"item\":\"https:\\\/\\\/carrerasweb.cat\\\/ca\\\/productes\\\/\"},{\"@type\":\"ListItem\",\"position\":3,\"name\":\"Ulleres SimulView SONY TDG-SV5P, 2 unitats\"}]},{\"@type\":\"WebSite\",\"@id\":\"https:\\\/\\\/carrerasweb.cat\\\/#website\",\"url\":\"https:\\\/\\\/carrerasweb.cat\\\/\",\"name\":\"Carreras Web - Tienda Foto V\u00eddeo C\u00e1maras TV Sony Telef\u00f3nica Telefon\u00eda.\",\"description\":\"Distribuidor oficial a Figueres de Sony, la marca l\u00edder en audio, v\u00eddeo, fotografia, c\u00e0meres i accessoris, inform\u00e0tica, telef\u00f2nica, marcs i \u00e0lbums foto.\",\"publisher\":{\"@id\":\"https:\\\/\\\/carrerasweb.cat\\\/#organization\"},\"potentialAction\":[{\"@type\":\"SearchAction\",\"target\":{\"@type\":\"EntryPoint\",\"urlTemplate\":\"https:\\\/\\\/carrerasweb.cat\\\/?s={search_term_string}\"},\"query-input\":{\"@type\":\"PropertyValueSpecification\",\"valueRequired\":true,\"valueName\":\"search_term_string\"}}],\"inLanguage\":\"ca\"},{\"@type\":\"Organization\",\"@id\":\"https:\\\/\\\/carrerasweb.cat\\\/#organization\",\"name\":\"CARRERAS FOTO VIDEO\",\"url\":\"https:\\\/\\\/carrerasweb.cat\\\/\",\"logo\":{\"@type\":\"ImageObject\",\"inLanguage\":\"ca\",\"@id\":\"https:\\\/\\\/carrerasweb.cat\\\/#\\\/schema\\\/logo\\\/image\\\/\",\"url\":\"https:\\\/\\\/carrerasweb.cat\\\/wp-content\\\/uploads\\\/2021\\\/03\\\/logo.png\",\"contentUrl\":\"https:\\\/\\\/carrerasweb.cat\\\/wp-content\\\/uploads\\\/2021\\\/03\\\/logo.png\",\"width\":276,\"height\":100,\"caption\":\"CARRERAS FOTO VIDEO\"},\"image\":{\"@id\":\"https:\\\/\\\/carrerasweb.cat\\\/#\\\/schema\\\/logo\\\/image\\\/\"},\"sameAs\":[\"https:\\\/\\\/www.facebook.com\\\/CarrerasFotoVideo\\\/\",\"https:\\\/\\\/www.instagram.com\\\/carrerasfotovideo\\\/\"]}]}<\/script>\n<!-- \/ Yoast SEO plugin. -->","yoast_head_json":{"title":"Ulleres SimulView SONY TDG-SV5P, 2 unitats - Carreres Web - Botiga Foto V\u00eddeo C\u00e0meres TV Sony telef\u00f3nica telefonia.","robots":{"index":"index","follow":"follow","max-snippet":"max-snippet:-1","max-image-preview":"max-image-preview:large","max-video-preview":"max-video-preview:-1"},"canonical":"https:\/\/carrerasweb.cat\/ca\/botiga\/audio-video-tv-ca\/accessoris-tv\/gafas-3d-sony-tdg-sv5p-2-unidades\/","og_locale":"ca_ES","og_type":"article","og_title":"Ulleres SimulView SONY TDG-SV5P, 2 unitats - Carreres Web - Botiga Foto V\u00eddeo C\u00e0meres TV Sony telef\u00f3nica telefonia.","og_description":"Ulleres per a 2 jugadors simultanis de PlayStation (no per veure en 3D!) D'un televisor compatible 3D. Veure especificacions.","og_url":"https:\/\/carrerasweb.cat\/ca\/botiga\/audio-video-tv-ca\/accessoris-tv\/gafas-3d-sony-tdg-sv5p-2-unidades\/","og_site_name":"Carreres Web - Botiga Foto V\u00eddeo C\u00e0meres TV Sony telef\u00f3nica telefonia.","article_publisher":"https:\/\/www.facebook.com\/CarrerasFotoVideo\/","article_modified_time":"2022-09-01T07:48:21+00:00","og_image":[{"width":1000,"height":1004,"url":"https:\/\/carrerasweb.cat\/wp-content\/uploads\/2021\/10\/Ulleres-TDGSV5P.jpg","type":"image\/jpeg"}],"twitter_card":"summary_large_image","schema":{"@context":"https:\/\/schema.org","@graph":[{"@type":"WebPage","@id":"https:\/\/carrerasweb.cat\/ca\/botiga\/audio-video-tv-ca\/accessoris-tv\/gafas-3d-sony-tdg-sv5p-2-unidades\/","url":"https:\/\/carrerasweb.cat\/ca\/botiga\/audio-video-tv-ca\/accessoris-tv\/gafas-3d-sony-tdg-sv5p-2-unidades\/","name":"Ulleres SimulView SONY TDG-SV5P, 2 unitats - Carreres Web - Botiga Foto V\u00eddeo C\u00e0meres TV Sony telef\u00f3nica telefonia.","isPartOf":{"@id":"https:\/\/carrerasweb.cat\/#website"},"primaryImageOfPage":{"@id":"https:\/\/carrerasweb.cat\/ca\/botiga\/audio-video-tv-ca\/accessoris-tv\/gafas-3d-sony-tdg-sv5p-2-unidades\/#primaryimage"},"image":{"@id":"https:\/\/carrerasweb.cat\/ca\/botiga\/audio-video-tv-ca\/accessoris-tv\/gafas-3d-sony-tdg-sv5p-2-unidades\/#primaryimage"},"thumbnailUrl":"https:\/\/carrerasweb.cat\/wp-content\/uploads\/2021\/10\/Ulleres-TDGSV5P.jpg","datePublished":"2021-10-16T10:09:30+00:00","dateModified":"2022-09-01T07:48:21+00:00","breadcrumb":{"@id":"https:\/\/carrerasweb.cat\/ca\/botiga\/audio-video-tv-ca\/accessoris-tv\/gafas-3d-sony-tdg-sv5p-2-unidades\/#breadcrumb"},"inLanguage":"ca","potentialAction":[{"@type":"ReadAction","target":["https:\/\/carrerasweb.cat\/ca\/botiga\/audio-video-tv-ca\/accessoris-tv\/gafas-3d-sony-tdg-sv5p-2-unidades\/"]}]},{"@type":"ImageObject","inLanguage":"ca","@id":"https:\/\/carrerasweb.cat\/ca\/botiga\/audio-video-tv-ca\/accessoris-tv\/gafas-3d-sony-tdg-sv5p-2-unidades\/#primaryimage","url":"https:\/\/carrerasweb.cat\/wp-content\/uploads\/2021\/10\/Ulleres-TDGSV5P.jpg","contentUrl":"https:\/\/carrerasweb.cat\/wp-content\/uploads\/2021\/10\/Ulleres-TDGSV5P.jpg","width":1000,"height":1004},{"@type":"BreadcrumbList","@id":"https:\/\/carrerasweb.cat\/ca\/botiga\/audio-video-tv-ca\/accessoris-tv\/gafas-3d-sony-tdg-sv5p-2-unidades\/#breadcrumb","itemListElement":[{"@type":"ListItem","position":1,"name":"Portada","item":"https:\/\/carrerasweb.cat\/ca\/inici\/"},{"@type":"ListItem","position":2,"name":"Productes","item":"https:\/\/carrerasweb.cat\/ca\/productes\/"},{"@type":"ListItem","position":3,"name":"Ulleres SimulView SONY TDG-SV5P, 2 unitats"}]},{"@type":"WebSite","@id":"https:\/\/carrerasweb.cat\/#website","url":"https:\/\/carrerasweb.cat\/","name":"Carreras Web - Tienda Foto V\u00eddeo C\u00e1maras TV Sony Telef\u00f3nica Telefon\u00eda.","description":"Distribuidor oficial a Figueres de Sony, la marca l\u00edder en audio, v\u00eddeo, fotografia, c\u00e0meres i accessoris, inform\u00e0tica, telef\u00f2nica, marcs i \u00e0lbums foto.","publisher":{"@id":"https:\/\/carrerasweb.cat\/#organization"},"potentialAction":[{"@type":"SearchAction","target":{"@type":"EntryPoint","urlTemplate":"https:\/\/carrerasweb.cat\/?s={search_term_string}"},"query-input":{"@type":"PropertyValueSpecification","valueRequired":true,"valueName":"search_term_string"}}],"inLanguage":"ca"},{"@type":"Organization","@id":"https:\/\/carrerasweb.cat\/#organization","name":"CARRERAS FOTO VIDEO","url":"https:\/\/carrerasweb.cat\/","logo":{"@type":"ImageObject","inLanguage":"ca","@id":"https:\/\/carrerasweb.cat\/#\/schema\/logo\/image\/","url":"https:\/\/carrerasweb.cat\/wp-content\/uploads\/2021\/03\/logo.png","contentUrl":"https:\/\/carrerasweb.cat\/wp-content\/uploads\/2021\/03\/logo.png","width":276,"height":100,"caption":"CARRERAS FOTO VIDEO"},"image":{"@id":"https:\/\/carrerasweb.cat\/#\/schema\/logo\/image\/"},"sameAs":["https:\/\/www.facebook.com\/CarrerasFotoVideo\/","https:\/\/www.instagram.com\/carrerasfotovideo\/"]}]}},"_links":{"self":[{"href":"https:\/\/carrerasweb.cat\/ca\/wp-json\/wp\/v2\/product\/2692","targetHints":{"allow":["GET"]}}],"collection":[{"href":"https:\/\/carrerasweb.cat\/ca\/wp-json\/wp\/v2\/product"}],"about":[{"href":"https:\/\/carrerasweb.cat\/ca\/wp-json\/wp\/v2\/types\/product"}],"replies":[{"embeddable":true,"href":"https:\/\/carrerasweb.cat\/ca\/wp-json\/wp\/v2\/comments?post=2692"}],"wp:featuredmedia":[{"embeddable":true,"href":"https:\/\/carrerasweb.cat\/ca\/wp-json\/wp\/v2\/media\/2682"}],"wp:attachment":[{"href":"https:\/\/carrerasweb.cat\/ca\/wp-json\/wp\/v2\/media?parent=2692"}],"wp:term":[{"taxonomy":"product_brand","embeddable":true,"href":"https:\/\/carrerasweb.cat\/ca\/wp-json\/wp\/v2\/product_brand?post=2692"},{"taxonomy":"product_cat","embeddable":true,"href":"https:\/\/carrerasweb.cat\/ca\/wp-json\/wp\/v2\/product_cat?post=2692"},{"taxonomy":"product_tag","embeddable":true,"href":"https:\/\/carrerasweb.cat\/ca\/wp-json\/wp\/v2\/product_tag?post=2692"}],"curies":[{"name":"wp","href":"https:\/\/api.w.org\/{rel}","templated":true}]}}