{"id":2516,"date":"2021-09-21T16:53:12","date_gmt":"2021-09-21T16:53:13","guid":{"rendered":"https:\/\/carrerasweb.cat\/?post_type=product&#038;p=2516"},"modified":"2022-09-01T10:57:53","modified_gmt":"2022-09-01T10:57:53","slug":"altavoz-sony-mhc-v43d","status":"publish","type":"product","link":"https:\/\/carrerasweb.cat\/ca\/botiga\/audio-video-tv-ca\/altaveus-sense-fil\/altavoz-sony-mhc-v43d\/","title":{"rendered":"Altaveu SONY MHC-V43D"},"content":{"rendered":"<div class=\"product-informations\">\n<div class=\"col-md-6 info\">\n<h5 class=\"so-orange\">Sistema d&#8217;\u00e0udio de alta pot\u00e8ncia V43D amb tecnologia BLUETOOTH\u00ae<\/h5>\n<div class=\"product-informations\">\n<p>Sent la teva m\u00fasica a cada rac\u00f3 amb Spread Sound, produ\u00eft mitjan\u00e7ant tweeters i freq\u00fc\u00e8ncia mitjana d&#8217;alta efici\u00e8ncia.<\/p>\n<div class=\"promotion red-info\">\n<p>Diverteix-te m\u00e9s amb Spread Sound, els coloristes llums de festa i d&#8217;altaveu, el karaoke, el control per gestos i l&#8217;aplicaci\u00f3 Fiestable. La sortida HDMI\u2122 (ARC) permet conectar-lo al televisor.<\/p>\n<\/div>\n<ul class=\"features-list\">\n<li>Spread Sound amb tweeters i freq\u00fc\u00e8ncia mitja d&#8217;alta efici\u00e8ncia.<\/li>\n<li>Llums de festa i il\u00b7luminaci\u00f3 de l&#8217;altaveu<\/li>\n<li>Protectors de cantonada i rodes per a un transport senzill<\/li>\n<\/ul>\n<\/div>\n<\/div>\n<div class=\"col-md-12\">\n<div class=\"row m-0\">\n<div class=\"col-lg-6 col-md-12\">\n<div class=\"d-flex h-100 align-items-center\">\n<div class=\"media-body text-center pb-3 pt-3\"><span style=\"color: #555555\">Dades t\u00e8cniques:<\/span><\/div>\n<\/div>\n<\/div>\n<\/div>\n<\/div>\n<p>&#8211; Equip de so est\u00e9reo de 3 vies d&#8217;alta pot\u00e8ncia<br \/>\n&#8211; USB REC, Line In\/Out, Radio FM\/DAB+<br \/>\n&#8211; Bluetooth, CD\/DVD per HDMI ARC<br \/>\n&#8211; 2 entrades micr\u00f2fon i\/o guitarra<br \/>\n&#8211; Efectes de so DJ. Llums LED colors<\/p>\n<\/div>\n","protected":false},"excerpt":{"rendered":"<p>Potent altaveu, amb entrada por Bluetooth, CD\/DVD, USB, amb una gran qualitat i dispersi\u00f3 del so. Perqu\u00e8 la m\u00fasica sigui el centre de la festa!<\/p>\n","protected":false},"featured_media":2518,"comment_status":"closed","ping_status":"closed","template":"","meta":{"_exactmetrics_skip_tracking":false,"_exactmetrics_sitenote_active":false,"_exactmetrics_sitenote_note":"","_exactmetrics_sitenote_category":0},"product_brand":[],"product_cat":[166,159],"product_tag":[],"class_list":{"0":"post-2516","1":"product","2":"type-product","3":"status-publish","4":"has-post-thumbnail","6":"product_cat-altaveus-sense-fil","7":"product_cat-audio-video-tv-ca","9":"first","10":"onbackorder","11":"sale","12":"shipping-taxable","13":"product-type-simple"},"yoast_head":"<!-- This site is optimized with the Yoast SEO plugin v27.5 - https:\/\/yoast.com\/product\/yoast-seo-wordpress\/ -->\n<title>Altaveu SONY MHC-V43D - Carreres Web - Botiga Foto V\u00eddeo C\u00e0meres TV Sony telef\u00f3nica telefonia.<\/title>\n<meta name=\"robots\" content=\"index, follow, max-snippet:-1, max-image-preview:large, max-video-preview:-1\" \/>\n<link rel=\"canonical\" href=\"https:\/\/carrerasweb.cat\/ca\/botiga\/audio-video-tv-ca\/altaveus-sense-fil\/altavoz-sony-mhc-v43d\/\" \/>\n<meta property=\"og:locale\" content=\"ca_ES\" \/>\n<meta property=\"og:type\" content=\"article\" \/>\n<meta property=\"og:title\" content=\"Altaveu SONY MHC-V43D - Carreres Web - Botiga Foto V\u00eddeo C\u00e0meres TV Sony telef\u00f3nica telefonia.\" \/>\n<meta property=\"og:description\" content=\"Potent altaveu, amb entrada por Bluetooth, CD\/DVD, USB, amb una gran qualitat i dispersi\u00f3 del so. Perqu\u00e8 la m\u00fasica sigui el centre de la festa!\" \/>\n<meta property=\"og:url\" content=\"https:\/\/carrerasweb.cat\/ca\/botiga\/audio-video-tv-ca\/altaveus-sense-fil\/altavoz-sony-mhc-v43d\/\" \/>\n<meta property=\"og:site_name\" content=\"Carreres Web - Botiga Foto V\u00eddeo C\u00e0meres TV Sony telef\u00f3nica telefonia.\" \/>\n<meta property=\"article:publisher\" content=\"https:\/\/www.facebook.com\/CarrerasFotoVideo\/\" \/>\n<meta property=\"article:modified_time\" content=\"2022-09-01T10:57:53+00:00\" \/>\n<meta property=\"og:image\" content=\"https:\/\/carrerasweb.cat\/wp-content\/uploads\/2021\/09\/MHCV43Da.jpg\" \/>\n\t<meta property=\"og:image:width\" content=\"1000\" \/>\n\t<meta property=\"og:image:height\" content=\"1002\" \/>\n\t<meta property=\"og:image:type\" content=\"image\/jpeg\" \/>\n<meta name=\"twitter:card\" content=\"summary_large_image\" \/>\n<meta name=\"twitter:label1\" content=\"Temps estimat de lectura\" \/>\n\t<meta name=\"twitter:data1\" content=\"1 minut\" \/>\n<script type=\"application\/ld+json\" class=\"yoast-schema-graph\">{\"@context\":\"https:\\\/\\\/schema.org\",\"@graph\":[{\"@type\":\"WebPage\",\"@id\":\"https:\\\/\\\/carrerasweb.cat\\\/ca\\\/botiga\\\/audio-video-tv-ca\\\/altaveus-sense-fil\\\/altavoz-sony-mhc-v43d\\\/\",\"url\":\"https:\\\/\\\/carrerasweb.cat\\\/ca\\\/botiga\\\/audio-video-tv-ca\\\/altaveus-sense-fil\\\/altavoz-sony-mhc-v43d\\\/\",\"name\":\"Altaveu SONY MHC-V43D - Carreres Web - Botiga Foto V\u00eddeo C\u00e0meres TV Sony telef\u00f3nica telefonia.\",\"isPartOf\":{\"@id\":\"https:\\\/\\\/carrerasweb.cat\\\/#website\"},\"primaryImageOfPage\":{\"@id\":\"https:\\\/\\\/carrerasweb.cat\\\/ca\\\/botiga\\\/audio-video-tv-ca\\\/altaveus-sense-fil\\\/altavoz-sony-mhc-v43d\\\/#primaryimage\"},\"image\":{\"@id\":\"https:\\\/\\\/carrerasweb.cat\\\/ca\\\/botiga\\\/audio-video-tv-ca\\\/altaveus-sense-fil\\\/altavoz-sony-mhc-v43d\\\/#primaryimage\"},\"thumbnailUrl\":\"https:\\\/\\\/carrerasweb.cat\\\/wp-content\\\/uploads\\\/2021\\\/09\\\/MHCV43Da.jpg\",\"datePublished\":\"2021-09-21T16:53:13+00:00\",\"dateModified\":\"2022-09-01T10:57:53+00:00\",\"breadcrumb\":{\"@id\":\"https:\\\/\\\/carrerasweb.cat\\\/ca\\\/botiga\\\/audio-video-tv-ca\\\/altaveus-sense-fil\\\/altavoz-sony-mhc-v43d\\\/#breadcrumb\"},\"inLanguage\":\"ca\",\"potentialAction\":[{\"@type\":\"ReadAction\",\"target\":[\"https:\\\/\\\/carrerasweb.cat\\\/ca\\\/botiga\\\/audio-video-tv-ca\\\/altaveus-sense-fil\\\/altavoz-sony-mhc-v43d\\\/\"]}]},{\"@type\":\"ImageObject\",\"inLanguage\":\"ca\",\"@id\":\"https:\\\/\\\/carrerasweb.cat\\\/ca\\\/botiga\\\/audio-video-tv-ca\\\/altaveus-sense-fil\\\/altavoz-sony-mhc-v43d\\\/#primaryimage\",\"url\":\"https:\\\/\\\/carrerasweb.cat\\\/wp-content\\\/uploads\\\/2021\\\/09\\\/MHCV43Da.jpg\",\"contentUrl\":\"https:\\\/\\\/carrerasweb.cat\\\/wp-content\\\/uploads\\\/2021\\\/09\\\/MHCV43Da.jpg\",\"width\":1000,\"height\":1002},{\"@type\":\"BreadcrumbList\",\"@id\":\"https:\\\/\\\/carrerasweb.cat\\\/ca\\\/botiga\\\/audio-video-tv-ca\\\/altaveus-sense-fil\\\/altavoz-sony-mhc-v43d\\\/#breadcrumb\",\"itemListElement\":[{\"@type\":\"ListItem\",\"position\":1,\"name\":\"Portada\",\"item\":\"https:\\\/\\\/carrerasweb.cat\\\/ca\\\/inici\\\/\"},{\"@type\":\"ListItem\",\"position\":2,\"name\":\"Productes\",\"item\":\"https:\\\/\\\/carrerasweb.cat\\\/ca\\\/productes\\\/\"},{\"@type\":\"ListItem\",\"position\":3,\"name\":\"Altaveu SONY MHC-V43D\"}]},{\"@type\":\"WebSite\",\"@id\":\"https:\\\/\\\/carrerasweb.cat\\\/#website\",\"url\":\"https:\\\/\\\/carrerasweb.cat\\\/\",\"name\":\"Carreras Web - Tienda Foto V\u00eddeo C\u00e1maras TV Sony Telef\u00f3nica Telefon\u00eda.\",\"description\":\"Distribuidor oficial a Figueres de Sony, la marca l\u00edder en audio, v\u00eddeo, fotografia, c\u00e0meres i accessoris, inform\u00e0tica, telef\u00f2nica, marcs i \u00e0lbums foto.\",\"publisher\":{\"@id\":\"https:\\\/\\\/carrerasweb.cat\\\/#organization\"},\"potentialAction\":[{\"@type\":\"SearchAction\",\"target\":{\"@type\":\"EntryPoint\",\"urlTemplate\":\"https:\\\/\\\/carrerasweb.cat\\\/?s={search_term_string}\"},\"query-input\":{\"@type\":\"PropertyValueSpecification\",\"valueRequired\":true,\"valueName\":\"search_term_string\"}}],\"inLanguage\":\"ca\"},{\"@type\":\"Organization\",\"@id\":\"https:\\\/\\\/carrerasweb.cat\\\/#organization\",\"name\":\"CARRERAS FOTO VIDEO\",\"url\":\"https:\\\/\\\/carrerasweb.cat\\\/\",\"logo\":{\"@type\":\"ImageObject\",\"inLanguage\":\"ca\",\"@id\":\"https:\\\/\\\/carrerasweb.cat\\\/#\\\/schema\\\/logo\\\/image\\\/\",\"url\":\"https:\\\/\\\/carrerasweb.cat\\\/wp-content\\\/uploads\\\/2021\\\/03\\\/logo.png\",\"contentUrl\":\"https:\\\/\\\/carrerasweb.cat\\\/wp-content\\\/uploads\\\/2021\\\/03\\\/logo.png\",\"width\":276,\"height\":100,\"caption\":\"CARRERAS FOTO VIDEO\"},\"image\":{\"@id\":\"https:\\\/\\\/carrerasweb.cat\\\/#\\\/schema\\\/logo\\\/image\\\/\"},\"sameAs\":[\"https:\\\/\\\/www.facebook.com\\\/CarrerasFotoVideo\\\/\",\"https:\\\/\\\/www.instagram.com\\\/carrerasfotovideo\\\/\"]}]}<\/script>\n<!-- \/ Yoast SEO plugin. -->","yoast_head_json":{"title":"Altaveu SONY MHC-V43D - Carreres Web - Botiga Foto V\u00eddeo C\u00e0meres TV Sony telef\u00f3nica telefonia.","robots":{"index":"index","follow":"follow","max-snippet":"max-snippet:-1","max-image-preview":"max-image-preview:large","max-video-preview":"max-video-preview:-1"},"canonical":"https:\/\/carrerasweb.cat\/ca\/botiga\/audio-video-tv-ca\/altaveus-sense-fil\/altavoz-sony-mhc-v43d\/","og_locale":"ca_ES","og_type":"article","og_title":"Altaveu SONY MHC-V43D - Carreres Web - Botiga Foto V\u00eddeo C\u00e0meres TV Sony telef\u00f3nica telefonia.","og_description":"Potent altaveu, amb entrada por Bluetooth, CD\/DVD, USB, amb una gran qualitat i dispersi\u00f3 del so. Perqu\u00e8 la m\u00fasica sigui el centre de la festa!","og_url":"https:\/\/carrerasweb.cat\/ca\/botiga\/audio-video-tv-ca\/altaveus-sense-fil\/altavoz-sony-mhc-v43d\/","og_site_name":"Carreres Web - Botiga Foto V\u00eddeo C\u00e0meres TV Sony telef\u00f3nica telefonia.","article_publisher":"https:\/\/www.facebook.com\/CarrerasFotoVideo\/","article_modified_time":"2022-09-01T10:57:53+00:00","og_image":[{"width":1000,"height":1002,"url":"https:\/\/carrerasweb.cat\/wp-content\/uploads\/2021\/09\/MHCV43Da.jpg","type":"image\/jpeg"}],"twitter_card":"summary_large_image","twitter_misc":{"Temps estimat de lectura":"1 minut"},"schema":{"@context":"https:\/\/schema.org","@graph":[{"@type":"WebPage","@id":"https:\/\/carrerasweb.cat\/ca\/botiga\/audio-video-tv-ca\/altaveus-sense-fil\/altavoz-sony-mhc-v43d\/","url":"https:\/\/carrerasweb.cat\/ca\/botiga\/audio-video-tv-ca\/altaveus-sense-fil\/altavoz-sony-mhc-v43d\/","name":"Altaveu SONY MHC-V43D - Carreres Web - Botiga Foto V\u00eddeo C\u00e0meres TV Sony telef\u00f3nica telefonia.","isPartOf":{"@id":"https:\/\/carrerasweb.cat\/#website"},"primaryImageOfPage":{"@id":"https:\/\/carrerasweb.cat\/ca\/botiga\/audio-video-tv-ca\/altaveus-sense-fil\/altavoz-sony-mhc-v43d\/#primaryimage"},"image":{"@id":"https:\/\/carrerasweb.cat\/ca\/botiga\/audio-video-tv-ca\/altaveus-sense-fil\/altavoz-sony-mhc-v43d\/#primaryimage"},"thumbnailUrl":"https:\/\/carrerasweb.cat\/wp-content\/uploads\/2021\/09\/MHCV43Da.jpg","datePublished":"2021-09-21T16:53:13+00:00","dateModified":"2022-09-01T10:57:53+00:00","breadcrumb":{"@id":"https:\/\/carrerasweb.cat\/ca\/botiga\/audio-video-tv-ca\/altaveus-sense-fil\/altavoz-sony-mhc-v43d\/#breadcrumb"},"inLanguage":"ca","potentialAction":[{"@type":"ReadAction","target":["https:\/\/carrerasweb.cat\/ca\/botiga\/audio-video-tv-ca\/altaveus-sense-fil\/altavoz-sony-mhc-v43d\/"]}]},{"@type":"ImageObject","inLanguage":"ca","@id":"https:\/\/carrerasweb.cat\/ca\/botiga\/audio-video-tv-ca\/altaveus-sense-fil\/altavoz-sony-mhc-v43d\/#primaryimage","url":"https:\/\/carrerasweb.cat\/wp-content\/uploads\/2021\/09\/MHCV43Da.jpg","contentUrl":"https:\/\/carrerasweb.cat\/wp-content\/uploads\/2021\/09\/MHCV43Da.jpg","width":1000,"height":1002},{"@type":"BreadcrumbList","@id":"https:\/\/carrerasweb.cat\/ca\/botiga\/audio-video-tv-ca\/altaveus-sense-fil\/altavoz-sony-mhc-v43d\/#breadcrumb","itemListElement":[{"@type":"ListItem","position":1,"name":"Portada","item":"https:\/\/carrerasweb.cat\/ca\/inici\/"},{"@type":"ListItem","position":2,"name":"Productes","item":"https:\/\/carrerasweb.cat\/ca\/productes\/"},{"@type":"ListItem","position":3,"name":"Altaveu SONY MHC-V43D"}]},{"@type":"WebSite","@id":"https:\/\/carrerasweb.cat\/#website","url":"https:\/\/carrerasweb.cat\/","name":"Carreras Web - Tienda Foto V\u00eddeo C\u00e1maras TV Sony Telef\u00f3nica Telefon\u00eda.","description":"Distribuidor oficial a Figueres de Sony, la marca l\u00edder en audio, v\u00eddeo, fotografia, c\u00e0meres i accessoris, inform\u00e0tica, telef\u00f2nica, marcs i \u00e0lbums foto.","publisher":{"@id":"https:\/\/carrerasweb.cat\/#organization"},"potentialAction":[{"@type":"SearchAction","target":{"@type":"EntryPoint","urlTemplate":"https:\/\/carrerasweb.cat\/?s={search_term_string}"},"query-input":{"@type":"PropertyValueSpecification","valueRequired":true,"valueName":"search_term_string"}}],"inLanguage":"ca"},{"@type":"Organization","@id":"https:\/\/carrerasweb.cat\/#organization","name":"CARRERAS FOTO VIDEO","url":"https:\/\/carrerasweb.cat\/","logo":{"@type":"ImageObject","inLanguage":"ca","@id":"https:\/\/carrerasweb.cat\/#\/schema\/logo\/image\/","url":"https:\/\/carrerasweb.cat\/wp-content\/uploads\/2021\/03\/logo.png","contentUrl":"https:\/\/carrerasweb.cat\/wp-content\/uploads\/2021\/03\/logo.png","width":276,"height":100,"caption":"CARRERAS FOTO VIDEO"},"image":{"@id":"https:\/\/carrerasweb.cat\/#\/schema\/logo\/image\/"},"sameAs":["https:\/\/www.facebook.com\/CarrerasFotoVideo\/","https:\/\/www.instagram.com\/carrerasfotovideo\/"]}]}},"_links":{"self":[{"href":"https:\/\/carrerasweb.cat\/ca\/wp-json\/wp\/v2\/product\/2516","targetHints":{"allow":["GET"]}}],"collection":[{"href":"https:\/\/carrerasweb.cat\/ca\/wp-json\/wp\/v2\/product"}],"about":[{"href":"https:\/\/carrerasweb.cat\/ca\/wp-json\/wp\/v2\/types\/product"}],"replies":[{"embeddable":true,"href":"https:\/\/carrerasweb.cat\/ca\/wp-json\/wp\/v2\/comments?post=2516"}],"wp:featuredmedia":[{"embeddable":true,"href":"https:\/\/carrerasweb.cat\/ca\/wp-json\/wp\/v2\/media\/2518"}],"wp:attachment":[{"href":"https:\/\/carrerasweb.cat\/ca\/wp-json\/wp\/v2\/media?parent=2516"}],"wp:term":[{"taxonomy":"product_brand","embeddable":true,"href":"https:\/\/carrerasweb.cat\/ca\/wp-json\/wp\/v2\/product_brand?post=2516"},{"taxonomy":"product_cat","embeddable":true,"href":"https:\/\/carrerasweb.cat\/ca\/wp-json\/wp\/v2\/product_cat?post=2516"},{"taxonomy":"product_tag","embeddable":true,"href":"https:\/\/carrerasweb.cat\/ca\/wp-json\/wp\/v2\/product_tag?post=2516"}],"curies":[{"name":"wp","href":"https:\/\/api.w.org\/{rel}","templated":true}]}}