{"id":2352,"date":"2021-06-15T10:25:27","date_gmt":"2021-06-15T10:25:27","guid":{"rendered":"https:\/\/carrerasweb.cat\/tienda\/Sense%20categoria\/tv-sony-32-kd32w800\/"},"modified":"2022-09-01T07:55:30","modified_gmt":"2022-09-01T07:55:30","slug":"tv-sony-32-kd32w800","status":"publish","type":"product","link":"https:\/\/carrerasweb.cat\/ca\/botiga\/audio-video-tv-ca\/televisors\/tv-sony-32-kd32w800\/","title":{"rendered":"TV SONY 32&#8243; KD-32W800"},"content":{"rendered":"<h5 class=\"so-orange\">W800 | HD Ready | Alt rang din\u00e0mic (HDR) | Smart TV (Android TV)<\/h5>\n<div class=\"product-informations\">\n<p>Gaudeix de les teves s\u00e8ries i pel\u00b7l\u00edcules favorites amb una nitidesa excepcional<\/p>\n<div class=\"promotion red-info\">\n<p>TV estilizado con X-Reality\u2122 PRO y Android TV\u2122.<\/p>\n<\/div>\n<ul class=\"features-list\">\n<li>Compatible amb v\u00eddeo d&#8217;alt rang din\u00e0mic (HDR)<\/li>\n<li>Connecta els teus equips f\u00e0cilment gr\u00e0cies a les dues entrades HDMI<\/li>\n<li>Busca opcions d&#8217;entretenimient amb la veu gr\u00e0cies a Android TV\u2122<\/li>\n<li>TV 80 cm HD Ready HDR<\/li>\n<li>Bravia Engine, X-Reality Pro<\/li>\n<li>Android TV, Chromecast<\/li>\n<li>Comandament a dist. per veu per a recerques a Internet<\/li>\n<li>73,3 x 46,8 x 18,9 cm, 5 kg<\/li>\n<\/ul>\n<\/div>\n","protected":false},"excerpt":{"rendered":"<p>El televisor pr\u00e0ctic de mida moderada, lleuger, que podem tenir a l&#8217;habitaci\u00f3, cuina, petit apartament, per\u00f2 que ens permet navegar i cercar continguts a Internet sense altra condici\u00f3 ni accessori que disposar de WiFi, o enviar-li tot el que veus i sents al m\u00f2bil.<\/p>\n","protected":false},"featured_media":2345,"comment_status":"closed","ping_status":"closed","template":"","meta":{"_exactmetrics_skip_tracking":false,"_exactmetrics_sitenote_active":false,"_exactmetrics_sitenote_note":"","_exactmetrics_sitenote_category":0},"product_brand":[],"product_cat":[159,160],"product_tag":[],"class_list":{"0":"post-2352","1":"product","2":"type-product","3":"status-publish","4":"has-post-thumbnail","6":"product_cat-audio-video-tv-ca","7":"product_cat-televisors","9":"first","10":"instock","11":"sale","12":"featured","13":"shipping-taxable","14":"product-type-simple"},"yoast_head":"<!-- This site is optimized with the Yoast SEO plugin v27.5 - https:\/\/yoast.com\/product\/yoast-seo-wordpress\/ -->\n<title>TV SONY 32&quot; KD-32W800 - Carreres Web - Botiga Foto V\u00eddeo C\u00e0meres TV Sony telef\u00f3nica telefonia.<\/title>\n<meta name=\"robots\" content=\"index, follow, max-snippet:-1, max-image-preview:large, max-video-preview:-1\" \/>\n<link rel=\"canonical\" href=\"https:\/\/carrerasweb.cat\/ca\/botiga\/audio-video-tv-ca\/televisors\/tv-sony-32-kd32w800\/\" \/>\n<meta property=\"og:locale\" content=\"ca_ES\" \/>\n<meta property=\"og:type\" content=\"article\" \/>\n<meta property=\"og:title\" content=\"TV SONY 32&quot; KD-32W800 - Carreres Web - Botiga Foto V\u00eddeo C\u00e0meres TV Sony telef\u00f3nica telefonia.\" \/>\n<meta property=\"og:description\" content=\"El televisor pr\u00e0ctic de mida moderada, lleuger, que podem tenir a l&#039;habitaci\u00f3, cuina, petit apartament, per\u00f2 que ens permet navegar i cercar continguts a Internet sense altra condici\u00f3 ni accessori que disposar de WiFi, o enviar-li tot el que veus i sents al m\u00f2bil.\" \/>\n<meta property=\"og:url\" content=\"https:\/\/carrerasweb.cat\/ca\/botiga\/audio-video-tv-ca\/televisors\/tv-sony-32-kd32w800\/\" \/>\n<meta property=\"og:site_name\" content=\"Carreres Web - Botiga Foto V\u00eddeo C\u00e0meres TV Sony telef\u00f3nica telefonia.\" \/>\n<meta property=\"article:publisher\" content=\"https:\/\/www.facebook.com\/CarrerasFotoVideo\/\" \/>\n<meta property=\"article:modified_time\" content=\"2022-09-01T07:55:30+00:00\" \/>\n<meta property=\"og:image\" content=\"https:\/\/carrerasweb.cat\/wp-content\/uploads\/2021\/06\/KD32W800a.jpg\" \/>\n\t<meta property=\"og:image:width\" content=\"1000\" \/>\n\t<meta property=\"og:image:height\" content=\"1000\" \/>\n\t<meta property=\"og:image:type\" content=\"image\/jpeg\" \/>\n<meta name=\"twitter:card\" content=\"summary_large_image\" \/>\n<script type=\"application\/ld+json\" class=\"yoast-schema-graph\">{\"@context\":\"https:\\\/\\\/schema.org\",\"@graph\":[{\"@type\":\"WebPage\",\"@id\":\"https:\\\/\\\/carrerasweb.cat\\\/ca\\\/botiga\\\/audio-video-tv-ca\\\/televisors\\\/tv-sony-32-kd32w800\\\/\",\"url\":\"https:\\\/\\\/carrerasweb.cat\\\/ca\\\/botiga\\\/audio-video-tv-ca\\\/televisors\\\/tv-sony-32-kd32w800\\\/\",\"name\":\"TV SONY 32\\\" KD-32W800 - Carreres Web - Botiga Foto V\u00eddeo C\u00e0meres TV Sony telef\u00f3nica telefonia.\",\"isPartOf\":{\"@id\":\"https:\\\/\\\/carrerasweb.cat\\\/#website\"},\"primaryImageOfPage\":{\"@id\":\"https:\\\/\\\/carrerasweb.cat\\\/ca\\\/botiga\\\/audio-video-tv-ca\\\/televisors\\\/tv-sony-32-kd32w800\\\/#primaryimage\"},\"image\":{\"@id\":\"https:\\\/\\\/carrerasweb.cat\\\/ca\\\/botiga\\\/audio-video-tv-ca\\\/televisors\\\/tv-sony-32-kd32w800\\\/#primaryimage\"},\"thumbnailUrl\":\"https:\\\/\\\/carrerasweb.cat\\\/wp-content\\\/uploads\\\/2021\\\/06\\\/KD32W800a.jpg\",\"datePublished\":\"2021-06-15T10:25:27+00:00\",\"dateModified\":\"2022-09-01T07:55:30+00:00\",\"breadcrumb\":{\"@id\":\"https:\\\/\\\/carrerasweb.cat\\\/ca\\\/botiga\\\/audio-video-tv-ca\\\/televisors\\\/tv-sony-32-kd32w800\\\/#breadcrumb\"},\"inLanguage\":\"ca\",\"potentialAction\":[{\"@type\":\"ReadAction\",\"target\":[\"https:\\\/\\\/carrerasweb.cat\\\/ca\\\/botiga\\\/audio-video-tv-ca\\\/televisors\\\/tv-sony-32-kd32w800\\\/\"]}]},{\"@type\":\"ImageObject\",\"inLanguage\":\"ca\",\"@id\":\"https:\\\/\\\/carrerasweb.cat\\\/ca\\\/botiga\\\/audio-video-tv-ca\\\/televisors\\\/tv-sony-32-kd32w800\\\/#primaryimage\",\"url\":\"https:\\\/\\\/carrerasweb.cat\\\/wp-content\\\/uploads\\\/2021\\\/06\\\/KD32W800a.jpg\",\"contentUrl\":\"https:\\\/\\\/carrerasweb.cat\\\/wp-content\\\/uploads\\\/2021\\\/06\\\/KD32W800a.jpg\",\"width\":1000,\"height\":1000},{\"@type\":\"BreadcrumbList\",\"@id\":\"https:\\\/\\\/carrerasweb.cat\\\/ca\\\/botiga\\\/audio-video-tv-ca\\\/televisors\\\/tv-sony-32-kd32w800\\\/#breadcrumb\",\"itemListElement\":[{\"@type\":\"ListItem\",\"position\":1,\"name\":\"Portada\",\"item\":\"https:\\\/\\\/carrerasweb.cat\\\/ca\\\/inici\\\/\"},{\"@type\":\"ListItem\",\"position\":2,\"name\":\"Productes\",\"item\":\"https:\\\/\\\/carrerasweb.cat\\\/ca\\\/productes\\\/\"},{\"@type\":\"ListItem\",\"position\":3,\"name\":\"TV SONY 32&#8243; KD-32W800\"}]},{\"@type\":\"WebSite\",\"@id\":\"https:\\\/\\\/carrerasweb.cat\\\/#website\",\"url\":\"https:\\\/\\\/carrerasweb.cat\\\/\",\"name\":\"Carreras Web - Tienda Foto V\u00eddeo C\u00e1maras TV Sony Telef\u00f3nica Telefon\u00eda.\",\"description\":\"Distribuidor oficial a Figueres de Sony, la marca l\u00edder en audio, v\u00eddeo, fotografia, c\u00e0meres i accessoris, inform\u00e0tica, telef\u00f2nica, marcs i \u00e0lbums foto.\",\"publisher\":{\"@id\":\"https:\\\/\\\/carrerasweb.cat\\\/#organization\"},\"potentialAction\":[{\"@type\":\"SearchAction\",\"target\":{\"@type\":\"EntryPoint\",\"urlTemplate\":\"https:\\\/\\\/carrerasweb.cat\\\/?s={search_term_string}\"},\"query-input\":{\"@type\":\"PropertyValueSpecification\",\"valueRequired\":true,\"valueName\":\"search_term_string\"}}],\"inLanguage\":\"ca\"},{\"@type\":\"Organization\",\"@id\":\"https:\\\/\\\/carrerasweb.cat\\\/#organization\",\"name\":\"CARRERAS FOTO VIDEO\",\"url\":\"https:\\\/\\\/carrerasweb.cat\\\/\",\"logo\":{\"@type\":\"ImageObject\",\"inLanguage\":\"ca\",\"@id\":\"https:\\\/\\\/carrerasweb.cat\\\/#\\\/schema\\\/logo\\\/image\\\/\",\"url\":\"https:\\\/\\\/carrerasweb.cat\\\/wp-content\\\/uploads\\\/2021\\\/03\\\/logo.png\",\"contentUrl\":\"https:\\\/\\\/carrerasweb.cat\\\/wp-content\\\/uploads\\\/2021\\\/03\\\/logo.png\",\"width\":276,\"height\":100,\"caption\":\"CARRERAS FOTO VIDEO\"},\"image\":{\"@id\":\"https:\\\/\\\/carrerasweb.cat\\\/#\\\/schema\\\/logo\\\/image\\\/\"},\"sameAs\":[\"https:\\\/\\\/www.facebook.com\\\/CarrerasFotoVideo\\\/\",\"https:\\\/\\\/www.instagram.com\\\/carrerasfotovideo\\\/\"]}]}<\/script>\n<!-- \/ Yoast SEO plugin. -->","yoast_head_json":{"title":"TV SONY 32\" KD-32W800 - Carreres Web - Botiga Foto V\u00eddeo C\u00e0meres TV Sony telef\u00f3nica telefonia.","robots":{"index":"index","follow":"follow","max-snippet":"max-snippet:-1","max-image-preview":"max-image-preview:large","max-video-preview":"max-video-preview:-1"},"canonical":"https:\/\/carrerasweb.cat\/ca\/botiga\/audio-video-tv-ca\/televisors\/tv-sony-32-kd32w800\/","og_locale":"ca_ES","og_type":"article","og_title":"TV SONY 32\" KD-32W800 - Carreres Web - Botiga Foto V\u00eddeo C\u00e0meres TV Sony telef\u00f3nica telefonia.","og_description":"El televisor pr\u00e0ctic de mida moderada, lleuger, que podem tenir a l'habitaci\u00f3, cuina, petit apartament, per\u00f2 que ens permet navegar i cercar continguts a Internet sense altra condici\u00f3 ni accessori que disposar de WiFi, o enviar-li tot el que veus i sents al m\u00f2bil.","og_url":"https:\/\/carrerasweb.cat\/ca\/botiga\/audio-video-tv-ca\/televisors\/tv-sony-32-kd32w800\/","og_site_name":"Carreres Web - Botiga Foto V\u00eddeo C\u00e0meres TV Sony telef\u00f3nica telefonia.","article_publisher":"https:\/\/www.facebook.com\/CarrerasFotoVideo\/","article_modified_time":"2022-09-01T07:55:30+00:00","og_image":[{"width":1000,"height":1000,"url":"https:\/\/carrerasweb.cat\/wp-content\/uploads\/2021\/06\/KD32W800a.jpg","type":"image\/jpeg"}],"twitter_card":"summary_large_image","schema":{"@context":"https:\/\/schema.org","@graph":[{"@type":"WebPage","@id":"https:\/\/carrerasweb.cat\/ca\/botiga\/audio-video-tv-ca\/televisors\/tv-sony-32-kd32w800\/","url":"https:\/\/carrerasweb.cat\/ca\/botiga\/audio-video-tv-ca\/televisors\/tv-sony-32-kd32w800\/","name":"TV SONY 32\" KD-32W800 - Carreres Web - Botiga Foto V\u00eddeo C\u00e0meres TV Sony telef\u00f3nica telefonia.","isPartOf":{"@id":"https:\/\/carrerasweb.cat\/#website"},"primaryImageOfPage":{"@id":"https:\/\/carrerasweb.cat\/ca\/botiga\/audio-video-tv-ca\/televisors\/tv-sony-32-kd32w800\/#primaryimage"},"image":{"@id":"https:\/\/carrerasweb.cat\/ca\/botiga\/audio-video-tv-ca\/televisors\/tv-sony-32-kd32w800\/#primaryimage"},"thumbnailUrl":"https:\/\/carrerasweb.cat\/wp-content\/uploads\/2021\/06\/KD32W800a.jpg","datePublished":"2021-06-15T10:25:27+00:00","dateModified":"2022-09-01T07:55:30+00:00","breadcrumb":{"@id":"https:\/\/carrerasweb.cat\/ca\/botiga\/audio-video-tv-ca\/televisors\/tv-sony-32-kd32w800\/#breadcrumb"},"inLanguage":"ca","potentialAction":[{"@type":"ReadAction","target":["https:\/\/carrerasweb.cat\/ca\/botiga\/audio-video-tv-ca\/televisors\/tv-sony-32-kd32w800\/"]}]},{"@type":"ImageObject","inLanguage":"ca","@id":"https:\/\/carrerasweb.cat\/ca\/botiga\/audio-video-tv-ca\/televisors\/tv-sony-32-kd32w800\/#primaryimage","url":"https:\/\/carrerasweb.cat\/wp-content\/uploads\/2021\/06\/KD32W800a.jpg","contentUrl":"https:\/\/carrerasweb.cat\/wp-content\/uploads\/2021\/06\/KD32W800a.jpg","width":1000,"height":1000},{"@type":"BreadcrumbList","@id":"https:\/\/carrerasweb.cat\/ca\/botiga\/audio-video-tv-ca\/televisors\/tv-sony-32-kd32w800\/#breadcrumb","itemListElement":[{"@type":"ListItem","position":1,"name":"Portada","item":"https:\/\/carrerasweb.cat\/ca\/inici\/"},{"@type":"ListItem","position":2,"name":"Productes","item":"https:\/\/carrerasweb.cat\/ca\/productes\/"},{"@type":"ListItem","position":3,"name":"TV SONY 32&#8243; KD-32W800"}]},{"@type":"WebSite","@id":"https:\/\/carrerasweb.cat\/#website","url":"https:\/\/carrerasweb.cat\/","name":"Carreras Web - Tienda Foto V\u00eddeo C\u00e1maras TV Sony Telef\u00f3nica Telefon\u00eda.","description":"Distribuidor oficial a Figueres de Sony, la marca l\u00edder en audio, v\u00eddeo, fotografia, c\u00e0meres i accessoris, inform\u00e0tica, telef\u00f2nica, marcs i \u00e0lbums foto.","publisher":{"@id":"https:\/\/carrerasweb.cat\/#organization"},"potentialAction":[{"@type":"SearchAction","target":{"@type":"EntryPoint","urlTemplate":"https:\/\/carrerasweb.cat\/?s={search_term_string}"},"query-input":{"@type":"PropertyValueSpecification","valueRequired":true,"valueName":"search_term_string"}}],"inLanguage":"ca"},{"@type":"Organization","@id":"https:\/\/carrerasweb.cat\/#organization","name":"CARRERAS FOTO VIDEO","url":"https:\/\/carrerasweb.cat\/","logo":{"@type":"ImageObject","inLanguage":"ca","@id":"https:\/\/carrerasweb.cat\/#\/schema\/logo\/image\/","url":"https:\/\/carrerasweb.cat\/wp-content\/uploads\/2021\/03\/logo.png","contentUrl":"https:\/\/carrerasweb.cat\/wp-content\/uploads\/2021\/03\/logo.png","width":276,"height":100,"caption":"CARRERAS FOTO VIDEO"},"image":{"@id":"https:\/\/carrerasweb.cat\/#\/schema\/logo\/image\/"},"sameAs":["https:\/\/www.facebook.com\/CarrerasFotoVideo\/","https:\/\/www.instagram.com\/carrerasfotovideo\/"]}]}},"_links":{"self":[{"href":"https:\/\/carrerasweb.cat\/ca\/wp-json\/wp\/v2\/product\/2352","targetHints":{"allow":["GET"]}}],"collection":[{"href":"https:\/\/carrerasweb.cat\/ca\/wp-json\/wp\/v2\/product"}],"about":[{"href":"https:\/\/carrerasweb.cat\/ca\/wp-json\/wp\/v2\/types\/product"}],"replies":[{"embeddable":true,"href":"https:\/\/carrerasweb.cat\/ca\/wp-json\/wp\/v2\/comments?post=2352"}],"wp:featuredmedia":[{"embeddable":true,"href":"https:\/\/carrerasweb.cat\/ca\/wp-json\/wp\/v2\/media\/2345"}],"wp:attachment":[{"href":"https:\/\/carrerasweb.cat\/ca\/wp-json\/wp\/v2\/media?parent=2352"}],"wp:term":[{"taxonomy":"product_brand","embeddable":true,"href":"https:\/\/carrerasweb.cat\/ca\/wp-json\/wp\/v2\/product_brand?post=2352"},{"taxonomy":"product_cat","embeddable":true,"href":"https:\/\/carrerasweb.cat\/ca\/wp-json\/wp\/v2\/product_cat?post=2352"},{"taxonomy":"product_tag","embeddable":true,"href":"https:\/\/carrerasweb.cat\/ca\/wp-json\/wp\/v2\/product_tag?post=2352"}],"curies":[{"name":"wp","href":"https:\/\/api.w.org\/{rel}","templated":true}]}}