{"id":1284,"date":"2021-04-23T08:08:19","date_gmt":"2021-04-23T08:08:19","guid":{"rendered":"https:\/\/carrerasweb.cat\/?post_type=product&#038;p=1284"},"modified":"2025-10-22T08:05:32","modified_gmt":"2025-10-22T08:05:32","slug":"telescopi-terrestre-konuspot-100-amb-adaptador-camera-i-smartphone","status":"publish","type":"product","link":"https:\/\/carrerasweb.cat\/ca\/botiga\/optica-i-meteo\/telescopis\/telescopi-terrestre-konuspot-100-amb-adaptador-camera-i-smartphone\/","title":{"rendered":"Telescopi terrestre KONUSPOT 100 amb adaptador c\u00e0mera i smartphone"},"content":{"rendered":"<p>Magn\u00edfic telescopi terrestre per observar detalls de paisatges o fer vigil\u00e0ncia a dist\u00e0ncia, o veure animals en llibertat. Ideal per una terrassa amb vista al mar o a la muntanya. Ocasionalment podem observar tamb\u00e9 de nit algun astre. Es pot posar amb el seu tr\u00edpode de sobre-taula o muntar a un tr\u00edpode est\u00e0ndard de fotografia o v\u00eddeo, aquest com m\u00e9s gran i pesat millor, ja que t\u00e9 una base amb la rosca universal d&#8217; 1\/4&#8243;. Molt interessants els accessoris per adaptar una c\u00e0mera o un smartphone, amb els que es poden fer fotos o v\u00eddeos amb aquest s\u00faper tele-objectiu que \u00e9s.<\/p>\n<p>Dades t\u00e8cniques:<\/p>\n<ul>\n<li>Augment\/di\u00e0metre: 20x-60x, 100mm<\/li>\n<li>Camp visual a 1000 m: 33,2m a 20x i 17,1m a 60x<\/li>\n<li>Pupil\u00b7la de sortida: 5mm a 20X<\/li>\n<li>Pes gr: 1199gr. Longitud 498mm<\/li>\n<li>Adaptador a Smartphone i a c\u00e0mera inclosos<\/li>\n<li>Trespeus sobretaula. adaptable a tr\u00edpode est\u00e0ndard.<\/li>\n<\/ul>\n","protected":false},"excerpt":{"rendered":"<p>Gaudeix molt m\u00e9s de la vista des del teu apartament o terrassa. Porta&#8217;l d&#8217;excursi\u00f3 i les teves impressions i records seran molt m\u00e9s complets. On hi hagi bona vista, l&#8217;entreteniment est\u00e0 assegurat.\u00a0La nostra vista nua veu el conjunt i es completa amb aquest telescopi per veure el detall. I no va amb piles ni bateries, ni es configura ni s&#8217;actualitza. Tracta&#8217;l b\u00e9 i \u00e9s per la vida!<\/p>\n","protected":false},"featured_media":1286,"comment_status":"open","ping_status":"closed","template":"","meta":{"_exactmetrics_skip_tracking":false,"_exactmetrics_sitenote_active":false,"_exactmetrics_sitenote_note":"","_exactmetrics_sitenote_category":0},"product_brand":[],"product_cat":[237,239],"product_tag":[],"class_list":{"0":"post-1284","1":"product","2":"type-product","3":"status-publish","4":"has-post-thumbnail","6":"product_cat-optica-i-meteo","7":"product_cat-telescopis","9":"first","10":"instock","11":"shipping-taxable","12":"product-type-simple"},"yoast_head":"<!-- This site is optimized with the Yoast SEO plugin v27.5 - https:\/\/yoast.com\/product\/yoast-seo-wordpress\/ -->\n<title>Telescopi terrestre KONUSPOT 100 amb adaptador c\u00e0mera i smartphone - Carreres Web - Botiga Foto V\u00eddeo C\u00e0meres TV Sony telef\u00f3nica telefonia.<\/title>\n<meta name=\"robots\" content=\"index, follow, max-snippet:-1, max-image-preview:large, max-video-preview:-1\" \/>\n<link rel=\"canonical\" href=\"https:\/\/carrerasweb.cat\/ca\/botiga\/optica-i-meteo\/telescopis\/telescopi-terrestre-konuspot-100-amb-adaptador-camera-i-smartphone\/\" \/>\n<meta property=\"og:locale\" content=\"ca_ES\" \/>\n<meta property=\"og:type\" content=\"article\" \/>\n<meta property=\"og:title\" content=\"Telescopi terrestre KONUSPOT 100 amb adaptador c\u00e0mera i smartphone - Carreres Web - Botiga Foto V\u00eddeo C\u00e0meres TV Sony telef\u00f3nica telefonia.\" \/>\n<meta property=\"og:description\" content=\"Gaudeix molt m\u00e9s de la vista des del teu apartament o terrassa. Porta&#039;l d&#039;excursi\u00f3 i les teves impressions i records seran molt m\u00e9s complets. On hi hagi bona vista, l&#039;entreteniment est\u00e0 assegurat.\u00a0La nostra vista nua veu el conjunt i es completa amb aquest telescopi per veure el detall. I no va amb piles ni bateries, ni es configura ni s&#039;actualitza. Tracta&#039;l b\u00e9 i \u00e9s per la vida!\" \/>\n<meta property=\"og:url\" content=\"https:\/\/carrerasweb.cat\/ca\/botiga\/optica-i-meteo\/telescopis\/telescopi-terrestre-konuspot-100-amb-adaptador-camera-i-smartphone\/\" \/>\n<meta property=\"og:site_name\" content=\"Carreres Web - Botiga Foto V\u00eddeo C\u00e0meres TV Sony telef\u00f3nica telefonia.\" \/>\n<meta property=\"article:publisher\" content=\"https:\/\/www.facebook.com\/CarrerasFotoVideo\/\" \/>\n<meta property=\"article:modified_time\" content=\"2025-10-22T08:05:32+00:00\" \/>\n<meta property=\"og:image\" content=\"https:\/\/carrerasweb.cat\/wp-content\/uploads\/2021\/04\/Telesc-Konuspot-100.jpg\" \/>\n\t<meta property=\"og:image:width\" content=\"1126\" \/>\n\t<meta property=\"og:image:height\" content=\"1126\" \/>\n\t<meta property=\"og:image:type\" content=\"image\/jpeg\" \/>\n<meta name=\"twitter:card\" content=\"summary_large_image\" \/>\n<meta name=\"twitter:label1\" content=\"Temps estimat de lectura\" \/>\n\t<meta name=\"twitter:data1\" content=\"1 minut\" \/>\n<script type=\"application\/ld+json\" class=\"yoast-schema-graph\">{\"@context\":\"https:\\\/\\\/schema.org\",\"@graph\":[{\"@type\":\"WebPage\",\"@id\":\"https:\\\/\\\/carrerasweb.cat\\\/ca\\\/botiga\\\/optica-i-meteo\\\/telescopis\\\/telescopi-terrestre-konuspot-100-amb-adaptador-camera-i-smartphone\\\/\",\"url\":\"https:\\\/\\\/carrerasweb.cat\\\/ca\\\/botiga\\\/optica-i-meteo\\\/telescopis\\\/telescopi-terrestre-konuspot-100-amb-adaptador-camera-i-smartphone\\\/\",\"name\":\"Telescopi terrestre KONUSPOT 100 amb adaptador c\u00e0mera i smartphone - Carreres Web - Botiga Foto V\u00eddeo C\u00e0meres TV Sony telef\u00f3nica telefonia.\",\"isPartOf\":{\"@id\":\"https:\\\/\\\/carrerasweb.cat\\\/#website\"},\"primaryImageOfPage\":{\"@id\":\"https:\\\/\\\/carrerasweb.cat\\\/ca\\\/botiga\\\/optica-i-meteo\\\/telescopis\\\/telescopi-terrestre-konuspot-100-amb-adaptador-camera-i-smartphone\\\/#primaryimage\"},\"image\":{\"@id\":\"https:\\\/\\\/carrerasweb.cat\\\/ca\\\/botiga\\\/optica-i-meteo\\\/telescopis\\\/telescopi-terrestre-konuspot-100-amb-adaptador-camera-i-smartphone\\\/#primaryimage\"},\"thumbnailUrl\":\"https:\\\/\\\/carrerasweb.cat\\\/wp-content\\\/uploads\\\/2021\\\/04\\\/Telesc-Konuspot-100.jpg\",\"datePublished\":\"2021-04-23T08:08:19+00:00\",\"dateModified\":\"2025-10-22T08:05:32+00:00\",\"breadcrumb\":{\"@id\":\"https:\\\/\\\/carrerasweb.cat\\\/ca\\\/botiga\\\/optica-i-meteo\\\/telescopis\\\/telescopi-terrestre-konuspot-100-amb-adaptador-camera-i-smartphone\\\/#breadcrumb\"},\"inLanguage\":\"ca\",\"potentialAction\":[{\"@type\":\"ReadAction\",\"target\":[\"https:\\\/\\\/carrerasweb.cat\\\/ca\\\/botiga\\\/optica-i-meteo\\\/telescopis\\\/telescopi-terrestre-konuspot-100-amb-adaptador-camera-i-smartphone\\\/\"]}]},{\"@type\":\"ImageObject\",\"inLanguage\":\"ca\",\"@id\":\"https:\\\/\\\/carrerasweb.cat\\\/ca\\\/botiga\\\/optica-i-meteo\\\/telescopis\\\/telescopi-terrestre-konuspot-100-amb-adaptador-camera-i-smartphone\\\/#primaryimage\",\"url\":\"https:\\\/\\\/carrerasweb.cat\\\/wp-content\\\/uploads\\\/2021\\\/04\\\/Telesc-Konuspot-100.jpg\",\"contentUrl\":\"https:\\\/\\\/carrerasweb.cat\\\/wp-content\\\/uploads\\\/2021\\\/04\\\/Telesc-Konuspot-100.jpg\",\"width\":1126,\"height\":1126},{\"@type\":\"BreadcrumbList\",\"@id\":\"https:\\\/\\\/carrerasweb.cat\\\/ca\\\/botiga\\\/optica-i-meteo\\\/telescopis\\\/telescopi-terrestre-konuspot-100-amb-adaptador-camera-i-smartphone\\\/#breadcrumb\",\"itemListElement\":[{\"@type\":\"ListItem\",\"position\":1,\"name\":\"Portada\",\"item\":\"https:\\\/\\\/carrerasweb.cat\\\/ca\\\/inici\\\/\"},{\"@type\":\"ListItem\",\"position\":2,\"name\":\"Productes\",\"item\":\"https:\\\/\\\/carrerasweb.cat\\\/ca\\\/productes\\\/\"},{\"@type\":\"ListItem\",\"position\":3,\"name\":\"Telescopi terrestre KONUSPOT 100 amb adaptador c\u00e0mera i smartphone\"}]},{\"@type\":\"WebSite\",\"@id\":\"https:\\\/\\\/carrerasweb.cat\\\/#website\",\"url\":\"https:\\\/\\\/carrerasweb.cat\\\/\",\"name\":\"Carreras Web - Tienda Foto V\u00eddeo C\u00e1maras TV Sony Telef\u00f3nica Telefon\u00eda.\",\"description\":\"Distribuidor oficial a Figueres de Sony, la marca l\u00edder en audio, v\u00eddeo, fotografia, c\u00e0meres i accessoris, inform\u00e0tica, telef\u00f2nica, marcs i \u00e0lbums foto.\",\"publisher\":{\"@id\":\"https:\\\/\\\/carrerasweb.cat\\\/#organization\"},\"potentialAction\":[{\"@type\":\"SearchAction\",\"target\":{\"@type\":\"EntryPoint\",\"urlTemplate\":\"https:\\\/\\\/carrerasweb.cat\\\/?s={search_term_string}\"},\"query-input\":{\"@type\":\"PropertyValueSpecification\",\"valueRequired\":true,\"valueName\":\"search_term_string\"}}],\"inLanguage\":\"ca\"},{\"@type\":\"Organization\",\"@id\":\"https:\\\/\\\/carrerasweb.cat\\\/#organization\",\"name\":\"CARRERAS FOTO VIDEO\",\"url\":\"https:\\\/\\\/carrerasweb.cat\\\/\",\"logo\":{\"@type\":\"ImageObject\",\"inLanguage\":\"ca\",\"@id\":\"https:\\\/\\\/carrerasweb.cat\\\/#\\\/schema\\\/logo\\\/image\\\/\",\"url\":\"https:\\\/\\\/carrerasweb.cat\\\/wp-content\\\/uploads\\\/2021\\\/03\\\/logo.png\",\"contentUrl\":\"https:\\\/\\\/carrerasweb.cat\\\/wp-content\\\/uploads\\\/2021\\\/03\\\/logo.png\",\"width\":276,\"height\":100,\"caption\":\"CARRERAS FOTO VIDEO\"},\"image\":{\"@id\":\"https:\\\/\\\/carrerasweb.cat\\\/#\\\/schema\\\/logo\\\/image\\\/\"},\"sameAs\":[\"https:\\\/\\\/www.facebook.com\\\/CarrerasFotoVideo\\\/\",\"https:\\\/\\\/www.instagram.com\\\/carrerasfotovideo\\\/\"]}]}<\/script>\n<!-- \/ Yoast SEO plugin. -->","yoast_head_json":{"title":"Telescopi terrestre KONUSPOT 100 amb adaptador c\u00e0mera i smartphone - Carreres Web - Botiga Foto V\u00eddeo C\u00e0meres TV Sony telef\u00f3nica telefonia.","robots":{"index":"index","follow":"follow","max-snippet":"max-snippet:-1","max-image-preview":"max-image-preview:large","max-video-preview":"max-video-preview:-1"},"canonical":"https:\/\/carrerasweb.cat\/ca\/botiga\/optica-i-meteo\/telescopis\/telescopi-terrestre-konuspot-100-amb-adaptador-camera-i-smartphone\/","og_locale":"ca_ES","og_type":"article","og_title":"Telescopi terrestre KONUSPOT 100 amb adaptador c\u00e0mera i smartphone - Carreres Web - Botiga Foto V\u00eddeo C\u00e0meres TV Sony telef\u00f3nica telefonia.","og_description":"Gaudeix molt m\u00e9s de la vista des del teu apartament o terrassa. Porta'l d'excursi\u00f3 i les teves impressions i records seran molt m\u00e9s complets. On hi hagi bona vista, l'entreteniment est\u00e0 assegurat.\u00a0La nostra vista nua veu el conjunt i es completa amb aquest telescopi per veure el detall. I no va amb piles ni bateries, ni es configura ni s'actualitza. Tracta'l b\u00e9 i \u00e9s per la vida!","og_url":"https:\/\/carrerasweb.cat\/ca\/botiga\/optica-i-meteo\/telescopis\/telescopi-terrestre-konuspot-100-amb-adaptador-camera-i-smartphone\/","og_site_name":"Carreres Web - Botiga Foto V\u00eddeo C\u00e0meres TV Sony telef\u00f3nica telefonia.","article_publisher":"https:\/\/www.facebook.com\/CarrerasFotoVideo\/","article_modified_time":"2025-10-22T08:05:32+00:00","og_image":[{"width":1126,"height":1126,"url":"https:\/\/carrerasweb.cat\/wp-content\/uploads\/2021\/04\/Telesc-Konuspot-100.jpg","type":"image\/jpeg"}],"twitter_card":"summary_large_image","twitter_misc":{"Temps estimat de lectura":"1 minut"},"schema":{"@context":"https:\/\/schema.org","@graph":[{"@type":"WebPage","@id":"https:\/\/carrerasweb.cat\/ca\/botiga\/optica-i-meteo\/telescopis\/telescopi-terrestre-konuspot-100-amb-adaptador-camera-i-smartphone\/","url":"https:\/\/carrerasweb.cat\/ca\/botiga\/optica-i-meteo\/telescopis\/telescopi-terrestre-konuspot-100-amb-adaptador-camera-i-smartphone\/","name":"Telescopi terrestre KONUSPOT 100 amb adaptador c\u00e0mera i smartphone - Carreres Web - Botiga Foto V\u00eddeo C\u00e0meres TV Sony telef\u00f3nica telefonia.","isPartOf":{"@id":"https:\/\/carrerasweb.cat\/#website"},"primaryImageOfPage":{"@id":"https:\/\/carrerasweb.cat\/ca\/botiga\/optica-i-meteo\/telescopis\/telescopi-terrestre-konuspot-100-amb-adaptador-camera-i-smartphone\/#primaryimage"},"image":{"@id":"https:\/\/carrerasweb.cat\/ca\/botiga\/optica-i-meteo\/telescopis\/telescopi-terrestre-konuspot-100-amb-adaptador-camera-i-smartphone\/#primaryimage"},"thumbnailUrl":"https:\/\/carrerasweb.cat\/wp-content\/uploads\/2021\/04\/Telesc-Konuspot-100.jpg","datePublished":"2021-04-23T08:08:19+00:00","dateModified":"2025-10-22T08:05:32+00:00","breadcrumb":{"@id":"https:\/\/carrerasweb.cat\/ca\/botiga\/optica-i-meteo\/telescopis\/telescopi-terrestre-konuspot-100-amb-adaptador-camera-i-smartphone\/#breadcrumb"},"inLanguage":"ca","potentialAction":[{"@type":"ReadAction","target":["https:\/\/carrerasweb.cat\/ca\/botiga\/optica-i-meteo\/telescopis\/telescopi-terrestre-konuspot-100-amb-adaptador-camera-i-smartphone\/"]}]},{"@type":"ImageObject","inLanguage":"ca","@id":"https:\/\/carrerasweb.cat\/ca\/botiga\/optica-i-meteo\/telescopis\/telescopi-terrestre-konuspot-100-amb-adaptador-camera-i-smartphone\/#primaryimage","url":"https:\/\/carrerasweb.cat\/wp-content\/uploads\/2021\/04\/Telesc-Konuspot-100.jpg","contentUrl":"https:\/\/carrerasweb.cat\/wp-content\/uploads\/2021\/04\/Telesc-Konuspot-100.jpg","width":1126,"height":1126},{"@type":"BreadcrumbList","@id":"https:\/\/carrerasweb.cat\/ca\/botiga\/optica-i-meteo\/telescopis\/telescopi-terrestre-konuspot-100-amb-adaptador-camera-i-smartphone\/#breadcrumb","itemListElement":[{"@type":"ListItem","position":1,"name":"Portada","item":"https:\/\/carrerasweb.cat\/ca\/inici\/"},{"@type":"ListItem","position":2,"name":"Productes","item":"https:\/\/carrerasweb.cat\/ca\/productes\/"},{"@type":"ListItem","position":3,"name":"Telescopi terrestre KONUSPOT 100 amb adaptador c\u00e0mera i smartphone"}]},{"@type":"WebSite","@id":"https:\/\/carrerasweb.cat\/#website","url":"https:\/\/carrerasweb.cat\/","name":"Carreras Web - Tienda Foto V\u00eddeo C\u00e1maras TV Sony Telef\u00f3nica Telefon\u00eda.","description":"Distribuidor oficial a Figueres de Sony, la marca l\u00edder en audio, v\u00eddeo, fotografia, c\u00e0meres i accessoris, inform\u00e0tica, telef\u00f2nica, marcs i \u00e0lbums foto.","publisher":{"@id":"https:\/\/carrerasweb.cat\/#organization"},"potentialAction":[{"@type":"SearchAction","target":{"@type":"EntryPoint","urlTemplate":"https:\/\/carrerasweb.cat\/?s={search_term_string}"},"query-input":{"@type":"PropertyValueSpecification","valueRequired":true,"valueName":"search_term_string"}}],"inLanguage":"ca"},{"@type":"Organization","@id":"https:\/\/carrerasweb.cat\/#organization","name":"CARRERAS FOTO VIDEO","url":"https:\/\/carrerasweb.cat\/","logo":{"@type":"ImageObject","inLanguage":"ca","@id":"https:\/\/carrerasweb.cat\/#\/schema\/logo\/image\/","url":"https:\/\/carrerasweb.cat\/wp-content\/uploads\/2021\/03\/logo.png","contentUrl":"https:\/\/carrerasweb.cat\/wp-content\/uploads\/2021\/03\/logo.png","width":276,"height":100,"caption":"CARRERAS FOTO VIDEO"},"image":{"@id":"https:\/\/carrerasweb.cat\/#\/schema\/logo\/image\/"},"sameAs":["https:\/\/www.facebook.com\/CarrerasFotoVideo\/","https:\/\/www.instagram.com\/carrerasfotovideo\/"]}]}},"_links":{"self":[{"href":"https:\/\/carrerasweb.cat\/ca\/wp-json\/wp\/v2\/product\/1284","targetHints":{"allow":["GET"]}}],"collection":[{"href":"https:\/\/carrerasweb.cat\/ca\/wp-json\/wp\/v2\/product"}],"about":[{"href":"https:\/\/carrerasweb.cat\/ca\/wp-json\/wp\/v2\/types\/product"}],"replies":[{"embeddable":true,"href":"https:\/\/carrerasweb.cat\/ca\/wp-json\/wp\/v2\/comments?post=1284"}],"wp:featuredmedia":[{"embeddable":true,"href":"https:\/\/carrerasweb.cat\/ca\/wp-json\/wp\/v2\/media\/1286"}],"wp:attachment":[{"href":"https:\/\/carrerasweb.cat\/ca\/wp-json\/wp\/v2\/media?parent=1284"}],"wp:term":[{"taxonomy":"product_brand","embeddable":true,"href":"https:\/\/carrerasweb.cat\/ca\/wp-json\/wp\/v2\/product_brand?post=1284"},{"taxonomy":"product_cat","embeddable":true,"href":"https:\/\/carrerasweb.cat\/ca\/wp-json\/wp\/v2\/product_cat?post=1284"},{"taxonomy":"product_tag","embeddable":true,"href":"https:\/\/carrerasweb.cat\/ca\/wp-json\/wp\/v2\/product_tag?post=1284"}],"curies":[{"name":"wp","href":"https:\/\/api.w.org\/{rel}","templated":true}]}}