{"id":1232,"date":"2021-04-17T18:16:56","date_gmt":"2021-04-17T18:16:56","guid":{"rendered":"https:\/\/carrerasweb.cat\/?post_type=product&#038;p=1232"},"modified":"2022-11-23T10:09:04","modified_gmt":"2022-11-23T10:09:04","slug":"prismatics-konus-titanium-oh-8x42","status":"publish","type":"product","link":"https:\/\/carrerasweb.cat\/ca\/botiga\/optica-i-meteo\/prismatics\/prismatics-konus-titanium-oh-8x42\/","title":{"rendered":"Prism\u00e0tics Konus Titanium OH 8&#215;42"},"content":{"rendered":"<p>Binoculars lleugers de dimensions mitjanes amb prismes BAK-4, que donen lluminositat, gran angle i dimensions c\u00f2modes. Els 8 augments son moderats per\u00f2 molt aptes per mirar a pols sense que el moviment resti comoditat a la visi\u00f3.<\/p>\n<p>Dades t\u00e8cniques:<\/p>\n<p>Augment\/di\u00e0metre: 8\u00d742 W.A.<br \/>\nEnfocament: Central<br \/>\nPrismes Bak-4<br \/>\nCamp visual \u00e1 1000 m: 122m<br \/>\nPupil\u00b7la de sortida: 4,6mm<br \/>\nPes: 450gr<br \/>\nAdaptable al tr\u00edpode: no<\/p>\n","protected":false},"excerpt":{"rendered":"<p>Prism\u00e0tics per \u00fas general, d&#8217;un di\u00e0metre \u00f2ptic que dona una bona sortida de pupil\u00b7la, i junt amb els augments moderats i un gran angle, els fan molt r\u00e0pids per localitzar i enfocar l&#8217;objecte.<\/p>\n","protected":false},"featured_media":1234,"comment_status":"open","ping_status":"closed","template":"","meta":{"_exactmetrics_skip_tracking":false,"_exactmetrics_sitenote_active":false,"_exactmetrics_sitenote_note":"","_exactmetrics_sitenote_category":0},"product_brand":[],"product_cat":[237,240],"product_tag":[],"class_list":{"0":"post-1232","1":"product","2":"type-product","3":"status-publish","4":"has-post-thumbnail","6":"product_cat-optica-i-meteo","7":"product_cat-prismatics","9":"first","10":"instock","11":"shipping-taxable","12":"product-type-simple"},"yoast_head":"<!-- This site is optimized with the Yoast SEO plugin v27.5 - https:\/\/yoast.com\/product\/yoast-seo-wordpress\/ -->\n<title>Prism\u00e0tics Konus Titanium OH 8x42 - Carreres Web - Botiga Foto V\u00eddeo C\u00e0meres TV Sony telef\u00f3nica telefonia.<\/title>\n<meta name=\"robots\" content=\"index, follow, max-snippet:-1, max-image-preview:large, max-video-preview:-1\" \/>\n<link rel=\"canonical\" href=\"https:\/\/carrerasweb.cat\/ca\/botiga\/optica-i-meteo\/prismatics\/prismatics-konus-titanium-oh-8x42\/\" \/>\n<meta property=\"og:locale\" content=\"ca_ES\" \/>\n<meta property=\"og:type\" content=\"article\" \/>\n<meta property=\"og:title\" content=\"Prism\u00e0tics Konus Titanium OH 8x42 - Carreres Web - Botiga Foto V\u00eddeo C\u00e0meres TV Sony telef\u00f3nica telefonia.\" \/>\n<meta property=\"og:description\" content=\"Prism\u00e0tics per \u00fas general, d&#039;un di\u00e0metre \u00f2ptic que dona una bona sortida de pupil\u00b7la, i junt amb els augments moderats i un gran angle, els fan molt r\u00e0pids per localitzar i enfocar l&#039;objecte.\" \/>\n<meta property=\"og:url\" content=\"https:\/\/carrerasweb.cat\/ca\/botiga\/optica-i-meteo\/prismatics\/prismatics-konus-titanium-oh-8x42\/\" \/>\n<meta property=\"og:site_name\" content=\"Carreres Web - Botiga Foto V\u00eddeo C\u00e0meres TV Sony telef\u00f3nica telefonia.\" \/>\n<meta property=\"article:publisher\" content=\"https:\/\/www.facebook.com\/CarrerasFotoVideo\/\" \/>\n<meta property=\"article:modified_time\" content=\"2022-11-23T10:09:04+00:00\" \/>\n<meta property=\"og:image\" content=\"https:\/\/carrerasweb.cat\/wp-content\/uploads\/2021\/04\/Konus-Titanium-1.jpg\" \/>\n\t<meta property=\"og:image:width\" content=\"744\" \/>\n\t<meta property=\"og:image:height\" content=\"744\" \/>\n\t<meta property=\"og:image:type\" content=\"image\/jpeg\" \/>\n<meta name=\"twitter:card\" content=\"summary_large_image\" \/>\n<script type=\"application\/ld+json\" class=\"yoast-schema-graph\">{\"@context\":\"https:\\\/\\\/schema.org\",\"@graph\":[{\"@type\":\"WebPage\",\"@id\":\"https:\\\/\\\/carrerasweb.cat\\\/ca\\\/botiga\\\/optica-i-meteo\\\/prismatics\\\/prismatics-konus-titanium-oh-8x42\\\/\",\"url\":\"https:\\\/\\\/carrerasweb.cat\\\/ca\\\/botiga\\\/optica-i-meteo\\\/prismatics\\\/prismatics-konus-titanium-oh-8x42\\\/\",\"name\":\"Prism\u00e0tics Konus Titanium OH 8x42 - Carreres Web - Botiga Foto V\u00eddeo C\u00e0meres TV Sony telef\u00f3nica telefonia.\",\"isPartOf\":{\"@id\":\"https:\\\/\\\/carrerasweb.cat\\\/#website\"},\"primaryImageOfPage\":{\"@id\":\"https:\\\/\\\/carrerasweb.cat\\\/ca\\\/botiga\\\/optica-i-meteo\\\/prismatics\\\/prismatics-konus-titanium-oh-8x42\\\/#primaryimage\"},\"image\":{\"@id\":\"https:\\\/\\\/carrerasweb.cat\\\/ca\\\/botiga\\\/optica-i-meteo\\\/prismatics\\\/prismatics-konus-titanium-oh-8x42\\\/#primaryimage\"},\"thumbnailUrl\":\"https:\\\/\\\/carrerasweb.cat\\\/wp-content\\\/uploads\\\/2021\\\/04\\\/Konus-Titanium-1.jpg\",\"datePublished\":\"2021-04-17T18:16:56+00:00\",\"dateModified\":\"2022-11-23T10:09:04+00:00\",\"breadcrumb\":{\"@id\":\"https:\\\/\\\/carrerasweb.cat\\\/ca\\\/botiga\\\/optica-i-meteo\\\/prismatics\\\/prismatics-konus-titanium-oh-8x42\\\/#breadcrumb\"},\"inLanguage\":\"ca\",\"potentialAction\":[{\"@type\":\"ReadAction\",\"target\":[\"https:\\\/\\\/carrerasweb.cat\\\/ca\\\/botiga\\\/optica-i-meteo\\\/prismatics\\\/prismatics-konus-titanium-oh-8x42\\\/\"]}]},{\"@type\":\"ImageObject\",\"inLanguage\":\"ca\",\"@id\":\"https:\\\/\\\/carrerasweb.cat\\\/ca\\\/botiga\\\/optica-i-meteo\\\/prismatics\\\/prismatics-konus-titanium-oh-8x42\\\/#primaryimage\",\"url\":\"https:\\\/\\\/carrerasweb.cat\\\/wp-content\\\/uploads\\\/2021\\\/04\\\/Konus-Titanium-1.jpg\",\"contentUrl\":\"https:\\\/\\\/carrerasweb.cat\\\/wp-content\\\/uploads\\\/2021\\\/04\\\/Konus-Titanium-1.jpg\",\"width\":744,\"height\":744},{\"@type\":\"BreadcrumbList\",\"@id\":\"https:\\\/\\\/carrerasweb.cat\\\/ca\\\/botiga\\\/optica-i-meteo\\\/prismatics\\\/prismatics-konus-titanium-oh-8x42\\\/#breadcrumb\",\"itemListElement\":[{\"@type\":\"ListItem\",\"position\":1,\"name\":\"Portada\",\"item\":\"https:\\\/\\\/carrerasweb.cat\\\/ca\\\/inici\\\/\"},{\"@type\":\"ListItem\",\"position\":2,\"name\":\"Productes\",\"item\":\"https:\\\/\\\/carrerasweb.cat\\\/ca\\\/productes\\\/\"},{\"@type\":\"ListItem\",\"position\":3,\"name\":\"Prism\u00e0tics Konus Titanium OH 8&#215;42\"}]},{\"@type\":\"WebSite\",\"@id\":\"https:\\\/\\\/carrerasweb.cat\\\/#website\",\"url\":\"https:\\\/\\\/carrerasweb.cat\\\/\",\"name\":\"Carreras Web - Tienda Foto V\u00eddeo C\u00e1maras TV Sony Telef\u00f3nica Telefon\u00eda.\",\"description\":\"Distribuidor oficial a Figueres de Sony, la marca l\u00edder en audio, v\u00eddeo, fotografia, c\u00e0meres i accessoris, inform\u00e0tica, telef\u00f2nica, marcs i \u00e0lbums foto.\",\"publisher\":{\"@id\":\"https:\\\/\\\/carrerasweb.cat\\\/#organization\"},\"potentialAction\":[{\"@type\":\"SearchAction\",\"target\":{\"@type\":\"EntryPoint\",\"urlTemplate\":\"https:\\\/\\\/carrerasweb.cat\\\/?s={search_term_string}\"},\"query-input\":{\"@type\":\"PropertyValueSpecification\",\"valueRequired\":true,\"valueName\":\"search_term_string\"}}],\"inLanguage\":\"ca\"},{\"@type\":\"Organization\",\"@id\":\"https:\\\/\\\/carrerasweb.cat\\\/#organization\",\"name\":\"CARRERAS FOTO VIDEO\",\"url\":\"https:\\\/\\\/carrerasweb.cat\\\/\",\"logo\":{\"@type\":\"ImageObject\",\"inLanguage\":\"ca\",\"@id\":\"https:\\\/\\\/carrerasweb.cat\\\/#\\\/schema\\\/logo\\\/image\\\/\",\"url\":\"https:\\\/\\\/carrerasweb.cat\\\/wp-content\\\/uploads\\\/2021\\\/03\\\/logo.png\",\"contentUrl\":\"https:\\\/\\\/carrerasweb.cat\\\/wp-content\\\/uploads\\\/2021\\\/03\\\/logo.png\",\"width\":276,\"height\":100,\"caption\":\"CARRERAS FOTO VIDEO\"},\"image\":{\"@id\":\"https:\\\/\\\/carrerasweb.cat\\\/#\\\/schema\\\/logo\\\/image\\\/\"},\"sameAs\":[\"https:\\\/\\\/www.facebook.com\\\/CarrerasFotoVideo\\\/\",\"https:\\\/\\\/www.instagram.com\\\/carrerasfotovideo\\\/\"]}]}<\/script>\n<!-- \/ Yoast SEO plugin. -->","yoast_head_json":{"title":"Prism\u00e0tics Konus Titanium OH 8x42 - Carreres Web - Botiga Foto V\u00eddeo C\u00e0meres TV Sony telef\u00f3nica telefonia.","robots":{"index":"index","follow":"follow","max-snippet":"max-snippet:-1","max-image-preview":"max-image-preview:large","max-video-preview":"max-video-preview:-1"},"canonical":"https:\/\/carrerasweb.cat\/ca\/botiga\/optica-i-meteo\/prismatics\/prismatics-konus-titanium-oh-8x42\/","og_locale":"ca_ES","og_type":"article","og_title":"Prism\u00e0tics Konus Titanium OH 8x42 - Carreres Web - Botiga Foto V\u00eddeo C\u00e0meres TV Sony telef\u00f3nica telefonia.","og_description":"Prism\u00e0tics per \u00fas general, d'un di\u00e0metre \u00f2ptic que dona una bona sortida de pupil\u00b7la, i junt amb els augments moderats i un gran angle, els fan molt r\u00e0pids per localitzar i enfocar l'objecte.","og_url":"https:\/\/carrerasweb.cat\/ca\/botiga\/optica-i-meteo\/prismatics\/prismatics-konus-titanium-oh-8x42\/","og_site_name":"Carreres Web - Botiga Foto V\u00eddeo C\u00e0meres TV Sony telef\u00f3nica telefonia.","article_publisher":"https:\/\/www.facebook.com\/CarrerasFotoVideo\/","article_modified_time":"2022-11-23T10:09:04+00:00","og_image":[{"width":744,"height":744,"url":"https:\/\/carrerasweb.cat\/wp-content\/uploads\/2021\/04\/Konus-Titanium-1.jpg","type":"image\/jpeg"}],"twitter_card":"summary_large_image","schema":{"@context":"https:\/\/schema.org","@graph":[{"@type":"WebPage","@id":"https:\/\/carrerasweb.cat\/ca\/botiga\/optica-i-meteo\/prismatics\/prismatics-konus-titanium-oh-8x42\/","url":"https:\/\/carrerasweb.cat\/ca\/botiga\/optica-i-meteo\/prismatics\/prismatics-konus-titanium-oh-8x42\/","name":"Prism\u00e0tics Konus Titanium OH 8x42 - Carreres Web - Botiga Foto V\u00eddeo C\u00e0meres TV Sony telef\u00f3nica telefonia.","isPartOf":{"@id":"https:\/\/carrerasweb.cat\/#website"},"primaryImageOfPage":{"@id":"https:\/\/carrerasweb.cat\/ca\/botiga\/optica-i-meteo\/prismatics\/prismatics-konus-titanium-oh-8x42\/#primaryimage"},"image":{"@id":"https:\/\/carrerasweb.cat\/ca\/botiga\/optica-i-meteo\/prismatics\/prismatics-konus-titanium-oh-8x42\/#primaryimage"},"thumbnailUrl":"https:\/\/carrerasweb.cat\/wp-content\/uploads\/2021\/04\/Konus-Titanium-1.jpg","datePublished":"2021-04-17T18:16:56+00:00","dateModified":"2022-11-23T10:09:04+00:00","breadcrumb":{"@id":"https:\/\/carrerasweb.cat\/ca\/botiga\/optica-i-meteo\/prismatics\/prismatics-konus-titanium-oh-8x42\/#breadcrumb"},"inLanguage":"ca","potentialAction":[{"@type":"ReadAction","target":["https:\/\/carrerasweb.cat\/ca\/botiga\/optica-i-meteo\/prismatics\/prismatics-konus-titanium-oh-8x42\/"]}]},{"@type":"ImageObject","inLanguage":"ca","@id":"https:\/\/carrerasweb.cat\/ca\/botiga\/optica-i-meteo\/prismatics\/prismatics-konus-titanium-oh-8x42\/#primaryimage","url":"https:\/\/carrerasweb.cat\/wp-content\/uploads\/2021\/04\/Konus-Titanium-1.jpg","contentUrl":"https:\/\/carrerasweb.cat\/wp-content\/uploads\/2021\/04\/Konus-Titanium-1.jpg","width":744,"height":744},{"@type":"BreadcrumbList","@id":"https:\/\/carrerasweb.cat\/ca\/botiga\/optica-i-meteo\/prismatics\/prismatics-konus-titanium-oh-8x42\/#breadcrumb","itemListElement":[{"@type":"ListItem","position":1,"name":"Portada","item":"https:\/\/carrerasweb.cat\/ca\/inici\/"},{"@type":"ListItem","position":2,"name":"Productes","item":"https:\/\/carrerasweb.cat\/ca\/productes\/"},{"@type":"ListItem","position":3,"name":"Prism\u00e0tics Konus Titanium OH 8&#215;42"}]},{"@type":"WebSite","@id":"https:\/\/carrerasweb.cat\/#website","url":"https:\/\/carrerasweb.cat\/","name":"Carreras Web - Tienda Foto V\u00eddeo C\u00e1maras TV Sony Telef\u00f3nica Telefon\u00eda.","description":"Distribuidor oficial a Figueres de Sony, la marca l\u00edder en audio, v\u00eddeo, fotografia, c\u00e0meres i accessoris, inform\u00e0tica, telef\u00f2nica, marcs i \u00e0lbums foto.","publisher":{"@id":"https:\/\/carrerasweb.cat\/#organization"},"potentialAction":[{"@type":"SearchAction","target":{"@type":"EntryPoint","urlTemplate":"https:\/\/carrerasweb.cat\/?s={search_term_string}"},"query-input":{"@type":"PropertyValueSpecification","valueRequired":true,"valueName":"search_term_string"}}],"inLanguage":"ca"},{"@type":"Organization","@id":"https:\/\/carrerasweb.cat\/#organization","name":"CARRERAS FOTO VIDEO","url":"https:\/\/carrerasweb.cat\/","logo":{"@type":"ImageObject","inLanguage":"ca","@id":"https:\/\/carrerasweb.cat\/#\/schema\/logo\/image\/","url":"https:\/\/carrerasweb.cat\/wp-content\/uploads\/2021\/03\/logo.png","contentUrl":"https:\/\/carrerasweb.cat\/wp-content\/uploads\/2021\/03\/logo.png","width":276,"height":100,"caption":"CARRERAS FOTO VIDEO"},"image":{"@id":"https:\/\/carrerasweb.cat\/#\/schema\/logo\/image\/"},"sameAs":["https:\/\/www.facebook.com\/CarrerasFotoVideo\/","https:\/\/www.instagram.com\/carrerasfotovideo\/"]}]}},"_links":{"self":[{"href":"https:\/\/carrerasweb.cat\/ca\/wp-json\/wp\/v2\/product\/1232","targetHints":{"allow":["GET"]}}],"collection":[{"href":"https:\/\/carrerasweb.cat\/ca\/wp-json\/wp\/v2\/product"}],"about":[{"href":"https:\/\/carrerasweb.cat\/ca\/wp-json\/wp\/v2\/types\/product"}],"replies":[{"embeddable":true,"href":"https:\/\/carrerasweb.cat\/ca\/wp-json\/wp\/v2\/comments?post=1232"}],"wp:featuredmedia":[{"embeddable":true,"href":"https:\/\/carrerasweb.cat\/ca\/wp-json\/wp\/v2\/media\/1234"}],"wp:attachment":[{"href":"https:\/\/carrerasweb.cat\/ca\/wp-json\/wp\/v2\/media?parent=1232"}],"wp:term":[{"taxonomy":"product_brand","embeddable":true,"href":"https:\/\/carrerasweb.cat\/ca\/wp-json\/wp\/v2\/product_brand?post=1232"},{"taxonomy":"product_cat","embeddable":true,"href":"https:\/\/carrerasweb.cat\/ca\/wp-json\/wp\/v2\/product_cat?post=1232"},{"taxonomy":"product_tag","embeddable":true,"href":"https:\/\/carrerasweb.cat\/ca\/wp-json\/wp\/v2\/product_tag?post=1232"}],"curies":[{"name":"wp","href":"https:\/\/api.w.org\/{rel}","templated":true}]}}