{"id":1166,"date":"2021-03-20T18:58:21","date_gmt":"2021-03-20T18:58:21","guid":{"rendered":"https:\/\/carrerasweb.cat\/tienda\/Sense%20categoria\/camara-digital-i-instantania-fuji-instax-mini-liplay-3-colors\/"},"modified":"2022-09-01T09:14:25","modified_gmt":"2022-09-01T09:14:25","slug":"camara-digital-i-instantania-fuji-instax-mini-liplay-3-colors","status":"publish","type":"product","link":"https:\/\/carrerasweb.cat\/ca\/botiga\/cameres-i-accessoris\/cameres-instantanies\/camara-digital-i-instantania-fuji-instax-mini-liplay-3-colors\/","title":{"rendered":"C\u00e0mera digital i instant\u00e0nia FUJI instax mini liplay, 3 colors"},"content":{"rendered":"<p>C\u00e0mera digital i instant\u00e0nia, o sigui h\u00edbrida que captura fotografies digitals amb visi\u00f3 en pantalla i es guarden en targeta micro SD, olt est\u00e0ndard. Les fotos digitals es poden imprimir a l&#8217;acte o posteriorment, en paper formato mini, les quals surten de la c\u00e0mera i es revelen autom\u00e0ticament.<\/p>\n<p>Una possibilitat molt interessant \u00e9s que mitjan\u00e7ant Bluetooth pot rebre imatges des del tel\u00e8fon m\u00f2bil, tauleta o PC per a imprimir-les a l&#8217;acte i a qualsevol lloc, como les fotos pr\u00f2pies.<\/p>\n<p>Dades t\u00e8cniques:<\/p>\n<ul>\n<li>Fotografies mida targeta,<\/li>\n<li>Pel\u00b7l\u00edcula en casset de 10 fotos.<\/li>\n<li>Bateria interna recarregable.<\/li>\n<li>Pantalla visor\/monitor de 3,5&#8243;.<\/li>\n<li>Disponible en 3 colors.<\/li>\n<\/ul>\n","protected":false},"excerpt":{"rendered":"<p>Realmente una nueva c\u00e1mara de una nueva era! H\u00edbrida! Dispara a placer, m\u00edra las im\u00e1genes\u00a0 detenidamente, imprime s\u00f3lo las que quieras. O imprime las del m\u00f3vil! Y todas las fotos quedan guardadas en la tarjeta para guardarlas y copiarlas, como cualquier c\u00e1mara digital.<\/p>\n","protected":false},"featured_media":1117,"comment_status":"open","ping_status":"closed","template":"","meta":{"_exactmetrics_skip_tracking":false,"_exactmetrics_sitenote_active":false,"_exactmetrics_sitenote_note":"","_exactmetrics_sitenote_category":0},"product_brand":[],"product_cat":[197,207],"product_tag":[],"class_list":{"0":"post-1166","1":"product","2":"type-product","3":"status-publish","4":"has-post-thumbnail","6":"product_cat-cameres-i-accessoris","7":"product_cat-cameres-instantanies","9":"first","10":"instock","11":"shipping-taxable","12":"product-type-simple"},"yoast_head":"<!-- This site is optimized with the Yoast SEO plugin v27.5 - https:\/\/yoast.com\/product\/yoast-seo-wordpress\/ -->\n<title>C\u00e0mera digital i instant\u00e0nia FUJI instax mini liplay, 3 colors - Carreres Web - Botiga Foto V\u00eddeo C\u00e0meres TV Sony telef\u00f3nica telefonia.<\/title>\n<meta name=\"robots\" content=\"index, follow, max-snippet:-1, max-image-preview:large, max-video-preview:-1\" \/>\n<link rel=\"canonical\" href=\"https:\/\/carrerasweb.cat\/ca\/botiga\/cameres-i-accessoris\/cameres-instantanies\/camara-digital-i-instantania-fuji-instax-mini-liplay-3-colors\/\" \/>\n<meta property=\"og:locale\" content=\"ca_ES\" \/>\n<meta property=\"og:type\" content=\"article\" \/>\n<meta property=\"og:title\" content=\"C\u00e0mera digital i instant\u00e0nia FUJI instax mini liplay, 3 colors - Carreres Web - Botiga Foto V\u00eddeo C\u00e0meres TV Sony telef\u00f3nica telefonia.\" \/>\n<meta property=\"og:description\" content=\"Realmente una nueva c\u00e1mara de una nueva era! H\u00edbrida! Dispara a placer, m\u00edra las im\u00e1genes\u00a0 detenidamente, imprime s\u00f3lo las que quieras. O imprime las del m\u00f3vil! Y todas las fotos quedan guardadas en la tarjeta para guardarlas y copiarlas, como cualquier c\u00e1mara digital.\" \/>\n<meta property=\"og:url\" content=\"https:\/\/carrerasweb.cat\/ca\/botiga\/cameres-i-accessoris\/cameres-instantanies\/camara-digital-i-instantania-fuji-instax-mini-liplay-3-colors\/\" \/>\n<meta property=\"og:site_name\" content=\"Carreres Web - Botiga Foto V\u00eddeo C\u00e0meres TV Sony telef\u00f3nica telefonia.\" \/>\n<meta property=\"article:publisher\" content=\"https:\/\/www.facebook.com\/CarrerasFotoVideo\/\" \/>\n<meta property=\"article:modified_time\" content=\"2022-09-01T09:14:25+00:00\" \/>\n<meta property=\"og:image\" content=\"https:\/\/carrerasweb.cat\/wp-content\/uploads\/2021\/03\/Fuji-mini-Liplay-1.jpg\" \/>\n\t<meta property=\"og:image:width\" content=\"647\" \/>\n\t<meta property=\"og:image:height\" content=\"283\" \/>\n\t<meta property=\"og:image:type\" content=\"image\/jpeg\" \/>\n<meta name=\"twitter:card\" content=\"summary_large_image\" \/>\n<meta name=\"twitter:label1\" content=\"Temps estimat de lectura\" \/>\n\t<meta name=\"twitter:data1\" content=\"1 minut\" \/>\n<script type=\"application\/ld+json\" class=\"yoast-schema-graph\">{\"@context\":\"https:\\\/\\\/schema.org\",\"@graph\":[{\"@type\":\"WebPage\",\"@id\":\"https:\\\/\\\/carrerasweb.cat\\\/ca\\\/botiga\\\/cameres-i-accessoris\\\/cameres-instantanies\\\/camara-digital-i-instantania-fuji-instax-mini-liplay-3-colors\\\/\",\"url\":\"https:\\\/\\\/carrerasweb.cat\\\/ca\\\/botiga\\\/cameres-i-accessoris\\\/cameres-instantanies\\\/camara-digital-i-instantania-fuji-instax-mini-liplay-3-colors\\\/\",\"name\":\"C\u00e0mera digital i instant\u00e0nia FUJI instax mini liplay, 3 colors - Carreres Web - Botiga Foto V\u00eddeo C\u00e0meres TV Sony telef\u00f3nica telefonia.\",\"isPartOf\":{\"@id\":\"https:\\\/\\\/carrerasweb.cat\\\/#website\"},\"primaryImageOfPage\":{\"@id\":\"https:\\\/\\\/carrerasweb.cat\\\/ca\\\/botiga\\\/cameres-i-accessoris\\\/cameres-instantanies\\\/camara-digital-i-instantania-fuji-instax-mini-liplay-3-colors\\\/#primaryimage\"},\"image\":{\"@id\":\"https:\\\/\\\/carrerasweb.cat\\\/ca\\\/botiga\\\/cameres-i-accessoris\\\/cameres-instantanies\\\/camara-digital-i-instantania-fuji-instax-mini-liplay-3-colors\\\/#primaryimage\"},\"thumbnailUrl\":\"https:\\\/\\\/carrerasweb.cat\\\/wp-content\\\/uploads\\\/2021\\\/03\\\/Fuji-mini-Liplay-1.jpg\",\"datePublished\":\"2021-03-20T18:58:21+00:00\",\"dateModified\":\"2022-09-01T09:14:25+00:00\",\"breadcrumb\":{\"@id\":\"https:\\\/\\\/carrerasweb.cat\\\/ca\\\/botiga\\\/cameres-i-accessoris\\\/cameres-instantanies\\\/camara-digital-i-instantania-fuji-instax-mini-liplay-3-colors\\\/#breadcrumb\"},\"inLanguage\":\"ca\",\"potentialAction\":[{\"@type\":\"ReadAction\",\"target\":[\"https:\\\/\\\/carrerasweb.cat\\\/ca\\\/botiga\\\/cameres-i-accessoris\\\/cameres-instantanies\\\/camara-digital-i-instantania-fuji-instax-mini-liplay-3-colors\\\/\"]}]},{\"@type\":\"ImageObject\",\"inLanguage\":\"ca\",\"@id\":\"https:\\\/\\\/carrerasweb.cat\\\/ca\\\/botiga\\\/cameres-i-accessoris\\\/cameres-instantanies\\\/camara-digital-i-instantania-fuji-instax-mini-liplay-3-colors\\\/#primaryimage\",\"url\":\"https:\\\/\\\/carrerasweb.cat\\\/wp-content\\\/uploads\\\/2021\\\/03\\\/Fuji-mini-Liplay-1.jpg\",\"contentUrl\":\"https:\\\/\\\/carrerasweb.cat\\\/wp-content\\\/uploads\\\/2021\\\/03\\\/Fuji-mini-Liplay-1.jpg\",\"width\":647,\"height\":283},{\"@type\":\"BreadcrumbList\",\"@id\":\"https:\\\/\\\/carrerasweb.cat\\\/ca\\\/botiga\\\/cameres-i-accessoris\\\/cameres-instantanies\\\/camara-digital-i-instantania-fuji-instax-mini-liplay-3-colors\\\/#breadcrumb\",\"itemListElement\":[{\"@type\":\"ListItem\",\"position\":1,\"name\":\"Portada\",\"item\":\"https:\\\/\\\/carrerasweb.cat\\\/ca\\\/inici\\\/\"},{\"@type\":\"ListItem\",\"position\":2,\"name\":\"Productes\",\"item\":\"https:\\\/\\\/carrerasweb.cat\\\/ca\\\/productes\\\/\"},{\"@type\":\"ListItem\",\"position\":3,\"name\":\"C\u00e0mera digital i instant\u00e0nia FUJI instax mini liplay, 3 colors\"}]},{\"@type\":\"WebSite\",\"@id\":\"https:\\\/\\\/carrerasweb.cat\\\/#website\",\"url\":\"https:\\\/\\\/carrerasweb.cat\\\/\",\"name\":\"Carreras Web - Tienda Foto V\u00eddeo C\u00e1maras TV Sony Telef\u00f3nica Telefon\u00eda.\",\"description\":\"Distribuidor oficial a Figueres de Sony, la marca l\u00edder en audio, v\u00eddeo, fotografia, c\u00e0meres i accessoris, inform\u00e0tica, telef\u00f2nica, marcs i \u00e0lbums foto.\",\"publisher\":{\"@id\":\"https:\\\/\\\/carrerasweb.cat\\\/#organization\"},\"potentialAction\":[{\"@type\":\"SearchAction\",\"target\":{\"@type\":\"EntryPoint\",\"urlTemplate\":\"https:\\\/\\\/carrerasweb.cat\\\/?s={search_term_string}\"},\"query-input\":{\"@type\":\"PropertyValueSpecification\",\"valueRequired\":true,\"valueName\":\"search_term_string\"}}],\"inLanguage\":\"ca\"},{\"@type\":\"Organization\",\"@id\":\"https:\\\/\\\/carrerasweb.cat\\\/#organization\",\"name\":\"CARRERAS FOTO VIDEO\",\"url\":\"https:\\\/\\\/carrerasweb.cat\\\/\",\"logo\":{\"@type\":\"ImageObject\",\"inLanguage\":\"ca\",\"@id\":\"https:\\\/\\\/carrerasweb.cat\\\/#\\\/schema\\\/logo\\\/image\\\/\",\"url\":\"https:\\\/\\\/carrerasweb.cat\\\/wp-content\\\/uploads\\\/2021\\\/03\\\/logo.png\",\"contentUrl\":\"https:\\\/\\\/carrerasweb.cat\\\/wp-content\\\/uploads\\\/2021\\\/03\\\/logo.png\",\"width\":276,\"height\":100,\"caption\":\"CARRERAS FOTO VIDEO\"},\"image\":{\"@id\":\"https:\\\/\\\/carrerasweb.cat\\\/#\\\/schema\\\/logo\\\/image\\\/\"},\"sameAs\":[\"https:\\\/\\\/www.facebook.com\\\/CarrerasFotoVideo\\\/\",\"https:\\\/\\\/www.instagram.com\\\/carrerasfotovideo\\\/\"]}]}<\/script>\n<!-- \/ Yoast SEO plugin. -->","yoast_head_json":{"title":"C\u00e0mera digital i instant\u00e0nia FUJI instax mini liplay, 3 colors - Carreres Web - Botiga Foto V\u00eddeo C\u00e0meres TV Sony telef\u00f3nica telefonia.","robots":{"index":"index","follow":"follow","max-snippet":"max-snippet:-1","max-image-preview":"max-image-preview:large","max-video-preview":"max-video-preview:-1"},"canonical":"https:\/\/carrerasweb.cat\/ca\/botiga\/cameres-i-accessoris\/cameres-instantanies\/camara-digital-i-instantania-fuji-instax-mini-liplay-3-colors\/","og_locale":"ca_ES","og_type":"article","og_title":"C\u00e0mera digital i instant\u00e0nia FUJI instax mini liplay, 3 colors - Carreres Web - Botiga Foto V\u00eddeo C\u00e0meres TV Sony telef\u00f3nica telefonia.","og_description":"Realmente una nueva c\u00e1mara de una nueva era! H\u00edbrida! Dispara a placer, m\u00edra las im\u00e1genes\u00a0 detenidamente, imprime s\u00f3lo las que quieras. O imprime las del m\u00f3vil! Y todas las fotos quedan guardadas en la tarjeta para guardarlas y copiarlas, como cualquier c\u00e1mara digital.","og_url":"https:\/\/carrerasweb.cat\/ca\/botiga\/cameres-i-accessoris\/cameres-instantanies\/camara-digital-i-instantania-fuji-instax-mini-liplay-3-colors\/","og_site_name":"Carreres Web - Botiga Foto V\u00eddeo C\u00e0meres TV Sony telef\u00f3nica telefonia.","article_publisher":"https:\/\/www.facebook.com\/CarrerasFotoVideo\/","article_modified_time":"2022-09-01T09:14:25+00:00","og_image":[{"width":647,"height":283,"url":"https:\/\/carrerasweb.cat\/wp-content\/uploads\/2021\/03\/Fuji-mini-Liplay-1.jpg","type":"image\/jpeg"}],"twitter_card":"summary_large_image","twitter_misc":{"Temps estimat de lectura":"1 minut"},"schema":{"@context":"https:\/\/schema.org","@graph":[{"@type":"WebPage","@id":"https:\/\/carrerasweb.cat\/ca\/botiga\/cameres-i-accessoris\/cameres-instantanies\/camara-digital-i-instantania-fuji-instax-mini-liplay-3-colors\/","url":"https:\/\/carrerasweb.cat\/ca\/botiga\/cameres-i-accessoris\/cameres-instantanies\/camara-digital-i-instantania-fuji-instax-mini-liplay-3-colors\/","name":"C\u00e0mera digital i instant\u00e0nia FUJI instax mini liplay, 3 colors - Carreres Web - Botiga Foto V\u00eddeo C\u00e0meres TV Sony telef\u00f3nica telefonia.","isPartOf":{"@id":"https:\/\/carrerasweb.cat\/#website"},"primaryImageOfPage":{"@id":"https:\/\/carrerasweb.cat\/ca\/botiga\/cameres-i-accessoris\/cameres-instantanies\/camara-digital-i-instantania-fuji-instax-mini-liplay-3-colors\/#primaryimage"},"image":{"@id":"https:\/\/carrerasweb.cat\/ca\/botiga\/cameres-i-accessoris\/cameres-instantanies\/camara-digital-i-instantania-fuji-instax-mini-liplay-3-colors\/#primaryimage"},"thumbnailUrl":"https:\/\/carrerasweb.cat\/wp-content\/uploads\/2021\/03\/Fuji-mini-Liplay-1.jpg","datePublished":"2021-03-20T18:58:21+00:00","dateModified":"2022-09-01T09:14:25+00:00","breadcrumb":{"@id":"https:\/\/carrerasweb.cat\/ca\/botiga\/cameres-i-accessoris\/cameres-instantanies\/camara-digital-i-instantania-fuji-instax-mini-liplay-3-colors\/#breadcrumb"},"inLanguage":"ca","potentialAction":[{"@type":"ReadAction","target":["https:\/\/carrerasweb.cat\/ca\/botiga\/cameres-i-accessoris\/cameres-instantanies\/camara-digital-i-instantania-fuji-instax-mini-liplay-3-colors\/"]}]},{"@type":"ImageObject","inLanguage":"ca","@id":"https:\/\/carrerasweb.cat\/ca\/botiga\/cameres-i-accessoris\/cameres-instantanies\/camara-digital-i-instantania-fuji-instax-mini-liplay-3-colors\/#primaryimage","url":"https:\/\/carrerasweb.cat\/wp-content\/uploads\/2021\/03\/Fuji-mini-Liplay-1.jpg","contentUrl":"https:\/\/carrerasweb.cat\/wp-content\/uploads\/2021\/03\/Fuji-mini-Liplay-1.jpg","width":647,"height":283},{"@type":"BreadcrumbList","@id":"https:\/\/carrerasweb.cat\/ca\/botiga\/cameres-i-accessoris\/cameres-instantanies\/camara-digital-i-instantania-fuji-instax-mini-liplay-3-colors\/#breadcrumb","itemListElement":[{"@type":"ListItem","position":1,"name":"Portada","item":"https:\/\/carrerasweb.cat\/ca\/inici\/"},{"@type":"ListItem","position":2,"name":"Productes","item":"https:\/\/carrerasweb.cat\/ca\/productes\/"},{"@type":"ListItem","position":3,"name":"C\u00e0mera digital i instant\u00e0nia FUJI instax mini liplay, 3 colors"}]},{"@type":"WebSite","@id":"https:\/\/carrerasweb.cat\/#website","url":"https:\/\/carrerasweb.cat\/","name":"Carreras Web - Tienda Foto V\u00eddeo C\u00e1maras TV Sony Telef\u00f3nica Telefon\u00eda.","description":"Distribuidor oficial a Figueres de Sony, la marca l\u00edder en audio, v\u00eddeo, fotografia, c\u00e0meres i accessoris, inform\u00e0tica, telef\u00f2nica, marcs i \u00e0lbums foto.","publisher":{"@id":"https:\/\/carrerasweb.cat\/#organization"},"potentialAction":[{"@type":"SearchAction","target":{"@type":"EntryPoint","urlTemplate":"https:\/\/carrerasweb.cat\/?s={search_term_string}"},"query-input":{"@type":"PropertyValueSpecification","valueRequired":true,"valueName":"search_term_string"}}],"inLanguage":"ca"},{"@type":"Organization","@id":"https:\/\/carrerasweb.cat\/#organization","name":"CARRERAS FOTO VIDEO","url":"https:\/\/carrerasweb.cat\/","logo":{"@type":"ImageObject","inLanguage":"ca","@id":"https:\/\/carrerasweb.cat\/#\/schema\/logo\/image\/","url":"https:\/\/carrerasweb.cat\/wp-content\/uploads\/2021\/03\/logo.png","contentUrl":"https:\/\/carrerasweb.cat\/wp-content\/uploads\/2021\/03\/logo.png","width":276,"height":100,"caption":"CARRERAS FOTO VIDEO"},"image":{"@id":"https:\/\/carrerasweb.cat\/#\/schema\/logo\/image\/"},"sameAs":["https:\/\/www.facebook.com\/CarrerasFotoVideo\/","https:\/\/www.instagram.com\/carrerasfotovideo\/"]}]}},"_links":{"self":[{"href":"https:\/\/carrerasweb.cat\/ca\/wp-json\/wp\/v2\/product\/1166","targetHints":{"allow":["GET"]}}],"collection":[{"href":"https:\/\/carrerasweb.cat\/ca\/wp-json\/wp\/v2\/product"}],"about":[{"href":"https:\/\/carrerasweb.cat\/ca\/wp-json\/wp\/v2\/types\/product"}],"replies":[{"embeddable":true,"href":"https:\/\/carrerasweb.cat\/ca\/wp-json\/wp\/v2\/comments?post=1166"}],"wp:featuredmedia":[{"embeddable":true,"href":"https:\/\/carrerasweb.cat\/ca\/wp-json\/wp\/v2\/media\/1117"}],"wp:attachment":[{"href":"https:\/\/carrerasweb.cat\/ca\/wp-json\/wp\/v2\/media?parent=1166"}],"wp:term":[{"taxonomy":"product_brand","embeddable":true,"href":"https:\/\/carrerasweb.cat\/ca\/wp-json\/wp\/v2\/product_brand?post=1166"},{"taxonomy":"product_cat","embeddable":true,"href":"https:\/\/carrerasweb.cat\/ca\/wp-json\/wp\/v2\/product_cat?post=1166"},{"taxonomy":"product_tag","embeddable":true,"href":"https:\/\/carrerasweb.cat\/ca\/wp-json\/wp\/v2\/product_tag?post=1166"}],"curies":[{"name":"wp","href":"https:\/\/api.w.org\/{rel}","templated":true}]}}