{"id":1160,"date":"2021-03-22T18:43:32","date_gmt":"2021-03-22T18:43:32","guid":{"rendered":"https:\/\/carrerasweb.cat\/tienda\/Sense%20categoria\/prismatics-delta-chase-12x50-ed\/"},"modified":"2022-10-06T07:43:46","modified_gmt":"2022-10-06T07:43:46","slug":"prismaticos-delta-chase-12x50-ed","status":"publish","type":"product","link":"https:\/\/carrerasweb.cat\/ca\/botiga\/optica-i-meteo\/prismatics\/prismaticos-delta-chase-12x50-ed\/","title":{"rendered":"Prism\u00e0tics Delta Chase 12&#215;50 ED"},"content":{"rendered":"<p>Binoculars de gran qualitat, gran augment augment per a una visi\u00f3 a relativa gran dist\u00e0ncia. El gran di\u00e0metre confereix bona lluminositat per als seus augments. Els prismes tenen tractament platejat per millorar la lluminositat i el contrast. S\u00f3n impermeables i no deixen entrar la humitat a causa del farcit de gas nitrogen. La difer\u00e8ncia de di\u00f2ptries t\u00e9 l&#8217;ajust central, al costat de l&#8217;enfocament.<\/p>\n<p>Dades t\u00e8cniques:<\/p>\n<p>\u00b7 12 augments x 50mm di\u00e0metre<br \/>\n\u00b7 Prismes de sostre Bak-4<br \/>\n\u00b7 Camp de visi\u00f3 a 1000m: 93m<br \/>\n\u00b7 Emplenat amb nitrogen anti-condensaci\u00f3<br \/>\n\u00b7 Tamany 162x132x60mm, pes 890gr<br \/>\n\u00b7 10 anys de garantia<\/p>\n","protected":false},"excerpt":{"rendered":"<p>Prism\u00e0tics per a tot \u00fas, de mida mitjana i qualitat excepcional.<\/p>\n","protected":false},"featured_media":1145,"comment_status":"open","ping_status":"closed","template":"","meta":{"_exactmetrics_skip_tracking":false,"_exactmetrics_sitenote_active":false,"_exactmetrics_sitenote_note":"","_exactmetrics_sitenote_category":0},"product_brand":[],"product_cat":[237,240],"product_tag":[],"class_list":{"0":"post-1160","1":"product","2":"type-product","3":"status-publish","4":"has-post-thumbnail","6":"product_cat-optica-i-meteo","7":"product_cat-prismatics","9":"first","10":"instock","11":"sale","12":"shipping-taxable","13":"product-type-simple"},"yoast_head":"<!-- This site is optimized with the Yoast SEO plugin v27.5 - https:\/\/yoast.com\/product\/yoast-seo-wordpress\/ -->\n<title>Prism\u00e0tics Delta Chase 12x50 ED - Carreres Web - Botiga Foto V\u00eddeo C\u00e0meres TV Sony telef\u00f3nica telefonia.<\/title>\n<meta name=\"robots\" content=\"index, follow, max-snippet:-1, max-image-preview:large, max-video-preview:-1\" \/>\n<link rel=\"canonical\" href=\"https:\/\/carrerasweb.cat\/ca\/botiga\/optica-i-meteo\/prismatics\/prismaticos-delta-chase-12x50-ed\/\" \/>\n<meta property=\"og:locale\" content=\"ca_ES\" \/>\n<meta property=\"og:type\" content=\"article\" \/>\n<meta property=\"og:title\" content=\"Prism\u00e0tics Delta Chase 12x50 ED - Carreres Web - Botiga Foto V\u00eddeo C\u00e0meres TV Sony telef\u00f3nica telefonia.\" \/>\n<meta property=\"og:description\" content=\"Prism\u00e0tics per a tot \u00fas, de mida mitjana i qualitat excepcional.\" \/>\n<meta property=\"og:url\" content=\"https:\/\/carrerasweb.cat\/ca\/botiga\/optica-i-meteo\/prismatics\/prismaticos-delta-chase-12x50-ed\/\" \/>\n<meta property=\"og:site_name\" content=\"Carreres Web - Botiga Foto V\u00eddeo C\u00e0meres TV Sony telef\u00f3nica telefonia.\" \/>\n<meta property=\"article:publisher\" content=\"https:\/\/www.facebook.com\/CarrerasFotoVideo\/\" \/>\n<meta property=\"article:modified_time\" content=\"2022-10-06T07:43:46+00:00\" \/>\n<meta property=\"og:image\" content=\"https:\/\/carrerasweb.cat\/wp-content\/uploads\/2021\/03\/Prism.-Delta-Chase-10-o-12x50-1.jpg\" \/>\n\t<meta property=\"og:image:width\" content=\"757\" \/>\n\t<meta property=\"og:image:height\" content=\"757\" \/>\n\t<meta property=\"og:image:type\" content=\"image\/jpeg\" \/>\n<meta name=\"twitter:card\" content=\"summary_large_image\" \/>\n<script type=\"application\/ld+json\" class=\"yoast-schema-graph\">{\"@context\":\"https:\\\/\\\/schema.org\",\"@graph\":[{\"@type\":\"WebPage\",\"@id\":\"https:\\\/\\\/carrerasweb.cat\\\/ca\\\/botiga\\\/optica-i-meteo\\\/prismatics\\\/prismaticos-delta-chase-12x50-ed\\\/\",\"url\":\"https:\\\/\\\/carrerasweb.cat\\\/ca\\\/botiga\\\/optica-i-meteo\\\/prismatics\\\/prismaticos-delta-chase-12x50-ed\\\/\",\"name\":\"Prism\u00e0tics Delta Chase 12x50 ED - Carreres Web - Botiga Foto V\u00eddeo C\u00e0meres TV Sony telef\u00f3nica telefonia.\",\"isPartOf\":{\"@id\":\"https:\\\/\\\/carrerasweb.cat\\\/#website\"},\"primaryImageOfPage\":{\"@id\":\"https:\\\/\\\/carrerasweb.cat\\\/ca\\\/botiga\\\/optica-i-meteo\\\/prismatics\\\/prismaticos-delta-chase-12x50-ed\\\/#primaryimage\"},\"image\":{\"@id\":\"https:\\\/\\\/carrerasweb.cat\\\/ca\\\/botiga\\\/optica-i-meteo\\\/prismatics\\\/prismaticos-delta-chase-12x50-ed\\\/#primaryimage\"},\"thumbnailUrl\":\"https:\\\/\\\/carrerasweb.cat\\\/wp-content\\\/uploads\\\/2021\\\/03\\\/Prism.-Delta-Chase-10-o-12x50-1.jpg\",\"datePublished\":\"2021-03-22T18:43:32+00:00\",\"dateModified\":\"2022-10-06T07:43:46+00:00\",\"breadcrumb\":{\"@id\":\"https:\\\/\\\/carrerasweb.cat\\\/ca\\\/botiga\\\/optica-i-meteo\\\/prismatics\\\/prismaticos-delta-chase-12x50-ed\\\/#breadcrumb\"},\"inLanguage\":\"ca\",\"potentialAction\":[{\"@type\":\"ReadAction\",\"target\":[\"https:\\\/\\\/carrerasweb.cat\\\/ca\\\/botiga\\\/optica-i-meteo\\\/prismatics\\\/prismaticos-delta-chase-12x50-ed\\\/\"]}]},{\"@type\":\"ImageObject\",\"inLanguage\":\"ca\",\"@id\":\"https:\\\/\\\/carrerasweb.cat\\\/ca\\\/botiga\\\/optica-i-meteo\\\/prismatics\\\/prismaticos-delta-chase-12x50-ed\\\/#primaryimage\",\"url\":\"https:\\\/\\\/carrerasweb.cat\\\/wp-content\\\/uploads\\\/2021\\\/03\\\/Prism.-Delta-Chase-10-o-12x50-1.jpg\",\"contentUrl\":\"https:\\\/\\\/carrerasweb.cat\\\/wp-content\\\/uploads\\\/2021\\\/03\\\/Prism.-Delta-Chase-10-o-12x50-1.jpg\",\"width\":757,\"height\":757},{\"@type\":\"BreadcrumbList\",\"@id\":\"https:\\\/\\\/carrerasweb.cat\\\/ca\\\/botiga\\\/optica-i-meteo\\\/prismatics\\\/prismaticos-delta-chase-12x50-ed\\\/#breadcrumb\",\"itemListElement\":[{\"@type\":\"ListItem\",\"position\":1,\"name\":\"Portada\",\"item\":\"https:\\\/\\\/carrerasweb.cat\\\/ca\\\/inici\\\/\"},{\"@type\":\"ListItem\",\"position\":2,\"name\":\"Productes\",\"item\":\"https:\\\/\\\/carrerasweb.cat\\\/ca\\\/productes\\\/\"},{\"@type\":\"ListItem\",\"position\":3,\"name\":\"Prism\u00e0tics Delta Chase 12&#215;50 ED\"}]},{\"@type\":\"WebSite\",\"@id\":\"https:\\\/\\\/carrerasweb.cat\\\/#website\",\"url\":\"https:\\\/\\\/carrerasweb.cat\\\/\",\"name\":\"Carreras Web - Tienda Foto V\u00eddeo C\u00e1maras TV Sony Telef\u00f3nica Telefon\u00eda.\",\"description\":\"Distribuidor oficial a Figueres de Sony, la marca l\u00edder en audio, v\u00eddeo, fotografia, c\u00e0meres i accessoris, inform\u00e0tica, telef\u00f2nica, marcs i \u00e0lbums foto.\",\"publisher\":{\"@id\":\"https:\\\/\\\/carrerasweb.cat\\\/#organization\"},\"potentialAction\":[{\"@type\":\"SearchAction\",\"target\":{\"@type\":\"EntryPoint\",\"urlTemplate\":\"https:\\\/\\\/carrerasweb.cat\\\/?s={search_term_string}\"},\"query-input\":{\"@type\":\"PropertyValueSpecification\",\"valueRequired\":true,\"valueName\":\"search_term_string\"}}],\"inLanguage\":\"ca\"},{\"@type\":\"Organization\",\"@id\":\"https:\\\/\\\/carrerasweb.cat\\\/#organization\",\"name\":\"CARRERAS FOTO VIDEO\",\"url\":\"https:\\\/\\\/carrerasweb.cat\\\/\",\"logo\":{\"@type\":\"ImageObject\",\"inLanguage\":\"ca\",\"@id\":\"https:\\\/\\\/carrerasweb.cat\\\/#\\\/schema\\\/logo\\\/image\\\/\",\"url\":\"https:\\\/\\\/carrerasweb.cat\\\/wp-content\\\/uploads\\\/2021\\\/03\\\/logo.png\",\"contentUrl\":\"https:\\\/\\\/carrerasweb.cat\\\/wp-content\\\/uploads\\\/2021\\\/03\\\/logo.png\",\"width\":276,\"height\":100,\"caption\":\"CARRERAS FOTO VIDEO\"},\"image\":{\"@id\":\"https:\\\/\\\/carrerasweb.cat\\\/#\\\/schema\\\/logo\\\/image\\\/\"},\"sameAs\":[\"https:\\\/\\\/www.facebook.com\\\/CarrerasFotoVideo\\\/\",\"https:\\\/\\\/www.instagram.com\\\/carrerasfotovideo\\\/\"]}]}<\/script>\n<!-- \/ Yoast SEO plugin. -->","yoast_head_json":{"title":"Prism\u00e0tics Delta Chase 12x50 ED - Carreres Web - Botiga Foto V\u00eddeo C\u00e0meres TV Sony telef\u00f3nica telefonia.","robots":{"index":"index","follow":"follow","max-snippet":"max-snippet:-1","max-image-preview":"max-image-preview:large","max-video-preview":"max-video-preview:-1"},"canonical":"https:\/\/carrerasweb.cat\/ca\/botiga\/optica-i-meteo\/prismatics\/prismaticos-delta-chase-12x50-ed\/","og_locale":"ca_ES","og_type":"article","og_title":"Prism\u00e0tics Delta Chase 12x50 ED - Carreres Web - Botiga Foto V\u00eddeo C\u00e0meres TV Sony telef\u00f3nica telefonia.","og_description":"Prism\u00e0tics per a tot \u00fas, de mida mitjana i qualitat excepcional.","og_url":"https:\/\/carrerasweb.cat\/ca\/botiga\/optica-i-meteo\/prismatics\/prismaticos-delta-chase-12x50-ed\/","og_site_name":"Carreres Web - Botiga Foto V\u00eddeo C\u00e0meres TV Sony telef\u00f3nica telefonia.","article_publisher":"https:\/\/www.facebook.com\/CarrerasFotoVideo\/","article_modified_time":"2022-10-06T07:43:46+00:00","og_image":[{"width":757,"height":757,"url":"https:\/\/carrerasweb.cat\/wp-content\/uploads\/2021\/03\/Prism.-Delta-Chase-10-o-12x50-1.jpg","type":"image\/jpeg"}],"twitter_card":"summary_large_image","schema":{"@context":"https:\/\/schema.org","@graph":[{"@type":"WebPage","@id":"https:\/\/carrerasweb.cat\/ca\/botiga\/optica-i-meteo\/prismatics\/prismaticos-delta-chase-12x50-ed\/","url":"https:\/\/carrerasweb.cat\/ca\/botiga\/optica-i-meteo\/prismatics\/prismaticos-delta-chase-12x50-ed\/","name":"Prism\u00e0tics Delta Chase 12x50 ED - Carreres Web - Botiga Foto V\u00eddeo C\u00e0meres TV Sony telef\u00f3nica telefonia.","isPartOf":{"@id":"https:\/\/carrerasweb.cat\/#website"},"primaryImageOfPage":{"@id":"https:\/\/carrerasweb.cat\/ca\/botiga\/optica-i-meteo\/prismatics\/prismaticos-delta-chase-12x50-ed\/#primaryimage"},"image":{"@id":"https:\/\/carrerasweb.cat\/ca\/botiga\/optica-i-meteo\/prismatics\/prismaticos-delta-chase-12x50-ed\/#primaryimage"},"thumbnailUrl":"https:\/\/carrerasweb.cat\/wp-content\/uploads\/2021\/03\/Prism.-Delta-Chase-10-o-12x50-1.jpg","datePublished":"2021-03-22T18:43:32+00:00","dateModified":"2022-10-06T07:43:46+00:00","breadcrumb":{"@id":"https:\/\/carrerasweb.cat\/ca\/botiga\/optica-i-meteo\/prismatics\/prismaticos-delta-chase-12x50-ed\/#breadcrumb"},"inLanguage":"ca","potentialAction":[{"@type":"ReadAction","target":["https:\/\/carrerasweb.cat\/ca\/botiga\/optica-i-meteo\/prismatics\/prismaticos-delta-chase-12x50-ed\/"]}]},{"@type":"ImageObject","inLanguage":"ca","@id":"https:\/\/carrerasweb.cat\/ca\/botiga\/optica-i-meteo\/prismatics\/prismaticos-delta-chase-12x50-ed\/#primaryimage","url":"https:\/\/carrerasweb.cat\/wp-content\/uploads\/2021\/03\/Prism.-Delta-Chase-10-o-12x50-1.jpg","contentUrl":"https:\/\/carrerasweb.cat\/wp-content\/uploads\/2021\/03\/Prism.-Delta-Chase-10-o-12x50-1.jpg","width":757,"height":757},{"@type":"BreadcrumbList","@id":"https:\/\/carrerasweb.cat\/ca\/botiga\/optica-i-meteo\/prismatics\/prismaticos-delta-chase-12x50-ed\/#breadcrumb","itemListElement":[{"@type":"ListItem","position":1,"name":"Portada","item":"https:\/\/carrerasweb.cat\/ca\/inici\/"},{"@type":"ListItem","position":2,"name":"Productes","item":"https:\/\/carrerasweb.cat\/ca\/productes\/"},{"@type":"ListItem","position":3,"name":"Prism\u00e0tics Delta Chase 12&#215;50 ED"}]},{"@type":"WebSite","@id":"https:\/\/carrerasweb.cat\/#website","url":"https:\/\/carrerasweb.cat\/","name":"Carreras Web - Tienda Foto V\u00eddeo C\u00e1maras TV Sony Telef\u00f3nica Telefon\u00eda.","description":"Distribuidor oficial a Figueres de Sony, la marca l\u00edder en audio, v\u00eddeo, fotografia, c\u00e0meres i accessoris, inform\u00e0tica, telef\u00f2nica, marcs i \u00e0lbums foto.","publisher":{"@id":"https:\/\/carrerasweb.cat\/#organization"},"potentialAction":[{"@type":"SearchAction","target":{"@type":"EntryPoint","urlTemplate":"https:\/\/carrerasweb.cat\/?s={search_term_string}"},"query-input":{"@type":"PropertyValueSpecification","valueRequired":true,"valueName":"search_term_string"}}],"inLanguage":"ca"},{"@type":"Organization","@id":"https:\/\/carrerasweb.cat\/#organization","name":"CARRERAS FOTO VIDEO","url":"https:\/\/carrerasweb.cat\/","logo":{"@type":"ImageObject","inLanguage":"ca","@id":"https:\/\/carrerasweb.cat\/#\/schema\/logo\/image\/","url":"https:\/\/carrerasweb.cat\/wp-content\/uploads\/2021\/03\/logo.png","contentUrl":"https:\/\/carrerasweb.cat\/wp-content\/uploads\/2021\/03\/logo.png","width":276,"height":100,"caption":"CARRERAS FOTO VIDEO"},"image":{"@id":"https:\/\/carrerasweb.cat\/#\/schema\/logo\/image\/"},"sameAs":["https:\/\/www.facebook.com\/CarrerasFotoVideo\/","https:\/\/www.instagram.com\/carrerasfotovideo\/"]}]}},"_links":{"self":[{"href":"https:\/\/carrerasweb.cat\/ca\/wp-json\/wp\/v2\/product\/1160","targetHints":{"allow":["GET"]}}],"collection":[{"href":"https:\/\/carrerasweb.cat\/ca\/wp-json\/wp\/v2\/product"}],"about":[{"href":"https:\/\/carrerasweb.cat\/ca\/wp-json\/wp\/v2\/types\/product"}],"replies":[{"embeddable":true,"href":"https:\/\/carrerasweb.cat\/ca\/wp-json\/wp\/v2\/comments?post=1160"}],"wp:featuredmedia":[{"embeddable":true,"href":"https:\/\/carrerasweb.cat\/ca\/wp-json\/wp\/v2\/media\/1145"}],"wp:attachment":[{"href":"https:\/\/carrerasweb.cat\/ca\/wp-json\/wp\/v2\/media?parent=1160"}],"wp:term":[{"taxonomy":"product_brand","embeddable":true,"href":"https:\/\/carrerasweb.cat\/ca\/wp-json\/wp\/v2\/product_brand?post=1160"},{"taxonomy":"product_cat","embeddable":true,"href":"https:\/\/carrerasweb.cat\/ca\/wp-json\/wp\/v2\/product_cat?post=1160"},{"taxonomy":"product_tag","embeddable":true,"href":"https:\/\/carrerasweb.cat\/ca\/wp-json\/wp\/v2\/product_tag?post=1160"}],"curies":[{"name":"wp","href":"https:\/\/api.w.org\/{rel}","templated":true}]}}